{"id":19710,"date":"2025-08-01T15:05:47","date_gmt":"2025-08-01T15:05:47","guid":{"rendered":"https:\/\/www.superawesome.com\/?page_id=19710"},"modified":"2025-08-01T16:18:44","modified_gmt":"2025-08-01T16:18:44","slug":"holidays-unwrapped-family-fandoms-and-the-25-wishlist-fr","status":"publish","type":"page","link":"https:\/\/www.superawesome.com\/fr\/holidays-unwrapped-family-fandoms-and-the-25-wishlist-fr\/","title":{"rendered":"Holidays Unwrapped: Family, Fandoms and the 25&prime; Wishlist FR"},"content":{"rendered":"\n<section class=\"block-who-we-are block-who-we-are-inverted  mb-96\">\n  <div class=\"row\">\n    <div class=\"col-md-6\">\n    \n          <figure class=\"image\">\n        <img loading=\"lazy\" decoding=\"async\" class=\"style-svg illos\" src=\"https:\/\/www.superawesome.com\/wp-content\/uploads\/2025\/07\/holidays-unwrapped2.png\" alt=\"holidays-unwrapped2\" width=\"1000\" height=\"549\">\n      <\/figure>\n    <\/div>\n\n    <div class=\"col-md-5 slideinright\">\n      <h1><span style=\"font-weight: 600; color: #ff3b11;\">Les vacances approchent :<\/span><span style=\"font-weight: 600;\"> Famille, Fandoms et la liste de souhaits de 2025<\/span><\/h1>\n\n      <div class=\"content\">\n        \n        <p>Les d\u00e9penses de No\u00ebl sont en hausse et les achats commencent plus t\u00f4t que jamais. Alors, comment les marques peuvent-elles s&rsquo;assurer de figurer sur la liste de souhaits de cette ann\u00e9e ?<\/p>\n<p>Dans notre analyse approfondie des f\u00eates de fin d&rsquo;ann\u00e9e 2025, nous explorons les grands gagnants des listes de souhaits, l&rsquo;influence croissante des fandoms et les cat\u00e9gories incontournables de l&rsquo;ann\u00e9e. Nous comparons \u00e9galement ce que les parents pensent que les enfants et les adolescents veulent&#8230; \u00e0 ce qu&rsquo;ils veulent r\u00e9ellement.<\/p>\n\n\n              <a href=\"#download-report\" class=\"btn btn-primary \" target=\"_self\">\n      Acc\u00e9der au rapport\n    <\/a>\n  \n      <\/div>\n    <\/div>\n  <\/div>\n\n  <\/section>\n\n\n\n\n<\/div><!-- container -->\n\n<section class=\"block-skewed   remove-top-margin \" style=\"z-index:99;\">\n\n    <div class=\"skewed-content-container\">\n        \n        <div class=\"section-background\" style=\"background-color: #8224e3\"><\/div>\n\n        <div class=\"content slideindown\"><h2 style=\"text-align: center;\">42 % des enfants et adolescents fran\u00e7ais n&rsquo;ont pas encore finalis\u00e9 leurs listes de souhaits cette ann\u00e9e.<\/h2>\n<h2 style=\"text-align: center;\">Il reste donc une opportunit\u00e9 \u00e0 saisir pour capter leur attention, gagner en pertinence\u2026 et finir dans leur panier !<\/h2>\n<\/div>\n\n    <\/div>\n\n<\/section>\n\n<div class=\"container\">\n\n\n\n<section class=\"block-image-content  mt-128  \" >\n\n  \n  \n  <div class=\"row \">\n    <div class=\"col-md-6 slideinright image-container \">\n                                              <figure class=\"image\">\n          <img decoding=\"async\" src=\"https:\/\/www.superawesome.com\/wp-content\/uploads\/2025\/07\/holidays-unwrapped1.png\" alt=\"holidays-unwrapped1\">\n        <\/figure>\n                  <\/div>\n\n    <div class=\"col-md-6 slideinleft content-container\">\n      <div class=\"content\">\n                  <h3 class=\"h1\">L\u00e0 o\u00f9 les souhaits de No\u00ebl prennent vie (et o\u00f9 les achats s&rsquo;encha\u00eenent)<\/h3>\n        \n        \n        <p>La G\u00e9n\u00e9ration Alpha\/Z est tr\u00e8s consciente de ce qu&rsquo;elle d\u00e9sire et sait comment influencer les d\u00e9cisions d&rsquo;achat. En France, 91 % des parents pr\u00e9voient d&rsquo;acheter au moins un article figurant sur la liste de souhaits de leur enfant, et pour plus de la moiti\u00e9 d&rsquo;entre eux, cette liste est la principale source d&rsquo;inspiration pour les cadeaux de No\u00ebl.<\/p>\n<p>T\u00e9l\u00e9chargez notre rapport 2025 comment positionner votre marque sur ces listes de souhaits avant m\u00eame que les premiers cadeaux ne soient emball\u00e9s.<\/p>\n\n\n        \n              <a href=\"#download-report\" class=\"btn btn-primary \" target=\"_self\">\n      En savoir plus\n    <\/a>\n  \n      <\/div>\n    <\/div>\n  <\/div>\n  \n<\/section>\n\n\n\n\n<\/div><!-- container -->\n<div class=\"container icon-cards-container\">\n<section class=\"block-icon-cards three-per-row mt-96  slideindownnomobile\">\n    <h2>Le potentiel de No\u00ebl 2025<\/h2>    \n        <div class=\"cards slideindownnomobile\">\n            <div class=\"card \">\n                    <figure class=\"card-icon\" style=\"max-width:190px\">\n                <img decoding=\"async\" class=\"style-\" src=\"https:\/\/www.superawesome.com\/wp-content\/uploads\/2022\/08\/SA_NewIcons_Orange-02.png\" alt=\"SA_NewIcons_Orange-02\">\n            <\/figure>\n                            <h3><span style=\"text-align: center;display:inline-block;margin:0 auto;width: 100%;\">L\u2019impact des fandoms<\/span><\/h3>\n                    <p class=\"card-text\">19 % des enfants et adolescents demandent d\u00e9sormais des cadeaux li\u00e9s \u00e0 leurs fandoms pr\u00e9f\u00e9r\u00e9s (s\u00e9ries, jeux et cr\u00e9ateurs qu\u2019ils adorent).\r\n<br><br>\r\nCes tendances ne sont pas \u00e9ph\u00e9m\u00e8res ; ce sont de v\u00e9ritables \u00e9cosyst\u00e8mes \u00e9motionnels o\u00f9 les jeunes se sentent connect\u00e9s, compris et inspir\u00e9s.\r\n<br><br>\r\nExploiter ces liens \u00e9motionnels est la cl\u00e9 pour s\u2019assurer une place sur la liste de souhaits de cette ann\u00e9e.<\/p>\n                <\/div>\n            <div class=\"card \">\n                    <figure class=\"card-icon\" style=\"max-width:190px\">\n                <img decoding=\"async\" class=\"style-\" src=\"https:\/\/www.superawesome.com\/wp-content\/uploads\/2022\/08\/SA_NewIcons_Orange-08.png\" alt=\"SA_NewIcons_Orange-08\">\n            <\/figure>\n                            <h3><span style=\"text-align: center;display:inline-block;margin:0 auto;width: 100%;\">Changement saisonnier<\/span><\/h3>\n                    <p class=\"card-text\">Plus de la moiti\u00e9 des parents pr\u00e9voient de commencer leurs achats de No\u00ebl avant novembre. \r\n<br><br>\r\nBien que la p\u00e9riode traditionnelle des achats de derni\u00e8re minute demeure cruciale pour les marques, il est essentiel de maintenir une forte pr\u00e9sence en amont des f\u00eates. Une strat\u00e9gie proactive nous permettra de rester pr\u00e9sents dans l&rsquo;esprit des consommateurs d\u00e8s le d\u00e9but de leurs pr\u00e9paratifs.<\/p>\n                <\/div>\n            <div class=\"card \">\n                    <figure class=\"card-icon\" style=\"max-width:190px\">\n                <img decoding=\"async\" class=\"style-\" src=\"https:\/\/www.superawesome.com\/wp-content\/uploads\/2022\/08\/SA_NewIcons_Orange-25.png\" alt=\"SA_NewIcons_Orange-25\">\n            <\/figure>\n                            <h3><span style=\"text-align: center;display:inline-block;margin:0 auto;width: 100%;\">Synchronisation des cadeaux<\/a><\/h3>\n                    <p class=\"card-text\">Les parents fran\u00e7ais se montrent confiants quant \u00e0 leur connaissance des d\u00e9sirs de leurs enfants pour No\u00ebl. Cependant, nos donn\u00e9es r\u00e9v\u00e8lent une r\u00e9alit\u00e9 plus nuanc\u00e9e. \r\n<br><br>\r\nEn effet, dans notre analyse de la liste de souhaits 2025, seuls 5 des 10 articles les plus demand\u00e9s figurent \u00e0 la fois sur les listes des enfants et des parents. \r\n<br><br>\r\nCe chevauchement de 50 % sugg\u00e8re que m\u00eame si les parents sont attentifs aux souhaits de leurs enfants, ce sont bien les enfants et les adolescents qui sont les principaux moteurs des tendances et qui d\u00e9finissent les listes de cadeaux.\r\n<\/p>\n                <\/div>\n        <\/div><!-- .cards -->\n    <\/section>\n<\/div><!-- container -->\n<div class=\"container\">\n\n\n<h2 class=\"wp-block-heading has-text-align-center\" id=\"download-report\">Inscrivez-vous d\u00e8s maintenant<\/h2>\n\n\n\n<p class=\"has-text-align-center has-regular-font-size\" id=\"infographic\"><strong><strong><strong>D\u00e9couvrez les donn\u00e9es et tendances qui vont fa\u00e7onner les f\u00eates de fin d\u2019ann\u00e9e 2025 \u2014 et apprenez comment influencer les d\u00e9penses de No\u00ebl avant que la neige ne commence \u00e0 tomber.<\/strong><\/strong><\/strong><\/p>\n\n\n\n<div class=\"wp-block-leadin-hubspot-form-block\">\n\t\t\t\t\t\t<script>\n\t\t\t\t\t\t\twindow.hsFormsOnReady = window.hsFormsOnReady || [];\n\t\t\t\t\t\t\twindow.hsFormsOnReady.push(()=>{\n\t\t\t\t\t\t\t\thbspt.forms.create({\n\t\t\t\t\t\t\t\t\tportalId: 5009836,\n\t\t\t\t\t\t\t\t\tformId: \"bd4de610-7b5b-48a2-ad52-d3bf8976fe7c\",\n\t\t\t\t\t\t\t\t\ttarget: \"#hbspt-form-1775298147000-4281808686\",\n\t\t\t\t\t\t\t\t\tregion: \"na1\",\n\t\t\t\t\t\t\t\t\t\n\t\t\t\t\t\t\t})});\n\t\t\t\t\t\t<\/script>\n\t\t\t\t\t\t<div class=\"hbspt-form\" id=\"hbspt-form-1775298147000-4281808686\"><\/div><\/div>\n","protected":false},"excerpt":{"rendered":"<p>Inscrivez-vous d\u00e8s maintenant D\u00e9couvrez les donn\u00e9es et tendances qui vont fa\u00e7onner les f\u00eates de fin d\u2019ann\u00e9e 2025 \u2014 et apprenez comment influencer les d\u00e9penses de No\u00ebl avant que la neige ne commence \u00e0 tomber.<\/p>\n","protected":false},"author":66,"featured_media":0,"parent":0,"menu_order":0,"comment_status":"closed","ping_status":"closed","template":"","meta":{"_acf_changed":false,"content-type":"","_monsterinsights_skip_tracking":false,"_monsterinsights_sitenote_active":false,"_monsterinsights_sitenote_note":"","_monsterinsights_sitenote_category":0,"footnotes":""},"class_list":["post-19710","page","type-page","status-publish","hentry"],"acf":{"spotify_url":"","amazon_music_url":"","sound_cloud_url":""},"yoast_head":"<!-- This site is optimized with the Yoast SEO plugin v26.8 - https:\/\/yoast.com\/product\/yoast-seo-wordpress\/ -->\n<title>Holidays Unwrapped: Family, Fandoms and the 25&#039; Wishlist FR - SuperAwesome<\/title>\n<meta name=\"robots\" content=\"index, follow, max-snippet:-1, max-image-preview:large, max-video-preview:-1\" \/>\n<link rel=\"canonical\" href=\"https:\/\/www.superawesome.com\/fr\/holidays-unwrapped-family-fandoms-and-the-25-wishlist-fr\/\" \/>\n<meta property=\"og:locale\" content=\"fr_FR\" \/>\n<meta property=\"og:type\" content=\"article\" \/>\n<meta property=\"og:title\" content=\"Holidays Unwrapped: Family, Fandoms and the 25&#039; Wishlist FR - SuperAwesome\" \/>\n<meta property=\"og:description\" content=\"Inscrivez-vous d\u00e8s maintenant D\u00e9couvrez les donn\u00e9es et tendances qui vont fa\u00e7onner les f\u00eates de fin d\u2019ann\u00e9e 2025 \u2014 et apprenez comment influencer les d\u00e9penses de No\u00ebl avant que la neige ne commence \u00e0 tomber.\" \/>\n<meta property=\"og:url\" content=\"https:\/\/www.superawesome.com\/fr\/holidays-unwrapped-family-fandoms-and-the-25-wishlist-fr\/\" \/>\n<meta property=\"og:site_name\" content=\"SuperAwesome\" \/>\n<meta property=\"article:modified_time\" content=\"2025-08-01T16:18:44+00:00\" \/>\n<meta property=\"og:image\" content=\"https:\/\/www.superawesome.com\/wp-content\/uploads\/2024\/02\/SA_Thumbnail_noepic.png\" \/>\n\t<meta property=\"og:image:width\" content=\"1920\" \/>\n\t<meta property=\"og:image:height\" content=\"1080\" \/>\n\t<meta property=\"og:image:type\" content=\"image\/png\" \/>\n<meta name=\"twitter:card\" content=\"summary_large_image\" \/>\n<meta name=\"twitter:site\" content=\"@GoSuperAwesome\" \/>\n<meta name=\"twitter:label1\" content=\"Dur\u00e9e de lecture estim\u00e9e\" \/>\n\t<meta name=\"twitter:data1\" content=\"1 minute\" \/>\n<script type=\"application\/ld+json\" class=\"yoast-schema-graph\">{\"@context\":\"https:\/\/schema.org\",\"@graph\":[{\"@type\":\"WebPage\",\"@id\":\"https:\/\/www.superawesome.com\/fr\/holidays-unwrapped-family-fandoms-and-the-25-wishlist-fr\/\",\"url\":\"https:\/\/www.superawesome.com\/fr\/holidays-unwrapped-family-fandoms-and-the-25-wishlist-fr\/\",\"name\":\"Holidays Unwrapped: Family, Fandoms and the 25' Wishlist FR - SuperAwesome\",\"isPartOf\":{\"@id\":\"https:\/\/www.superawesome.com\/#website\"},\"datePublished\":\"2025-08-01T15:05:47+00:00\",\"dateModified\":\"2025-08-01T16:18:44+00:00\",\"breadcrumb\":{\"@id\":\"https:\/\/www.superawesome.com\/fr\/holidays-unwrapped-family-fandoms-and-the-25-wishlist-fr\/#breadcrumb\"},\"inLanguage\":\"fr-FR\",\"potentialAction\":[{\"@type\":\"ReadAction\",\"target\":[\"https:\/\/www.superawesome.com\/fr\/holidays-unwrapped-family-fandoms-and-the-25-wishlist-fr\/\"]}]},{\"@type\":\"BreadcrumbList\",\"@id\":\"https:\/\/www.superawesome.com\/fr\/holidays-unwrapped-family-fandoms-and-the-25-wishlist-fr\/#breadcrumb\",\"itemListElement\":[{\"@type\":\"ListItem\",\"position\":1,\"name\":\"Home\",\"item\":\"https:\/\/www.superawesome.com\/\"},{\"@type\":\"ListItem\",\"position\":2,\"name\":\"Holidays Unwrapped: Family, Fandoms and the 25&#8242; Wishlist FR\"}]},{\"@type\":\"WebSite\",\"@id\":\"https:\/\/www.superawesome.com\/#website\",\"url\":\"https:\/\/www.superawesome.com\/\",\"name\":\"SuperAwesome\",\"description\":\"Powering a better internet for the next generation\",\"publisher\":{\"@id\":\"https:\/\/www.superawesome.com\/#organization\"},\"potentialAction\":[{\"@type\":\"SearchAction\",\"target\":{\"@type\":\"EntryPoint\",\"urlTemplate\":\"https:\/\/www.superawesome.com\/?s={search_term_string}\"},\"query-input\":{\"@type\":\"PropertyValueSpecification\",\"valueRequired\":true,\"valueName\":\"search_term_string\"}}],\"inLanguage\":\"fr-FR\"},{\"@type\":\"Organization\",\"@id\":\"https:\/\/www.superawesome.com\/#organization\",\"name\":\"SuperAwesome\",\"url\":\"https:\/\/www.superawesome.com\/\",\"logo\":{\"@type\":\"ImageObject\",\"inLanguage\":\"fr-FR\",\"@id\":\"https:\/\/www.superawesome.com\/#\/schema\/logo\/image\/\",\"url\":\"https:\/\/www.superawesome.com\/wp-content\/uploads\/2022\/08\/SA_Logo_Main.png\",\"contentUrl\":\"https:\/\/www.superawesome.com\/wp-content\/uploads\/2022\/08\/SA_Logo_Main.png\",\"width\":400,\"height\":171,\"caption\":\"SuperAwesome\"},\"image\":{\"@id\":\"https:\/\/www.superawesome.com\/#\/schema\/logo\/image\/\"},\"sameAs\":[\"https:\/\/x.com\/GoSuperAwesome\"]}]}<\/script>\n<!-- \/ Yoast SEO plugin. -->","yoast_head_json":{"title":"Holidays Unwrapped: Family, Fandoms and the 25' Wishlist FR - SuperAwesome","robots":{"index":"index","follow":"follow","max-snippet":"max-snippet:-1","max-image-preview":"max-image-preview:large","max-video-preview":"max-video-preview:-1"},"canonical":"https:\/\/www.superawesome.com\/fr\/holidays-unwrapped-family-fandoms-and-the-25-wishlist-fr\/","og_locale":"fr_FR","og_type":"article","og_title":"Holidays Unwrapped: Family, Fandoms and the 25' Wishlist FR - SuperAwesome","og_description":"Inscrivez-vous d\u00e8s maintenant D\u00e9couvrez les donn\u00e9es et tendances qui vont fa\u00e7onner les f\u00eates de fin d\u2019ann\u00e9e 2025 \u2014 et apprenez comment influencer les d\u00e9penses de No\u00ebl avant que la neige ne commence \u00e0 tomber.","og_url":"https:\/\/www.superawesome.com\/fr\/holidays-unwrapped-family-fandoms-and-the-25-wishlist-fr\/","og_site_name":"SuperAwesome","article_modified_time":"2025-08-01T16:18:44+00:00","og_image":[{"width":1920,"height":1080,"url":"https:\/\/www.superawesome.com\/wp-content\/uploads\/2024\/02\/SA_Thumbnail_noepic.png","type":"image\/png"}],"twitter_card":"summary_large_image","twitter_site":"@GoSuperAwesome","twitter_misc":{"Dur\u00e9e de lecture estim\u00e9e":"1 minute"},"schema":{"@context":"https:\/\/schema.org","@graph":[{"@type":"WebPage","@id":"https:\/\/www.superawesome.com\/fr\/holidays-unwrapped-family-fandoms-and-the-25-wishlist-fr\/","url":"https:\/\/www.superawesome.com\/fr\/holidays-unwrapped-family-fandoms-and-the-25-wishlist-fr\/","name":"Holidays Unwrapped: Family, Fandoms and the 25' Wishlist FR - SuperAwesome","isPartOf":{"@id":"https:\/\/www.superawesome.com\/#website"},"datePublished":"2025-08-01T15:05:47+00:00","dateModified":"2025-08-01T16:18:44+00:00","breadcrumb":{"@id":"https:\/\/www.superawesome.com\/fr\/holidays-unwrapped-family-fandoms-and-the-25-wishlist-fr\/#breadcrumb"},"inLanguage":"fr-FR","potentialAction":[{"@type":"ReadAction","target":["https:\/\/www.superawesome.com\/fr\/holidays-unwrapped-family-fandoms-and-the-25-wishlist-fr\/"]}]},{"@type":"BreadcrumbList","@id":"https:\/\/www.superawesome.com\/fr\/holidays-unwrapped-family-fandoms-and-the-25-wishlist-fr\/#breadcrumb","itemListElement":[{"@type":"ListItem","position":1,"name":"Home","item":"https:\/\/www.superawesome.com\/"},{"@type":"ListItem","position":2,"name":"Holidays Unwrapped: Family, Fandoms and the 25&#8242; Wishlist FR"}]},{"@type":"WebSite","@id":"https:\/\/www.superawesome.com\/#website","url":"https:\/\/www.superawesome.com\/","name":"SuperAwesome","description":"Powering a better internet for the next generation","publisher":{"@id":"https:\/\/www.superawesome.com\/#organization"},"potentialAction":[{"@type":"SearchAction","target":{"@type":"EntryPoint","urlTemplate":"https:\/\/www.superawesome.com\/?s={search_term_string}"},"query-input":{"@type":"PropertyValueSpecification","valueRequired":true,"valueName":"search_term_string"}}],"inLanguage":"fr-FR"},{"@type":"Organization","@id":"https:\/\/www.superawesome.com\/#organization","name":"SuperAwesome","url":"https:\/\/www.superawesome.com\/","logo":{"@type":"ImageObject","inLanguage":"fr-FR","@id":"https:\/\/www.superawesome.com\/#\/schema\/logo\/image\/","url":"https:\/\/www.superawesome.com\/wp-content\/uploads\/2022\/08\/SA_Logo_Main.png","contentUrl":"https:\/\/www.superawesome.com\/wp-content\/uploads\/2022\/08\/SA_Logo_Main.png","width":400,"height":171,"caption":"SuperAwesome"},"image":{"@id":"https:\/\/www.superawesome.com\/#\/schema\/logo\/image\/"},"sameAs":["https:\/\/x.com\/GoSuperAwesome"]}]}},"_links":{"self":[{"href":"https:\/\/www.superawesome.com\/fr\/wp-json\/wp\/v2\/pages\/19710","targetHints":{"allow":["GET"]}}],"collection":[{"href":"https:\/\/www.superawesome.com\/fr\/wp-json\/wp\/v2\/pages"}],"about":[{"href":"https:\/\/www.superawesome.com\/fr\/wp-json\/wp\/v2\/types\/page"}],"author":[{"embeddable":true,"href":"https:\/\/www.superawesome.com\/fr\/wp-json\/wp\/v2\/users\/66"}],"replies":[{"embeddable":true,"href":"https:\/\/www.superawesome.com\/fr\/wp-json\/wp\/v2\/comments?post=19710"}],"version-history":[{"count":0,"href":"https:\/\/www.superawesome.com\/fr\/wp-json\/wp\/v2\/pages\/19710\/revisions"}],"wp:attachment":[{"href":"https:\/\/www.superawesome.com\/fr\/wp-json\/wp\/v2\/media?parent=19710"}],"curies":[{"name":"wp","href":"https:\/\/api.w.org\/{rel}","templated":true}]}}