{"id":17327,"date":"2020-12-07T17:57:41","date_gmt":"2020-12-07T17:57:41","guid":{"rendered":"https:\/\/www.superawesome.com\/?page_id=17327"},"modified":"2024-01-27T08:22:25","modified_gmt":"2024-01-27T08:22:25","slug":"penguin-young-readers-case-study-fr","status":"publish","type":"page","link":"https:\/\/www.superawesome.com\/fr\/penguin-young-readers-case-study-fr\/","title":{"rendered":"Penguin Young Readers Case Study &#8211; FR"},"content":{"rendered":"\n<\/div><!-- container -->\n<section class=\"block-product-hero   \" style=\"background-color:white\">\n      <div class=\"container\">\n  <div class=\"row\">\n    <div class=\"col-md-5\">\n      <div class=\"content\">\n        \n        <h2 class=\"text-black\">Penguin Young Readers renforce les connexions avec son jeune public en utilisant habilement SuperAwesome Creators et PopJam.<\/h2>\n        <p class=\"text-black\">\ud83d\udccd Pays : \u00c9tats-Unis<\/p>\n        <div class=\"block-product-hero--buttons flex flex-wrap\">\n            \n            \n        <\/div>\n      <\/div>\n    <\/div>\n\n    <div class=\"col-md-6\">\n              <figure class=\"image\">\n          <img decoding=\"async\" src=\"https:\/\/www.superawesome.com\/wp-content\/uploads\/2021\/05\/penguin_young_readers-01-scaled.jpeg\" alt=\"Penguin Young Readers Case Study logo\">\n        <\/figure>\n          <\/div>\n  <\/div>\n  <\/div>\n  <\/section>\n\n<div class=\"container\">\n\n\n\n<\/div><!-- container -->\n\n<section class=\"block-skewed  mb-96 remove-top-margin \" style=\"z-index:99;\">\n\n    <div class=\"skewed-content-container\">\n        \n        <div class=\"section-background\" style=\"background-color: #ff3b11\"><\/div>\n\n        <div class=\"content slideindown\"><h3 style=\"text-align: center;\">\u00ab\u00a0SuperAwesome ouvre une voie ing\u00e9nieuse pour atteindre les moins de 16 ans, en nous fournissant une gamme riche d&rsquo;outils et de ressources \u00e0 notre disposition.\u00a0\u00bb<\/h3>\n<p style=\"text-align: center;\">-Sarah Moses. Directrice, Publicit\u00e9 et marketing consommateur chez Penguin Young Readers<\/p>\n<\/div>\n\n    <\/div>\n\n<\/section>\n\n<div class=\"container\">\n\n\n<p class=\"has-text-align-center\">Penguin Young Readers, division de Penguin Random House, la plus grande maison d\u2019\u00e9dition sp\u00e9cialis\u00e9e dans le monde, \u00e9tait \u00e0 la recherche d&rsquo;un partenaire pour l&rsquo;aider \u00e0 accro\u00eetre les interactions sur les r\u00e9seaux sociaux autour de ses titres et collections pour jeune public, en toute s\u00e9curit\u00e9. La marque avait int\u00e9gr\u00e9 que la meilleure fa\u00e7on de captiver les enfants \u00e9taient d\u2019interagir avec eux directement en ligne.\u00a0<\/p>\n\n\n\n\n<section class=\"block-image-content  mt-160  \" >\n\n  \n  \n  <div class=\"row \">\n    <div class=\"col-md-6 slideinright image-container \">\n                                              <figure class=\"image\">\n          <img decoding=\"async\" src=\"https:\/\/www.superawesome.com\/wp-content\/uploads\/2020\/12\/Untitled-design-97.png\" alt=\"Untitled-design-97\">\n        <\/figure>\n                  <\/div>\n\n    <div class=\"col-md-6 slideinleft content-container\">\n      <div class=\"content\">\n                  <h3 class=\"h1\">Le d\u00e9fi<\/h3>\n        \n        \n        <p>Penguin Young Readers avait conscience de la n\u00e9cessit\u00e9 d&rsquo;adopter une strat\u00e9gie digitale diversifi\u00e9e afin d&rsquo;atteindre le public ad\u00e9quat au moment opportun. Face \u00e0 la complexit\u00e9 du paysage num\u00e9rique des enfants, l&rsquo;\u00e9diteur \u00e9tait r\u00e9solu \u00e0 trouver un partenaire capable de g\u00e9n\u00e9rer des interactions percutantes tout en pr\u00e9servant l&rsquo;int\u00e9grit\u00e9 de sa marque et en respectant les imp\u00e9ratifs de conformit\u00e9 l\u00e9gale, garantissant ainsi la s\u00e9curit\u00e9 tant de sa marque que de son lectorat.<\/p>\n<p>En qu\u00eate d&rsquo;une solution compl\u00e8te, Penguin Young Readers recherchait un partenaire \u00e0 la fois efficace dans la cr\u00e9ation d&rsquo;un contenu captivant en accord avec l&rsquo;essence m\u00eame de la marque, et comp\u00e9tent dans le partage et l&rsquo;optimisation des m\u00e9triques de succ\u00e8s de la campagne.<\/p>\n\n\n        \n          \n      <\/div>\n    <\/div>\n  <\/div>\n  \n<\/section>\n\n\n\n\n\n\n<section class=\"block-image-content block-image-content-inversed mt-160  \" >\n\n  \n  \n  <div class=\"row \">\n    <div class=\"col-md-6 slideinright image-container \">\n                                              <figure class=\"image\">\n          <img decoding=\"async\" src=\"https:\/\/www.superawesome.com\/wp-content\/uploads\/2021\/07\/Screenshot-2020-12-07-at-17.03.36-1.png\" alt=\"paid and earned influencers\">\n        <\/figure>\n                  <\/div>\n\n    <div class=\"col-md-6 slideinleft content-container\">\n      <div class=\"content\">\n                  <h3 class=\"h1\">La solution<\/h3>\n        \n        \n        <p>Penguin Young Readers a judicieusement combin\u00e9 les atouts des solutions <a href=\"https:\/\/www.superawesome.com\/popjam\/\">PopJam<\/a> et <a href=\"https:\/\/www.superawesome.com\/superawesome-creators\/\">SuperAwesome Creators<\/a> pour amplifier les interactions dans des environnements digitaux pris\u00e9s par les enfants : PopJam, YouTube et TikTok.<\/p>\n<p>Afin d&rsquo;encourager les \u00e9changes avec leur public enfant, Penguin Young Readers a exploit\u00e9 les solutions de concepts cr\u00e9atifs, de formats publicitaires interactifs et de partenariats avec des influenceurs pertinents, offerts par SuperAwesome suite \u00e0 une analyse m\u00e9ticuleuse.<\/p>\n<p>\u00ab Les formats publicitaires de SuperAwesome se sont r\u00e9v\u00e9l\u00e9s intuitifs et ont offert une exp\u00e9rience interactive. Collaborer avec un partenaire pour concevoir des \u00e9l\u00e9ments de communication originaux peut s&rsquo;av\u00e9rer complexe, mais SuperAwesome a saisi instantan\u00e9ment l&rsquo;essence de notre marque. \u00bb<\/p>\n<p>\u00ab Nous avons ressenti que c&rsquo;\u00e9tait le format et le ton appropri\u00e9s pour toucher les enfants. Vivant et divertissant, tout en respectant leurs espaces. \u00bb<\/p>\n\n\n        \n          \n      <\/div>\n    <\/div>\n  <\/div>\n  \n<\/section>\n\n\n\n\n<\/div><!-- container -->\n<div class=\"container icon-cards-container\">\n<section class=\"block-icon-cards 3   slideindownnomobile\">\n    <h2>Les r\u00e9sultats<\/h2>    \n        <div class=\"cards slideindownnomobile\">\n            <div class=\"card card-hover-state  text-centered\">\n                    <figure class=\"card-icon\" style=\"max-width:190px\">\n                <img decoding=\"async\" class=\"style-\" src=\"https:\/\/www.superawesome.com\/wp-content\/uploads\/2022\/08\/SA_NewIcons_Orange-16.png\" alt=\"SA_NewIcons_Orange-16\">\n            <\/figure>\n                            <p class=\"card-text\">1 enfant sur 5 a interagi avec le contenu sur YouTube et TikTok.<\/p>\n                <\/div>\n            <div class=\"card card-hover-state  text-centered\">\n                    <figure class=\"card-icon\" style=\"max-width:190px\">\n                <img decoding=\"async\" class=\"style-\" src=\"https:\/\/www.superawesome.com\/wp-content\/uploads\/2022\/08\/SA_NewIcons_Orange-17.png\" alt=\"SA_NewIcons_Orange-17\">\n            <\/figure>\n                            <p class=\"card-text\">515 418 vues ont \u00e9t\u00e9 g\u00e9n\u00e9r\u00e9es sur TikTok et YouTube.<\/p>\n                <\/div>\n            <div class=\"card card-hover-state  text-centered\">\n                    <figure class=\"card-icon\" style=\"max-width:190px\">\n                <img decoding=\"async\" class=\"style-\" src=\"https:\/\/www.superawesome.com\/wp-content\/uploads\/2022\/08\/SA_NewIcons_Orange-33.png\" alt=\"SA_NewIcons_Orange-33\">\n            <\/figure>\n                            <p class=\"card-text\">Pendant la campagne, la cha\u00eene Penguin Read Books a d\u00e9velopp\u00e9 la communaut\u00e9 de followers la plus importante compar\u00e9 \u00e0 toutes les autres cha\u00eenes de maisons d\u2019\u00e9dition am\u00e9ricaines sur PopJam. <\/p>\n                <\/div>\n        <\/div><!-- .cards -->\n    <\/section>\n<\/div><!-- container -->\n<div class=\"container\">\n\n\n\n<\/div><!-- container -->\n\n<section class=\"block-skewed  mb-96  \" style=\"z-index:99;\">\n\n    <div class=\"skewed-content-container\">\n        \n        <div class=\"section-background\" style=\"background-color: #111111\"><\/div>\n\n        <div class=\"content slideindown\"><h3 style=\"text-align: center;\">\u00ab Allez au contact des enfants, n\u2019essayez pas de construire votre propre plateforme conforme \u00e0 la loi COPPA. Assurez-vous que votre contenu donne envie aux enfants d\u2019interagir. \u00bb<\/h3>\n<p style=\"text-align: center;\">-Alex Garber, Directeur senior, Marketing digital chez Penguin Young Readers<\/p>\n<\/div>\n\n    <\/div>\n\n<\/section>\n\n<div class=\"container\">\n\n<section class=\"block-content-cards  \">\n    <h2>En savoir plus sur nos solutions\u2026<\/h2>    \n        <div class=\"cards\">\n            <div class=\"card\">\n                    <p class=\"card-cat\" style=\"background-color: #114bff\"><\/p>\n                    <figure class=\"image\">\n                <img decoding=\"async\" src=\"https:\/\/www.superawesome.com\/wp-content\/uploads\/2022\/08\/pexels-jessica-lewis-1103563-1-scaled.jpg\" alt=\"pexels-jessica-lewis-1103563-(1)\">\n            <\/figure>\n                    <h3 style=\"color: #114bff;\">Exp\u00e9riences Gaming<\/h3>\n                    <p class=\"preview-text\">Nous autonomisons les marques dans la cr\u00e9ation de programmes de gaming s\u00e9curis\u00e9s et attrayants pour cibler les g\u00e9n\u00e9rations Alpha et Z.<\/p>\n                            <a href=\"https:\/\/www.superawesome.com\/superawesome-gaming\/\" class=\"btn btn-black\" target=\"_self\">\n                EN SAVOIR PLUS\n                <\/a>\n                    <\/div>\n            <div class=\"card\">\n                    <p class=\"card-cat\" style=\"background-color: #114bff\"><\/p>\n                    <figure class=\"image\">\n                <img decoding=\"async\" src=\"https:\/\/www.superawesome.com\/wp-content\/uploads\/2021\/07\/pexels-julia-m-cameron-4145248-1-scaled.jpg\" alt=\"Teenager on phone\">\n            <\/figure>\n                    <h3 style=\"color: #114bff;\">Marketing d\u2019influence<\/h3>\n                    <p class=\"preview-text\">Marketing d\u2019influence et cr\u00e9ation de contenu en accord avec les valeurs de la marque pour un public jeune et familial.<\/p>\n                            <a href=\"https:\/\/www.superawesome.com\/superawesome-creators\/\" class=\"btn btn-black\" target=\"_self\">\n                EN SAVOIR PLUS\n                <\/a>\n                    <\/div>\n            <div class=\"card\">\n                    <p class=\"card-cat\" style=\"background-color: #114bff\"><\/p>\n                    <figure class=\"image\">\n                <img decoding=\"async\" src=\"https:\/\/www.superawesome.com\/wp-content\/uploads\/2021\/07\/pexels-ketut-subiyanto-4474032-1-scaled.jpg\" alt=\"Family watching a laptop\">\n            <\/figure>\n                    <h3 style=\"color: #114bff;\">Rich media, vid\u00e9o et publicit\u00e9 display<\/h3>\n                    <p class=\"preview-text\">Plateforme publicitaire num\u00e9ro un pour les g\u00e9n\u00e9rations Alpha et Z, AwesomeAds place le respect de la vie priv\u00e9e au premier plan.<\/p>\n                            <a href=\"https:\/\/www.superawesome.com\/awesomeads-for-advertisers\/\" class=\"btn btn-black\" target=\"_self\">\n                EN SAVOIR PLUS\n                <\/a>\n                    <\/div>\n        <\/div><!-- .cards -->\n    <\/section>\n\n\n\n\n<section class=\"block-cta  \">\n  <h2 class=\"medium\">Vous cherchez \u00e0 accro\u00eetre votre notori\u00e9t\u00e9 de marque ?<\/h2>\n\n        <a id=\"cta-btn\" href=\"#\" class=\"btn btn-primary\" target=\"_self\">\n      NOUS CONTACTER\n    <\/a>\n  \n\n      <div data-contact-form class=\"contact-form-hubspot\">\n              <!--[if lte IE 8]>\n        <script charset=\"utf-8\" type=\"text\/javascript\" src=\"\/\/js.hsforms.net\/forms\/v2-legacy.js\"><\/script>\n        <![endif]-->\n        <script charset=\"utf-8\" type=\"text\/javascript\" src=\"\/\/js.hsforms.net\/forms\/v2.js\"><\/script>\n      \n      <script>\n        hbspt.forms.create({\n          portalId: \"5009836\",\n          formId: \"d6f951e2-ff41-4a96-ae90-31acdef15f8e\",\n          onFormSubmit: function(){\n            setTimeout(function(){\n              var $thankYou = $('#contact-form-hubspot-thank-you');\n              $thankYou.show();\n              $thankYou.parents().find('.block-cta').first().find('h2').remove();\n            }, 100 );\n          }\n        });\n      <\/script>\n      <div id=\"contact-form-hubspot-thank-you\" class=\"contact-form-hubspot-thank-you\" style=\"display:none\">\n        \n      <\/div>\n    <\/div>\n  \n<\/section>\n","protected":false},"excerpt":{"rendered":"<p>Penguin Young Readers, division de Penguin Random House, la plus grande maison d\u2019\u00e9dition sp\u00e9cialis\u00e9e dans le monde, \u00e9tait \u00e0 la recherche d&rsquo;un partenaire pour l&rsquo;aider \u00e0 accro\u00eetre les interactions sur les r\u00e9seaux sociaux autour de ses titres et collections pour jeune public, en toute s\u00e9curit\u00e9. La marque avait int\u00e9gr\u00e9 que la meilleure fa\u00e7on de captiver [&hellip;]<\/p>\n","protected":false},"author":66,"featured_media":0,"parent":0,"menu_order":0,"comment_status":"closed","ping_status":"closed","template":"","meta":{"_acf_changed":false,"content-type":"","_monsterinsights_skip_tracking":false,"_monsterinsights_sitenote_active":false,"_monsterinsights_sitenote_note":"","_monsterinsights_sitenote_category":0,"footnotes":""},"class_list":["post-17327","page","type-page","status-publish","hentry"],"acf":{"spotify_url":"","amazon_music_url":"","sound_cloud_url":""},"yoast_head":"<!-- This site is optimized with the Yoast SEO plugin v27.4 - https:\/\/yoast.com\/product\/yoast-seo-wordpress\/ -->\n<title>Penguin Young Readers Case Study - FR - SuperAwesome<\/title>\n<meta name=\"robots\" content=\"index, follow, max-snippet:-1, max-image-preview:large, max-video-preview:-1\" \/>\n<link rel=\"canonical\" href=\"https:\/\/www.superawesome.com\/penguin-young-readers-case-study\/\" \/>\n<meta property=\"og:locale\" content=\"fr_FR\" \/>\n<meta property=\"og:type\" content=\"article\" \/>\n<meta property=\"og:title\" content=\"Penguin Young Readers Case Study - FR - SuperAwesome\" \/>\n<meta property=\"og:description\" content=\"Penguin Young Readers, division de Penguin Random House, la plus grande maison d\u2019\u00e9dition sp\u00e9cialis\u00e9e dans le monde, \u00e9tait \u00e0 la recherche d&rsquo;un partenaire pour l&rsquo;aider \u00e0 accro\u00eetre les interactions sur les r\u00e9seaux sociaux autour de ses titres et collections pour jeune public, en toute s\u00e9curit\u00e9. La marque avait int\u00e9gr\u00e9 que la meilleure fa\u00e7on de captiver [&hellip;]\" \/>\n<meta property=\"og:url\" content=\"https:\/\/www.superawesome.com\/penguin-young-readers-case-study\/\" \/>\n<meta property=\"og:site_name\" content=\"SuperAwesome\" \/>\n<meta property=\"article:modified_time\" content=\"2024-01-27T08:22:25+00:00\" \/>\n<meta property=\"og:image\" content=\"https:\/\/www.superawesome.com\/wp-content\/uploads\/2024\/02\/SA_Thumbnail_noepic.png\" \/>\n\t<meta property=\"og:image:width\" content=\"1920\" \/>\n\t<meta property=\"og:image:height\" content=\"1080\" \/>\n\t<meta property=\"og:image:type\" content=\"image\/png\" \/>\n<meta name=\"twitter:card\" content=\"summary_large_image\" \/>\n<meta name=\"twitter:site\" content=\"@GoSuperAwesome\" \/>\n<script type=\"application\/ld+json\" class=\"yoast-schema-graph\">{\"@context\":\"https:\\\/\\\/schema.org\",\"@graph\":[{\"@type\":\"WebPage\",\"@id\":\"https:\\\/\\\/www.superawesome.com\\\/penguin-young-readers-case-study\\\/\",\"url\":\"https:\\\/\\\/www.superawesome.com\\\/penguin-young-readers-case-study\\\/\",\"name\":\"Penguin Young Readers Case Study - FR - SuperAwesome\",\"isPartOf\":{\"@id\":\"https:\\\/\\\/www.superawesome.com\\\/#website\"},\"datePublished\":\"2020-12-07T17:57:41+00:00\",\"dateModified\":\"2024-01-27T08:22:25+00:00\",\"breadcrumb\":{\"@id\":\"https:\\\/\\\/www.superawesome.com\\\/penguin-young-readers-case-study\\\/#breadcrumb\"},\"inLanguage\":\"fr-FR\",\"potentialAction\":[{\"@type\":\"ReadAction\",\"target\":[\"https:\\\/\\\/www.superawesome.com\\\/penguin-young-readers-case-study\\\/\"]}]},{\"@type\":\"BreadcrumbList\",\"@id\":\"https:\\\/\\\/www.superawesome.com\\\/penguin-young-readers-case-study\\\/#breadcrumb\",\"itemListElement\":[{\"@type\":\"ListItem\",\"position\":1,\"name\":\"Home\",\"item\":\"https:\\\/\\\/www.superawesome.com\\\/\"},{\"@type\":\"ListItem\",\"position\":2,\"name\":\"Penguin Young Readers Case Study &#8211; FR\"}]},{\"@type\":\"WebSite\",\"@id\":\"https:\\\/\\\/www.superawesome.com\\\/#website\",\"url\":\"https:\\\/\\\/www.superawesome.com\\\/\",\"name\":\"SuperAwesome\",\"description\":\"Powering a better internet for the next generation\",\"publisher\":{\"@id\":\"https:\\\/\\\/www.superawesome.com\\\/#organization\"},\"potentialAction\":[{\"@type\":\"SearchAction\",\"target\":{\"@type\":\"EntryPoint\",\"urlTemplate\":\"https:\\\/\\\/www.superawesome.com\\\/?s={search_term_string}\"},\"query-input\":{\"@type\":\"PropertyValueSpecification\",\"valueRequired\":true,\"valueName\":\"search_term_string\"}}],\"inLanguage\":\"fr-FR\"},{\"@type\":\"Organization\",\"@id\":\"https:\\\/\\\/www.superawesome.com\\\/#organization\",\"name\":\"SuperAwesome\",\"url\":\"https:\\\/\\\/www.superawesome.com\\\/\",\"logo\":{\"@type\":\"ImageObject\",\"inLanguage\":\"fr-FR\",\"@id\":\"https:\\\/\\\/www.superawesome.com\\\/#\\\/schema\\\/logo\\\/image\\\/\",\"url\":\"https:\\\/\\\/www.superawesome.com\\\/wp-content\\\/uploads\\\/2022\\\/08\\\/SA_Logo_Main.png\",\"contentUrl\":\"https:\\\/\\\/www.superawesome.com\\\/wp-content\\\/uploads\\\/2022\\\/08\\\/SA_Logo_Main.png\",\"width\":400,\"height\":171,\"caption\":\"SuperAwesome\"},\"image\":{\"@id\":\"https:\\\/\\\/www.superawesome.com\\\/#\\\/schema\\\/logo\\\/image\\\/\"},\"sameAs\":[\"https:\\\/\\\/x.com\\\/GoSuperAwesome\"]}]}<\/script>\n<!-- \/ Yoast SEO plugin. -->","yoast_head_json":{"title":"Penguin Young Readers Case Study - FR - SuperAwesome","robots":{"index":"index","follow":"follow","max-snippet":"max-snippet:-1","max-image-preview":"max-image-preview:large","max-video-preview":"max-video-preview:-1"},"canonical":"https:\/\/www.superawesome.com\/penguin-young-readers-case-study\/","og_locale":"fr_FR","og_type":"article","og_title":"Penguin Young Readers Case Study - FR - SuperAwesome","og_description":"Penguin Young Readers, division de Penguin Random House, la plus grande maison d\u2019\u00e9dition sp\u00e9cialis\u00e9e dans le monde, \u00e9tait \u00e0 la recherche d&rsquo;un partenaire pour l&rsquo;aider \u00e0 accro\u00eetre les interactions sur les r\u00e9seaux sociaux autour de ses titres et collections pour jeune public, en toute s\u00e9curit\u00e9. La marque avait int\u00e9gr\u00e9 que la meilleure fa\u00e7on de captiver [&hellip;]","og_url":"https:\/\/www.superawesome.com\/penguin-young-readers-case-study\/","og_site_name":"SuperAwesome","article_modified_time":"2024-01-27T08:22:25+00:00","og_image":[{"width":1920,"height":1080,"url":"https:\/\/www.superawesome.com\/wp-content\/uploads\/2024\/02\/SA_Thumbnail_noepic.png","type":"image\/png"}],"twitter_card":"summary_large_image","twitter_site":"@GoSuperAwesome","schema":{"@context":"https:\/\/schema.org","@graph":[{"@type":"WebPage","@id":"https:\/\/www.superawesome.com\/penguin-young-readers-case-study\/","url":"https:\/\/www.superawesome.com\/penguin-young-readers-case-study\/","name":"Penguin Young Readers Case Study - FR - SuperAwesome","isPartOf":{"@id":"https:\/\/www.superawesome.com\/#website"},"datePublished":"2020-12-07T17:57:41+00:00","dateModified":"2024-01-27T08:22:25+00:00","breadcrumb":{"@id":"https:\/\/www.superawesome.com\/penguin-young-readers-case-study\/#breadcrumb"},"inLanguage":"fr-FR","potentialAction":[{"@type":"ReadAction","target":["https:\/\/www.superawesome.com\/penguin-young-readers-case-study\/"]}]},{"@type":"BreadcrumbList","@id":"https:\/\/www.superawesome.com\/penguin-young-readers-case-study\/#breadcrumb","itemListElement":[{"@type":"ListItem","position":1,"name":"Home","item":"https:\/\/www.superawesome.com\/"},{"@type":"ListItem","position":2,"name":"Penguin Young Readers Case Study &#8211; FR"}]},{"@type":"WebSite","@id":"https:\/\/www.superawesome.com\/#website","url":"https:\/\/www.superawesome.com\/","name":"SuperAwesome","description":"Powering a better internet for the next generation","publisher":{"@id":"https:\/\/www.superawesome.com\/#organization"},"potentialAction":[{"@type":"SearchAction","target":{"@type":"EntryPoint","urlTemplate":"https:\/\/www.superawesome.com\/?s={search_term_string}"},"query-input":{"@type":"PropertyValueSpecification","valueRequired":true,"valueName":"search_term_string"}}],"inLanguage":"fr-FR"},{"@type":"Organization","@id":"https:\/\/www.superawesome.com\/#organization","name":"SuperAwesome","url":"https:\/\/www.superawesome.com\/","logo":{"@type":"ImageObject","inLanguage":"fr-FR","@id":"https:\/\/www.superawesome.com\/#\/schema\/logo\/image\/","url":"https:\/\/www.superawesome.com\/wp-content\/uploads\/2022\/08\/SA_Logo_Main.png","contentUrl":"https:\/\/www.superawesome.com\/wp-content\/uploads\/2022\/08\/SA_Logo_Main.png","width":400,"height":171,"caption":"SuperAwesome"},"image":{"@id":"https:\/\/www.superawesome.com\/#\/schema\/logo\/image\/"},"sameAs":["https:\/\/x.com\/GoSuperAwesome"]}]}},"_links":{"self":[{"href":"https:\/\/www.superawesome.com\/fr\/wp-json\/wp\/v2\/pages\/17327","targetHints":{"allow":["GET"]}}],"collection":[{"href":"https:\/\/www.superawesome.com\/fr\/wp-json\/wp\/v2\/pages"}],"about":[{"href":"https:\/\/www.superawesome.com\/fr\/wp-json\/wp\/v2\/types\/page"}],"author":[{"embeddable":true,"href":"https:\/\/www.superawesome.com\/fr\/wp-json\/wp\/v2\/users\/66"}],"replies":[{"embeddable":true,"href":"https:\/\/www.superawesome.com\/fr\/wp-json\/wp\/v2\/comments?post=17327"}],"version-history":[{"count":0,"href":"https:\/\/www.superawesome.com\/fr\/wp-json\/wp\/v2\/pages\/17327\/revisions"}],"wp:attachment":[{"href":"https:\/\/www.superawesome.com\/fr\/wp-json\/wp\/v2\/media?parent=17327"}],"curies":[{"name":"wp","href":"https:\/\/api.w.org\/{rel}","templated":true}]}}