{"id":17324,"date":"2021-04-15T15:13:39","date_gmt":"2021-04-15T15:13:39","guid":{"rendered":"https:\/\/www.superawesome.com\/?page_id=17324"},"modified":"2024-01-27T08:08:29","modified_gmt":"2024-01-27T08:08:29","slug":"post-pebbles-case-study-fr","status":"publish","type":"page","link":"https:\/\/www.superawesome.com\/fr\/post-pebbles-case-study-fr\/","title":{"rendered":"Post Pebbles Case Study &#8211; FR"},"content":{"rendered":"\n<\/div><!-- container -->\n<section class=\"block-product-hero   \" style=\"background-color:white\">\n      <div class=\"container\">\n  <div class=\"row\">\n    <div class=\"col-md-5\">\n      <div class=\"content\">\n        \n        <h2 class=\"text-black\">Post\u00ae PEBBLES\u2122 fait cro\u00eetre l\u2019intention d\u2019achat de 36 % avec une strat\u00e9gie digitale multicanal pour les enfants<\/h2>\n        <p class=\"text-black\">\ud83d\udccd Pays : \u00c9tats-Unis<\/p>\n        <div class=\"block-product-hero--buttons flex flex-wrap\">\n            \n            \n        <\/div>\n      <\/div>\n    <\/div>\n\n    <div class=\"col-md-6\">\n              <figure class=\"image\">\n          <img decoding=\"async\" src=\"https:\/\/www.superawesome.com\/wp-content\/uploads\/2021\/08\/PebblesLogo-1.png\" alt=\"PebblesLogo\">\n        <\/figure>\n          <\/div>\n  <\/div>\n  <\/div>\n  <\/section>\n\n<div class=\"container\">\n\n\n\n<\/div><!-- container -->\n\n<section class=\"block-skewed  mb-96 remove-top-margin \" style=\"z-index:99;\">\n\n    <div class=\"skewed-content-container\">\n        \n        <div class=\"section-background\" style=\"background-color: #ff3b11\"><\/div>\n\n        <div class=\"content slideindown\"><h3 style=\"text-align: center;\">\u00ab De la cr\u00e9ation d\u2019un catalogue de qualit\u00e9 et \u00e0 grande \u00e9chelle \u00e0 la mise en place de concepts cr\u00e9atifs interactifs, SuperAwesome est notre premier r\u00e9flexe. \u00bb<\/h3>\n<p style=\"text-align: center;\">\u2013 Alyssa Papa, Directrice associ\u00e9e \u2013 Strat\u00e9gie digitale et activation chez Spark pour le compte de Post PEBBLES<\/p>\n<\/div>\n\n    <\/div>\n\n<\/section>\n\n<div class=\"container\">\n\n\n<p class=\"has-text-align-center\">Post PEBBLES est la premi\u00e8re marque de c\u00e9r\u00e9ales pour les enfants, avec plus de 1,4\u00a0milliard de bols d\u00e9gust\u00e9s chaque ann\u00e9e*. En tant que premiers consommateurs et influenceurs d\u2019achat, les enfants sont un public cl\u00e9 de l\u2019entreprise. Pour s\u2019assurer que les parents continuent de choisir PEBBLES au rayon c\u00e9r\u00e9ales, la marque avait besoin d\u2019un partenaire de confiance qui l\u2019aide \u00e0 cr\u00e9er une affinit\u00e9 avec les enfants, de mani\u00e8re s\u00e9curis\u00e9e et conforme avec les l\u00e9gislations en vigueur.<\/p>\n\n\n\n\n<section class=\"block-image-content  mt-160  \" >\n\n  \n  \n  <div class=\"row \">\n    <div class=\"col-md-6 slideinright image-container \">\n                                              <figure class=\"image\">\n          <img decoding=\"async\" src=\"https:\/\/www.superawesome.com\/wp-content\/uploads\/2021\/04\/Untitled-design-2021-04-15T160611.623.png\" alt=\"Untitled-design-2021-04-15T160611.623\">\n        <\/figure>\n                  <\/div>\n\n    <div class=\"col-md-6 slideinleft content-container\">\n      <div class=\"content\">\n                  <h3 class=\"h1\">Le d\u00e9fi<\/h3>\n        \n        \n        <p>Avec les enfants comme c\u0153ur de cible de sa strat\u00e9gie digitale, Post PEBBLES cherchait un partenaire capable de saisir les complexit\u00e9s d\u2019une d\u00e9marche visant les jeunes publics, tout en cr\u00e9ant des exp\u00e9riences digitales immersives. La strat\u00e9gie digitale devait atteindre les enfants cibl\u00e9s avec un contenu interactif pla\u00e7ant la marque au c\u0153ur des conversations des enfants et de leurs familles sur les r\u00e9seaux.<\/p>\n\n\n        \n          \n      <\/div>\n    <\/div>\n  <\/div>\n  \n<\/section>\n\n\n\n\n\n\n<section class=\"block-image-content block-image-content-inversed mt-160  \" >\n\n  \n  \n  <div class=\"row \">\n    <div class=\"col-md-6 slideinright image-container \">\n                                              <figure class=\"image\">\n          <img decoding=\"async\" src=\"https:\/\/www.superawesome.com\/wp-content\/uploads\/2021\/08\/PebblesImg.png\" alt=\"PebblesImg\">\n        <\/figure>\n                  <\/div>\n\n    <div class=\"col-md-6 slideinleft content-container\">\n      <div class=\"content\">\n                  <h3 class=\"h1\">La solution<\/h3>\n        \n        \n        <p>Depuis trois ans, Post PEBBLES place sa confiance en SuperAwesome, un partenaire incontournable pour d\u00e9ployer des campagnes digitales efficaces et s\u00e9curis\u00e9es destin\u00e9es aux enfants. Cette confiance reste inchang\u00e9e dans le temps. Post PEBBLES tire parti des solutions de pointe de SuperAwesome, leader sur le march\u00e9 de la kidtech, ainsi que de ses analyses pointues des comportements et tendances enfantines pour interagir avec son public cible de mani\u00e8re extr\u00eamement performante.<\/p>\n<p>\u00c0 l&rsquo;heure o\u00f9 la consommation de contenu par les enfants se diversifie de plus en plus, Post PEBBLES vient compl\u00e9ter son budget publicitaire \u00e0 la t\u00e9l\u00e9vision traditionnelle par une pr\u00e9sence s\u00e9curis\u00e9e et active au sein des espaces digitaux. C&rsquo;est ainsi que Post PEBBLES fait usage <a href=\"https:\/\/www.superawesome.com\/awesomeads-for-advertisers\/\">d&rsquo;AwesomeAds<\/a> Marketplace et de la solution <a href=\"https:\/\/www.superawesome.com\/awesomeads-for-advertisers\/\" target=\"_blank\" rel=\"noopener\">AwesomeAds for Social<\/a>.<\/p>\n<p>\u00ab Face \u00e0 la limitation du contenu t\u00e9l\u00e9visuel traditionnel, SuperAwesome nous offre la possibilit\u00e9 de cibler les enfants sur une multitude d&rsquo;autres canaux et plateformes, de YouTube aux applications mobiles, avec une efficacit\u00e9 in\u00e9gal\u00e9e et une priorit\u00e9 constante accord\u00e9e \u00e0 la s\u00e9curit\u00e9. \u00bb \u2013 Alyssa Papa, Directrice associ\u00e9e \u2013 Strat\u00e9gie digitale et activation chez Spark pour le compte de Post PEBBLES. <a href=\"#oyE5oS\" data-id=\"oyE5oS\" class=\"inline-read-more-link\">En savoir plus<\/a><div id=\"oyE5oS\" class=\"inline-read-more hide-read-more\"><\/p>\n<p>Influencers allow brands to create engaging content that resonates with kids and families. Post PEBBLES\u2122 leveraged SuperAwesome\u2019s unlimited talent pool through\u00a0<a href=\"https:\/\/www.superawesome.com\/superawesome-creators\/\">SuperAwesome Creators<\/a>, working with five massive creator families to drive traffic to family-friendly recipes and activities on its site. In 30 days, the campaign drove more than 3.2 million views across Post PEBBLES\u2122\u2019 trending YouTube videos.<\/p>\n<p>Considering the limitations of measuring success with kids digital campaigns, Post PEBBLES\u2122 ran KidsLift studies to quantify brand impact, as far down the funnel as purchase intent. SuperAwesome provided a comprehensive pre- and post-campaign analysis for Post PEBBLES\u2122 to effectively measure ROI.<\/div><\/p>\n\n\n        \n          \n      <\/div>\n    <\/div>\n  <\/div>\n  \n<\/section>\n\n\n\n\n<\/div><!-- container -->\n<div class=\"container icon-cards-container\">\n<section class=\"block-icon-cards 3   slideindownnomobile\">\n    <h2>Les r\u00e9sultats<\/h2>    \n        <div class=\"cards slideindownnomobile\">\n            <div class=\"card card-hover-state  text-centered\">\n                    <figure class=\"card-icon\" style=\"max-width:190px\">\n                <img decoding=\"async\" class=\"style-\" src=\"https:\/\/www.superawesome.com\/wp-content\/uploads\/2022\/08\/SA_NewIcons_Orange-35.png\" alt=\"SA_NewIcons_Orange-35\">\n            <\/figure>\n                            <p class=\"card-text\">Apr\u00e8s la campagne, les amateurs de c\u00e9r\u00e9ales PEBBLES \u00e9taient plus susceptibles de demander \u00e0 leurs parents d\u2019en acheter (+36 %).<\/p>\n                <\/div>\n            <div class=\"card card-hover-state  text-centered\">\n                    <figure class=\"card-icon\" style=\"max-width:190px\">\n                <img decoding=\"async\" class=\"style-\" src=\"https:\/\/www.superawesome.com\/wp-content\/uploads\/2022\/08\/SA_NewIcons_Orange-07.png\" alt=\"SA_NewIcons_Orange-07\">\n            <\/figure>\n                            <p class=\"card-text\">Apr\u00e8s avoir vu une publicit\u00e9 pour les c\u00e9r\u00e9ales PEBBLES, le sentiment d\u2019affinit\u00e9 avec la marque chez les enfants a augment\u00e9 de 37 %. <\/p>\n                <\/div>\n            <div class=\"card card-hover-state  text-centered\">\n                    <figure class=\"card-icon\" style=\"max-width:190px\">\n                <img decoding=\"async\" class=\"style-\" src=\"https:\/\/www.superawesome.com\/wp-content\/uploads\/2022\/08\/SA_NewIcons_Orange-17.png\" alt=\"SA_NewIcons_Orange-17\">\n            <\/figure>\n                            <p class=\"card-text\">90 % des enfants ayant regard\u00e9 une publicit\u00e9 pour les c\u00e9r\u00e9ales PEBBLES sont pass\u00e9s \u00e0 l\u2019action apr\u00e8s avoir vu la campagne.<\/p>\n                <\/div>\n        <\/div><!-- .cards -->\n    <\/section>\n<\/div><!-- container -->\n<div class=\"container\">\n\n\n\n<\/div><!-- container -->\n\n<section class=\"block-skewed  mb-96  \" style=\"z-index:99;\">\n\n    <div class=\"skewed-content-container\">\n        \n        <div class=\"section-background\" style=\"background-color: #111111\"><\/div>\n\n        <div class=\"content slideindown\"><h3 style=\"text-align: center;\">\u00ab Lorsque nous produisons du sur-mesure, depuis l\u2019analyse en passant par la cr\u00e9ation de contenu, le suivi et l\u2019analyse des r\u00e9sultats, tout est tr\u00e8s cadr\u00e9, clair et concis. \u00bb<\/h3>\n<p style=\"text-align: center;\">\u2013 Alyssa Papa, Directrice associ\u00e9e \u2013 Strat\u00e9gie digitale et activation chez Spark pour le compte de Post PEBBLES\u2122<\/p>\n<\/div>\n\n    <\/div>\n\n<\/section>\n\n<div class=\"container\">\n\n\n<div class=\"wp-block-columns is-layout-flex wp-container-core-columns-is-layout-9d6595d7 wp-block-columns-is-layout-flex\">\n<div class=\"wp-block-column is-layout-flow wp-block-column-is-layout-flow\"><section class=\"block-content-cards  \">\n    <h2>En savoir plus sur nos solutions\u2026<\/h2>    \n        <div class=\"cards\">\n            <div class=\"card\">\n                    <p class=\"card-cat\" style=\"background-color: #114bff\"><\/p>\n                    <figure class=\"image\">\n                <img decoding=\"async\" src=\"https:\/\/www.superawesome.com\/wp-content\/uploads\/2023\/03\/sashutterstock_186441221.webp\" alt=\"sashutterstock_186441221\">\n            <\/figure>\n                    <h3 style=\"color: #114bff;\">Marketing d\u2019influence<\/h3>\n                    <p class=\"preview-text\">Marketing d\u2019influence et cr\u00e9ation de contenu en accord avec les valeurs de la marque pour un public jeune et familial.<\/p>\n                            <a href=\"https:\/\/www.superawesome.com\/awesomeads-for-advertisers\/\" class=\"btn btn-black\" target=\"_self\">\n                EN SAVOIR PLUS\n                <\/a>\n                    <\/div>\n            <div class=\"card\">\n                    <p class=\"card-cat\" style=\"background-color: #114bff\"><\/p>\n                    <figure class=\"image\">\n                <img decoding=\"async\" src=\"https:\/\/www.superawesome.com\/wp-content\/uploads\/2022\/02\/shutterstock_1505660558-scaled.jpg\" alt=\"shutterstock_1505660558\">\n            <\/figure>\n                    <h3 style=\"color: #114bff;\">Rich media, vid\u00e9o et publicit\u00e9 display<\/h3>\n                    <p class=\"preview-text\">Plateforme publicitaire num\u00e9ro un pour les g\u00e9n\u00e9rations Alpha et Z, AwesomeAds place le respect de la vie priv\u00e9e au premier plan.<\/p>\n                            <a href=\"https:\/\/www.superawesome.com\/awesomeads-for-advertisers\/\" class=\"btn btn-black\" target=\"_self\">\n                EN SAVOIR PLUS\n                <\/a>\n                    <\/div>\n            <div class=\"card\">\n                    <p class=\"card-cat\" style=\"background-color: #114bff\"><\/p>\n                    <figure class=\"image\">\n                <img decoding=\"async\" src=\"https:\/\/www.superawesome.com\/wp-content\/uploads\/2021\/08\/pexels-julia-m-cameron-4144099b-scaled.jpg\" alt=\"Generation Z male on phone\">\n            <\/figure>\n                    <h3 style=\"color: #114bff;\">Exp\u00e9riences Gaming<\/h3>\n                    <p class=\"preview-text\">Nous autonomisons les marques dans la cr\u00e9ation de programmes de gaming s\u00e9curis\u00e9s et attrayants pour cibler les g\u00e9n\u00e9rations Alpha et Z.<\/p>\n                            <a href=\"https:\/\/www.superawesome.com\/superawesome-gaming\/\" class=\"btn btn-black\" target=\"_self\">\n                EN SAVOIR PLUS\n                <\/a>\n                    <\/div>\n        <\/div><!-- .cards -->\n    <\/section>\n<\/div>\n<\/div>\n\n\n\n\n<section class=\"block-cta mt-48 mb-40\">\n  <h2 class=\"medium\">Vous cherchez \u00e0 accro\u00eetre votre notori\u00e9t\u00e9 de marque ?<\/h2>\n\n        <a id=\"cta-btn\" href=\"#\" class=\"btn btn-primary\" target=\"_self\">\n      NOUS CONTACTER\n    <\/a>\n  \n\n      <div data-contact-form class=\"contact-form-hubspot\">\n              <!--[if lte IE 8]>\n        <script charset=\"utf-8\" type=\"text\/javascript\" src=\"\/\/js.hsforms.net\/forms\/v2-legacy.js\"><\/script>\n        <![endif]-->\n        <script charset=\"utf-8\" type=\"text\/javascript\" src=\"\/\/js.hsforms.net\/forms\/v2.js\"><\/script>\n      \n      <script>\n        hbspt.forms.create({\n          portalId: \"5009836\",\n          formId: \"d6f951e2-ff41-4a96-ae90-31acdef15f8e\",\n          onFormSubmit: function(){\n            setTimeout(function(){\n              var $thankYou = $('#contact-form-hubspot-thank-you');\n              $thankYou.show();\n              $thankYou.parents().find('.block-cta').first().find('h2').remove();\n            }, 100 );\n          }\n        });\n      <\/script>\n      <div id=\"contact-form-hubspot-thank-you\" class=\"contact-form-hubspot-thank-you\" style=\"display:none\">\n        \n      <\/div>\n    <\/div>\n  \n<\/section>\n\n\n\n<p class=\"has-extra-small-font-size\"><em>*Source: <a href=\"https:\/\/www.postpebblescereal.com\/our-story\/\">Postpebblescereal.com<\/a><\/em><\/p>\n","protected":false},"excerpt":{"rendered":"<p>Post PEBBLES est la premi\u00e8re marque de c\u00e9r\u00e9ales pour les enfants, avec plus de 1,4\u00a0milliard de bols d\u00e9gust\u00e9s chaque ann\u00e9e*. En tant que premiers consommateurs et influenceurs d\u2019achat, les enfants sont un public cl\u00e9 de l\u2019entreprise. Pour s\u2019assurer que les parents continuent de choisir PEBBLES au rayon c\u00e9r\u00e9ales, la marque avait besoin d\u2019un partenaire de [&hellip;]<\/p>\n","protected":false},"author":66,"featured_media":0,"parent":0,"menu_order":0,"comment_status":"closed","ping_status":"closed","template":"","meta":{"_acf_changed":false,"content-type":"","_monsterinsights_skip_tracking":false,"_monsterinsights_sitenote_active":false,"_monsterinsights_sitenote_note":"","_monsterinsights_sitenote_category":0,"footnotes":""},"class_list":["post-17324","page","type-page","status-publish","hentry"],"acf":{"spotify_url":"","amazon_music_url":"","sound_cloud_url":""},"yoast_head":"<!-- This site is optimized with the Yoast SEO plugin v26.8 - https:\/\/yoast.com\/product\/yoast-seo-wordpress\/ -->\n<title>Post Pebbles Case Study - FR - SuperAwesome<\/title>\n<meta name=\"robots\" content=\"index, follow, max-snippet:-1, max-image-preview:large, max-video-preview:-1\" \/>\n<link rel=\"canonical\" href=\"https:\/\/www.superawesome.com\/post-pebbles-case-study\/\" \/>\n<meta property=\"og:locale\" content=\"fr_FR\" \/>\n<meta property=\"og:type\" content=\"article\" \/>\n<meta property=\"og:title\" content=\"Post Pebbles Case Study - FR - SuperAwesome\" \/>\n<meta property=\"og:description\" content=\"Post PEBBLES est la premi\u00e8re marque de c\u00e9r\u00e9ales pour les enfants, avec plus de 1,4\u00a0milliard de bols d\u00e9gust\u00e9s chaque ann\u00e9e*. En tant que premiers consommateurs et influenceurs d\u2019achat, les enfants sont un public cl\u00e9 de l\u2019entreprise. Pour s\u2019assurer que les parents continuent de choisir PEBBLES au rayon c\u00e9r\u00e9ales, la marque avait besoin d\u2019un partenaire de [&hellip;]\" \/>\n<meta property=\"og:url\" content=\"https:\/\/www.superawesome.com\/post-pebbles-case-study\/\" \/>\n<meta property=\"og:site_name\" content=\"SuperAwesome\" \/>\n<meta property=\"article:modified_time\" content=\"2024-01-27T08:08:29+00:00\" \/>\n<meta property=\"og:image\" content=\"https:\/\/www.superawesome.com\/wp-content\/uploads\/2024\/02\/SA_Thumbnail_noepic.png\" \/>\n\t<meta property=\"og:image:width\" content=\"1920\" \/>\n\t<meta property=\"og:image:height\" content=\"1080\" \/>\n\t<meta property=\"og:image:type\" content=\"image\/png\" \/>\n<meta name=\"twitter:card\" content=\"summary_large_image\" \/>\n<meta name=\"twitter:site\" content=\"@GoSuperAwesome\" \/>\n<script type=\"application\/ld+json\" class=\"yoast-schema-graph\">{\"@context\":\"https:\/\/schema.org\",\"@graph\":[{\"@type\":\"WebPage\",\"@id\":\"https:\/\/www.superawesome.com\/post-pebbles-case-study\/\",\"url\":\"https:\/\/www.superawesome.com\/post-pebbles-case-study\/\",\"name\":\"Post Pebbles Case Study - FR - SuperAwesome\",\"isPartOf\":{\"@id\":\"https:\/\/www.superawesome.com\/#website\"},\"datePublished\":\"2021-04-15T15:13:39+00:00\",\"dateModified\":\"2024-01-27T08:08:29+00:00\",\"breadcrumb\":{\"@id\":\"https:\/\/www.superawesome.com\/post-pebbles-case-study\/#breadcrumb\"},\"inLanguage\":\"fr-FR\",\"potentialAction\":[{\"@type\":\"ReadAction\",\"target\":[\"https:\/\/www.superawesome.com\/post-pebbles-case-study\/\"]}]},{\"@type\":\"BreadcrumbList\",\"@id\":\"https:\/\/www.superawesome.com\/post-pebbles-case-study\/#breadcrumb\",\"itemListElement\":[{\"@type\":\"ListItem\",\"position\":1,\"name\":\"Home\",\"item\":\"https:\/\/www.superawesome.com\/\"},{\"@type\":\"ListItem\",\"position\":2,\"name\":\"Post Pebbles Case Study &#8211; FR\"}]},{\"@type\":\"WebSite\",\"@id\":\"https:\/\/www.superawesome.com\/#website\",\"url\":\"https:\/\/www.superawesome.com\/\",\"name\":\"SuperAwesome\",\"description\":\"Powering a better internet for the next generation\",\"publisher\":{\"@id\":\"https:\/\/www.superawesome.com\/#organization\"},\"potentialAction\":[{\"@type\":\"SearchAction\",\"target\":{\"@type\":\"EntryPoint\",\"urlTemplate\":\"https:\/\/www.superawesome.com\/?s={search_term_string}\"},\"query-input\":{\"@type\":\"PropertyValueSpecification\",\"valueRequired\":true,\"valueName\":\"search_term_string\"}}],\"inLanguage\":\"fr-FR\"},{\"@type\":\"Organization\",\"@id\":\"https:\/\/www.superawesome.com\/#organization\",\"name\":\"SuperAwesome\",\"url\":\"https:\/\/www.superawesome.com\/\",\"logo\":{\"@type\":\"ImageObject\",\"inLanguage\":\"fr-FR\",\"@id\":\"https:\/\/www.superawesome.com\/#\/schema\/logo\/image\/\",\"url\":\"https:\/\/www.superawesome.com\/wp-content\/uploads\/2022\/08\/SA_Logo_Main.png\",\"contentUrl\":\"https:\/\/www.superawesome.com\/wp-content\/uploads\/2022\/08\/SA_Logo_Main.png\",\"width\":400,\"height\":171,\"caption\":\"SuperAwesome\"},\"image\":{\"@id\":\"https:\/\/www.superawesome.com\/#\/schema\/logo\/image\/\"},\"sameAs\":[\"https:\/\/x.com\/GoSuperAwesome\"]}]}<\/script>\n<!-- \/ Yoast SEO plugin. -->","yoast_head_json":{"title":"Post Pebbles Case Study - FR - SuperAwesome","robots":{"index":"index","follow":"follow","max-snippet":"max-snippet:-1","max-image-preview":"max-image-preview:large","max-video-preview":"max-video-preview:-1"},"canonical":"https:\/\/www.superawesome.com\/post-pebbles-case-study\/","og_locale":"fr_FR","og_type":"article","og_title":"Post Pebbles Case Study - FR - SuperAwesome","og_description":"Post PEBBLES est la premi\u00e8re marque de c\u00e9r\u00e9ales pour les enfants, avec plus de 1,4\u00a0milliard de bols d\u00e9gust\u00e9s chaque ann\u00e9e*. En tant que premiers consommateurs et influenceurs d\u2019achat, les enfants sont un public cl\u00e9 de l\u2019entreprise. Pour s\u2019assurer que les parents continuent de choisir PEBBLES au rayon c\u00e9r\u00e9ales, la marque avait besoin d\u2019un partenaire de [&hellip;]","og_url":"https:\/\/www.superawesome.com\/post-pebbles-case-study\/","og_site_name":"SuperAwesome","article_modified_time":"2024-01-27T08:08:29+00:00","og_image":[{"width":1920,"height":1080,"url":"https:\/\/www.superawesome.com\/wp-content\/uploads\/2024\/02\/SA_Thumbnail_noepic.png","type":"image\/png"}],"twitter_card":"summary_large_image","twitter_site":"@GoSuperAwesome","schema":{"@context":"https:\/\/schema.org","@graph":[{"@type":"WebPage","@id":"https:\/\/www.superawesome.com\/post-pebbles-case-study\/","url":"https:\/\/www.superawesome.com\/post-pebbles-case-study\/","name":"Post Pebbles Case Study - FR - SuperAwesome","isPartOf":{"@id":"https:\/\/www.superawesome.com\/#website"},"datePublished":"2021-04-15T15:13:39+00:00","dateModified":"2024-01-27T08:08:29+00:00","breadcrumb":{"@id":"https:\/\/www.superawesome.com\/post-pebbles-case-study\/#breadcrumb"},"inLanguage":"fr-FR","potentialAction":[{"@type":"ReadAction","target":["https:\/\/www.superawesome.com\/post-pebbles-case-study\/"]}]},{"@type":"BreadcrumbList","@id":"https:\/\/www.superawesome.com\/post-pebbles-case-study\/#breadcrumb","itemListElement":[{"@type":"ListItem","position":1,"name":"Home","item":"https:\/\/www.superawesome.com\/"},{"@type":"ListItem","position":2,"name":"Post Pebbles Case Study &#8211; FR"}]},{"@type":"WebSite","@id":"https:\/\/www.superawesome.com\/#website","url":"https:\/\/www.superawesome.com\/","name":"SuperAwesome","description":"Powering a better internet for the next generation","publisher":{"@id":"https:\/\/www.superawesome.com\/#organization"},"potentialAction":[{"@type":"SearchAction","target":{"@type":"EntryPoint","urlTemplate":"https:\/\/www.superawesome.com\/?s={search_term_string}"},"query-input":{"@type":"PropertyValueSpecification","valueRequired":true,"valueName":"search_term_string"}}],"inLanguage":"fr-FR"},{"@type":"Organization","@id":"https:\/\/www.superawesome.com\/#organization","name":"SuperAwesome","url":"https:\/\/www.superawesome.com\/","logo":{"@type":"ImageObject","inLanguage":"fr-FR","@id":"https:\/\/www.superawesome.com\/#\/schema\/logo\/image\/","url":"https:\/\/www.superawesome.com\/wp-content\/uploads\/2022\/08\/SA_Logo_Main.png","contentUrl":"https:\/\/www.superawesome.com\/wp-content\/uploads\/2022\/08\/SA_Logo_Main.png","width":400,"height":171,"caption":"SuperAwesome"},"image":{"@id":"https:\/\/www.superawesome.com\/#\/schema\/logo\/image\/"},"sameAs":["https:\/\/x.com\/GoSuperAwesome"]}]}},"_links":{"self":[{"href":"https:\/\/www.superawesome.com\/fr\/wp-json\/wp\/v2\/pages\/17324","targetHints":{"allow":["GET"]}}],"collection":[{"href":"https:\/\/www.superawesome.com\/fr\/wp-json\/wp\/v2\/pages"}],"about":[{"href":"https:\/\/www.superawesome.com\/fr\/wp-json\/wp\/v2\/types\/page"}],"author":[{"embeddable":true,"href":"https:\/\/www.superawesome.com\/fr\/wp-json\/wp\/v2\/users\/66"}],"replies":[{"embeddable":true,"href":"https:\/\/www.superawesome.com\/fr\/wp-json\/wp\/v2\/comments?post=17324"}],"version-history":[{"count":0,"href":"https:\/\/www.superawesome.com\/fr\/wp-json\/wp\/v2\/pages\/17324\/revisions"}],"wp:attachment":[{"href":"https:\/\/www.superawesome.com\/fr\/wp-json\/wp\/v2\/media?parent=17324"}],"curies":[{"name":"wp","href":"https:\/\/api.w.org\/{rel}","templated":true}]}}