{"id":17319,"date":"2021-11-12T16:42:15","date_gmt":"2021-11-12T16:42:15","guid":{"rendered":"https:\/\/www.superawesome.com\/?page_id=17319"},"modified":"2024-01-26T21:09:55","modified_gmt":"2024-01-26T21:09:55","slug":"how-a-leading-toy-brand-created-a-global-gaming-strategy-to-enhance-fans-engagement-case-study-fr","status":"publish","type":"page","link":"https:\/\/www.superawesome.com\/fr\/how-a-leading-toy-brand-created-a-global-gaming-strategy-to-enhance-fans-engagement-case-study-fr\/","title":{"rendered":"How a leading toy brand created a global gaming strategy to enhance fans\u2019 engagement &#8211; CASE STUDY &#8211; FR"},"content":{"rendered":"\n<\/div><!-- container -->\n<section class=\"block-product-hero   \" style=\"background-color:white\">\n      <div class=\"container\">\n  <div class=\"row\">\n    <div class=\"col-md-5\">\n      <div class=\"content\">\n        \n        <h2 class=\"text-black\">Une marque de jouets de premier plan cr\u00e9e une strat\u00e9gie globale de gaming pour dynamiser l\u2019interaction avec ses fans<\/h2>\n        <p class=\"text-black\">\ud83d\udccd Port\u00e9e internationale\r\n<\/p>\n        <div class=\"block-product-hero--buttons flex flex-wrap\">\n            \n            \n        <\/div>\n      <\/div>\n    <\/div>\n\n    <div class=\"col-md-6\">\n              <figure class=\"image\">\n          <img decoding=\"async\" src=\"\" alt=\"\">\n        <\/figure>\n          <\/div>\n  <\/div>\n  <\/div>\n  <\/section>\n\n<div class=\"container\">\n\n\n\n<\/div><!-- container -->\n\n<section class=\"block-skewed  mb-96 remove-top-margin \" style=\"z-index:99;\">\n\n    <div class=\"skewed-content-container\">\n        \n        <div class=\"section-background\" style=\"background-color: #ff3b11\"><\/div>\n\n        <div class=\"content slideindown\"><h3 style=\"text-align: center;\">Le gaming \u00e9tant le premier passe-temps des enfants, la marque de jouets souhaitait \u00e9tendre ses jeux physiques au monde num\u00e9rique. En collaboration avec SuperAwesome, elle a \u00e9labor\u00e9 une strat\u00e9gie de jeu, m\u00e9tavers et contenu \u00e0 360 degr\u00e9s pour faire vivre sa propri\u00e9t\u00e9 intellectuelle dans Roblox, \u00e0 travers 13 pays.<\/h3>\n<\/div>\n\n    <\/div>\n\n<\/section>\n\n<div class=\"container\">\n\n\n\n<section class=\"block-image-content block-image-content-inversed mt-160  \" >\n\n  \n  \n  <div class=\"row \">\n    <div class=\"col-md-6 slideinright image-container \">\n                                              <figure class=\"image\">\n          <img decoding=\"async\" src=\"https:\/\/www.superawesome.com\/wp-content\/uploads\/2021\/07\/DE_Gaming_Site-03.png\" alt=\"DE_Gaming_Site-03\">\n        <\/figure>\n                  <\/div>\n\n    <div class=\"col-md-6 slideinleft content-container\">\n      <div class=\"content\">\n                  <h3 class=\"h1\">Le d\u00e9fi<\/h3>\n        \n        \n        <p>La marque avait pour objectif de se d\u00e9marquer parmi l\u2019offre pl\u00e9thorique de jouets en offrant une exp\u00e9rience virtuelle s\u00e9curis\u00e9e et m\u00e9morable : une extension digitale de sa propri\u00e9t\u00e9 intellectuelle au sein d&rsquo;une exp\u00e9rience de gaming immersive.<\/p>\n<p>Cet objectif ambitieux s&rsquo;accompagnait d&rsquo;une multitude de d\u00e9fis, notamment concernant la l\u00e9gislation sur la protection de la vie priv\u00e9e des enfants dans 13 pays diff\u00e9rents, tout en maintenant la r\u00e9putation d\u2019une marque responsable vis-\u00e0-vis des mineurs, appr\u00e9ci\u00e9e des enfants et des familles.<\/p>\n\n\n        \n          \n      <\/div>\n    <\/div>\n  <\/div>\n  \n<\/section>\n\n\n\n\n\n\n<section class=\"block-image-content    \" >\n\n  \n  \n  <div class=\"row \">\n    <div class=\"col-md-6 slideinright image-container \">\n                                              <figure class=\"image\">\n          <img decoding=\"async\" src=\"https:\/\/www.superawesome.com\/wp-content\/uploads\/2024\/01\/FR_SA_Web_CaseStudies_MGA-01.png\" alt=\"FR_SA_Web_CaseStudies_MGA-01\">\n        <\/figure>\n                  <\/div>\n\n    <div class=\"col-md-6 slideinleft content-container\">\n      <div class=\"content\">\n                  <h3 class=\"h1\">La solution<\/h3>\n        \n        \n        <p style=\"text-align: left;\">En s&rsquo;appuyant sur la connaissance des jeunes et l\u2019expertise en mati\u00e8re de gaming de SuperAwesome, la marque a mis en \u0153uvre une strat\u00e9gie de jeu immersive, unique en son genre. Celle-ci tire parti d\u2019un monde digital personnalis\u00e9 gr\u00e2ce aux interactions avec la communaut\u00e9, \u00e0 la cr\u00e9ation de contenu et \u00e0 l\u2019amplification.<\/p>\n<p style=\"text-align: left;\">Au centre de l\u2019exp\u00e9rience, un jeu Roblox sur mesure comportait des extensions digitales de produits du monde r\u00e9el, des \u00ab easter eggs \u00bb et des boucles de r\u00e9tention, le tout g\u00e9n\u00e9rant du contenu en continu pour la marque.<\/p>\n<p style=\"text-align: left;\">En partenariat avec certains des plus grands influenceurs du monde du gaming, SuperAwesome a fourni plus de 400 contenus de cr\u00e9ateur, g\u00e9n\u00e9rant plus de 55 millions d&rsquo;impressions dans 13 pays. Cette strat\u00e9gie d&rsquo;influence a permis \u00e0 la marque de donner vie \u00e0 son programme Game With Me pour proposer des sessions de jeu en direct entre les jeunes publics et leurs influenceurs pr\u00e9f\u00e9r\u00e9s. Gr\u00e2ce \u00e0 cette activation exclusive, les jeunes fans ont v\u00e9cu une exp\u00e9rience unique et inestimable.<\/p>\n\n\n        \n          \n      <\/div>\n    <\/div>\n  <\/div>\n  \n<\/section>\n\n\n\n\n\n<p class=\"has-text-align-center\">Pour cr\u00e9er le buzz au sein de sa communaut\u00e9 virtuelle existante, la marque a utilis\u00e9 un groupe PopJam, une premi\u00e8re sur le march\u00e9&nbsp;: les fans disposaient d&rsquo;un forum d\u00e9di\u00e9 pour \u00e9changer sur leur passion commune pour le jouet.<\/p>\n\n\n\n<p class=\"has-text-align-center\">La marque a g\u00e9n\u00e9r\u00e9 du buzz et fait parler de l&rsquo;exp\u00e9rience Roblox en utilisant des extraits de contenu d\u2019influenceurs dans des publicit\u00e9s et en offrant aux jeunes filles de nouvelles fa\u00e7ons de s&rsquo;identifier \u00e0 sa propri\u00e9t\u00e9 intellectuelle par le biais du jeu. Elle a ex\u00e9cut\u00e9 son plan m\u00e9dia via AwesomeAds de SuperAwesome, qui garantit une diffusion contextuelle pertinente et conforme \u00e0 la loi&nbsp;COPPA sur les plateformes appr\u00e9ci\u00e9es des enfants sur mobile, web, YouTube et les r\u00e9seaux sociaux.<\/p>\n\n\n\n<p class=\"has-text-align-center\">Cette ex\u00e9cution via le gaming a remport\u00e9 un \u00e9norme succ\u00e8s. Reconnaissant l\u2019influence des enfants sur l\u2019achat de jouets dans les foyers, la campagne s\u2019est traduite par une augmentation de la notori\u00e9t\u00e9 de la marque et de l&rsquo;intention d&rsquo;achat la concernant.<\/p>\n\n\n<\/div><!-- container -->\n<div class=\"container icon-cards-container\">\n<section class=\"block-icon-cards 3   slideindownnomobile\">\n    <h2>Les r\u00e9sultats<\/h2>    \n        <div class=\"cards slideindownnomobile\">\n            <div class=\"card card-hover-state  text-centered\">\n                    <figure class=\"card-icon\" style=\"max-width:190px\">\n                <img decoding=\"async\" class=\"style-\" src=\"https:\/\/www.superawesome.com\/wp-content\/uploads\/2022\/08\/SA_NewIcons_Orange-23.png\" alt=\"SA_NewIcons_Orange-23\">\n            <\/figure>\n                            <p class=\"card-text\">+ de 3 millions de visites du monde Roblox construit sur mesure<\/p>\n                <\/div>\n            <div class=\"card card-hover-state  text-centered\">\n                    <figure class=\"card-icon\" style=\"max-width:190px\">\n                <img decoding=\"async\" class=\"style-\" src=\"https:\/\/www.superawesome.com\/wp-content\/uploads\/2022\/08\/SA_NewIcons_Orange-27.png\" alt=\"SA_NewIcons_Orange-27\">\n            <\/figure>\n                            <p class=\"card-text\">+ de 55 millions d&rsquo;impressions \u00e0 travers 400 contenus de cr\u00e9ateurs<\/p>\n                <\/div>\n            <div class=\"card card-hover-state  text-centered\">\n                    <figure class=\"card-icon\" style=\"max-width:190px\">\n                <img decoding=\"async\" class=\"style-\" src=\"https:\/\/www.superawesome.com\/wp-content\/uploads\/2022\/08\/SA_NewIcons_Orange-17.png\" alt=\"SA_NewIcons_Orange-17\">\n            <\/figure>\n                            <p class=\"card-text\">+ de 12,3 millions de vues sur YouTube et + de 18,3 millions de vues sur des applications et des sites contextuellement adapt\u00e9s aux enfants<\/p>\n                <\/div>\n        <\/div><!-- .cards -->\n    <\/section>\n<\/div><!-- container -->\n<div class=\"container\">\n\n<section class=\"block-content-cards  \">\n    <h2>En savoir plus sur nos solutions\u2026<\/h2>    \n        <div class=\"cards\">\n            <div class=\"card\">\n                    <p class=\"card-cat\" style=\"background-color: #114bff\"><\/p>\n                    <figure class=\"image\">\n                <img decoding=\"async\" src=\"https:\/\/www.superawesome.com\/wp-content\/uploads\/2021\/07\/pexels-mary-taylor-5896448-scaled.jpg\" alt=\"Girls watching a video\">\n            <\/figure>\n                    <h3 style=\"color: #114bff;\">Rich media, vid\u00e9o et publicit\u00e9 display<\/h3>\n                    <p class=\"preview-text\">Plateforme publicitaire num\u00e9ro un pour les g\u00e9n\u00e9rations Alpha et Z, AwesomeAds place le respect de la vie priv\u00e9e au premier plan.<\/p>\n                            <a href=\"https:\/\/www.superawesome.com\/awesomeads-for-advertisers\/\" class=\"btn btn-black\" target=\"_self\">\n                EN SAVOIR PLUS\n                <\/a>\n                    <\/div>\n            <div class=\"card\">\n                    <p class=\"card-cat\" style=\"background-color: #114bff\"><\/p>\n                    <figure class=\"image\">\n                <img decoding=\"async\" src=\"https:\/\/www.superawesome.com\/wp-content\/uploads\/2021\/05\/27_teen-girls-mobile-scaled.jpg\" alt=\"Females watching youtube\">\n            <\/figure>\n                    <h3 style=\"color: #114bff;\">Marketing d\u2019influence<\/h3>\n                    <p class=\"preview-text\">Marketing d\u2019influence et cr\u00e9ation de contenu en accord avec les valeurs de la marque pour un public jeune et familial.<\/p>\n                            <a href=\"https:\/\/www.superawesome.com\/superawesome-creators\/\" class=\"btn btn-black\" target=\"_self\">\n                EN SAVOIR PLUS\n                <\/a>\n                    <\/div>\n            <div class=\"card\">\n                    <p class=\"card-cat\" style=\"background-color: #114bff\"><\/p>\n                    <figure class=\"image\">\n                <img decoding=\"async\" src=\"https:\/\/www.superawesome.com\/wp-content\/uploads\/2021\/07\/pexels-katerina-holmes-5905947-scaled.jpg\" alt=\"Kids watching video\">\n            <\/figure>\n                    <h3 style=\"color: #114bff;\">Exp\u00e9riences Gaming<\/h3>\n                    <p class=\"preview-text\">Autonomiser les marques dans la cr\u00e9ation de programmes de gaming s\u00e9curis\u00e9s et attrayants pour cibler les g\u00e9n\u00e9rations Alpha et Z.<\/p>\n                            <a href=\"https:\/\/www.superawesome.com\/superawesome-gaming\/\" class=\"btn btn-black\" target=\"_self\">\n                EN SAVOIR PLUS\n                <\/a>\n                    <\/div>\n        <\/div><!-- .cards -->\n    <\/section>\n","protected":false},"excerpt":{"rendered":"<p>Pour cr\u00e9er le buzz au sein de sa communaut\u00e9 virtuelle existante, la marque a utilis\u00e9 un groupe PopJam, une premi\u00e8re sur le march\u00e9&nbsp;: les fans disposaient d&rsquo;un forum d\u00e9di\u00e9 pour \u00e9changer sur leur passion commune pour le jouet. La marque a g\u00e9n\u00e9r\u00e9 du buzz et fait parler de l&rsquo;exp\u00e9rience Roblox en utilisant des extraits de [&hellip;]<\/p>\n","protected":false},"author":66,"featured_media":0,"parent":0,"menu_order":0,"comment_status":"closed","ping_status":"closed","template":"","meta":{"_acf_changed":false,"content-type":"","_monsterinsights_skip_tracking":false,"_monsterinsights_sitenote_active":false,"_monsterinsights_sitenote_note":"","_monsterinsights_sitenote_category":0,"footnotes":""},"class_list":["post-17319","page","type-page","status-publish","hentry"],"acf":{"spotify_url":"","amazon_music_url":"","sound_cloud_url":""},"yoast_head":"<!-- This site is optimized with the Yoast SEO plugin v26.8 - https:\/\/yoast.com\/product\/yoast-seo-wordpress\/ -->\n<title>How a leading toy brand created a global gaming strategy to enhance fans\u2019 engagement - CASE STUDY - FR - SuperAwesome<\/title>\n<meta name=\"robots\" content=\"index, follow, max-snippet:-1, max-image-preview:large, max-video-preview:-1\" \/>\n<link rel=\"canonical\" href=\"https:\/\/www.superawesome.com\/how-leading-toy-brand-is-creating-a-global-gaming-strategy\/\" \/>\n<meta property=\"og:locale\" content=\"fr_FR\" \/>\n<meta property=\"og:type\" content=\"article\" \/>\n<meta property=\"og:title\" content=\"How a leading toy brand created a global gaming strategy to enhance fans\u2019 engagement - CASE STUDY - FR - SuperAwesome\" \/>\n<meta property=\"og:description\" content=\"Pour cr\u00e9er le buzz au sein de sa communaut\u00e9 virtuelle existante, la marque a utilis\u00e9 un groupe PopJam, une premi\u00e8re sur le march\u00e9&nbsp;: les fans disposaient d&rsquo;un forum d\u00e9di\u00e9 pour \u00e9changer sur leur passion commune pour le jouet. La marque a g\u00e9n\u00e9r\u00e9 du buzz et fait parler de l&rsquo;exp\u00e9rience Roblox en utilisant des extraits de [&hellip;]\" \/>\n<meta property=\"og:url\" content=\"https:\/\/www.superawesome.com\/how-leading-toy-brand-is-creating-a-global-gaming-strategy\/\" \/>\n<meta property=\"og:site_name\" content=\"SuperAwesome\" \/>\n<meta property=\"article:modified_time\" content=\"2024-01-26T21:09:55+00:00\" \/>\n<meta property=\"og:image\" content=\"https:\/\/www.superawesome.com\/wp-content\/uploads\/2024\/02\/SA_Thumbnail_noepic.png\" \/>\n\t<meta property=\"og:image:width\" content=\"1920\" \/>\n\t<meta property=\"og:image:height\" content=\"1080\" \/>\n\t<meta property=\"og:image:type\" content=\"image\/png\" \/>\n<meta name=\"twitter:card\" content=\"summary_large_image\" \/>\n<meta name=\"twitter:site\" content=\"@GoSuperAwesome\" \/>\n<meta name=\"twitter:label1\" content=\"Dur\u00e9e de lecture estim\u00e9e\" \/>\n\t<meta name=\"twitter:data1\" content=\"1 minute\" \/>\n<script type=\"application\/ld+json\" class=\"yoast-schema-graph\">{\"@context\":\"https:\/\/schema.org\",\"@graph\":[{\"@type\":\"WebPage\",\"@id\":\"https:\/\/www.superawesome.com\/how-leading-toy-brand-is-creating-a-global-gaming-strategy\/\",\"url\":\"https:\/\/www.superawesome.com\/how-leading-toy-brand-is-creating-a-global-gaming-strategy\/\",\"name\":\"How a leading toy brand created a global gaming strategy to enhance fans\u2019 engagement - CASE STUDY - FR - SuperAwesome\",\"isPartOf\":{\"@id\":\"https:\/\/www.superawesome.com\/#website\"},\"datePublished\":\"2021-11-12T16:42:15+00:00\",\"dateModified\":\"2024-01-26T21:09:55+00:00\",\"breadcrumb\":{\"@id\":\"https:\/\/www.superawesome.com\/how-leading-toy-brand-is-creating-a-global-gaming-strategy\/#breadcrumb\"},\"inLanguage\":\"fr-FR\",\"potentialAction\":[{\"@type\":\"ReadAction\",\"target\":[\"https:\/\/www.superawesome.com\/how-leading-toy-brand-is-creating-a-global-gaming-strategy\/\"]}]},{\"@type\":\"BreadcrumbList\",\"@id\":\"https:\/\/www.superawesome.com\/how-leading-toy-brand-is-creating-a-global-gaming-strategy\/#breadcrumb\",\"itemListElement\":[{\"@type\":\"ListItem\",\"position\":1,\"name\":\"Home\",\"item\":\"https:\/\/www.superawesome.com\/\"},{\"@type\":\"ListItem\",\"position\":2,\"name\":\"How a leading toy brand created a global gaming strategy to enhance fans\u2019 engagement &#8211; CASE STUDY &#8211; FR\"}]},{\"@type\":\"WebSite\",\"@id\":\"https:\/\/www.superawesome.com\/#website\",\"url\":\"https:\/\/www.superawesome.com\/\",\"name\":\"SuperAwesome\",\"description\":\"Powering a better internet for the next generation\",\"publisher\":{\"@id\":\"https:\/\/www.superawesome.com\/#organization\"},\"potentialAction\":[{\"@type\":\"SearchAction\",\"target\":{\"@type\":\"EntryPoint\",\"urlTemplate\":\"https:\/\/www.superawesome.com\/?s={search_term_string}\"},\"query-input\":{\"@type\":\"PropertyValueSpecification\",\"valueRequired\":true,\"valueName\":\"search_term_string\"}}],\"inLanguage\":\"fr-FR\"},{\"@type\":\"Organization\",\"@id\":\"https:\/\/www.superawesome.com\/#organization\",\"name\":\"SuperAwesome\",\"url\":\"https:\/\/www.superawesome.com\/\",\"logo\":{\"@type\":\"ImageObject\",\"inLanguage\":\"fr-FR\",\"@id\":\"https:\/\/www.superawesome.com\/#\/schema\/logo\/image\/\",\"url\":\"https:\/\/www.superawesome.com\/wp-content\/uploads\/2022\/08\/SA_Logo_Main.png\",\"contentUrl\":\"https:\/\/www.superawesome.com\/wp-content\/uploads\/2022\/08\/SA_Logo_Main.png\",\"width\":400,\"height\":171,\"caption\":\"SuperAwesome\"},\"image\":{\"@id\":\"https:\/\/www.superawesome.com\/#\/schema\/logo\/image\/\"},\"sameAs\":[\"https:\/\/x.com\/GoSuperAwesome\"]}]}<\/script>\n<!-- \/ Yoast SEO plugin. -->","yoast_head_json":{"title":"How a leading toy brand created a global gaming strategy to enhance fans\u2019 engagement - CASE STUDY - FR - SuperAwesome","robots":{"index":"index","follow":"follow","max-snippet":"max-snippet:-1","max-image-preview":"max-image-preview:large","max-video-preview":"max-video-preview:-1"},"canonical":"https:\/\/www.superawesome.com\/how-leading-toy-brand-is-creating-a-global-gaming-strategy\/","og_locale":"fr_FR","og_type":"article","og_title":"How a leading toy brand created a global gaming strategy to enhance fans\u2019 engagement - CASE STUDY - FR - SuperAwesome","og_description":"Pour cr\u00e9er le buzz au sein de sa communaut\u00e9 virtuelle existante, la marque a utilis\u00e9 un groupe PopJam, une premi\u00e8re sur le march\u00e9&nbsp;: les fans disposaient d&rsquo;un forum d\u00e9di\u00e9 pour \u00e9changer sur leur passion commune pour le jouet. La marque a g\u00e9n\u00e9r\u00e9 du buzz et fait parler de l&rsquo;exp\u00e9rience Roblox en utilisant des extraits de [&hellip;]","og_url":"https:\/\/www.superawesome.com\/how-leading-toy-brand-is-creating-a-global-gaming-strategy\/","og_site_name":"SuperAwesome","article_modified_time":"2024-01-26T21:09:55+00:00","og_image":[{"width":1920,"height":1080,"url":"https:\/\/www.superawesome.com\/wp-content\/uploads\/2024\/02\/SA_Thumbnail_noepic.png","type":"image\/png"}],"twitter_card":"summary_large_image","twitter_site":"@GoSuperAwesome","twitter_misc":{"Dur\u00e9e de lecture estim\u00e9e":"1 minute"},"schema":{"@context":"https:\/\/schema.org","@graph":[{"@type":"WebPage","@id":"https:\/\/www.superawesome.com\/how-leading-toy-brand-is-creating-a-global-gaming-strategy\/","url":"https:\/\/www.superawesome.com\/how-leading-toy-brand-is-creating-a-global-gaming-strategy\/","name":"How a leading toy brand created a global gaming strategy to enhance fans\u2019 engagement - CASE STUDY - FR - SuperAwesome","isPartOf":{"@id":"https:\/\/www.superawesome.com\/#website"},"datePublished":"2021-11-12T16:42:15+00:00","dateModified":"2024-01-26T21:09:55+00:00","breadcrumb":{"@id":"https:\/\/www.superawesome.com\/how-leading-toy-brand-is-creating-a-global-gaming-strategy\/#breadcrumb"},"inLanguage":"fr-FR","potentialAction":[{"@type":"ReadAction","target":["https:\/\/www.superawesome.com\/how-leading-toy-brand-is-creating-a-global-gaming-strategy\/"]}]},{"@type":"BreadcrumbList","@id":"https:\/\/www.superawesome.com\/how-leading-toy-brand-is-creating-a-global-gaming-strategy\/#breadcrumb","itemListElement":[{"@type":"ListItem","position":1,"name":"Home","item":"https:\/\/www.superawesome.com\/"},{"@type":"ListItem","position":2,"name":"How a leading toy brand created a global gaming strategy to enhance fans\u2019 engagement &#8211; CASE STUDY &#8211; FR"}]},{"@type":"WebSite","@id":"https:\/\/www.superawesome.com\/#website","url":"https:\/\/www.superawesome.com\/","name":"SuperAwesome","description":"Powering a better internet for the next generation","publisher":{"@id":"https:\/\/www.superawesome.com\/#organization"},"potentialAction":[{"@type":"SearchAction","target":{"@type":"EntryPoint","urlTemplate":"https:\/\/www.superawesome.com\/?s={search_term_string}"},"query-input":{"@type":"PropertyValueSpecification","valueRequired":true,"valueName":"search_term_string"}}],"inLanguage":"fr-FR"},{"@type":"Organization","@id":"https:\/\/www.superawesome.com\/#organization","name":"SuperAwesome","url":"https:\/\/www.superawesome.com\/","logo":{"@type":"ImageObject","inLanguage":"fr-FR","@id":"https:\/\/www.superawesome.com\/#\/schema\/logo\/image\/","url":"https:\/\/www.superawesome.com\/wp-content\/uploads\/2022\/08\/SA_Logo_Main.png","contentUrl":"https:\/\/www.superawesome.com\/wp-content\/uploads\/2022\/08\/SA_Logo_Main.png","width":400,"height":171,"caption":"SuperAwesome"},"image":{"@id":"https:\/\/www.superawesome.com\/#\/schema\/logo\/image\/"},"sameAs":["https:\/\/x.com\/GoSuperAwesome"]}]}},"_links":{"self":[{"href":"https:\/\/www.superawesome.com\/fr\/wp-json\/wp\/v2\/pages\/17319","targetHints":{"allow":["GET"]}}],"collection":[{"href":"https:\/\/www.superawesome.com\/fr\/wp-json\/wp\/v2\/pages"}],"about":[{"href":"https:\/\/www.superawesome.com\/fr\/wp-json\/wp\/v2\/types\/page"}],"author":[{"embeddable":true,"href":"https:\/\/www.superawesome.com\/fr\/wp-json\/wp\/v2\/users\/66"}],"replies":[{"embeddable":true,"href":"https:\/\/www.superawesome.com\/fr\/wp-json\/wp\/v2\/comments?post=17319"}],"version-history":[{"count":0,"href":"https:\/\/www.superawesome.com\/fr\/wp-json\/wp\/v2\/pages\/17319\/revisions"}],"wp:attachment":[{"href":"https:\/\/www.superawesome.com\/fr\/wp-json\/wp\/v2\/media?parent=17319"}],"curies":[{"name":"wp","href":"https:\/\/api.w.org\/{rel}","templated":true}]}}