{"id":17310,"date":"2022-06-14T11:58:51","date_gmt":"2022-06-14T11:58:51","guid":{"rendered":"https:\/\/www.superawesome.com\/?page_id=17310"},"modified":"2024-01-26T21:02:38","modified_gmt":"2024-01-26T21:02:38","slug":"how-inca-prioritized-the-well-being-of-tomorrows-generation-by-reaching-them-when-it-mattered-fr","status":"publish","type":"page","link":"https:\/\/www.superawesome.com\/fr\/how-inca-prioritized-the-well-being-of-tomorrows-generation-by-reaching-them-when-it-mattered-fr\/","title":{"rendered":"How INCa prioritized the well-being of tomorrow&rsquo;s generation by reaching them when it mattered &#8211; FR"},"content":{"rendered":"\n<\/div><!-- container -->\n<section class=\"block-product-hero   \" style=\"background-color:white\">\n      <div class=\"container\">\n  <div class=\"row\">\n    <div class=\"col-md-5\">\n      <div class=\"content\">\n        \n        <h2 class=\"text-black\">L&rsquo;INCa place la priorit\u00e9 sur le bien-\u00eatre de la g\u00e9n\u00e9ration \u00e0 venir en la ciblant au moment opportun.<\/h2>\n        <p class=\"text-black\">\ud83d\udccd Pays : France\r\n<\/p>\n        <div class=\"block-product-hero--buttons flex flex-wrap\">\n            \n            \n        <\/div>\n      <\/div>\n    <\/div>\n\n    <div class=\"col-md-6\">\n              <figure class=\"image\">\n          <img decoding=\"async\" src=\"https:\/\/www.superawesome.com\/wp-content\/uploads\/2022\/06\/CancerFighter.png\" alt=\"CancerFighter\">\n        <\/figure>\n          <\/div>\n  <\/div>\n  <\/div>\n  <\/section>\n\n<div class=\"container\">\n\n\n\n<\/div><!-- container -->\n\n<section class=\"block-skewed  mb-40 remove-top-margin \" style=\"z-index:99;\">\n\n    <div class=\"skewed-content-container\">\n        \n        <div class=\"section-background\" style=\"background-color: #ff3b11\"><\/div>\n\n        <div class=\"content slideindown\"><h3 style=\"text-align: center;\">Cancer Fighter : qu\u2019est-ce que c\u2019est ?<\/h3>\n<p style=\"text-align: center;\">L&rsquo;Institut national du cancer innove avec son tout nouveau jeu vid\u00e9o, Cancer Fighter, offrant aux enfants une exp\u00e9rience ludique et singuli\u00e8re. Plong\u00e9s au c\u0153ur d&rsquo;un environnement scolaire, les joueurs sont gratifi\u00e9s de bonus tout en \u00e9vitant habilement divers obstacles. Ces \u00e9l\u00e9ments refl\u00e8tent des comportements de la vie quotidienne, pouvant influencer positivement ou n\u00e9gativement le risque de d\u00e9velopper un cancer \u00e0 l&rsquo;\u00e2ge adulte. De plus, des fen\u00eatres contextuelles surgissent au sein du jeu pour fournir des connaissances sur le cancer, ses m\u00e9canismes, ainsi que les raisons et moyens pour pr\u00e9venir plus de 40 % des cancers.<br \/>\nL&rsquo;INCa a \u00e9tabli un partenariat avec SuperAwesome pour promouvoir Cancer Fighter \u00e0 grande \u00e9chelle, t\u00e9moignant de leur engagement envers la sant\u00e9 future des g\u00e9n\u00e9rations.<\/p>\n<\/div>\n\n    <\/div>\n\n<\/section>\n\n<div class=\"container\">\n\n\n\n<section class=\"block-image-content block-image-content-inversed mt-96  \" >\n\n  \n  \n  <div class=\"row \">\n    <div class=\"col-md-6 slideinright image-container \">\n                                              <figure class=\"image\">\n          <img decoding=\"async\" src=\"https:\/\/www.superawesome.com\/wp-content\/uploads\/2022\/06\/unnamed-15.png\" alt=\"unnamed (15)\">\n        <\/figure>\n                  <\/div>\n\n    <div class=\"col-md-6 slideinleft content-container\">\n      <div class=\"content\">\n                  <h3 class=\"h1\">Le D\u00e9fi<\/h3>\n        \n        \n        <p>Cancer Fighter \u00e9duque les jeunes sur un sujet d\u00e9licat. Cependant, dans le paysage concurrentiel et satur\u00e9 du jeu vid\u00e9o, le d\u00e9fi \u00e9tait de taille : comment toucher ce public \u00e0 grande \u00e9chelle et sensibiliser sans se perdre dans la masse ?<\/p>\n<p>L&rsquo;INCa \u00e9tait en qu\u00eate d&rsquo;une solution qui puisse cibler efficacement les jeunes tout en se conformant \u00e0 la r\u00e9glementation, g\u00e9n\u00e9rant du trafic vers Cancer Fighter de mani\u00e8re pr\u00e9cise, en accord avec les lois de protection de la vie priv\u00e9e des enfants.<\/p>\n\n\n        \n          \n      <\/div>\n    <\/div>\n  <\/div>\n  \n<\/section>\n\n\n\n\n\n\n<section class=\"block-image-content    \" >\n\n  \n  \n  <div class=\"row \">\n    <div class=\"col-md-6 slideinright image-container \">\n                                              <figure class=\"image\">\n          <img decoding=\"async\" src=\"https:\/\/www.superawesome.com\/wp-content\/uploads\/2022\/06\/Gif_Phone2b-1-1.gif\" alt=\"Gif_Phone2b (1)\">\n        <\/figure>\n                  <\/div>\n\n    <div class=\"col-md-6 slideinleft content-container\">\n      <div class=\"content\">\n                  <h3 class=\"h1\">La Solution<\/h3>\n        \n        \n        <p>L&rsquo;INCa a collabor\u00e9 avec SuperAwesome pour \u00e9laborer une strat\u00e9gie digitale bas\u00e9e sur l&rsquo;expertise des jeunes publics et de l&rsquo;\u00e9cosyst\u00e8me du gaming. La solution <a href=\"https:\/\/www.superawesome.com\/awesomeads-for-advertisers\/\"><br \/>\nAwesomeAds<\/a> de SuperAwesome offre un \u00e9ventail d&rsquo;applications de gaming appr\u00e9ci\u00e9es des enfants, garanties s\u00e9curis\u00e9es, que l&rsquo;INCa a pu exploiter pour interagir de mani\u00e8re authentique avec son public cible.<\/p>\n<p>Les vid\u00e9os pr\u00e9-rolls et interstitielles ont contribu\u00e9 \u00e0 accro\u00eetre la visibilit\u00e9 de Cancer Fighter et \u00e0 g\u00e9n\u00e9rer un trafic qualitatif vers ce jeu disponible sur mobiles et tablettes. En tenant compte du contexte des parcours en ligne des jeunes, Cancer Fighter a su cibler les enfants au moment id\u00e9al, maximisant ainsi l&rsquo;efficacit\u00e9 \u00e0 chaque point de contact.<\/p>\n\n\n        \n          \n      <\/div>\n    <\/div>\n  <\/div>\n  \n<\/section>\n\n\n\n\n<\/div><!-- container -->\n<div class=\"container icon-cards-container\">\n<section class=\"block-icon-cards 3   slideindownnomobile\">\n    <h2>Les r\u00e9sultats<\/h2>    \n        <div class=\"cards slideindownnomobile\">\n            <div class=\"card card-hover-state  text-centered\">\n                    <figure class=\"card-icon\" style=\"max-width:190px\">\n                <img decoding=\"async\" class=\"style-\" src=\"https:\/\/www.superawesome.com\/wp-content\/uploads\/2022\/08\/SA_NewIcons_Orange-33.png\" alt=\"SA_NewIcons_Orange-33\">\n            <\/figure>\n                            <p class=\"card-text\">Plus de 3,7 millions d&rsquo;impressions publicitaires g\u00e9ocibl\u00e9es, soigneusement adapt\u00e9es aux enfants en toute s\u00e9curit\u00e9.<\/p>\n                <\/div>\n            <div class=\"card card-hover-state  text-centered\">\n                    <figure class=\"card-icon\" style=\"max-width:190px\">\n                <img decoding=\"async\" class=\"style-\" src=\"https:\/\/www.superawesome.com\/wp-content\/uploads\/2022\/08\/SA_NewIcons_Orange-02.png\" alt=\"SA_NewIcons_Orange-02\">\n            <\/figure>\n                            <p class=\"card-text\">Des interstitiels ayant suscit\u00e9 cinq fois plus de clics que la moyenne habituelle.<\/p>\n                <\/div>\n            <div class=\"card card-hover-state  text-centered\">\n                    <figure class=\"card-icon\" style=\"max-width:190px\">\n                <img decoding=\"async\" class=\"style-\" src=\"https:\/\/www.superawesome.com\/wp-content\/uploads\/2022\/08\/SA_NewIcons_Orange-15.png\" alt=\"SA_NewIcons_Orange-15\">\n            <\/figure>\n                            <p class=\"card-text\">Une participation enthousiaste avec plus de 270 000 clics pour rejoindre l&rsquo;univers captivant de Cancer Fighter.<\/p>\n                <\/div>\n        <\/div><!-- .cards -->\n    <\/section>\n<\/div><!-- container -->\n<div class=\"container\">\n\n\n\n<\/div><!-- container -->\n\n<section class=\"block-skewed  mb-96  \" style=\"z-index:99;\">\n\n    <div class=\"skewed-content-container\">\n        \n        <div class=\"section-background\" style=\"background-color: #111111\"><\/div>\n\n        <div class=\"content slideindown\"><h3 style=\"text-align: center;\">\u00c0 propos de l\u2019Institut national du cancer<\/h3>\n<p style=\"text-align: center;\">Pilier de l&rsquo;expertise sanitaire et scientifique, l&rsquo;Institut national du cancer (INCa) voit le jour gr\u00e2ce \u00e0 la loi de sant\u00e9 publique du 9 ao\u00fbt 2004. S&rsquo;\u00e9tendant \u00e0 l&rsquo;\u00e9chelle nationale, il \u0153uvre pour r\u00e9duire l&rsquo;incidence et les r\u00e9percussions des cancers en France. Dans cette qu\u00eate, l&rsquo;INCa orchestre l&rsquo;ensemble des acteurs engag\u00e9s dans la bataille contre le cancer : de la pr\u00e9vention au d\u00e9pistage, des soins \u00e0 la recherche et \u00e0 l&rsquo;innovation. En appr\u00e9hendant le cancer dans sa globalit\u00e9 sanitaire, m\u00e9dicale, scientifique, sociale et \u00e9conomique, il se d\u00e9die \u00e0 l&rsquo;int\u00e9r\u00eat de tous les citoyens, que ce soient les patients, leurs proches, les professionnels de sant\u00e9, les chercheurs ou encore les d\u00e9cideurs. Charg\u00e9 de concr\u00e9tiser la strat\u00e9gie d\u00e9cennale de lutte contre les cancers pour la p\u00e9riode 2021-2030, l&rsquo;INCa s&rsquo;impose comme une force majeure dans ce combat crucial.<\/p>\n<\/div>\n\n    <\/div>\n\n<\/section>\n\n<div class=\"container\">\n\n<section class=\"block-content-cards  \">\n    <h2>En savoir plus sur nos solutions\u2026<\/h2>    \n        <div class=\"cards\">\n            <div class=\"card\">\n                    <p class=\"card-cat\" style=\"background-color: #114bff\"><\/p>\n                    <figure class=\"image\">\n                <img decoding=\"async\" src=\"https:\/\/www.superawesome.com\/wp-content\/uploads\/2021\/07\/pexels-mary-taylor-5896448-scaled.jpg\" alt=\"Girls watching a video\">\n            <\/figure>\n                    <h3 style=\"color: #114bff;\">Rich media, vid\u00e9o et publicit\u00e9 display<\/h3>\n                    <p class=\"preview-text\">Plateforme publicitaire num\u00e9ro un pour les g\u00e9n\u00e9rations Alpha et Z, AwesomeAds place le respect de la vie priv\u00e9e au premier plan.<\/p>\n                            <a href=\"https:\/\/www.superawesome.com\/awesomeads-for-advertisers\/\" class=\"btn btn-black\" target=\"_self\">\n                EN SAVOIR PLUS\n                <\/a>\n                    <\/div>\n            <div class=\"card\">\n                    <p class=\"card-cat\" style=\"background-color: #114bff\"><\/p>\n                    <figure class=\"image\">\n                <img decoding=\"async\" src=\"https:\/\/www.superawesome.com\/wp-content\/uploads\/2021\/05\/27_teen-girls-mobile-scaled.jpg\" alt=\"Females watching youtube\">\n            <\/figure>\n                    <h3 style=\"color: #114bff;\">Marketing d\u2019influence<\/h3>\n                    <p class=\"preview-text\">Marketing d\u2019influence et cr\u00e9ation de contenu en accord avec les valeurs de la marque pour un public jeune et familial.<\/p>\n                            <a href=\"https:\/\/www.superawesome.com\/superawesome-creators\/\" class=\"btn btn-black\" target=\"_self\">\n                EN SAVOIR PLUS\n                <\/a>\n                    <\/div>\n            <div class=\"card\">\n                    <p class=\"card-cat\" style=\"background-color: #114bff\"><\/p>\n                    <figure class=\"image\">\n                <img decoding=\"async\" src=\"https:\/\/www.superawesome.com\/wp-content\/uploads\/2021\/07\/pexels-katerina-holmes-5905947-scaled.jpg\" alt=\"Kids watching video\">\n            <\/figure>\n                    <h3 style=\"color: #114bff;\">Exp\u00e9riences Gaming<\/h3>\n                    <p class=\"preview-text\">Autonomiser les marques dans la cr\u00e9ation de programmes de gaming s\u00e9curis\u00e9s et attrayants pour cibler les g\u00e9n\u00e9rations Alpha et Z.<\/p>\n                            <a href=\"https:\/\/www.superawesome.com\/superawesome-gaming\/\" class=\"btn btn-black\" target=\"_self\">\n                EN SAVOIR PLUS\n                <\/a>\n                    <\/div>\n        <\/div><!-- .cards -->\n    <\/section>\n\n\n\n\n<section class=\"block-cta mt-48 \">\n  <h2 class=\"medium\">Vous cherchez \u00e0 accro\u00eetre votre notori\u00e9t\u00e9 de marque ?<\/h2>\n\n        <a id=\"cta-btn\" href=\"#\" class=\"btn btn-primary\" target=\"_self\">\n      NOUS CONTACTER\n    <\/a>\n  \n\n      <div data-contact-form class=\"contact-form-hubspot\">\n              <!--[if lte IE 8]>\n        <script charset=\"utf-8\" type=\"text\/javascript\" src=\"\/\/js.hsforms.net\/forms\/v2-legacy.js\"><\/script>\n        <![endif]-->\n        <script charset=\"utf-8\" type=\"text\/javascript\" src=\"\/\/js.hsforms.net\/forms\/v2.js\"><\/script>\n      \n      <script>\n        hbspt.forms.create({\n          portalId: \"5009836\",\n          formId: \"d6f951e2-ff41-4a96-ae90-31acdef15f8e\",\n          onFormSubmit: function(){\n            setTimeout(function(){\n              var $thankYou = $('#contact-form-hubspot-thank-you');\n              $thankYou.show();\n              $thankYou.parents().find('.block-cta').first().find('h2').remove();\n            }, 100 );\n          }\n        });\n      <\/script>\n      <div id=\"contact-form-hubspot-thank-you\" class=\"contact-form-hubspot-thank-you\" style=\"display:none\">\n        \n      <\/div>\n    <\/div>\n  \n<\/section>\n","protected":false},"excerpt":{"rendered":"","protected":false},"author":66,"featured_media":0,"parent":0,"menu_order":0,"comment_status":"closed","ping_status":"closed","template":"","meta":{"_acf_changed":false,"content-type":"","_monsterinsights_skip_tracking":false,"_monsterinsights_sitenote_active":false,"_monsterinsights_sitenote_note":"","_monsterinsights_sitenote_category":0,"footnotes":""},"class_list":["post-17310","page","type-page","status-publish","hentry"],"acf":{"spotify_url":"","amazon_music_url":"","sound_cloud_url":""},"yoast_head":"<!-- This site is optimized with the Yoast SEO plugin v26.8 - https:\/\/yoast.com\/product\/yoast-seo-wordpress\/ -->\n<title>How INCa prioritized the well-being of tomorrow&#039;s generation by reaching them when it mattered - FR - SuperAwesome<\/title>\n<meta name=\"robots\" content=\"index, follow, max-snippet:-1, max-image-preview:large, max-video-preview:-1\" \/>\n<link rel=\"canonical\" href=\"https:\/\/www.superawesome.com\/how-inca-prioritized-the-well-being-of-tomorrows-generation-by-reaching-them-when-it-mattered\/\" \/>\n<meta property=\"og:locale\" content=\"fr_FR\" \/>\n<meta property=\"og:type\" content=\"article\" \/>\n<meta property=\"og:title\" content=\"How INCa prioritized the well-being of tomorrow&#039;s generation by reaching them when it mattered - FR - SuperAwesome\" \/>\n<meta property=\"og:url\" content=\"https:\/\/www.superawesome.com\/how-inca-prioritized-the-well-being-of-tomorrows-generation-by-reaching-them-when-it-mattered\/\" \/>\n<meta property=\"og:site_name\" content=\"SuperAwesome\" \/>\n<meta property=\"article:modified_time\" content=\"2024-01-26T21:02:38+00:00\" \/>\n<meta property=\"og:image\" content=\"https:\/\/www.superawesome.com\/wp-content\/uploads\/2024\/02\/SA_Thumbnail_noepic.png\" \/>\n\t<meta property=\"og:image:width\" content=\"1920\" \/>\n\t<meta property=\"og:image:height\" content=\"1080\" \/>\n\t<meta property=\"og:image:type\" content=\"image\/png\" \/>\n<meta name=\"twitter:card\" content=\"summary_large_image\" \/>\n<meta name=\"twitter:site\" content=\"@GoSuperAwesome\" \/>\n<script type=\"application\/ld+json\" class=\"yoast-schema-graph\">{\"@context\":\"https:\/\/schema.org\",\"@graph\":[{\"@type\":\"WebPage\",\"@id\":\"https:\/\/www.superawesome.com\/how-inca-prioritized-the-well-being-of-tomorrows-generation-by-reaching-them-when-it-mattered\/\",\"url\":\"https:\/\/www.superawesome.com\/how-inca-prioritized-the-well-being-of-tomorrows-generation-by-reaching-them-when-it-mattered\/\",\"name\":\"How INCa prioritized the well-being of tomorrow's generation by reaching them when it mattered - FR - SuperAwesome\",\"isPartOf\":{\"@id\":\"https:\/\/www.superawesome.com\/#website\"},\"datePublished\":\"2022-06-14T11:58:51+00:00\",\"dateModified\":\"2024-01-26T21:02:38+00:00\",\"breadcrumb\":{\"@id\":\"https:\/\/www.superawesome.com\/how-inca-prioritized-the-well-being-of-tomorrows-generation-by-reaching-them-when-it-mattered\/#breadcrumb\"},\"inLanguage\":\"fr-FR\",\"potentialAction\":[{\"@type\":\"ReadAction\",\"target\":[\"https:\/\/www.superawesome.com\/how-inca-prioritized-the-well-being-of-tomorrows-generation-by-reaching-them-when-it-mattered\/\"]}]},{\"@type\":\"BreadcrumbList\",\"@id\":\"https:\/\/www.superawesome.com\/how-inca-prioritized-the-well-being-of-tomorrows-generation-by-reaching-them-when-it-mattered\/#breadcrumb\",\"itemListElement\":[{\"@type\":\"ListItem\",\"position\":1,\"name\":\"Home\",\"item\":\"https:\/\/www.superawesome.com\/\"},{\"@type\":\"ListItem\",\"position\":2,\"name\":\"How INCa prioritized the well-being of tomorrow&#8217;s generation by reaching them when it mattered &#8211; FR\"}]},{\"@type\":\"WebSite\",\"@id\":\"https:\/\/www.superawesome.com\/#website\",\"url\":\"https:\/\/www.superawesome.com\/\",\"name\":\"SuperAwesome\",\"description\":\"Powering a better internet for the next generation\",\"publisher\":{\"@id\":\"https:\/\/www.superawesome.com\/#organization\"},\"potentialAction\":[{\"@type\":\"SearchAction\",\"target\":{\"@type\":\"EntryPoint\",\"urlTemplate\":\"https:\/\/www.superawesome.com\/?s={search_term_string}\"},\"query-input\":{\"@type\":\"PropertyValueSpecification\",\"valueRequired\":true,\"valueName\":\"search_term_string\"}}],\"inLanguage\":\"fr-FR\"},{\"@type\":\"Organization\",\"@id\":\"https:\/\/www.superawesome.com\/#organization\",\"name\":\"SuperAwesome\",\"url\":\"https:\/\/www.superawesome.com\/\",\"logo\":{\"@type\":\"ImageObject\",\"inLanguage\":\"fr-FR\",\"@id\":\"https:\/\/www.superawesome.com\/#\/schema\/logo\/image\/\",\"url\":\"https:\/\/www.superawesome.com\/wp-content\/uploads\/2022\/08\/SA_Logo_Main.png\",\"contentUrl\":\"https:\/\/www.superawesome.com\/wp-content\/uploads\/2022\/08\/SA_Logo_Main.png\",\"width\":400,\"height\":171,\"caption\":\"SuperAwesome\"},\"image\":{\"@id\":\"https:\/\/www.superawesome.com\/#\/schema\/logo\/image\/\"},\"sameAs\":[\"https:\/\/x.com\/GoSuperAwesome\"]}]}<\/script>\n<!-- \/ Yoast SEO plugin. -->","yoast_head_json":{"title":"How INCa prioritized the well-being of tomorrow's generation by reaching them when it mattered - FR - SuperAwesome","robots":{"index":"index","follow":"follow","max-snippet":"max-snippet:-1","max-image-preview":"max-image-preview:large","max-video-preview":"max-video-preview:-1"},"canonical":"https:\/\/www.superawesome.com\/how-inca-prioritized-the-well-being-of-tomorrows-generation-by-reaching-them-when-it-mattered\/","og_locale":"fr_FR","og_type":"article","og_title":"How INCa prioritized the well-being of tomorrow's generation by reaching them when it mattered - FR - SuperAwesome","og_url":"https:\/\/www.superawesome.com\/how-inca-prioritized-the-well-being-of-tomorrows-generation-by-reaching-them-when-it-mattered\/","og_site_name":"SuperAwesome","article_modified_time":"2024-01-26T21:02:38+00:00","og_image":[{"width":1920,"height":1080,"url":"https:\/\/www.superawesome.com\/wp-content\/uploads\/2024\/02\/SA_Thumbnail_noepic.png","type":"image\/png"}],"twitter_card":"summary_large_image","twitter_site":"@GoSuperAwesome","schema":{"@context":"https:\/\/schema.org","@graph":[{"@type":"WebPage","@id":"https:\/\/www.superawesome.com\/how-inca-prioritized-the-well-being-of-tomorrows-generation-by-reaching-them-when-it-mattered\/","url":"https:\/\/www.superawesome.com\/how-inca-prioritized-the-well-being-of-tomorrows-generation-by-reaching-them-when-it-mattered\/","name":"How INCa prioritized the well-being of tomorrow's generation by reaching them when it mattered - FR - SuperAwesome","isPartOf":{"@id":"https:\/\/www.superawesome.com\/#website"},"datePublished":"2022-06-14T11:58:51+00:00","dateModified":"2024-01-26T21:02:38+00:00","breadcrumb":{"@id":"https:\/\/www.superawesome.com\/how-inca-prioritized-the-well-being-of-tomorrows-generation-by-reaching-them-when-it-mattered\/#breadcrumb"},"inLanguage":"fr-FR","potentialAction":[{"@type":"ReadAction","target":["https:\/\/www.superawesome.com\/how-inca-prioritized-the-well-being-of-tomorrows-generation-by-reaching-them-when-it-mattered\/"]}]},{"@type":"BreadcrumbList","@id":"https:\/\/www.superawesome.com\/how-inca-prioritized-the-well-being-of-tomorrows-generation-by-reaching-them-when-it-mattered\/#breadcrumb","itemListElement":[{"@type":"ListItem","position":1,"name":"Home","item":"https:\/\/www.superawesome.com\/"},{"@type":"ListItem","position":2,"name":"How INCa prioritized the well-being of tomorrow&#8217;s generation by reaching them when it mattered &#8211; FR"}]},{"@type":"WebSite","@id":"https:\/\/www.superawesome.com\/#website","url":"https:\/\/www.superawesome.com\/","name":"SuperAwesome","description":"Powering a better internet for the next generation","publisher":{"@id":"https:\/\/www.superawesome.com\/#organization"},"potentialAction":[{"@type":"SearchAction","target":{"@type":"EntryPoint","urlTemplate":"https:\/\/www.superawesome.com\/?s={search_term_string}"},"query-input":{"@type":"PropertyValueSpecification","valueRequired":true,"valueName":"search_term_string"}}],"inLanguage":"fr-FR"},{"@type":"Organization","@id":"https:\/\/www.superawesome.com\/#organization","name":"SuperAwesome","url":"https:\/\/www.superawesome.com\/","logo":{"@type":"ImageObject","inLanguage":"fr-FR","@id":"https:\/\/www.superawesome.com\/#\/schema\/logo\/image\/","url":"https:\/\/www.superawesome.com\/wp-content\/uploads\/2022\/08\/SA_Logo_Main.png","contentUrl":"https:\/\/www.superawesome.com\/wp-content\/uploads\/2022\/08\/SA_Logo_Main.png","width":400,"height":171,"caption":"SuperAwesome"},"image":{"@id":"https:\/\/www.superawesome.com\/#\/schema\/logo\/image\/"},"sameAs":["https:\/\/x.com\/GoSuperAwesome"]}]}},"_links":{"self":[{"href":"https:\/\/www.superawesome.com\/fr\/wp-json\/wp\/v2\/pages\/17310","targetHints":{"allow":["GET"]}}],"collection":[{"href":"https:\/\/www.superawesome.com\/fr\/wp-json\/wp\/v2\/pages"}],"about":[{"href":"https:\/\/www.superawesome.com\/fr\/wp-json\/wp\/v2\/types\/page"}],"author":[{"embeddable":true,"href":"https:\/\/www.superawesome.com\/fr\/wp-json\/wp\/v2\/users\/66"}],"replies":[{"embeddable":true,"href":"https:\/\/www.superawesome.com\/fr\/wp-json\/wp\/v2\/comments?post=17310"}],"version-history":[{"count":0,"href":"https:\/\/www.superawesome.com\/fr\/wp-json\/wp\/v2\/pages\/17310\/revisions"}],"wp:attachment":[{"href":"https:\/\/www.superawesome.com\/fr\/wp-json\/wp\/v2\/media?parent=17310"}],"curies":[{"name":"wp","href":"https:\/\/api.w.org\/{rel}","templated":true}]}}