{"id":17285,"date":"2023-02-10T13:10:35","date_gmt":"2023-02-10T13:10:35","guid":{"rendered":"https:\/\/www.superawesome.com\/?page_id=17285"},"modified":"2024-01-26T20:38:40","modified_gmt":"2024-01-26T20:38:40","slug":"sky-gigafast-case-study-fr","status":"publish","type":"page","link":"https:\/\/www.superawesome.com\/fr\/sky-gigafast-case-study-fr\/","title":{"rendered":"Sky Gigafast Case Study &#8211; FR"},"content":{"rendered":"\n<\/div><!-- container -->\n<section class=\"block-product-hero   \" style=\"background-color:white\">\n      <div class=\"container\">\n  <div class=\"row\">\n    <div class=\"col-md-5\">\n      <div class=\"content\">\n        \n        <h2 class=\"text-black\">Sky Broadband promeut Gigafast, le haut d\u00e9bit qui change la donne, \u00e0 l\u2019occasion d\u2019un \u00ab speedrun \u00bb m\u00e9morable int\u00e9gr\u00e9 au jeu Fortnite<\/h2>\n        <p class=\"text-black\">\ud83d\udccd Pays : Royaume-Uni<\/p>\n        <div class=\"block-product-hero--buttons flex flex-wrap\">\n                <a href=\"#casestudy\" class=\"btn btn-primary m-r-15\" target=\"_self\">\n      T\u00c9L\u00c9CHARGER L\u2019\u00c9TUDE DE CAS\n    <\/a>\n  \n            \n        <\/div>\n      <\/div>\n    <\/div>\n\n    <div class=\"col-md-6\">\n              <figure class=\"image\">\n          <img decoding=\"async\" src=\"https:\/\/www.superawesome.com\/wp-content\/uploads\/2023\/02\/image1.gif\" alt=\"image1\">\n        <\/figure>\n          <\/div>\n  <\/div>\n  <\/div>\n  <\/section>\n\n<div class=\"container\">\n\n<\/div><!-- container -->\n<div class=\"container icon-cards-container\">\n<section class=\"block-icon-cards 3   slideindownnomobile\">\n    <h2>R\u00e9sultats<\/h2>    <p>(sur 6 semaines)<\/p>\n        <div class=\"cards slideindownnomobile\">\n            <div class=\"card card-hover-state  text-centered\">\n                    <figure class=\"card-icon\" style=\"max-width:190px\">\n                <img decoding=\"async\" class=\"style-\" src=\"https:\/\/www.superawesome.com\/wp-content\/uploads\/2022\/08\/SA_NewIcons_Orange-18.png\" alt=\"SA_NewIcons_Orange-18\">\n            <\/figure>\n                            <h3><h2>1,8 million<\/h2><\/h3>\n                    <p class=\"card-text\">vues g\u00e9n\u00e9r\u00e9es sur TikTok et YouTube (+41 % par rapport \u00e0 l\u2019objectif de ciblage total)<\/p>\n                <\/div>\n            <div class=\"card card-hover-state  text-centered\">\n                    <figure class=\"card-icon\" style=\"max-width:190px\">\n                <img decoding=\"async\" class=\"style-\" src=\"https:\/\/www.superawesome.com\/wp-content\/uploads\/2022\/08\/SA_NewIcons_Orange-02.png\" alt=\"SA_NewIcons_Orange-02\">\n            <\/figure>\n                            <h3><h2>1,4 million<\/h2><\/h3>\n                    <p class=\"card-text\">joueurs actifs<\/p>\n                <\/div>\n            <div class=\"card card-hover-state  text-centered\">\n                    <figure class=\"card-icon\" style=\"max-width:190px\">\n                <img decoding=\"async\" class=\"style-\" src=\"https:\/\/www.superawesome.com\/wp-content\/uploads\/2022\/08\/SA_NewIcons_Orange-09.png\" alt=\"SA_NewIcons_Orange-09\">\n            <\/figure>\n                            <h3><h2>600 000<\/h2><\/h3>\n                    <p class=\"card-text\">heures pass\u00e9es \u00e0 jouer<\/p>\n                <\/div>\n        <\/div><!-- .cards -->\n    <\/section>\n<\/div><!-- container -->\n<div class=\"container\">\n\n\n\n<section class=\"block-image-content block-image-content-inversed   \" >\n\n  \n  \n  <div class=\"row \">\n    <div class=\"col-md-6 slideinright image-container \">\n                                              <figure class=\"image\">\n          <img decoding=\"async\" src=\"https:\/\/www.superawesome.com\/wp-content\/uploads\/2023\/02\/Sky_Gigafast_2.gif\" alt=\"Sky_Gigafast_2\">\n        <\/figure>\n                  <\/div>\n\n    <div class=\"col-md-6 slideinleft content-container\">\n      <div class=\"content\">\n                  <h3 class=\"h1\">Le d\u00e9fi<\/h3>\n        \n        \n        <p>Figurant dans le peloton de t\u00eate des fournisseurs d\u2019acc\u00e8s \u00e0 haut d\u00e9bit du Royaume-Uni, Sky Broadband cherche \u00e0 s\u2019imposer comme leader aupr\u00e8s des gamers. Sur le march\u00e9 concurrentiel du haut d\u00e9bit, il \u00e9tait essentiel de mettre en place une strat\u00e9gie innovante et \u00e0 forte visibilit\u00e9 pour lancer l\u2019offre la plus rapide jamais propos\u00e9e par la marque : Sky Broadband Gigafast.<\/p>\n<p>La communaut\u00e9 des gamers attache de l\u2019importance \u00e0 la fiabilit\u00e9 et \u00e0 la vitesse, mais c\u2019est aussi un public sceptique qui a besoin de preuves convaincantes pour faire confiance \u00e0 la marque. La strat\u00e9gie de lancement consistait donc \u00e0 rendre vraiment tangible la valeur ajout\u00e9e que Sky Broadband Gigafast pouvait apporter \u00e0 ce public cible.<\/p>\n\n\n        \n          \n      <\/div>\n    <\/div>\n  <\/div>\n  \n<\/section>\n\n\n\n\n\n<br><a name=\"casestudy\"><\/a>\n\n\n\n<h2 class=\"wp-block-heading has-text-align-center\"><strong>D\u00e9couvrez comment la campagne prim\u00e9e de Sky Broadband Gigafast a tabl\u00e9 sur une int\u00e9gration Fortnite pour capitaliser sur le pouvoir d\u2019achat des jeunes gamers<\/strong><\/h2>\n\n\n\n\t\t\t\t\t\t<script>\n\t\t\t\t\t\t\twindow.hsFormsOnReady = window.hsFormsOnReady || [];\n\t\t\t\t\t\t\twindow.hsFormsOnReady.push(()=>{\n\t\t\t\t\t\t\t\thbspt.forms.create({\n\t\t\t\t\t\t\t\t\tportalId: 5009836,\n\t\t\t\t\t\t\t\t\tformId: \"9babe6aa-09e9-4bd9-a290-a8439c030b65\",\n\t\t\t\t\t\t\t\t\ttarget: \"#hbspt-form-1778408263000-4750234130\",\n\t\t\t\t\t\t\t\t\tregion: \"na1\",\n\t\t\t\t\t\t\t\t\t\n\t\t\t\t\t\t\t})});\n\t\t\t\t\t\t<\/script>\n\t\t\t\t\t\t<div class=\"hbspt-form\" id=\"hbspt-form-1778408263000-4750234130\"><\/div>\n\n\n<section class=\"block-content-cards  \">\n    <h2>En savoir plus sur nos solutions\u2026<\/h2>    \n        <div class=\"cards\">\n            <div class=\"card\">\n                    <p class=\"card-cat\" style=\"background-color: #114bff\"><\/p>\n                    <figure class=\"image\">\n                <img decoding=\"async\" src=\"https:\/\/www.superawesome.com\/wp-content\/uploads\/2022\/02\/shutterstock_1505660558-scaled.jpg\" alt=\"shutterstock_1505660558\">\n            <\/figure>\n                    <h3 style=\"color: #114bff;\">Rich m\u00e9dia, vid\u00e9o et publicit\u00e9 display<\/h3>\n                    <p class=\"preview-text\">Plateforme publicitaire num\u00e9ro un pour les g\u00e9n\u00e9rations Alpha et Z, AwesomeAds place le respect de la vie priv\u00e9e au premier plan.<\/p>\n                            <a href=\"https:\/\/www.superawesome.com\/awesomeads-for-advertisers\/\" class=\"btn btn-black\" target=\"_self\">\n                EN SAVOIR PLUS\n                <\/a>\n                    <\/div>\n            <div class=\"card\">\n                    <p class=\"card-cat\" style=\"background-color: #114bff\"><\/p>\n                    <figure class=\"image\">\n                <img decoding=\"async\" src=\"https:\/\/www.superawesome.com\/wp-content\/uploads\/2021\/02\/shutterstock_186441221.png\" alt=\"shutterstock_186441221\">\n            <\/figure>\n                    <h3 style=\"color: #114bff;\">Marketing d\u2019influence<\/h3>\n                    <p class=\"preview-text\">Marketing d\u2019influence et cr\u00e9ation de contenu en accord avec les valeurs de la marque pour un public jeune et familial.<\/p>\n                            <a href=\"https:\/\/www.superawesome.com\/superawesome-creators\/\" class=\"btn btn-black\" target=\"_self\">\n                EN SAVOIR PLUS\n                <\/a>\n                    <\/div>\n            <div class=\"card\">\n                    <p class=\"card-cat\" style=\"background-color: #114bff\"><\/p>\n                    <figure class=\"image\">\n                <img decoding=\"async\" src=\"https:\/\/www.superawesome.com\/wp-content\/uploads\/2022\/08\/good-faces-MUAjN1w9lUA-unsplash-scaled.jpg\" alt=\"good-faces-MUAjN1w9lUA-unsplash\">\n            <\/figure>\n                    <h3 style=\"color: #114bff;\">Exp\u00e9riences Gaming<\/h3>\n                    <p class=\"preview-text\">Autonomiser les marques dans la cr\u00e9ation de programmes de gaming s\u00e9curis\u00e9s et attrayants pour cibler les g\u00e9n\u00e9rations Alpha et Z.<\/p>\n                            <a href=\"https:\/\/www.superawesome.com\/superawesome-gaming\/\" class=\"btn btn-black\" target=\"_self\">\n                Learn moreEN SAVOIR PLUS\n                <\/a>\n                    <\/div>\n        <\/div><!-- .cards -->\n    <\/section>\n\n\n\n\n<section class=\"block-cta mt-48 \">\n  <h2 class=\"medium\">Vous cherchez \u00e0 faire accro\u00eetre votre notori\u00e9t\u00e9 de marque ?<\/h2>\n\n        <a id=\"cta-btn\" href=\"#\" class=\"btn btn-primary\" target=\"_self\">\n      NOUS CONTACTER\n    <\/a>\n  \n\n      <div data-contact-form class=\"contact-form-hubspot\">\n              <!--[if lte IE 8]>\n        <script charset=\"utf-8\" type=\"text\/javascript\" src=\"\/\/js.hsforms.net\/forms\/v2-legacy.js\"><\/script>\n        <![endif]-->\n        <script charset=\"utf-8\" type=\"text\/javascript\" src=\"\/\/js.hsforms.net\/forms\/v2.js\"><\/script>\n      \n      <script>\n        hbspt.forms.create({\n          portalId: \"5009836\",\n          formId: \"d6f951e2-ff41-4a96-ae90-31acdef15f8e\",\n          onFormSubmit: function(){\n            setTimeout(function(){\n              var $thankYou = $('#contact-form-hubspot-thank-you');\n              $thankYou.show();\n              $thankYou.parents().find('.block-cta').first().find('h2').remove();\n            }, 100 );\n          }\n        });\n      <\/script>\n      <div id=\"contact-form-hubspot-thank-you\" class=\"contact-form-hubspot-thank-you\" style=\"display:none\">\n        \n      <\/div>\n    <\/div>\n  \n<\/section>\n","protected":false},"excerpt":{"rendered":"<p>D\u00e9couvrez comment la campagne prim\u00e9e de Sky Broadband Gigafast a tabl\u00e9 sur une int\u00e9gration Fortnite pour capitaliser sur le pouvoir d\u2019achat des jeunes gamers<\/p>\n","protected":false},"author":66,"featured_media":0,"parent":0,"menu_order":0,"comment_status":"closed","ping_status":"closed","template":"","meta":{"_acf_changed":false,"content-type":"","_monsterinsights_skip_tracking":false,"_monsterinsights_sitenote_active":false,"_monsterinsights_sitenote_note":"","_monsterinsights_sitenote_category":0,"footnotes":""},"class_list":["post-17285","page","type-page","status-publish","hentry"],"acf":{"spotify_url":"","amazon_music_url":"","sound_cloud_url":""},"yoast_head":"<!-- This site is optimized with the Yoast SEO plugin v27.4 - https:\/\/yoast.com\/product\/yoast-seo-wordpress\/ -->\n<title>Sky Gigafast Case Study - FR - SuperAwesome<\/title>\n<meta name=\"robots\" content=\"index, follow, max-snippet:-1, max-image-preview:large, max-video-preview:-1\" \/>\n<link rel=\"canonical\" href=\"https:\/\/www.superawesome.com\/sky-gigafast-case-study\/\" \/>\n<meta property=\"og:locale\" content=\"fr_FR\" \/>\n<meta property=\"og:type\" content=\"article\" \/>\n<meta property=\"og:title\" content=\"Sky Gigafast Case Study - FR - SuperAwesome\" \/>\n<meta property=\"og:description\" content=\"D\u00e9couvrez comment la campagne prim\u00e9e de Sky Broadband Gigafast a tabl\u00e9 sur une int\u00e9gration Fortnite pour capitaliser sur le pouvoir d\u2019achat des jeunes gamers\" \/>\n<meta property=\"og:url\" content=\"https:\/\/www.superawesome.com\/sky-gigafast-case-study\/\" \/>\n<meta property=\"og:site_name\" content=\"SuperAwesome\" \/>\n<meta property=\"article:modified_time\" content=\"2024-01-26T20:38:40+00:00\" \/>\n<meta property=\"og:image\" content=\"https:\/\/www.superawesome.com\/wp-content\/uploads\/2024\/02\/SA_Thumbnail_noepic.png\" \/>\n\t<meta property=\"og:image:width\" content=\"1920\" \/>\n\t<meta property=\"og:image:height\" content=\"1080\" \/>\n\t<meta property=\"og:image:type\" content=\"image\/png\" \/>\n<meta name=\"twitter:card\" content=\"summary_large_image\" \/>\n<meta name=\"twitter:site\" content=\"@GoSuperAwesome\" \/>\n<script type=\"application\/ld+json\" class=\"yoast-schema-graph\">{\"@context\":\"https:\\\/\\\/schema.org\",\"@graph\":[{\"@type\":\"WebPage\",\"@id\":\"https:\\\/\\\/www.superawesome.com\\\/sky-gigafast-case-study\\\/\",\"url\":\"https:\\\/\\\/www.superawesome.com\\\/sky-gigafast-case-study\\\/\",\"name\":\"Sky Gigafast Case Study - FR - SuperAwesome\",\"isPartOf\":{\"@id\":\"https:\\\/\\\/www.superawesome.com\\\/#website\"},\"datePublished\":\"2023-02-10T13:10:35+00:00\",\"dateModified\":\"2024-01-26T20:38:40+00:00\",\"breadcrumb\":{\"@id\":\"https:\\\/\\\/www.superawesome.com\\\/sky-gigafast-case-study\\\/#breadcrumb\"},\"inLanguage\":\"fr-FR\",\"potentialAction\":[{\"@type\":\"ReadAction\",\"target\":[\"https:\\\/\\\/www.superawesome.com\\\/sky-gigafast-case-study\\\/\"]}]},{\"@type\":\"BreadcrumbList\",\"@id\":\"https:\\\/\\\/www.superawesome.com\\\/sky-gigafast-case-study\\\/#breadcrumb\",\"itemListElement\":[{\"@type\":\"ListItem\",\"position\":1,\"name\":\"Home\",\"item\":\"https:\\\/\\\/www.superawesome.com\\\/\"},{\"@type\":\"ListItem\",\"position\":2,\"name\":\"Sky Gigafast Case Study &#8211; FR\"}]},{\"@type\":\"WebSite\",\"@id\":\"https:\\\/\\\/www.superawesome.com\\\/#website\",\"url\":\"https:\\\/\\\/www.superawesome.com\\\/\",\"name\":\"SuperAwesome\",\"description\":\"Powering a better internet for the next generation\",\"publisher\":{\"@id\":\"https:\\\/\\\/www.superawesome.com\\\/#organization\"},\"potentialAction\":[{\"@type\":\"SearchAction\",\"target\":{\"@type\":\"EntryPoint\",\"urlTemplate\":\"https:\\\/\\\/www.superawesome.com\\\/?s={search_term_string}\"},\"query-input\":{\"@type\":\"PropertyValueSpecification\",\"valueRequired\":true,\"valueName\":\"search_term_string\"}}],\"inLanguage\":\"fr-FR\"},{\"@type\":\"Organization\",\"@id\":\"https:\\\/\\\/www.superawesome.com\\\/#organization\",\"name\":\"SuperAwesome\",\"url\":\"https:\\\/\\\/www.superawesome.com\\\/\",\"logo\":{\"@type\":\"ImageObject\",\"inLanguage\":\"fr-FR\",\"@id\":\"https:\\\/\\\/www.superawesome.com\\\/#\\\/schema\\\/logo\\\/image\\\/\",\"url\":\"https:\\\/\\\/www.superawesome.com\\\/wp-content\\\/uploads\\\/2022\\\/08\\\/SA_Logo_Main.png\",\"contentUrl\":\"https:\\\/\\\/www.superawesome.com\\\/wp-content\\\/uploads\\\/2022\\\/08\\\/SA_Logo_Main.png\",\"width\":400,\"height\":171,\"caption\":\"SuperAwesome\"},\"image\":{\"@id\":\"https:\\\/\\\/www.superawesome.com\\\/#\\\/schema\\\/logo\\\/image\\\/\"},\"sameAs\":[\"https:\\\/\\\/x.com\\\/GoSuperAwesome\"]}]}<\/script>\n<!-- \/ Yoast SEO plugin. -->","yoast_head_json":{"title":"Sky Gigafast Case Study - FR - SuperAwesome","robots":{"index":"index","follow":"follow","max-snippet":"max-snippet:-1","max-image-preview":"max-image-preview:large","max-video-preview":"max-video-preview:-1"},"canonical":"https:\/\/www.superawesome.com\/sky-gigafast-case-study\/","og_locale":"fr_FR","og_type":"article","og_title":"Sky Gigafast Case Study - FR - SuperAwesome","og_description":"D\u00e9couvrez comment la campagne prim\u00e9e de Sky Broadband Gigafast a tabl\u00e9 sur une int\u00e9gration Fortnite pour capitaliser sur le pouvoir d\u2019achat des jeunes gamers","og_url":"https:\/\/www.superawesome.com\/sky-gigafast-case-study\/","og_site_name":"SuperAwesome","article_modified_time":"2024-01-26T20:38:40+00:00","og_image":[{"width":1920,"height":1080,"url":"https:\/\/www.superawesome.com\/wp-content\/uploads\/2024\/02\/SA_Thumbnail_noepic.png","type":"image\/png"}],"twitter_card":"summary_large_image","twitter_site":"@GoSuperAwesome","schema":{"@context":"https:\/\/schema.org","@graph":[{"@type":"WebPage","@id":"https:\/\/www.superawesome.com\/sky-gigafast-case-study\/","url":"https:\/\/www.superawesome.com\/sky-gigafast-case-study\/","name":"Sky Gigafast Case Study - FR - SuperAwesome","isPartOf":{"@id":"https:\/\/www.superawesome.com\/#website"},"datePublished":"2023-02-10T13:10:35+00:00","dateModified":"2024-01-26T20:38:40+00:00","breadcrumb":{"@id":"https:\/\/www.superawesome.com\/sky-gigafast-case-study\/#breadcrumb"},"inLanguage":"fr-FR","potentialAction":[{"@type":"ReadAction","target":["https:\/\/www.superawesome.com\/sky-gigafast-case-study\/"]}]},{"@type":"BreadcrumbList","@id":"https:\/\/www.superawesome.com\/sky-gigafast-case-study\/#breadcrumb","itemListElement":[{"@type":"ListItem","position":1,"name":"Home","item":"https:\/\/www.superawesome.com\/"},{"@type":"ListItem","position":2,"name":"Sky Gigafast Case Study &#8211; FR"}]},{"@type":"WebSite","@id":"https:\/\/www.superawesome.com\/#website","url":"https:\/\/www.superawesome.com\/","name":"SuperAwesome","description":"Powering a better internet for the next generation","publisher":{"@id":"https:\/\/www.superawesome.com\/#organization"},"potentialAction":[{"@type":"SearchAction","target":{"@type":"EntryPoint","urlTemplate":"https:\/\/www.superawesome.com\/?s={search_term_string}"},"query-input":{"@type":"PropertyValueSpecification","valueRequired":true,"valueName":"search_term_string"}}],"inLanguage":"fr-FR"},{"@type":"Organization","@id":"https:\/\/www.superawesome.com\/#organization","name":"SuperAwesome","url":"https:\/\/www.superawesome.com\/","logo":{"@type":"ImageObject","inLanguage":"fr-FR","@id":"https:\/\/www.superawesome.com\/#\/schema\/logo\/image\/","url":"https:\/\/www.superawesome.com\/wp-content\/uploads\/2022\/08\/SA_Logo_Main.png","contentUrl":"https:\/\/www.superawesome.com\/wp-content\/uploads\/2022\/08\/SA_Logo_Main.png","width":400,"height":171,"caption":"SuperAwesome"},"image":{"@id":"https:\/\/www.superawesome.com\/#\/schema\/logo\/image\/"},"sameAs":["https:\/\/x.com\/GoSuperAwesome"]}]}},"_links":{"self":[{"href":"https:\/\/www.superawesome.com\/fr\/wp-json\/wp\/v2\/pages\/17285","targetHints":{"allow":["GET"]}}],"collection":[{"href":"https:\/\/www.superawesome.com\/fr\/wp-json\/wp\/v2\/pages"}],"about":[{"href":"https:\/\/www.superawesome.com\/fr\/wp-json\/wp\/v2\/types\/page"}],"author":[{"embeddable":true,"href":"https:\/\/www.superawesome.com\/fr\/wp-json\/wp\/v2\/users\/66"}],"replies":[{"embeddable":true,"href":"https:\/\/www.superawesome.com\/fr\/wp-json\/wp\/v2\/comments?post=17285"}],"version-history":[{"count":0,"href":"https:\/\/www.superawesome.com\/fr\/wp-json\/wp\/v2\/pages\/17285\/revisions"}],"wp:attachment":[{"href":"https:\/\/www.superawesome.com\/fr\/wp-json\/wp\/v2\/media?parent=17285"}],"curies":[{"name":"wp","href":"https:\/\/api.w.org\/{rel}","templated":true}]}}