{"id":17280,"date":"2023-02-17T11:32:30","date_gmt":"2023-02-17T11:32:30","guid":{"rendered":"https:\/\/www.superawesome.com\/?page_id=17280"},"modified":"2024-01-26T20:33:32","modified_gmt":"2024-01-26T20:33:32","slug":"sega-case-study-fr","status":"publish","type":"page","link":"https:\/\/www.superawesome.com\/fr\/sega-case-study-fr\/","title":{"rendered":"Sega Case Study &#8211; FR"},"content":{"rendered":"\n<\/div><!-- container -->\n<section class=\"block-product-hero   \" style=\"background-color:white\">\n      <div class=\"container\">\n  <div class=\"row\">\n    <div class=\"col-md-5\">\n      <div class=\"content\">\n        \n        <h2 class=\"text-black\">Sonic Frontiers : Sega a d\u00e9ploy\u00e9 une strat\u00e9gie multi publics aupr\u00e8s des jeunes<\/h2>\n        <p class=\"text-black\">\ud83d\udccd Pays : \u00c9tats-Unis\r\n<\/p>\n        <div class=\"block-product-hero--buttons flex flex-wrap\">\n            \n            \n        <\/div>\n      <\/div>\n    <\/div>\n\n    <div class=\"col-md-6\">\n              <figure class=\"image\">\n          <img decoding=\"async\" src=\"https:\/\/www.superawesome.com\/wp-content\/uploads\/2023\/02\/SEGA_logo.svg.png\" alt=\"SEGA_logo.svg\">\n        <\/figure>\n          <\/div>\n  <\/div>\n  <\/div>\n  <\/section>\n\n<div class=\"container\">\n\n\n\n<\/div><!-- container -->\n\n<section class=\"block-skewed   remove-top-margin parallax\" style=\"z-index:99;\">\n\n    <div class=\"skewed-content-container\">\n        \n        <div class=\"section-background\" style=\"background-color: #ff3b11\"><\/div>\n\n        <div class=\"content slideindown\"><h3 style=\"text-align: center;\"><span style=\"font-weight: 600;\">21,6 millions d\u2019impressions g\u00e9n\u00e9r\u00e9es sur les m\u00e9dias et le contenu de cr\u00e9ateurs \u00e0 l\u2019\u00e9chelle mondiale<\/span><\/h3>\n<h3 style=\"text-align: center;\"><span style=\"font-weight: 600;\">Temps de visionnage de la diffusion en direct de Sonic Frontiers, trois fois plus long qu\u2019une vid\u00e9o de gaming sur YouTube, en moyenne<\/span><\/h3>\n<h3 style=\"text-align: center;\"><span style=\"font-weight: 600;\">Plus de 5 millions de vues g\u00e9n\u00e9r\u00e9es de mani\u00e8re organique pour trois \u00e9l\u00e9ments de contenu de cr\u00e9ateurs<\/span><\/h3>\n<\/div>\n\n    <\/div>\n\n<\/section>\n\n<div class=\"container\">\n\n\n\n<section class=\"block-image-content block-image-content-inversed mt-160  \" >\n\n  \n  \n  <div class=\"row \">\n    <div class=\"col-md-6 slideinright image-container \">\n                                              <figure class=\"image\">\n          <img decoding=\"async\" src=\"https:\/\/www.superawesome.com\/wp-content\/uploads\/2023\/02\/SEGA_1.gif\" alt=\"SEGA_1\">\n        <\/figure>\n                  <\/div>\n\n    <div class=\"col-md-6 slideinleft content-container\">\n      <div class=\"content\">\n                  <h3 class=\"h1\">Le d\u00e9fi<\/h3>\n        \n        \n        <p>Connaissant l\u2019importance de communiquer aupr\u00e8s des jeunes publics pour accro\u00eetre la popularit\u00e9 de Sonic Frontiers, Sega cherchait un partenaire ma\u00eetrisant parfaitement les nuances de ces groupes d&rsquo;\u00e2ge afin de promouvoir son nouveau jeu destin\u00e9 \u00e0 des profils de jeunes allant des enfants aux adolescents.<\/p>\n<p>L&rsquo;influence des jeunes publics sur la cat\u00e9gorie du gaming est essentielle pour stimuler l&rsquo;adoption et l&rsquo;intention d&rsquo;achat de Sonic Frontiers. De fait, les enfants sont le premier facteur influen\u00e7ant l&rsquo;achat des jeux sur console par les familles : 85 % des parents tiennent compte de l&rsquo;avis de leurs enfants, lorsqu&rsquo;ils ach\u00e8tent des biens \u00e9lectroniques et des jeux vid\u00e9o. (SuperAwesome Technology and Gaming Research 2022).<\/p>\n\n\n        \n          \n      <\/div>\n    <\/div>\n  <\/div>\n  \n<\/section>\n\n\n\n\n\n\n<section class=\"block-image-content  mt-160  \" >\n\n  \n  \n  <div class=\"row \">\n    <div class=\"col-md-6 slideinright image-container \">\n                                              <figure class=\"image\">\n          <img decoding=\"async\" src=\"https:\/\/www.superawesome.com\/wp-content\/uploads\/2023\/02\/SEGA_2b.gif\" alt=\"SEGA_2b\">\n        <\/figure>\n                  <\/div>\n\n    <div class=\"col-md-6 slideinleft content-container\">\n      <div class=\"content\">\n                  <h3 class=\"h1\">La solution<\/h3>\n        \n        \n        <p>En partenariat avec SuperAwesome, Sega a mis en \u0153uvre une strat\u00e9gie multi publics aupr\u00e8s des jeunes. Pour cr\u00e9er le buzz recherch\u00e9 autour du jeu, nous avons opt\u00e9 pour une approche \u00e0 360 degr\u00e9s associant m\u00e9dias \u00e0 grande \u00e9chelle, contenu de cr\u00e9ateurs et diffusions en direct s\u00e9curis\u00e9es pour les jeunes.<\/p>\n<p>Gr\u00e2ce \u00e0 l\u2019expertise des jeunes publics de SuperAwesome, la strat\u00e9gie de ciblage s\u2019est construite autour de l\u2019utilisation de m\u00e9dias pertinents pour les publics vis\u00e9s \u00e0 grande \u00e9chelle. Sega a diffus\u00e9 sur AwesomeAds Marketplace deux films publicitaires destin\u00e9s \u00e0 toucher des groupes d&rsquo;\u00e2ge distincts. Les deux sc\u00e9narios publicitaires avaient pour objectif de  s\u2019adapter aux besoins, aux mentalit\u00e9s et aux attitudes propres aux enfants et aux adolescents.<\/p>\n<p>Les analyses de SuperAwesome sur le processus cr\u00e9atif r\u00e9v\u00e8lent que les enfants s&rsquo;identifient volontiers aux personnages. Ils sont donc susceptibles d&rsquo;en pr\u00e9f\u00e9rer un, alors que les adolescents privil\u00e9gient une exploration plus sophistiqu\u00e9e du jeu. Nous avons donc cr\u00e9\u00e9 deux formats diff\u00e9rents afin de r\u00e9pondre aux mieux aux int\u00e9r\u00eats et besoins sp\u00e9cifiques de chaque tranche d\u2019\u00e2ge.<br \/>\n <a href=\"#em4yV4\" data-id=\"em4yV4\" class=\"inline-read-more-link\">En savoir plus<\/a><div id=\"em4yV4\" class=\"inline-read-more hide-read-more\"><\/p>\n<p>To drive additional scale, Sega ran their game trailer video across vetted apps, games, and sites through the COPPA-compliant AwesomeAds Marketplace.<\/p>\n<p>Engagement and hype around the game was driven by creator content. TikTok posts targeted at teens highlighted cool new features in the game. A YouTube livestream with a top gaming influencer among teens showcased gameplay and gave it the cool factor it needed to drive intent to play among kids and teens.<\/div><\/p>\n\n\n        \n          \n      <\/div>\n    <\/div>\n  <\/div>\n  \n<\/section>\n\n\n\n\n<\/div><!-- container -->\n<div class=\"container icon-cards-container\">\n<section class=\"block-icon-cards 3   slideindownnomobile\">\n    <h2>Les r\u00e9sultats<\/h2>    \n        <div class=\"cards slideindownnomobile\">\n            <div class=\"card card-hover-state  text-centered\">\n                    <figure class=\"card-icon\" style=\"max-width:190px\">\n                <img decoding=\"async\" class=\"style-\" src=\"https:\/\/www.superawesome.com\/wp-content\/uploads\/2022\/08\/SA_NewIcons_Orange-02.png\" alt=\"SA_NewIcons_Orange-02\">\n            <\/figure>\n                            <p class=\"card-text\">21,6 millions d\u2019impressions g\u00e9n\u00e9r\u00e9es sur les m\u00e9dias et le contenu de cr\u00e9ateurs \u00e0 l\u2019\u00e9chelle mondiale<\/p>\n                <\/div>\n            <div class=\"card card-hover-state  text-centered\">\n                    <figure class=\"card-icon\" style=\"max-width:190px\">\n                <img decoding=\"async\" class=\"style-\" src=\"https:\/\/www.superawesome.com\/wp-content\/uploads\/2022\/08\/SA_NewIcons_Orange-23.png\" alt=\"SA_NewIcons_Orange-23\">\n            <\/figure>\n                            <p class=\"card-text\">Temps de visionnage de la diffusion en direct de Sonic Frontiers, trois fois plus long qu\u2019une vid\u00e9o de gaming sur YouTube, en moyenne<\/p>\n                <\/div>\n            <div class=\"card card-hover-state  text-centered\">\n                    <figure class=\"card-icon\" style=\"max-width:190px\">\n                <img decoding=\"async\" class=\"style-\" src=\"https:\/\/www.superawesome.com\/wp-content\/uploads\/2022\/08\/SA_NewIcons_Orange-18.png\" alt=\"SA_NewIcons_Orange-18\">\n            <\/figure>\n                            <p class=\"card-text\">Plus de 5 millions de vues g\u00e9n\u00e9r\u00e9es de mani\u00e8re organique pour trois \u00e9l\u00e9ments de contenu de cr\u00e9ateurs<\/p>\n                <\/div>\n        <\/div><!-- .cards -->\n    <\/section>\n<\/div><!-- container -->\n<div class=\"container\">\n\n\n\n<\/div><!-- container -->\n\n<section class=\"block-skewed  mb-96  \" style=\"z-index:99;\">\n\n    <div class=\"skewed-content-container\">\n        \n        <div class=\"section-background\" style=\"background-color: #111111\"><\/div>\n\n        <div class=\"content slideindown\"><h3 style=\"text-align: center;\">Meilleures pratiques<\/h3>\n<h4 style=\"text-align: center;\">&#8211; Tirez parti d\u2019influenceurs du secteur du gaming en ad\u00e9quation avec votre public cible, et qui suscitent un engouement authentique autour de la sortie d&rsquo;un nouveau jeu.<\/h4>\n<h4 style=\"text-align: center;\">&#8211; Pour interagir avec les 10-12 ans, misez sur des unit\u00e9s publicitaires interactives personnalis\u00e9es. Cette tranche d&rsquo;\u00e2ge appr\u00e9cie les marques et des licences  fortes et attrayantes, m\u00eame sous forme publicitaire.<\/h4>\n<h4 style=\"text-align: center;\">&#8211;  Investissez dans le format vid\u00e9o comme pilier central de votre strat\u00e9gie d\u2019interaction avec les adolescents. Les performances standard des vid\u00e9os d\u00e9montrent qu\u2019ils sont plus susceptibles de regarder ces formats que les groupes d\u2019\u00e2ge plus jeunes, et qu\u2019ils cliquent plus fr\u00e9quemment dessus pour en savoir plus.<\/h4>\n<\/div>\n\n    <\/div>\n\n<\/section>\n\n<div class=\"container\">\n\n<section class=\"block-content-cards  \">\n    <h2>En savoir plus sur nos solutions\u2026<\/h2>    \n        <div class=\"cards\">\n            <div class=\"card\">\n                    <p class=\"card-cat\" style=\"background-color: #114bff\"><\/p>\n                    <figure class=\"image\">\n                <img decoding=\"async\" src=\"https:\/\/www.superawesome.com\/wp-content\/uploads\/2021\/03\/shutterstock_714537970.png\" alt=\"shutterstock_714537970\">\n            <\/figure>\n                    <h3 style=\"color: #114bff;\">Marketing d\u2019influence<\/h3>\n                    <p class=\"preview-text\">Marketing d\u2019influence et cr\u00e9ation de contenu en accord avec les valeurs de la marque pour un public jeune et familial. <\/p>\n                            <a href=\"https:\/\/www.superawesome.com\/superawesome-creators\/\" class=\"btn btn-black\" target=\"_self\">\n                EN SAVOIR PLUS\n                <\/a>\n                    <\/div>\n            <div class=\"card\">\n                    <p class=\"card-cat\" style=\"background-color: #114bff\"><\/p>\n                    <figure class=\"image\">\n                <img decoding=\"async\" src=\"https:\/\/www.superawesome.com\/wp-content\/uploads\/2022\/01\/shutterstock_1745938655.png\" alt=\"shutterstock_1745938655\">\n            <\/figure>\n                    <h3 style=\"color: #114bff;\">Exp\u00e9riences Gaming<\/h3>\n                    <p class=\"preview-text\">Autonomiser les marques dans la cr\u00e9ation de programmes de gaming s\u00e9curis\u00e9s et attrayants pour cibler les g\u00e9n\u00e9rations Alpha et Z.<\/p>\n                            <a href=\"https:\/\/www.superawesome.com\/superawesome-gaming\/\" class=\"btn btn-black\" target=\"_self\">\n                Learn MoreEN SAVOIR PLUS\n                <\/a>\n                    <\/div>\n            <div class=\"card\">\n                    <p class=\"card-cat\" style=\"background-color: #114bff\"><\/p>\n                    <figure class=\"image\">\n                <img decoding=\"async\" src=\"https:\/\/www.superawesome.com\/wp-content\/uploads\/2022\/02\/shutterstock_1905630148.png\" alt=\"shutterstock_1905630148\">\n            <\/figure>\n                    <h3 style=\"color: #114bff;\">Rich m\u00e9dia, vid\u00e9o et publicit\u00e9 display<\/h3>\n                    <p class=\"preview-text\">Plateforme publicitaire num\u00e9ro un pour les g\u00e9n\u00e9rations Alpha et Z, AwesomeAds place le respect de la vie priv\u00e9e au premier plan.<\/p>\n                            <a href=\"https:\/\/www.superawesome.com\/awesomeads-for-advertisers\/\" class=\"btn btn-black\" target=\"_self\">\n                EN SAVOIR PLUS\n                <\/a>\n                    <\/div>\n        <\/div><!-- .cards -->\n    <\/section>\n\n\n\n\n<section class=\"block-cta  \">\n  <h2 class=\"medium\">Vous cherchez accro\u00eetre votre notori\u00e9t\u00e9 de marque ?<\/h2>\n\n        <a id=\"cta-btn\" href=\"#\" class=\"btn btn-primary\" target=\"_self\">\n      NOUS CONTACTER\n    <\/a>\n  \n\n      <div data-contact-form class=\"contact-form-hubspot\">\n              <!--[if lte IE 8]>\n        <script charset=\"utf-8\" type=\"text\/javascript\" src=\"\/\/js.hsforms.net\/forms\/v2-legacy.js\"><\/script>\n        <![endif]-->\n        <script charset=\"utf-8\" type=\"text\/javascript\" src=\"\/\/js.hsforms.net\/forms\/v2.js\"><\/script>\n      \n      <script>\n        hbspt.forms.create({\n          portalId: \"5009836\",\n          formId: \"d6f951e2-ff41-4a96-ae90-31acdef15f8e\",\n          onFormSubmit: function(){\n            setTimeout(function(){\n              var $thankYou = $('#contact-form-hubspot-thank-you');\n              $thankYou.show();\n              $thankYou.parents().find('.block-cta').first().find('h2').remove();\n            }, 100 );\n          }\n        });\n      <\/script>\n      <div id=\"contact-form-hubspot-thank-you\" class=\"contact-form-hubspot-thank-you\" style=\"display:none\">\n        \n      <\/div>\n    <\/div>\n  \n<\/section>\n","protected":false},"excerpt":{"rendered":"","protected":false},"author":66,"featured_media":0,"parent":0,"menu_order":0,"comment_status":"closed","ping_status":"closed","template":"","meta":{"_acf_changed":false,"content-type":"","_monsterinsights_skip_tracking":false,"_monsterinsights_sitenote_active":false,"_monsterinsights_sitenote_note":"","_monsterinsights_sitenote_category":0,"footnotes":""},"class_list":["post-17280","page","type-page","status-publish","hentry"],"acf":{"spotify_url":"","amazon_music_url":"","sound_cloud_url":""},"yoast_head":"<!-- This site is optimized with the Yoast SEO plugin v26.8 - https:\/\/yoast.com\/product\/yoast-seo-wordpress\/ -->\n<title>Sega Case Study - FR - SuperAwesome<\/title>\n<meta name=\"robots\" content=\"index, follow, max-snippet:-1, max-image-preview:large, max-video-preview:-1\" \/>\n<link rel=\"canonical\" href=\"https:\/\/www.superawesome.com\/sega-case-study\/\" \/>\n<meta property=\"og:locale\" content=\"fr_FR\" \/>\n<meta property=\"og:type\" content=\"article\" \/>\n<meta property=\"og:title\" content=\"Sega Case Study - FR - SuperAwesome\" \/>\n<meta property=\"og:url\" content=\"https:\/\/www.superawesome.com\/sega-case-study\/\" \/>\n<meta property=\"og:site_name\" content=\"SuperAwesome\" \/>\n<meta property=\"article:modified_time\" content=\"2024-01-26T20:33:32+00:00\" \/>\n<meta property=\"og:image\" content=\"https:\/\/www.superawesome.com\/wp-content\/uploads\/2024\/02\/SA_Thumbnail_noepic.png\" \/>\n\t<meta property=\"og:image:width\" content=\"1920\" \/>\n\t<meta property=\"og:image:height\" content=\"1080\" \/>\n\t<meta property=\"og:image:type\" content=\"image\/png\" \/>\n<meta name=\"twitter:card\" content=\"summary_large_image\" \/>\n<meta name=\"twitter:site\" content=\"@GoSuperAwesome\" \/>\n<script type=\"application\/ld+json\" class=\"yoast-schema-graph\">{\"@context\":\"https:\/\/schema.org\",\"@graph\":[{\"@type\":\"WebPage\",\"@id\":\"https:\/\/www.superawesome.com\/sega-case-study\/\",\"url\":\"https:\/\/www.superawesome.com\/sega-case-study\/\",\"name\":\"Sega Case Study - FR - SuperAwesome\",\"isPartOf\":{\"@id\":\"https:\/\/www.superawesome.com\/#website\"},\"datePublished\":\"2023-02-17T11:32:30+00:00\",\"dateModified\":\"2024-01-26T20:33:32+00:00\",\"breadcrumb\":{\"@id\":\"https:\/\/www.superawesome.com\/sega-case-study\/#breadcrumb\"},\"inLanguage\":\"fr-FR\",\"potentialAction\":[{\"@type\":\"ReadAction\",\"target\":[\"https:\/\/www.superawesome.com\/sega-case-study\/\"]}]},{\"@type\":\"BreadcrumbList\",\"@id\":\"https:\/\/www.superawesome.com\/sega-case-study\/#breadcrumb\",\"itemListElement\":[{\"@type\":\"ListItem\",\"position\":1,\"name\":\"Home\",\"item\":\"https:\/\/www.superawesome.com\/\"},{\"@type\":\"ListItem\",\"position\":2,\"name\":\"Sega Case Study &#8211; FR\"}]},{\"@type\":\"WebSite\",\"@id\":\"https:\/\/www.superawesome.com\/#website\",\"url\":\"https:\/\/www.superawesome.com\/\",\"name\":\"SuperAwesome\",\"description\":\"Powering a better internet for the next generation\",\"publisher\":{\"@id\":\"https:\/\/www.superawesome.com\/#organization\"},\"potentialAction\":[{\"@type\":\"SearchAction\",\"target\":{\"@type\":\"EntryPoint\",\"urlTemplate\":\"https:\/\/www.superawesome.com\/?s={search_term_string}\"},\"query-input\":{\"@type\":\"PropertyValueSpecification\",\"valueRequired\":true,\"valueName\":\"search_term_string\"}}],\"inLanguage\":\"fr-FR\"},{\"@type\":\"Organization\",\"@id\":\"https:\/\/www.superawesome.com\/#organization\",\"name\":\"SuperAwesome\",\"url\":\"https:\/\/www.superawesome.com\/\",\"logo\":{\"@type\":\"ImageObject\",\"inLanguage\":\"fr-FR\",\"@id\":\"https:\/\/www.superawesome.com\/#\/schema\/logo\/image\/\",\"url\":\"https:\/\/www.superawesome.com\/wp-content\/uploads\/2022\/08\/SA_Logo_Main.png\",\"contentUrl\":\"https:\/\/www.superawesome.com\/wp-content\/uploads\/2022\/08\/SA_Logo_Main.png\",\"width\":400,\"height\":171,\"caption\":\"SuperAwesome\"},\"image\":{\"@id\":\"https:\/\/www.superawesome.com\/#\/schema\/logo\/image\/\"},\"sameAs\":[\"https:\/\/x.com\/GoSuperAwesome\"]}]}<\/script>\n<!-- \/ Yoast SEO plugin. -->","yoast_head_json":{"title":"Sega Case Study - FR - SuperAwesome","robots":{"index":"index","follow":"follow","max-snippet":"max-snippet:-1","max-image-preview":"max-image-preview:large","max-video-preview":"max-video-preview:-1"},"canonical":"https:\/\/www.superawesome.com\/sega-case-study\/","og_locale":"fr_FR","og_type":"article","og_title":"Sega Case Study - FR - SuperAwesome","og_url":"https:\/\/www.superawesome.com\/sega-case-study\/","og_site_name":"SuperAwesome","article_modified_time":"2024-01-26T20:33:32+00:00","og_image":[{"width":1920,"height":1080,"url":"https:\/\/www.superawesome.com\/wp-content\/uploads\/2024\/02\/SA_Thumbnail_noepic.png","type":"image\/png"}],"twitter_card":"summary_large_image","twitter_site":"@GoSuperAwesome","schema":{"@context":"https:\/\/schema.org","@graph":[{"@type":"WebPage","@id":"https:\/\/www.superawesome.com\/sega-case-study\/","url":"https:\/\/www.superawesome.com\/sega-case-study\/","name":"Sega Case Study - FR - SuperAwesome","isPartOf":{"@id":"https:\/\/www.superawesome.com\/#website"},"datePublished":"2023-02-17T11:32:30+00:00","dateModified":"2024-01-26T20:33:32+00:00","breadcrumb":{"@id":"https:\/\/www.superawesome.com\/sega-case-study\/#breadcrumb"},"inLanguage":"fr-FR","potentialAction":[{"@type":"ReadAction","target":["https:\/\/www.superawesome.com\/sega-case-study\/"]}]},{"@type":"BreadcrumbList","@id":"https:\/\/www.superawesome.com\/sega-case-study\/#breadcrumb","itemListElement":[{"@type":"ListItem","position":1,"name":"Home","item":"https:\/\/www.superawesome.com\/"},{"@type":"ListItem","position":2,"name":"Sega Case Study &#8211; FR"}]},{"@type":"WebSite","@id":"https:\/\/www.superawesome.com\/#website","url":"https:\/\/www.superawesome.com\/","name":"SuperAwesome","description":"Powering a better internet for the next generation","publisher":{"@id":"https:\/\/www.superawesome.com\/#organization"},"potentialAction":[{"@type":"SearchAction","target":{"@type":"EntryPoint","urlTemplate":"https:\/\/www.superawesome.com\/?s={search_term_string}"},"query-input":{"@type":"PropertyValueSpecification","valueRequired":true,"valueName":"search_term_string"}}],"inLanguage":"fr-FR"},{"@type":"Organization","@id":"https:\/\/www.superawesome.com\/#organization","name":"SuperAwesome","url":"https:\/\/www.superawesome.com\/","logo":{"@type":"ImageObject","inLanguage":"fr-FR","@id":"https:\/\/www.superawesome.com\/#\/schema\/logo\/image\/","url":"https:\/\/www.superawesome.com\/wp-content\/uploads\/2022\/08\/SA_Logo_Main.png","contentUrl":"https:\/\/www.superawesome.com\/wp-content\/uploads\/2022\/08\/SA_Logo_Main.png","width":400,"height":171,"caption":"SuperAwesome"},"image":{"@id":"https:\/\/www.superawesome.com\/#\/schema\/logo\/image\/"},"sameAs":["https:\/\/x.com\/GoSuperAwesome"]}]}},"_links":{"self":[{"href":"https:\/\/www.superawesome.com\/fr\/wp-json\/wp\/v2\/pages\/17280","targetHints":{"allow":["GET"]}}],"collection":[{"href":"https:\/\/www.superawesome.com\/fr\/wp-json\/wp\/v2\/pages"}],"about":[{"href":"https:\/\/www.superawesome.com\/fr\/wp-json\/wp\/v2\/types\/page"}],"author":[{"embeddable":true,"href":"https:\/\/www.superawesome.com\/fr\/wp-json\/wp\/v2\/users\/66"}],"replies":[{"embeddable":true,"href":"https:\/\/www.superawesome.com\/fr\/wp-json\/wp\/v2\/comments?post=17280"}],"version-history":[{"count":0,"href":"https:\/\/www.superawesome.com\/fr\/wp-json\/wp\/v2\/pages\/17280\/revisions"}],"wp:attachment":[{"href":"https:\/\/www.superawesome.com\/fr\/wp-json\/wp\/v2\/media?parent=17280"}],"curies":[{"name":"wp","href":"https:\/\/api.w.org\/{rel}","templated":true}]}}