{"id":17231,"date":"2019-06-26T19:16:57","date_gmt":"2019-06-26T18:16:57","guid":{"rendered":"https:\/\/www.superawesome.com\/?page_id=17231"},"modified":"2024-01-26T17:39:34","modified_gmt":"2024-01-26T17:39:34","slug":"parents-policy-makers-fr","status":"publish","type":"page","link":"https:\/\/www.superawesome.com\/fr\/parents-policy-makers-fr\/","title":{"rendered":"Parents &#038; Policy Makers &#8211; FR"},"content":{"rendered":"\n<\/div><!-- container -->\n<section class=\"block-product-hero   \" style=\"background-color:white\">\n      <div class=\"container\">\n  <div class=\"row\">\n    <div class=\"col-md-5\">\n      <div class=\"content\">\n        \n        <h2 class=\"text-black\"><\/h2>\n        <p class=\"text-black\"><\/p>\n        <div class=\"block-product-hero--buttons flex flex-wrap\">\n            \n            \n        <\/div>\n      <\/div>\n    <\/div>\n\n    <div class=\"col-md-6\">\n              <figure class=\"image\">\n          <img decoding=\"async\" src=\"\" alt=\"\">\n        <\/figure>\n          <\/div>\n  <\/div>\n  <\/div>\n  <\/section>\n\n<div class=\"container\">\n\n\n<section class=\"block-page-hero-content-media  \">\n  <div class=\"row\">\n    <div class=\"col-md-5\">\n      <div class=\"content\">\n        <h1 class=\"h2\">Construire un Internet plus responsable pour la nouvelle g\u00e9n\u00e9ration<\/h1>\n\n        <p>SuperAwesome est une \u00e9quipe de super-h\u00e9ros avec une mission : construire un meilleur Internet pour VOUS. \u00c9pique non ?! Oui, on peut le dire ! L\u2019\u00e9quipe de SuperAwesome travaille avec des marques, des sites web et des applications extraordinaires pour qu\u2019ils vous offrent les exp\u00e9riences les plus incroyables, les plus divertissantes et les plus responsables, des jeux vid\u00e9o haut de gamme aux concours, en passant par des vid\u00e9os \u00e9poustouflantes, des quiz et bien plus encore ! <\/p>\n      <\/div>\n    <\/div>\n\n    <div class=\"col-md-7\">\n      <figure class=\"image\">\n        <img decoding=\"async\" src=\"https:\/\/www.superawesome.com\/wp-content\/uploads\/2022\/08\/SA_2022_Image7-1.png\" alt=\"SA_2022_Image7\">\n\n                  <a href=\"https:\/\/www.youtube.com\/watch?v=tNlIbmDLop4\" data-fancybox class=\"play-button\">\n              <svg xmlns=\"http:\/\/www.w3.org\/2000\/svg\" viewBox=\"0 0 150.59 150.59\"><circle cx=\"75.29\" cy=\"75.29\" r=\"75.29\"\/><path d=\"M113.46,74.79l-61.89,29.4V45.38Z\"\/><\/svg>\n\n          <\/a>\n              <\/figure>\n    <\/div>\n  <\/div>\n<\/section>\n\n\n<section class=\"copy-safead-information  \">\n  <div class=\"row\">\n    <div class=\"col-sm-9\">\n      <div class=\"copy has-headings-font-family\">\n        Nous savons qu&rsquo;il peut \u00eatre difficile de garder un \u0153il sur tout ce que font vos enfants en ligne sur leurs diff\u00e9rents \u00e9crans. Le filigrane SAFE AD de SuperAwesome aide \u00e0 les prot\u00e9ger des contenus publicitaires nuisibles :\n      <\/div>\n      <ul>\n                  <li>Aucune incitation \u00e0 acheter<\/li>\n                  <li>Pas de contenu pr\u00e9judiciable<\/li>\n                  <li>Aucun suivi du comportement en ligne<\/li>\n              <\/ul>\n    <\/div>\n    <div class=\"col-sm-3\">\n      <figure class=\"image\">\n        <img decoding=\"async\" src=\"https:\/\/www.superawesome.com\/wp-content\/uploads\/2022\/08\/Images_Web_SALocks.png\" alt=\"\" \/>\n      <\/figure>\n    <\/div>\n  <\/div>\n<\/section>\n\n\n<section class=\"heading-copy-dual-columns  \">\n  <h2 class=\"h1\">Au sujet du filigrane SAFE AD<\/h2>\n  <div class=\"row\">\n          <div class=\"col-sm-6\">\n        <p>Toutes les publicit\u00e9s diffus\u00e9es via la technologie SuperAwesome sont marqu\u00e9es d&rsquo;un filigrane garantissant la norme la plus \u00e9lev\u00e9e en mati\u00e8re de s\u00e9curit\u00e9 digitale pour le jeune public.<\/p>\n\n      <\/div>\n          <div class=\"col-sm-6\">\n        <p>Le contenu de la publicit\u00e9 est enti\u00e8rement adapt\u00e9 aux jeunes, y compris les messages, les images et les liens. Si une publicit\u00e9 sur laquelle est appos\u00e9e notre filigrane vous semble inappropri\u00e9e, veuillez nous envoyer une capture d&rsquo;\u00e9cran \u00e0 l&rsquo;adresse <a href=\"mailto:privacy@superawesome.com\">privacy@superawesome.com<\/a><\/p>\n\n      <\/div>\n          <div class=\"col-sm-6\">\n        <p>Les publicit\u00e9s sont conformes aux r\u00e9glementations sur la confidentialit\u00e9 des donn\u00e9es, telles que la loi COPPA aux \u00c9tats-Unis et le RGPD en Europe, sp\u00e9cifiquement con\u00e7ues pour prot\u00e9ger les jeunes publics. Elles ne collectent pas de donn\u00e9es personnelles, et ne suivent jamais vos enfants sur le web.<\/p>\n\n      <\/div>\n          <div class=\"col-sm-6\">\n        <p>L&rsquo;annonceur et le contenu dans lequel appara\u00eet la publicit\u00e9 ont \u00e9t\u00e9 v\u00e9rifi\u00e9s par nos experts en mod\u00e9ration, afin de s&rsquo;assurer qu&rsquo;ils soient appropri\u00e9s pour les enfants.<\/p>\n\n      <\/div>\n      <\/div>\n<\/section>\n","protected":false},"excerpt":{"rendered":"","protected":false},"author":66,"featured_media":0,"parent":0,"menu_order":0,"comment_status":"closed","ping_status":"closed","template":"","meta":{"_acf_changed":false,"content-type":"","_monsterinsights_skip_tracking":false,"_monsterinsights_sitenote_active":false,"_monsterinsights_sitenote_note":"","_monsterinsights_sitenote_category":0,"footnotes":""},"class_list":["post-17231","page","type-page","status-publish","hentry"],"acf":{"spotify_url":"","amazon_music_url":"","sound_cloud_url":""},"yoast_head":"<!-- This site is optimized with the Yoast SEO plugin v26.8 - https:\/\/yoast.com\/product\/yoast-seo-wordpress\/ -->\n<title>Parents &amp; Policy Makers - FR - SuperAwesome<\/title>\n<meta name=\"robots\" content=\"index, follow, max-snippet:-1, max-image-preview:large, max-video-preview:-1\" \/>\n<link rel=\"canonical\" href=\"https:\/\/www.superawesome.com\/fr\/parents-policy-makers-fr\/\" \/>\n<meta property=\"og:locale\" content=\"fr_FR\" \/>\n<meta property=\"og:type\" content=\"article\" \/>\n<meta property=\"og:title\" content=\"Parents &amp; Policy Makers - FR - SuperAwesome\" \/>\n<meta property=\"og:url\" content=\"https:\/\/www.superawesome.com\/fr\/parents-policy-makers-fr\/\" \/>\n<meta property=\"og:site_name\" content=\"SuperAwesome\" \/>\n<meta property=\"article:modified_time\" content=\"2024-01-26T17:39:34+00:00\" \/>\n<meta property=\"og:image\" content=\"https:\/\/www.superawesome.com\/wp-content\/uploads\/2024\/02\/SA_Thumbnail_noepic.png\" \/>\n\t<meta property=\"og:image:width\" content=\"1920\" \/>\n\t<meta property=\"og:image:height\" content=\"1080\" \/>\n\t<meta property=\"og:image:type\" content=\"image\/png\" \/>\n<meta name=\"twitter:card\" content=\"summary_large_image\" \/>\n<meta name=\"twitter:site\" content=\"@GoSuperAwesome\" \/>\n<script type=\"application\/ld+json\" class=\"yoast-schema-graph\">{\"@context\":\"https:\/\/schema.org\",\"@graph\":[{\"@type\":\"WebPage\",\"@id\":\"https:\/\/www.superawesome.com\/fr\/parents-policy-makers-fr\/\",\"url\":\"https:\/\/www.superawesome.com\/fr\/parents-policy-makers-fr\/\",\"name\":\"Parents & Policy Makers - FR - SuperAwesome\",\"isPartOf\":{\"@id\":\"https:\/\/www.superawesome.com\/#website\"},\"datePublished\":\"2019-06-26T18:16:57+00:00\",\"dateModified\":\"2024-01-26T17:39:34+00:00\",\"breadcrumb\":{\"@id\":\"https:\/\/www.superawesome.com\/fr\/parents-policy-makers-fr\/#breadcrumb\"},\"inLanguage\":\"fr-FR\",\"potentialAction\":[{\"@type\":\"ReadAction\",\"target\":[\"https:\/\/www.superawesome.com\/fr\/parents-policy-makers-fr\/\"]}]},{\"@type\":\"BreadcrumbList\",\"@id\":\"https:\/\/www.superawesome.com\/fr\/parents-policy-makers-fr\/#breadcrumb\",\"itemListElement\":[{\"@type\":\"ListItem\",\"position\":1,\"name\":\"Home\",\"item\":\"https:\/\/www.superawesome.com\/\"},{\"@type\":\"ListItem\",\"position\":2,\"name\":\"Parents &#038; Policy Makers &#8211; FR\"}]},{\"@type\":\"WebSite\",\"@id\":\"https:\/\/www.superawesome.com\/#website\",\"url\":\"https:\/\/www.superawesome.com\/\",\"name\":\"SuperAwesome\",\"description\":\"Powering a better internet for the next generation\",\"publisher\":{\"@id\":\"https:\/\/www.superawesome.com\/#organization\"},\"potentialAction\":[{\"@type\":\"SearchAction\",\"target\":{\"@type\":\"EntryPoint\",\"urlTemplate\":\"https:\/\/www.superawesome.com\/?s={search_term_string}\"},\"query-input\":{\"@type\":\"PropertyValueSpecification\",\"valueRequired\":true,\"valueName\":\"search_term_string\"}}],\"inLanguage\":\"fr-FR\"},{\"@type\":\"Organization\",\"@id\":\"https:\/\/www.superawesome.com\/#organization\",\"name\":\"SuperAwesome\",\"url\":\"https:\/\/www.superawesome.com\/\",\"logo\":{\"@type\":\"ImageObject\",\"inLanguage\":\"fr-FR\",\"@id\":\"https:\/\/www.superawesome.com\/#\/schema\/logo\/image\/\",\"url\":\"https:\/\/www.superawesome.com\/wp-content\/uploads\/2022\/08\/SA_Logo_Main.png\",\"contentUrl\":\"https:\/\/www.superawesome.com\/wp-content\/uploads\/2022\/08\/SA_Logo_Main.png\",\"width\":400,\"height\":171,\"caption\":\"SuperAwesome\"},\"image\":{\"@id\":\"https:\/\/www.superawesome.com\/#\/schema\/logo\/image\/\"},\"sameAs\":[\"https:\/\/x.com\/GoSuperAwesome\"]}]}<\/script>\n<!-- \/ Yoast SEO plugin. -->","yoast_head_json":{"title":"Parents & Policy Makers - FR - SuperAwesome","robots":{"index":"index","follow":"follow","max-snippet":"max-snippet:-1","max-image-preview":"max-image-preview:large","max-video-preview":"max-video-preview:-1"},"canonical":"https:\/\/www.superawesome.com\/fr\/parents-policy-makers-fr\/","og_locale":"fr_FR","og_type":"article","og_title":"Parents & Policy Makers - FR - SuperAwesome","og_url":"https:\/\/www.superawesome.com\/fr\/parents-policy-makers-fr\/","og_site_name":"SuperAwesome","article_modified_time":"2024-01-26T17:39:34+00:00","og_image":[{"width":1920,"height":1080,"url":"https:\/\/www.superawesome.com\/wp-content\/uploads\/2024\/02\/SA_Thumbnail_noepic.png","type":"image\/png"}],"twitter_card":"summary_large_image","twitter_site":"@GoSuperAwesome","schema":{"@context":"https:\/\/schema.org","@graph":[{"@type":"WebPage","@id":"https:\/\/www.superawesome.com\/fr\/parents-policy-makers-fr\/","url":"https:\/\/www.superawesome.com\/fr\/parents-policy-makers-fr\/","name":"Parents & Policy Makers - FR - SuperAwesome","isPartOf":{"@id":"https:\/\/www.superawesome.com\/#website"},"datePublished":"2019-06-26T18:16:57+00:00","dateModified":"2024-01-26T17:39:34+00:00","breadcrumb":{"@id":"https:\/\/www.superawesome.com\/fr\/parents-policy-makers-fr\/#breadcrumb"},"inLanguage":"fr-FR","potentialAction":[{"@type":"ReadAction","target":["https:\/\/www.superawesome.com\/fr\/parents-policy-makers-fr\/"]}]},{"@type":"BreadcrumbList","@id":"https:\/\/www.superawesome.com\/fr\/parents-policy-makers-fr\/#breadcrumb","itemListElement":[{"@type":"ListItem","position":1,"name":"Home","item":"https:\/\/www.superawesome.com\/"},{"@type":"ListItem","position":2,"name":"Parents &#038; Policy Makers &#8211; FR"}]},{"@type":"WebSite","@id":"https:\/\/www.superawesome.com\/#website","url":"https:\/\/www.superawesome.com\/","name":"SuperAwesome","description":"Powering a better internet for the next generation","publisher":{"@id":"https:\/\/www.superawesome.com\/#organization"},"potentialAction":[{"@type":"SearchAction","target":{"@type":"EntryPoint","urlTemplate":"https:\/\/www.superawesome.com\/?s={search_term_string}"},"query-input":{"@type":"PropertyValueSpecification","valueRequired":true,"valueName":"search_term_string"}}],"inLanguage":"fr-FR"},{"@type":"Organization","@id":"https:\/\/www.superawesome.com\/#organization","name":"SuperAwesome","url":"https:\/\/www.superawesome.com\/","logo":{"@type":"ImageObject","inLanguage":"fr-FR","@id":"https:\/\/www.superawesome.com\/#\/schema\/logo\/image\/","url":"https:\/\/www.superawesome.com\/wp-content\/uploads\/2022\/08\/SA_Logo_Main.png","contentUrl":"https:\/\/www.superawesome.com\/wp-content\/uploads\/2022\/08\/SA_Logo_Main.png","width":400,"height":171,"caption":"SuperAwesome"},"image":{"@id":"https:\/\/www.superawesome.com\/#\/schema\/logo\/image\/"},"sameAs":["https:\/\/x.com\/GoSuperAwesome"]}]}},"_links":{"self":[{"href":"https:\/\/www.superawesome.com\/fr\/wp-json\/wp\/v2\/pages\/17231","targetHints":{"allow":["GET"]}}],"collection":[{"href":"https:\/\/www.superawesome.com\/fr\/wp-json\/wp\/v2\/pages"}],"about":[{"href":"https:\/\/www.superawesome.com\/fr\/wp-json\/wp\/v2\/types\/page"}],"author":[{"embeddable":true,"href":"https:\/\/www.superawesome.com\/fr\/wp-json\/wp\/v2\/users\/66"}],"replies":[{"embeddable":true,"href":"https:\/\/www.superawesome.com\/fr\/wp-json\/wp\/v2\/comments?post=17231"}],"version-history":[{"count":0,"href":"https:\/\/www.superawesome.com\/fr\/wp-json\/wp\/v2\/pages\/17231\/revisions"}],"wp:attachment":[{"href":"https:\/\/www.superawesome.com\/fr\/wp-json\/wp\/v2\/media?parent=17231"}],"curies":[{"name":"wp","href":"https:\/\/api.w.org\/{rel}","templated":true}]}}