{"id":17230,"date":"2019-06-26T18:18:24","date_gmt":"2019-06-26T17:18:24","guid":{"rendered":"https:\/\/www.superawesome.com\/?page_id=17230"},"modified":"2024-01-26T17:36:27","modified_gmt":"2024-01-26T17:36:27","slug":"creators-influencers-fr","status":"publish","type":"page","link":"https:\/\/www.superawesome.com\/fr\/creators-influencers-fr\/","title":{"rendered":"Creators &#038; Influencers &#8211; FR"},"content":{"rendered":"\n<\/div><!-- container -->\n<section class=\"block-product-hero   \" style=\"background-color:white\">\n      <div class=\"container\">\n  <div class=\"row\">\n    <div class=\"col-md-5\">\n      <div class=\"content\">\n        \n        <h2 class=\"text-black\">Participez \u00e0 des campagnes mondiales en collaboration avec les plus grandes marques d\u00e9di\u00e9es \u00e0 la jeunesse et \u00e0 la famille.<\/h2>\n        <p class=\"text-black\">Les marques, avec lesquelles nous travaillons, ont besoin de cr\u00e9ateurs, qui soient en ad\u00e9quation avec elles, et capables de cr\u00e9er du contenu responsable pour les jeunes publics. Notre programme SafeFam vous aidera \u00e0 mieux comprendre les crit\u00e8res de cr\u00e9ation de contenu pour ces publics, afin d\u2019acc\u00e9der \u00e0 de nouvelles opportunit\u00e9s de partenariat.<\/p>\n        <div class=\"block-product-hero--buttons flex flex-wrap\">\n                <a href=\"https:\/\/www.superawesome.com\/safefam\/\" class=\"btn btn-primary m-r-15\" target=\"_self\">\n      EN SAVOIR PLUS SUR SAFEFAM\n    <\/a>\n  \n            \n        <\/div>\n      <\/div>\n    <\/div>\n\n    <div class=\"col-md-6\">\n              <figure class=\"image\">\n          <img decoding=\"async\" src=\"https:\/\/www.superawesome.com\/wp-content\/uploads\/2022\/08\/SA_2022_Image5-1.png\" alt=\"SA_2022_Image5\">\n        <\/figure>\n          <\/div>\n  <\/div>\n  <\/div>\n  <\/section>\n\n<div class=\"container\">\n\n\n\n<\/div><!-- container -->\n\n<section class=\"block-skewed  mb-96 remove-top-margin \" style=\"z-index:99;\">\n\n    <div class=\"skewed-content-container\">\n        \n        <div class=\"section-background\" style=\"background-color: #6806ee\"><\/div>\n\n        <div class=\"content slideindown\"><h2 style=\"text-align: center;\">Collaborez avec des marques de premier plan sur le march\u00e9 de la famille.<\/h2>\n<\/div>\n\n    <\/div>\n\n<\/section>\n\n<div class=\"container\">\n\n<\/div><!-- container -->\n<div class=\"container icon-cards-container\">\n<section class=\"block-icon-cards 3   slideindownnomobile\">\n    <h2>Quel partenariat nous vous proposons<\/h2>    \n        <div class=\"cards slideindownnomobile\">\n            <div class=\"card card-hover-state  text-centered\">\n                    <figure class=\"card-icon\" style=\"max-width:190px\">\n                <img decoding=\"async\" class=\"style-\" src=\"https:\/\/www.superawesome.com\/wp-content\/uploads\/2022\/08\/SA_NewIcons_Blue-73.png\" alt=\"SA_NewIcons_Blue-73\">\n            <\/figure>\n                            <h3>Contrats avec des marque<\/h3>\n                    <p class=\"card-text\">Nous travaillons avec des marques internationales sur des campagnes d\u2019influence destin\u00e9es \u00e0 des plateformes phares des r\u00e9seaux sociaux <\/p>\n                <\/div>\n            <div class=\"card card-hover-state  text-centered\">\n                    <figure class=\"card-icon\" style=\"max-width:190px\">\n                <img decoding=\"async\" class=\"style-\" src=\"https:\/\/www.superawesome.com\/wp-content\/uploads\/2022\/08\/SA_NewIcons_Blue-88.png\" alt=\"SA_NewIcons_Blue-88\">\n            <\/figure>\n                            <h3>Opportunit\u00e9s \u00ab earned \u00bb <\/h3>\n                    <p class=\"card-text\">Nous collaborons avec des nano et micro-influenceurs sur des opportunit\u00e9s \u00ab earned \u00bb, en accompagnant des talents prometteurs pour leur permettre d\u2019\u00e9tablir des relations solides avec les marques. <\/p>\n                <\/div>\n            <div class=\"card card-hover-state  text-centered\">\n                    <figure class=\"card-icon\" style=\"max-width:190px\">\n                <img decoding=\"async\" class=\"style-\" src=\"https:\/\/www.superawesome.com\/wp-content\/uploads\/2022\/08\/SA_NewIcons_Blue-96.png\" alt=\"SA_NewIcons_Blue-96\">\n            <\/figure>\n                            <h3>\u00c9tudes<\/h3>\n                    <p class=\"card-text\">Nous menons des \u00e9tudes conjointement avec des influenceurs pour les marques. Vous \u00eates des pr\u00e9curseurs, et les marques veulent conna\u00eetre votre avis sur leurs tout nouveaux produits. <\/p>\n                <\/div>\n        <\/div><!-- .cards -->\n    <\/section>\n<\/div><!-- container -->\n<div class=\"container\">\n\n\n\n<section class=\"block-image-content  mt-96  \" >\n\n  \n  \n  <div class=\"row \">\n    <div class=\"col-md-6 slideinright image-container \">\n                                              <figure class=\"image\">\n          <img decoding=\"async\" src=\"https:\/\/www.superawesome.com\/wp-content\/uploads\/2022\/08\/Images_Web_PlayButton-scaled.png\" alt=\"Images_Web_PlayButton\">\n        <\/figure>\n                  <\/div>\n\n    <div class=\"col-md-6 slideinleft content-container\">\n      <div class=\"content\">\n                  <h3 class=\"h1\">Assurez la s\u00e9curit\u00e9 des jeunes et de la marque dans les vid\u00e9os sur les r\u00e9seaux sociaux : guide pour les cr\u00e9ateurs de contenu<\/h3>\n        \n        \n        <p>Il est parfois compliqu\u00e9 pour les cr\u00e9ateurs de contenu de se tenir inform\u00e9s de l\u2019\u00e9volution des r\u00e9glementations en mati\u00e8re de protection de la vie priv\u00e9e des jeunes sur les plateformes vid\u00e9o des r\u00e9seaux sociaux.<\/p>\n<p>Voici quelques recommandations cl\u00e9s pour assurer la s\u00e9curit\u00e9 de vos vid\u00e9os et de votre cha\u00eene, lorsque vous vous adressez au jeune public.<\/p>\n\n\n        \n              <a href=\"https:\/\/www.superawesome.com\/blog\/kid-brand-safety-social-video\/\" class=\"btn btn-primary \" target=\"_self\">\n      LIRE NOTRE BLOG \n    <\/a>\n  \n      <\/div>\n    <\/div>\n  <\/div>\n  \n<\/section>\n\n\n\n\n<\/div> <!-- end .container -->\n\n<section class=\"block-brands  mb-1\">\n  <h2 class=\"slideindown\">Plus de <strong>300<\/strong> marques et \u00e9diteurs de contenu leaders de leur secteur nous font confiance<\/h2>\n  <div class=\"container\">\n    <ul class=\"brands-list\">\n      <li><img decoding=\"async\" src=\"https:\/\/www.superawesome.com\/wp-content\/uploads\/2021\/04\/Nike.png\" alt=\"Nike logo\" width=\"106.5\"><\/li>\n      <li><img decoding=\"async\" src=\"https:\/\/www.superawesome.com\/wp-content\/uploads\/2021\/04\/Outfit7.png\" alt=\"Outfit7 logo\" width=\"100.5\"><\/li>\n      <li><img decoding=\"async\" src=\"https:\/\/www.superawesome.com\/wp-content\/uploads\/2021\/04\/Netflix.png\" alt=\"Netflix logo\" width=\"150.5\"><\/li>\n      <li><img decoding=\"async\" src=\"https:\/\/www.superawesome.com\/wp-content\/uploads\/2021\/04\/Nick.png\" alt=\"Nickelodeon logo\" width=\"250.5\"><\/li>\n      <li><img decoding=\"async\" src=\"https:\/\/www.superawesome.com\/wp-content\/uploads\/2021\/04\/Warner-Bros.png\" alt=\"Warner Brothers Logo\" width=\"150.5\"><\/li>\n      <li><img decoding=\"async\" src=\"https:\/\/www.superawesome.com\/wp-content\/uploads\/2021\/04\/EA.png\" alt=\"EA logo\" width=\"100.5\"><\/li>\n      <li><img decoding=\"async\" src=\"https:\/\/www.superawesome.com\/wp-content\/uploads\/2021\/04\/Sega.png\" alt=\"SEGA logo\" width=\"125.5\"><\/li>\n      <li><img decoding=\"async\" src=\"\" alt=\"\" width=\"0\"><\/li>\n      <li><img decoding=\"async\" src=\"https:\/\/www.superawesome.com\/wp-content\/uploads\/2021\/04\/Kelloggs.png\" alt=\"Kelloggs logo\" width=\"150.5\"><\/li>\n      <li><img decoding=\"async\" src=\"https:\/\/www.superawesome.com\/wp-content\/uploads\/2021\/04\/Hasbro.png\" alt=\"Hasbro logo\" width=\"250\"><\/li>\n      <li><img decoding=\"async\" src=\"https:\/\/www.superawesome.com\/wp-content\/uploads\/2021\/04\/Mattel.png\" alt=\"Mattel logo\" width=\"108.5\"><\/li>\n      <li><img decoding=\"async\" src=\"https:\/\/www.superawesome.com\/wp-content\/uploads\/2021\/04\/Unilever.png\" alt=\"Unilever logo\" width=\"125.5\"><\/li>\n    <\/ul>\n  <\/div>\n<\/section>\n\n<div class=\"wave-separator\"><\/div>\n\n<div class=\"container\">\n\n\n\n<section class=\"block-cta  \">\n  <h2 class=\"medium\">Travaillons ensemble !<\/h2>\n\n        <a id=\"cta-btn\" href=\"#\" class=\"btn btn-primary\" target=\"_self\">\n      NOUS CONTACTER\n    <\/a>\n  \n\n      <div data-contact-form class=\"contact-form-hubspot\">\n              <!--[if lte IE 8]>\n        <script charset=\"utf-8\" type=\"text\/javascript\" src=\"\/\/js.hsforms.net\/forms\/v2-legacy.js\"><\/script>\n        <![endif]-->\n        <script charset=\"utf-8\" type=\"text\/javascript\" src=\"\/\/js.hsforms.net\/forms\/v2.js\"><\/script>\n      \n      <script>\n        hbspt.forms.create({\n          portalId: \"5009836\",\n          formId: \"d6f951e2-ff41-4a96-ae90-31acdef15f8e\",\n          onFormSubmit: function(){\n            setTimeout(function(){\n              var $thankYou = $('#contact-form-hubspot-thank-you');\n              $thankYou.show();\n              $thankYou.parents().find('.block-cta').first().find('h2').remove();\n            }, 100 );\n          }\n        });\n      <\/script>\n      <div id=\"contact-form-hubspot-thank-you\" class=\"contact-form-hubspot-thank-you\" style=\"display:none\">\n        \n      <\/div>\n    <\/div>\n  \n<\/section>\n","protected":false},"excerpt":{"rendered":"","protected":false},"author":66,"featured_media":0,"parent":0,"menu_order":0,"comment_status":"closed","ping_status":"closed","template":"","meta":{"_acf_changed":false,"content-type":"","_monsterinsights_skip_tracking":false,"_monsterinsights_sitenote_active":false,"_monsterinsights_sitenote_note":"","_monsterinsights_sitenote_category":0,"footnotes":""},"class_list":["post-17230","page","type-page","status-publish","hentry"],"acf":{"spotify_url":"","amazon_music_url":"","sound_cloud_url":""},"yoast_head":"<!-- This site is optimized with the Yoast SEO plugin v27.4 - https:\/\/yoast.com\/product\/yoast-seo-wordpress\/ -->\n<title>Creators &amp; Influencers - FR - SuperAwesome<\/title>\n<meta name=\"robots\" content=\"index, follow, max-snippet:-1, max-image-preview:large, max-video-preview:-1\" \/>\n<link rel=\"canonical\" href=\"https:\/\/www.superawesome.com\/fr\/creators-influencers-fr\/\" \/>\n<meta property=\"og:locale\" content=\"fr_FR\" \/>\n<meta property=\"og:type\" content=\"article\" \/>\n<meta property=\"og:title\" content=\"Creators &amp; Influencers - FR - SuperAwesome\" \/>\n<meta property=\"og:url\" content=\"https:\/\/www.superawesome.com\/fr\/creators-influencers-fr\/\" \/>\n<meta property=\"og:site_name\" content=\"SuperAwesome\" \/>\n<meta property=\"article:modified_time\" content=\"2024-01-26T17:36:27+00:00\" \/>\n<meta property=\"og:image\" content=\"https:\/\/www.superawesome.com\/wp-content\/uploads\/2024\/02\/SA_Thumbnail_noepic.png\" \/>\n\t<meta property=\"og:image:width\" content=\"1920\" \/>\n\t<meta property=\"og:image:height\" content=\"1080\" \/>\n\t<meta property=\"og:image:type\" content=\"image\/png\" \/>\n<meta name=\"twitter:card\" content=\"summary_large_image\" \/>\n<meta name=\"twitter:site\" content=\"@GoSuperAwesome\" \/>\n<script type=\"application\/ld+json\" class=\"yoast-schema-graph\">{\"@context\":\"https:\\\/\\\/schema.org\",\"@graph\":[{\"@type\":\"WebPage\",\"@id\":\"https:\\\/\\\/www.superawesome.com\\\/fr\\\/creators-influencers-fr\\\/\",\"url\":\"https:\\\/\\\/www.superawesome.com\\\/fr\\\/creators-influencers-fr\\\/\",\"name\":\"Creators & Influencers - FR - SuperAwesome\",\"isPartOf\":{\"@id\":\"https:\\\/\\\/www.superawesome.com\\\/#website\"},\"datePublished\":\"2019-06-26T17:18:24+00:00\",\"dateModified\":\"2024-01-26T17:36:27+00:00\",\"breadcrumb\":{\"@id\":\"https:\\\/\\\/www.superawesome.com\\\/fr\\\/creators-influencers-fr\\\/#breadcrumb\"},\"inLanguage\":\"fr-FR\",\"potentialAction\":[{\"@type\":\"ReadAction\",\"target\":[\"https:\\\/\\\/www.superawesome.com\\\/fr\\\/creators-influencers-fr\\\/\"]}]},{\"@type\":\"BreadcrumbList\",\"@id\":\"https:\\\/\\\/www.superawesome.com\\\/fr\\\/creators-influencers-fr\\\/#breadcrumb\",\"itemListElement\":[{\"@type\":\"ListItem\",\"position\":1,\"name\":\"Home\",\"item\":\"https:\\\/\\\/www.superawesome.com\\\/\"},{\"@type\":\"ListItem\",\"position\":2,\"name\":\"Creators &#038; Influencers &#8211; FR\"}]},{\"@type\":\"WebSite\",\"@id\":\"https:\\\/\\\/www.superawesome.com\\\/#website\",\"url\":\"https:\\\/\\\/www.superawesome.com\\\/\",\"name\":\"SuperAwesome\",\"description\":\"Powering a better internet for the next generation\",\"publisher\":{\"@id\":\"https:\\\/\\\/www.superawesome.com\\\/#organization\"},\"potentialAction\":[{\"@type\":\"SearchAction\",\"target\":{\"@type\":\"EntryPoint\",\"urlTemplate\":\"https:\\\/\\\/www.superawesome.com\\\/?s={search_term_string}\"},\"query-input\":{\"@type\":\"PropertyValueSpecification\",\"valueRequired\":true,\"valueName\":\"search_term_string\"}}],\"inLanguage\":\"fr-FR\"},{\"@type\":\"Organization\",\"@id\":\"https:\\\/\\\/www.superawesome.com\\\/#organization\",\"name\":\"SuperAwesome\",\"url\":\"https:\\\/\\\/www.superawesome.com\\\/\",\"logo\":{\"@type\":\"ImageObject\",\"inLanguage\":\"fr-FR\",\"@id\":\"https:\\\/\\\/www.superawesome.com\\\/#\\\/schema\\\/logo\\\/image\\\/\",\"url\":\"https:\\\/\\\/www.superawesome.com\\\/wp-content\\\/uploads\\\/2022\\\/08\\\/SA_Logo_Main.png\",\"contentUrl\":\"https:\\\/\\\/www.superawesome.com\\\/wp-content\\\/uploads\\\/2022\\\/08\\\/SA_Logo_Main.png\",\"width\":400,\"height\":171,\"caption\":\"SuperAwesome\"},\"image\":{\"@id\":\"https:\\\/\\\/www.superawesome.com\\\/#\\\/schema\\\/logo\\\/image\\\/\"},\"sameAs\":[\"https:\\\/\\\/x.com\\\/GoSuperAwesome\"]}]}<\/script>\n<!-- \/ Yoast SEO plugin. -->","yoast_head_json":{"title":"Creators & Influencers - FR - SuperAwesome","robots":{"index":"index","follow":"follow","max-snippet":"max-snippet:-1","max-image-preview":"max-image-preview:large","max-video-preview":"max-video-preview:-1"},"canonical":"https:\/\/www.superawesome.com\/fr\/creators-influencers-fr\/","og_locale":"fr_FR","og_type":"article","og_title":"Creators & Influencers - FR - SuperAwesome","og_url":"https:\/\/www.superawesome.com\/fr\/creators-influencers-fr\/","og_site_name":"SuperAwesome","article_modified_time":"2024-01-26T17:36:27+00:00","og_image":[{"width":1920,"height":1080,"url":"https:\/\/www.superawesome.com\/wp-content\/uploads\/2024\/02\/SA_Thumbnail_noepic.png","type":"image\/png"}],"twitter_card":"summary_large_image","twitter_site":"@GoSuperAwesome","schema":{"@context":"https:\/\/schema.org","@graph":[{"@type":"WebPage","@id":"https:\/\/www.superawesome.com\/fr\/creators-influencers-fr\/","url":"https:\/\/www.superawesome.com\/fr\/creators-influencers-fr\/","name":"Creators & Influencers - FR - SuperAwesome","isPartOf":{"@id":"https:\/\/www.superawesome.com\/#website"},"datePublished":"2019-06-26T17:18:24+00:00","dateModified":"2024-01-26T17:36:27+00:00","breadcrumb":{"@id":"https:\/\/www.superawesome.com\/fr\/creators-influencers-fr\/#breadcrumb"},"inLanguage":"fr-FR","potentialAction":[{"@type":"ReadAction","target":["https:\/\/www.superawesome.com\/fr\/creators-influencers-fr\/"]}]},{"@type":"BreadcrumbList","@id":"https:\/\/www.superawesome.com\/fr\/creators-influencers-fr\/#breadcrumb","itemListElement":[{"@type":"ListItem","position":1,"name":"Home","item":"https:\/\/www.superawesome.com\/"},{"@type":"ListItem","position":2,"name":"Creators &#038; Influencers &#8211; FR"}]},{"@type":"WebSite","@id":"https:\/\/www.superawesome.com\/#website","url":"https:\/\/www.superawesome.com\/","name":"SuperAwesome","description":"Powering a better internet for the next generation","publisher":{"@id":"https:\/\/www.superawesome.com\/#organization"},"potentialAction":[{"@type":"SearchAction","target":{"@type":"EntryPoint","urlTemplate":"https:\/\/www.superawesome.com\/?s={search_term_string}"},"query-input":{"@type":"PropertyValueSpecification","valueRequired":true,"valueName":"search_term_string"}}],"inLanguage":"fr-FR"},{"@type":"Organization","@id":"https:\/\/www.superawesome.com\/#organization","name":"SuperAwesome","url":"https:\/\/www.superawesome.com\/","logo":{"@type":"ImageObject","inLanguage":"fr-FR","@id":"https:\/\/www.superawesome.com\/#\/schema\/logo\/image\/","url":"https:\/\/www.superawesome.com\/wp-content\/uploads\/2022\/08\/SA_Logo_Main.png","contentUrl":"https:\/\/www.superawesome.com\/wp-content\/uploads\/2022\/08\/SA_Logo_Main.png","width":400,"height":171,"caption":"SuperAwesome"},"image":{"@id":"https:\/\/www.superawesome.com\/#\/schema\/logo\/image\/"},"sameAs":["https:\/\/x.com\/GoSuperAwesome"]}]}},"_links":{"self":[{"href":"https:\/\/www.superawesome.com\/fr\/wp-json\/wp\/v2\/pages\/17230","targetHints":{"allow":["GET"]}}],"collection":[{"href":"https:\/\/www.superawesome.com\/fr\/wp-json\/wp\/v2\/pages"}],"about":[{"href":"https:\/\/www.superawesome.com\/fr\/wp-json\/wp\/v2\/types\/page"}],"author":[{"embeddable":true,"href":"https:\/\/www.superawesome.com\/fr\/wp-json\/wp\/v2\/users\/66"}],"replies":[{"embeddable":true,"href":"https:\/\/www.superawesome.com\/fr\/wp-json\/wp\/v2\/comments?post=17230"}],"version-history":[{"count":0,"href":"https:\/\/www.superawesome.com\/fr\/wp-json\/wp\/v2\/pages\/17230\/revisions"}],"wp:attachment":[{"href":"https:\/\/www.superawesome.com\/fr\/wp-json\/wp\/v2\/media?parent=17230"}],"curies":[{"name":"wp","href":"https:\/\/api.w.org\/{rel}","templated":true}]}}