{"id":17228,"date":"2019-06-28T09:24:16","date_gmt":"2019-06-28T08:24:16","guid":{"rendered":"https:\/\/www.superawesome.com\/?page_id=17228"},"modified":"2024-01-26T17:25:48","modified_gmt":"2024-01-26T17:25:48","slug":"awesomeads-for-content-owners-and-platforms-fr","status":"publish","type":"page","link":"https:\/\/www.superawesome.com\/fr\/awesomeads-for-content-owners-and-platforms-fr\/","title":{"rendered":"AwesomeAds for Content Owners and Platforms &#8211; FR"},"content":{"rendered":"<section class=\"new-standard-hero break-container\">\n  <img loading=\"lazy\" decoding=\"async\" width=\"1024\" height=\"395\" src=\"https:\/\/www.superawesome.com\/wp-content\/uploads\/2022\/08\/SA_Website_Product_BGBanners-07.svg\" class=\"new-standard-hero--background\" alt=\"\" \/>  <div class=\"container  pt-64 pb-160\">\n    <div class=\"new-standard-hero--inner text-white\">\n      <div class=\"row align-center space-between\">\n        <div class=\"col-md-5\">\n          <h2>La seule plateforme publicitaire mondiale d\u00e9di\u00e9e aux marques du secteur de la jeunesse<\/h2>\n<p>Mettez en relation votre jeune public avec les plus grandes marques mondiales pour la jeunesse gr\u00e2ce \u00e0 notre technologie exclusive de ciblage contextuel d&rsquo;AwesomeAds Marketplace. Elle permet une mon\u00e9tisation efficace et de grande qualit\u00e9, en conformit\u00e9 avec la loi COPPA et le RGPD (article 8 relatif aux mineurs).<\/p>\n<a class='btn btn-white btn-normal' href=\"https:\/\/superawesome.com\/contact-us\/\">NOUS CONTACTER<\/a>\n        <\/div>\n        <div class=\"col-md-6\">\n          <img loading=\"lazy\" decoding=\"async\" width=\"1024\" height=\"200\" src=\"https:\/\/www.superawesome.com\/wp-content\/uploads\/2021\/11\/AA_Logo_Publishers_White-1024x200.png\" class=\"attachment-large size-large\" alt=\"\" srcset=\"https:\/\/www.superawesome.com\/wp-content\/uploads\/2021\/11\/AA_Logo_Publishers_White-1024x200.png 1024w, https:\/\/www.superawesome.com\/wp-content\/uploads\/2021\/11\/AA_Logo_Publishers_White-300x59.png 300w, https:\/\/www.superawesome.com\/wp-content\/uploads\/2021\/11\/AA_Logo_Publishers_White-768x150.png 768w, https:\/\/www.superawesome.com\/wp-content\/uploads\/2021\/11\/AA_Logo_Publishers_White.png 1200w\" sizes=\"auto, (max-width: 1024px) 100vw, 1024px\" \/>        <\/div>\n      <\/div>\n    <\/div>      \n  <\/div>\n<\/section>\n\n<section class=\"overlap-image break-container\" style=\"margin-top:-150px\">\n  <div class=\"container container--small  pb-96\">\n    <div class=\"overlap-image--inner text-center\">\n            <h2>Vous avez le contr\u00f4le.<\/h2>\n<p>Avec AwesomeAds Marketplace, vous g\u00e9rez les publicit\u00e9s qui s\u2019affichent dans votre contenu d\u00e9di\u00e9 aux  jeunes.<\/p>\n<p>Gr\u00e2ce \u00e0 notre processus de validation des \u00e9diteurs, vous b\u00e9n\u00e9ficiez d\u2019une visibilit\u00e9 totale sur toutes les publicit\u00e9s en lien avec vos applications et vos sites, ce qui vous permet de les valider ou de les rejeter en temps r\u00e9el.<\/p>\n<a class='btn btn-black btn-normal' href=\"https:\/\/superawesome.com\/contact-us\/\">NOUS CONTACTER<\/a>\n    <\/div>      \n  <\/div>\n<\/section>\n\n\n<p class=\"has-text-align-center\"><em><em>La technologie exclusive de ciblage contextuel d\u2019AwesomeAds\u00a0Marketplace est certifi\u00e9e par le programme kidSAFE Seal dans le cadre du programme COPPA Safe Harbor de la\u00a0FTC, le Privacy Certified Kids Seal de\u00a0l&rsquo;ESRB et le programme COPPA Safe Harbor de la\u00a0CARU.<\/em><\/em><\/p>\n\n\n\n<div class=\"wp-block-columns is-layout-flex wp-container-core-columns-is-layout-9d6595d7 wp-block-columns-is-layout-flex\">\n<div class=\"wp-block-column is-layout-flow wp-block-column-is-layout-flow\">\n<a target=\"_blank\" title=\"Click for the Privacy Confirmation of SuperAwesome\" href=\"https:\/\/caru.bbbprograms.org\/seal\/Confirmation\/326152976\" rel=\"noopener\"><img decoding=\"async\" alt=\"SuperAwesome confirmation seal\" style=\"border: 0; \" src=\"https:\/\/www.superawesome.com\/wp-content\/uploads\/2021\/04\/Caru.png\"><\/a>\n<\/div>\n\n\n\n<div class=\"wp-block-column is-layout-flow wp-block-column-is-layout-flow\">\n<a href=\"https:\/\/www.kidsafeseal.com\/certifiedproducts\/superawesome_ads.html\" target=\"_blank\" rel=\"noopener noreferrer\"><img decoding=\"async\" width=\"200px\" border=\"0\" alt=\"SuperAwesome Ad Platform (Awesome Ads) is certified by the kidSAFE Seal Program.\" src=\"https:\/\/www.kidsafeseal.com\/sealimage\/20514916241307214700\/superawesome_ads_large_darktm.png\"><\/a>\n\n\n\n<p><\/p>\n<\/div>\n\n\n\n<div class=\"wp-block-column is-layout-flow wp-block-column-is-layout-flow\" style=\"flex-basis:20.3%\"><div class=\"wp-block-image\">\n<figure class=\"aligncenter size-full is-resized\"><a href=\"https:\/\/www.esrb.org\/EPCConfirm\/925\/\" target=\"_blank\" rel=\"noreferrer noopener\"><img loading=\"lazy\" decoding=\"async\" width=\"144\" height=\"195\" src=\"https:\/\/www.superawesome.com\/wp-content\/uploads\/2023\/01\/2022-Privacy-Certified-Kids_color-_2-2.png\" alt=\"\" class=\"wp-image-15769\" style=\"width:90px;height:121px\"\/><\/a><\/figure>\n<\/div><\/div>\n<\/div>\n\n\n\n<p class=\"has-text-align-center\"><em>The COPPA Safe Harbor Programs do not certify individual ads or ad campaigns.<\/em><\/p>\n\n\n\n\n<section class=\"block-image-content  mt-96  \" >\n\n  \n  \n  <div class=\"row \">\n    <div class=\"col-md-6 slideinright image-container \">\n                                              <figure class=\"image\">\n          <img decoding=\"async\" src=\"https:\/\/www.superawesome.com\/wp-content\/uploads\/2022\/08\/Images_Web_SafeAD.png\" alt=\"Images_Web_SafeAD\">\n        <\/figure>\n                  <\/div>\n\n    <div class=\"col-md-6 slideinleft content-container\">\n      <div class=\"content\">\n                  <h3 class=\"h1\">Le filigrane SAFE Ad <\/h3>\n        \n        \n        <p>Le filigrane \u00ab SAFE AD \u00bb est appos\u00e9 sur chaque publicit\u00e9 diffus\u00e9e via AwesomeAds Marketplace pour indiquer :<br \/>\n<br \/>&#8211; qu\u2019elle est diffus\u00e9e uniquement de mani\u00e8re contextuelle, en conformit\u00e9 avec la loi COPPA et le RGPD (article 8 relatif aux mineurs), et qu\u2019aucun ciblage comportemental bas\u00e9 sur des cookies, ni aucun profilage d&rsquo;utilisateur n&rsquo;est effectu\u00e9<\/br><br \/>\n<br \/>&#8211; que sa conformit\u00e9 aux r\u00e8gles publicitaires de SuperAwesome a \u00e9t\u00e9 v\u00e9rifi\u00e9e par un \u00eatre humain.<\/br><\/p>\n\n\n        \n          \n      <\/div>\n    <\/div>\n  <\/div>\n  \n<\/section>\n\n\n\n\n\n\n<section class=\"block-cta  \">\n  <h2 class=\"medium\">Contactez-nous sans attendre pour en savoir plus sur AwesomeAds Marketplace, et d\u00e9couvrir comment mon\u00e9tiser en toute s\u00e9curit\u00e9 vos interactions avec les jeunes.<\/h2>\n\n        <a id=\"cta-btn\" href=\"https:\/\/www.superawesome.com\/contact-us\/\" class=\"btn btn-primary\" target=\"_self\">\n      NOUS CONTACTER\n    <\/a>\n  \n\n      <div data-contact-form class=\"contact-form-hubspot\">\n              <!--[if lte IE 8]>\n        <script charset=\"utf-8\" type=\"text\/javascript\" src=\"\/\/js.hsforms.net\/forms\/v2-legacy.js\"><\/script>\n        <![endif]-->\n        <script charset=\"utf-8\" type=\"text\/javascript\" src=\"\/\/js.hsforms.net\/forms\/v2.js\"><\/script>\n      \n      <script>\n        hbspt.forms.create({\n          portalId: \"5009836\",\n          formId: \"d6f951e2-ff41-4a96-ae90-31acdef15f8e\",\n          onFormSubmit: function(){\n            setTimeout(function(){\n              var $thankYou = $('#contact-form-hubspot-thank-you');\n              $thankYou.show();\n              $thankYou.parents().find('.block-cta').first().find('h2').remove();\n            }, 100 );\n          }\n        });\n      <\/script>\n      <div id=\"contact-form-hubspot-thank-you\" class=\"contact-form-hubspot-thank-you\" style=\"display:none\">\n        \n      <\/div>\n    <\/div>\n  \n<\/section>\n","protected":false},"excerpt":{"rendered":"<p>La technologie exclusive de ciblage contextuel d\u2019AwesomeAds\u00a0Marketplace est certifi\u00e9e par le programme kidSAFE Seal dans le cadre du programme COPPA Safe Harbor de la\u00a0FTC, le Privacy Certified Kids Seal de\u00a0l&rsquo;ESRB et le programme COPPA Safe Harbor de la\u00a0CARU. The COPPA Safe Harbor Programs do not certify individual ads or ad campaigns.<\/p>\n","protected":false},"author":66,"featured_media":0,"parent":0,"menu_order":0,"comment_status":"closed","ping_status":"closed","template":"","meta":{"_acf_changed":false,"content-type":"","_monsterinsights_skip_tracking":false,"_monsterinsights_sitenote_active":false,"_monsterinsights_sitenote_note":"","_monsterinsights_sitenote_category":0,"footnotes":""},"class_list":["post-17228","page","type-page","status-publish","hentry"],"acf":{"spotify_url":"","amazon_music_url":"","sound_cloud_url":""},"yoast_head":"<!-- This site is optimized with the Yoast SEO plugin v26.8 - https:\/\/yoast.com\/product\/yoast-seo-wordpress\/ -->\n<title>AwesomeAds for Content Owners and Platforms - FR - SuperAwesome<\/title>\n<meta name=\"robots\" content=\"index, follow, max-snippet:-1, max-image-preview:large, max-video-preview:-1\" \/>\n<link rel=\"canonical\" href=\"https:\/\/www.superawesome.com\/fr\/awesomeads-for-content-owners-and-platforms-fr\/\" \/>\n<meta property=\"og:locale\" content=\"fr_FR\" \/>\n<meta property=\"og:type\" content=\"article\" \/>\n<meta property=\"og:title\" content=\"AwesomeAds for Content Owners and Platforms - FR - SuperAwesome\" \/>\n<meta property=\"og:description\" content=\"La technologie exclusive de ciblage contextuel d\u2019AwesomeAds\u00a0Marketplace est certifi\u00e9e par le programme kidSAFE Seal dans le cadre du programme COPPA Safe Harbor de la\u00a0FTC, le Privacy Certified Kids Seal de\u00a0l&rsquo;ESRB et le programme COPPA Safe Harbor de la\u00a0CARU. The COPPA Safe Harbor Programs do not certify individual ads or ad campaigns.\" \/>\n<meta property=\"og:url\" content=\"https:\/\/www.superawesome.com\/fr\/awesomeads-for-content-owners-and-platforms-fr\/\" \/>\n<meta property=\"og:site_name\" content=\"SuperAwesome\" \/>\n<meta property=\"article:modified_time\" content=\"2024-01-26T17:25:48+00:00\" \/>\n<meta property=\"og:image\" content=\"https:\/\/www.superawesome.com\/wp-content\/uploads\/2021\/04\/Caru.png\" \/>\n<meta name=\"twitter:card\" content=\"summary_large_image\" \/>\n<meta name=\"twitter:site\" content=\"@GoSuperAwesome\" \/>\n<script type=\"application\/ld+json\" class=\"yoast-schema-graph\">{\"@context\":\"https:\/\/schema.org\",\"@graph\":[{\"@type\":\"WebPage\",\"@id\":\"https:\/\/www.superawesome.com\/fr\/awesomeads-for-content-owners-and-platforms-fr\/\",\"url\":\"https:\/\/www.superawesome.com\/fr\/awesomeads-for-content-owners-and-platforms-fr\/\",\"name\":\"AwesomeAds for Content Owners and Platforms - FR - SuperAwesome\",\"isPartOf\":{\"@id\":\"https:\/\/www.superawesome.com\/#website\"},\"primaryImageOfPage\":{\"@id\":\"https:\/\/www.superawesome.com\/fr\/awesomeads-for-content-owners-and-platforms-fr\/#primaryimage\"},\"image\":{\"@id\":\"https:\/\/www.superawesome.com\/fr\/awesomeads-for-content-owners-and-platforms-fr\/#primaryimage\"},\"thumbnailUrl\":\"https:\/\/www.superawesome.com\/wp-content\/uploads\/2021\/04\/Caru.png\",\"datePublished\":\"2019-06-28T08:24:16+00:00\",\"dateModified\":\"2024-01-26T17:25:48+00:00\",\"breadcrumb\":{\"@id\":\"https:\/\/www.superawesome.com\/fr\/awesomeads-for-content-owners-and-platforms-fr\/#breadcrumb\"},\"inLanguage\":\"fr-FR\",\"potentialAction\":[{\"@type\":\"ReadAction\",\"target\":[\"https:\/\/www.superawesome.com\/fr\/awesomeads-for-content-owners-and-platforms-fr\/\"]}]},{\"@type\":\"ImageObject\",\"inLanguage\":\"fr-FR\",\"@id\":\"https:\/\/www.superawesome.com\/fr\/awesomeads-for-content-owners-and-platforms-fr\/#primaryimage\",\"url\":\"https:\/\/www.superawesome.com\/wp-content\/uploads\/2021\/04\/Caru.png\",\"contentUrl\":\"https:\/\/www.superawesome.com\/wp-content\/uploads\/2021\/04\/Caru.png\"},{\"@type\":\"BreadcrumbList\",\"@id\":\"https:\/\/www.superawesome.com\/fr\/awesomeads-for-content-owners-and-platforms-fr\/#breadcrumb\",\"itemListElement\":[{\"@type\":\"ListItem\",\"position\":1,\"name\":\"Home\",\"item\":\"https:\/\/www.superawesome.com\/\"},{\"@type\":\"ListItem\",\"position\":2,\"name\":\"AwesomeAds for Content Owners and Platforms &#8211; FR\"}]},{\"@type\":\"WebSite\",\"@id\":\"https:\/\/www.superawesome.com\/#website\",\"url\":\"https:\/\/www.superawesome.com\/\",\"name\":\"SuperAwesome\",\"description\":\"Powering a better internet for the next generation\",\"publisher\":{\"@id\":\"https:\/\/www.superawesome.com\/#organization\"},\"potentialAction\":[{\"@type\":\"SearchAction\",\"target\":{\"@type\":\"EntryPoint\",\"urlTemplate\":\"https:\/\/www.superawesome.com\/?s={search_term_string}\"},\"query-input\":{\"@type\":\"PropertyValueSpecification\",\"valueRequired\":true,\"valueName\":\"search_term_string\"}}],\"inLanguage\":\"fr-FR\"},{\"@type\":\"Organization\",\"@id\":\"https:\/\/www.superawesome.com\/#organization\",\"name\":\"SuperAwesome\",\"url\":\"https:\/\/www.superawesome.com\/\",\"logo\":{\"@type\":\"ImageObject\",\"inLanguage\":\"fr-FR\",\"@id\":\"https:\/\/www.superawesome.com\/#\/schema\/logo\/image\/\",\"url\":\"https:\/\/www.superawesome.com\/wp-content\/uploads\/2022\/08\/SA_Logo_Main.png\",\"contentUrl\":\"https:\/\/www.superawesome.com\/wp-content\/uploads\/2022\/08\/SA_Logo_Main.png\",\"width\":400,\"height\":171,\"caption\":\"SuperAwesome\"},\"image\":{\"@id\":\"https:\/\/www.superawesome.com\/#\/schema\/logo\/image\/\"},\"sameAs\":[\"https:\/\/x.com\/GoSuperAwesome\"]}]}<\/script>\n<!-- \/ Yoast SEO plugin. -->","yoast_head_json":{"title":"AwesomeAds for Content Owners and Platforms - FR - SuperAwesome","robots":{"index":"index","follow":"follow","max-snippet":"max-snippet:-1","max-image-preview":"max-image-preview:large","max-video-preview":"max-video-preview:-1"},"canonical":"https:\/\/www.superawesome.com\/fr\/awesomeads-for-content-owners-and-platforms-fr\/","og_locale":"fr_FR","og_type":"article","og_title":"AwesomeAds for Content Owners and Platforms - FR - SuperAwesome","og_description":"La technologie exclusive de ciblage contextuel d\u2019AwesomeAds\u00a0Marketplace est certifi\u00e9e par le programme kidSAFE Seal dans le cadre du programme COPPA Safe Harbor de la\u00a0FTC, le Privacy Certified Kids Seal de\u00a0l&rsquo;ESRB et le programme COPPA Safe Harbor de la\u00a0CARU. The COPPA Safe Harbor Programs do not certify individual ads or ad campaigns.","og_url":"https:\/\/www.superawesome.com\/fr\/awesomeads-for-content-owners-and-platforms-fr\/","og_site_name":"SuperAwesome","article_modified_time":"2024-01-26T17:25:48+00:00","og_image":[{"url":"https:\/\/www.superawesome.com\/wp-content\/uploads\/2021\/04\/Caru.png","type":"","width":"","height":""}],"twitter_card":"summary_large_image","twitter_site":"@GoSuperAwesome","schema":{"@context":"https:\/\/schema.org","@graph":[{"@type":"WebPage","@id":"https:\/\/www.superawesome.com\/fr\/awesomeads-for-content-owners-and-platforms-fr\/","url":"https:\/\/www.superawesome.com\/fr\/awesomeads-for-content-owners-and-platforms-fr\/","name":"AwesomeAds for Content Owners and Platforms - FR - SuperAwesome","isPartOf":{"@id":"https:\/\/www.superawesome.com\/#website"},"primaryImageOfPage":{"@id":"https:\/\/www.superawesome.com\/fr\/awesomeads-for-content-owners-and-platforms-fr\/#primaryimage"},"image":{"@id":"https:\/\/www.superawesome.com\/fr\/awesomeads-for-content-owners-and-platforms-fr\/#primaryimage"},"thumbnailUrl":"https:\/\/www.superawesome.com\/wp-content\/uploads\/2021\/04\/Caru.png","datePublished":"2019-06-28T08:24:16+00:00","dateModified":"2024-01-26T17:25:48+00:00","breadcrumb":{"@id":"https:\/\/www.superawesome.com\/fr\/awesomeads-for-content-owners-and-platforms-fr\/#breadcrumb"},"inLanguage":"fr-FR","potentialAction":[{"@type":"ReadAction","target":["https:\/\/www.superawesome.com\/fr\/awesomeads-for-content-owners-and-platforms-fr\/"]}]},{"@type":"ImageObject","inLanguage":"fr-FR","@id":"https:\/\/www.superawesome.com\/fr\/awesomeads-for-content-owners-and-platforms-fr\/#primaryimage","url":"https:\/\/www.superawesome.com\/wp-content\/uploads\/2021\/04\/Caru.png","contentUrl":"https:\/\/www.superawesome.com\/wp-content\/uploads\/2021\/04\/Caru.png"},{"@type":"BreadcrumbList","@id":"https:\/\/www.superawesome.com\/fr\/awesomeads-for-content-owners-and-platforms-fr\/#breadcrumb","itemListElement":[{"@type":"ListItem","position":1,"name":"Home","item":"https:\/\/www.superawesome.com\/"},{"@type":"ListItem","position":2,"name":"AwesomeAds for Content Owners and Platforms &#8211; FR"}]},{"@type":"WebSite","@id":"https:\/\/www.superawesome.com\/#website","url":"https:\/\/www.superawesome.com\/","name":"SuperAwesome","description":"Powering a better internet for the next generation","publisher":{"@id":"https:\/\/www.superawesome.com\/#organization"},"potentialAction":[{"@type":"SearchAction","target":{"@type":"EntryPoint","urlTemplate":"https:\/\/www.superawesome.com\/?s={search_term_string}"},"query-input":{"@type":"PropertyValueSpecification","valueRequired":true,"valueName":"search_term_string"}}],"inLanguage":"fr-FR"},{"@type":"Organization","@id":"https:\/\/www.superawesome.com\/#organization","name":"SuperAwesome","url":"https:\/\/www.superawesome.com\/","logo":{"@type":"ImageObject","inLanguage":"fr-FR","@id":"https:\/\/www.superawesome.com\/#\/schema\/logo\/image\/","url":"https:\/\/www.superawesome.com\/wp-content\/uploads\/2022\/08\/SA_Logo_Main.png","contentUrl":"https:\/\/www.superawesome.com\/wp-content\/uploads\/2022\/08\/SA_Logo_Main.png","width":400,"height":171,"caption":"SuperAwesome"},"image":{"@id":"https:\/\/www.superawesome.com\/#\/schema\/logo\/image\/"},"sameAs":["https:\/\/x.com\/GoSuperAwesome"]}]}},"_links":{"self":[{"href":"https:\/\/www.superawesome.com\/fr\/wp-json\/wp\/v2\/pages\/17228","targetHints":{"allow":["GET"]}}],"collection":[{"href":"https:\/\/www.superawesome.com\/fr\/wp-json\/wp\/v2\/pages"}],"about":[{"href":"https:\/\/www.superawesome.com\/fr\/wp-json\/wp\/v2\/types\/page"}],"author":[{"embeddable":true,"href":"https:\/\/www.superawesome.com\/fr\/wp-json\/wp\/v2\/users\/66"}],"replies":[{"embeddable":true,"href":"https:\/\/www.superawesome.com\/fr\/wp-json\/wp\/v2\/comments?post=17228"}],"version-history":[{"count":0,"href":"https:\/\/www.superawesome.com\/fr\/wp-json\/wp\/v2\/pages\/17228\/revisions"}],"wp:attachment":[{"href":"https:\/\/www.superawesome.com\/fr\/wp-json\/wp\/v2\/media?parent=17228"}],"curies":[{"name":"wp","href":"https:\/\/api.w.org\/{rel}","templated":true}]}}