{"id":17226,"date":"2021-11-04T11:43:41","date_gmt":"2021-11-04T11:43:41","guid":{"rendered":"https:\/\/www.superawesome.com\/?page_id=17226"},"modified":"2024-01-26T07:53:00","modified_gmt":"2024-01-26T07:53:00","slug":"superawesome-gaming-fr","status":"publish","type":"page","link":"https:\/\/www.superawesome.com\/fr\/superawesome-gaming-fr\/","title":{"rendered":"SuperAwesome Gaming &#8211; FR"},"content":{"rendered":"<section class=\"new-standard-hero break-container\">\n  <img loading=\"lazy\" decoding=\"async\" width=\"1440\" height=\"555\" src=\"https:\/\/www.superawesome.com\/wp-content\/uploads\/2022\/08\/SA_Website_Product_BGBanners-12.svg\" class=\"new-standard-hero--background\" alt=\"\" \/>  <div class=\"container  pt-64 pb-160\">\n    <div class=\"new-standard-hero--inner text-white\">\n      <div class=\"row align-center space-between\">\n        <div class=\"col-md-5\">\n          <h2>Votre marque au c\u0153ur du jeu<\/h2>\n<p>Le gaming est devenu l\u2019activit\u00e9 de loisir, de divertissement et de socialisation la plus importante de notre \u00e9poque. Influenc\u00e9s par les plateformes de jeux vid\u00e9o communautaires et interconnect\u00e9es, comme Roblox et Fortnite, les jeunes jouent, d\u00e9couvrent et interagissent avec les marques (et entre eux) d\u2019une mani\u00e8re in\u00e9dite.<\/p>\n<a class='btn btn-white btn-normal' href=\"https:\/\/superawesome.com\/contact-us\/\">NOUS CONTACTER<\/a>\n        <\/div>\n        <div class=\"col-md-6\">\n          <img loading=\"lazy\" decoding=\"async\" width=\"1024\" height=\"285\" src=\"https:\/\/www.superawesome.com\/wp-content\/uploads\/2021\/10\/SA-Gaming_Logo_Long_White-1024x285.png\" class=\"attachment-large size-large\" alt=\"White SuperAwesome Gaming logo\" srcset=\"https:\/\/www.superawesome.com\/wp-content\/uploads\/2021\/10\/SA-Gaming_Logo_Long_White-1024x285.png 1024w, https:\/\/www.superawesome.com\/wp-content\/uploads\/2021\/10\/SA-Gaming_Logo_Long_White-300x84.png 300w, https:\/\/www.superawesome.com\/wp-content\/uploads\/2021\/10\/SA-Gaming_Logo_Long_White-768x214.png 768w, https:\/\/www.superawesome.com\/wp-content\/uploads\/2021\/10\/SA-Gaming_Logo_Long_White-1536x428.png 1536w, https:\/\/www.superawesome.com\/wp-content\/uploads\/2021\/10\/SA-Gaming_Logo_Long_White.png 1839w\" sizes=\"auto, (max-width: 1024px) 100vw, 1024px\" \/>        <\/div>\n      <\/div>\n    <\/div>      \n  <\/div>\n<\/section>\n\n<section class=\"overlap-image break-container\" style=\"margin-top:-175px\">\n  <div class=\"container container--small  pb-48\">\n    <div class=\"overlap-image--inner text-center\">\n      <img loading=\"lazy\" decoding=\"async\" width=\"800\" height=\"497\" src=\"https:\/\/www.superawesome.com\/wp-content\/uploads\/2023\/01\/GAP_Gif_Short_FINAL.gif\" class=\"attachment-large size-large\" alt=\"\" \/>          <\/div>      \n  <\/div>\n<\/section>\n\n<section class=\"block-content-cards  \">\n    <h2>SuperAwesome Gaming accompagne les marques pour cr\u00e9er des campagnes de gaming responsables, passionnantes et bas\u00e9es sur des \u00e9tudes les g\u00e9n\u00e9rations Alpha et Z afin de les cibler de mani\u00e8re pertinente et efficace.<\/h2>    \n        <div class=\"cards\">\n            <div class=\"card\">\n                    <p class=\"card-cat\" style=\"background-color: #114bff\"><\/p>\n                    <figure class=\"image\">\n                <img decoding=\"async\" src=\"https:\/\/www.superawesome.com\/wp-content\/uploads\/2023\/01\/SA_SAG_SiteGraphics_Icon1.png\" alt=\"SA_SAG_SiteGraphics_Icon1\">\n            <\/figure>\n                    <h3 style=\"color: #114bff;\">Expertise des publics<\/h3>\n                    <p class=\"preview-text\">Avec nos donn\u00e9es analytiques, nous aidons les marques \u00e0 devenir de v\u00e9ritables experts des g\u00e9n\u00e9rations Alpha et Z. <\/p>\n                    <\/div>\n            <div class=\"card\">\n                    <p class=\"card-cat\" style=\"background-color: #114bff\"><\/p>\n                    <figure class=\"image\">\n                <img decoding=\"async\" src=\"https:\/\/www.superawesome.com\/wp-content\/uploads\/2023\/01\/SA_SAG_SiteGraphics_Icon2.png\" alt=\"SA_SAG_SiteGraphics_Icon2\">\n            <\/figure>\n                    <h3 style=\"color: #114bff;\">Une strat\u00e9gie de gaming \u00e0 360 degr\u00e9s<\/h3>\n                    <p class=\"preview-text\">Pour r\u00e9ussir dans le m\u00e9tavers, proposer un jeu vid\u00e9o ne suffit pas, loin de l\u00e0. Nous amplifions donc votre campagne de gaming sur plusieurs plateformes digitales.<\/p>\n                    <\/div>\n            <div class=\"card\">\n                    <p class=\"card-cat\" style=\"background-color: #114bff\"><\/p>\n                    <figure class=\"image\">\n                <img decoding=\"async\" src=\"https:\/\/www.superawesome.com\/wp-content\/uploads\/2024\/01\/SA_SAG_SiteGraphics_Icon3.webp\" alt=\"SA_SAG_SiteGraphics_Icon3\">\n            <\/figure>\n                    <h3 style=\"color: #114bff;\">Authenticit\u00e9 et s\u00e9curit\u00e9 pour la marque<\/h3>\n                    <p class=\"preview-text\">En tant que soci\u00e9t\u00e9 du groupe Epic Games, nous op\u00e9rons \u00e0 l\u2019intersection entre les marques et les jeux vid\u00e9o, en apportant des garanties de s\u00e9curit\u00e9 et de cr\u00e9ativit\u00e9 aux exp\u00e9riences de gaming.<\/p>\n                    <\/div>\n        <\/div><!-- .cards -->\n    <\/section>\n\n\n\n\n<\/div><!-- container -->\n\n<section class=\"block-skewed mt-96 mb-96  \" style=\"z-index:99;\">\n\n    <div class=\"skewed-content-container\">\n        \n        <div class=\"section-background\" style=\"background-color: #111111\"><\/div>\n\n        <div class=\"content slideindown\"><h2>Le cas Sky Broadband : promotion de Gigafast, haut d\u00e9bit qui change la donne, \u00e0 l\u2019occasion d\u2019un \u00ab speedrun \u00bb m\u00e9morable int\u00e9gr\u00e9 au jeu Fortnite<\/h2>\n<a class='btn btn-white btn-normal' href=\"https:\/\/www.superawesome.com\/sky-gigafast-case-study\/\">LIRE NOTRE \u00c9TUDE DE CAS<\/a>\n<\/div>\n\n    <\/div>\n\n<\/section>\n\n<div class=\"container\">\n\n\n<div class=\"wp-block-group\"><div class=\"wp-block-group__inner-container is-layout-constrained wp-block-group-is-layout-constrained\"><\/div><\/div>\n\n\n\n<section class=\"block-who-we-are block-who-we-are-inverted  mb-128\">\n  <svg class=\"who-we-are-shapes\" xmlns=\"http:\/\/www.w3.org\/2000\/svg\" width=\"992.891\" height=\"692.306\" viewBox=\"0 0 1002.891 716.306\">\n    <path class=\"s1\" id=\"Path_317\" data-name=\"Path 317\" d=\"M346.445,0C537.782,0,692.89,154.885,692.89,345.945S537.782,691.89,346.445,691.89,0,537.005,0,345.945,155.109,0,346.445,0Z\" transform=\"translate(0 0.416)\" fill=\"#256eff\" opacity=\"0.05\" style=\"mix-blend-mode: multiply;isolation: isolate\"\/>\n    <ellipse class=\"s2\" id=\"Ellipse_116\" data-name=\"Ellipse 116\" cx=\"44.871\" cy=\"45.371\" rx=\"44.871\" ry=\"45.371\" transform=\"translate(903.148 454.617)\" fill=\"#256eff\" opacity=\"0.1\" style=\"mix-blend-mode: multiply;isolation: isolate\"\/>\n    <circle class=\"s3\" id=\"Ellipse_118\" data-name=\"Ellipse 118\" cx=\"21.371\" cy=\"21.371\" r=\"21.371\" transform=\"translate(850.148 531.617)\" fill=\"#256eff\" opacity=\"0.2\" style=\"mix-blend-mode: multiply;isolation: isolate\"\/>\n    <circle class=\"s4\" id=\"Ellipse_117\" data-name=\"Ellipse 117\" cx=\"71.445\" cy=\"71.445\" r=\"71.445\" transform=\"translate(450)\" fill=\"#256eff\" opacity=\"0.1\" style=\"mix-blend-mode: multiply;isolation: isolate\"\/>\n  <\/svg>\n  <div class=\"row\">\n    <div class=\"col-md-6\">\n    \n          <figure class=\"image\">\n        <img loading=\"lazy\" decoding=\"async\" class=\"style-svg illos\" src=\"https:\/\/www.superawesome.com\/wp-content\/uploads\/2023\/07\/SA_Website_Awards.png\" alt=\"SA_Website_Awards\" width=\"1000\" height=\"1073\">\n      <\/figure>\n    <\/div>\n\n    <div class=\"col-md-5 slideinright\">\n      <h2><strong>Nous accompagnons les marques dans la cr\u00e9ation de <a href=\"https:\/\/digiday.com\/announcement\/awards\/mcdonalds-spotify-redefine-meat-and-nissan-are-digiday-marketing-and-advertising-awards-europe-winners\/\">campagnes de gaming prim\u00e9es<\/a>.<\/strong><\/h2>\n\n      <div class=\"content\">\n        \n        \n\n          \n      <\/div>\n    <\/div>\n  <\/div>\n\n  <\/section>\n\n\n<\/div> <!-- end .container -->\n\n<section class=\"block-what-we-do  \">\n    <nav class=\"cd-vertical-nav\">\n    <ul class=\"cd-menu\">\n              <li  class=\"section1\"><\/li>\n              <li  class=\"section2\"><\/li>\n              <li  class=\"section3\"><\/li>\n              <li  class=\"section4\"><\/li>\n            <\/ul>\n  <\/nav><!-- .cd-vertical-nav -->\n  <div class=\"what-we-do-sections\">\n          <div id=\"section1\" class=\"cd-section scroll-indicator\">\n      <div class=\"cd-section-container\">\n              <div class=\"section-background\" style=\"background-color: #111111\"><\/div>\n              <div class=\"content-wrapper\">                       \n          <div class=\"icon-image-container slideinup-no-reset\">\n            <img decoding=\"async\" src=\"https:\/\/www.superawesome.com\/wp-content\/uploads\/2023\/01\/SAG_Webpage_Images3-3.png\" alt=\"SAG_Webpage_Images3\">\n          <\/div><!-- icon-image-container -->                 \n          <div class=\"section-content slideindown\">\n            <h2>Cr\u00e9ation d\u2019exp\u00e9riences \u00ab in-game \u00bb<\/h2>\n            <p>\u2713 G\u00e9n\u00e9rez une notori\u00e9t\u00e9 de marque pr\u00eate \u00e0 \u00eatre activ\u00e9e via des panneaux d&rsquo;affichage publicitaires statiques, des GIF et des vid\u00e9os publicitaires \u00ab in-game \u00bb<\/br>\r\n<br>\u2713 Int\u00e9grez votre marque \u00e0 des jeux existants, appr\u00e9ci\u00e9s de votre public cible<\/br>\r\n<br>\u2713 D\u00e9veloppez un jeu de marque personnalis\u00e9<\/br>\r\n<br>\u2713 Concluez un partenariat e-sport de marque<\/br>\r\n<\/p>\n                      <\/div>\n        <\/div><!-- content-wrapper -->\n        <\/div><!-- cd-section-container -->\n      <\/div><!-- cd-section -->\n          <div id=\"section2\" class=\"cd-section scroll-indicator\">\n      <div class=\"cd-section-container\">\n              <div class=\"section-background\" style=\"background-color: #6806ee\"><\/div>\n              <div class=\"content-wrapper\">                       \n          <div class=\"icon-image-container slideinup-no-reset\">\n            <img decoding=\"async\" src=\"https:\/\/www.superawesome.com\/wp-content\/uploads\/2023\/01\/SAG_Webpage_Images1-2.png\" alt=\"SAG_Webpage_Images1\">\n          <\/div><!-- icon-image-container -->                 \n          <div class=\"section-content slideindown\">\n            <h2>Amplification m\u00e9dia \u00e0 grande \u00e9chelle<\/h2>\n            <p><b>Publicit\u00e9s \u00ab in-game \u00bb <\/b>\r\n<br>\u2713 Plus de 7 milliards d&rsquo;impressions mensuelles diffus\u00e9es sur des affichages publicitaires \u00ab in-game \u00bb et des portails \u00ab in-game \u00bb, avec des placements contextuels et des mentions l\u00e9gales claires, pour assurer une s\u00e9curit\u00e9 de marque et une exp\u00e9rience utilisateur optimales.  <\/br>\r\n<br><\/br>\r\n<b>Publicit\u00e9s autour des jeux<\/b>\r\n<br>\u2713 Plus de 18 milliards d&rsquo;impressions mensuelles sur AwesomeAds Marketplace, et plus de 588 milliards de vues mensuelles g\u00e9n\u00e9r\u00e9es sur 112 000 cha\u00eenes YouTube s\u00e9lectionn\u00e9es et cat\u00e9goris\u00e9es pour cibler les gamers des g\u00e9n\u00e9rations Alpha et Z.<\/br>\r\n<\/p>\n                      <\/div>\n        <\/div><!-- content-wrapper -->\n        <\/div><!-- cd-section-container -->\n      <\/div><!-- cd-section -->\n          <div id=\"section3\" class=\"cd-section scroll-indicator\">\n      <div class=\"cd-section-container\">\n              <div class=\"section-background\" style=\"background-color: #114bff\"><\/div>\n              <div class=\"content-wrapper\">                       \n          <div class=\"icon-image-container slideinup-no-reset\">\n            <img decoding=\"async\" src=\"https:\/\/www.superawesome.com\/wp-content\/uploads\/2023\/01\/SAG_Webpage_Images2.png\" alt=\"SAG_Webpage_Images2\">\n          <\/div><!-- icon-image-container -->                 \n          <div class=\"section-content slideindown\">\n            <h2>Contenu de cr\u00e9ateurs de gaming<\/h2>\n            <p>\u2713 Gestion de A \u00e0 Z des partenariats avec les cr\u00e9ateurs gamers pour d\u00e9velopper un contenu align\u00e9 avec les messages de votre marque afin de booster sa notori\u00e9t\u00e9.<\/br>\r\n<br>\u2713 Amplification des extraits de contenu des cr\u00e9ateurs sur notre plateforme \u00ab in-app \u00bb, sur l\u2019OTT et sur YouTube.<\/br>\r\n<\/p>\n                      <\/div>\n        <\/div><!-- content-wrapper -->\n        <\/div><!-- cd-section-container -->\n      <\/div><!-- cd-section -->\n          <div id=\"section4\" class=\"cd-section scroll-indicator\">\n      <div class=\"cd-section-container\">\n              <div class=\"section-background\" style=\"background-color: #29ffcc\"><\/div>\n              <div class=\"content-wrapper\">                       \n          <div class=\"icon-image-container slideinup-no-reset\">\n            <img decoding=\"async\" src=\"https:\/\/www.superawesome.com\/wp-content\/uploads\/2023\/10\/GWM-Image-e1698061411828.png\" alt=\"GWM Image\">\n          <\/div><!-- icon-image-container -->                 \n          <div class=\"section-content slideindown\">\n            <h2><font color=\"#000000\"> Game With Me: Building brand-safe live events <\/font><\/h2>\n            <p><font color=\"#000000\">\u2713 Utilize the power of creators to reach a gaming audience via an intimate and engaging live experience<\/br>\r\n<br>\u2713 Generate buzz and social hype with creator-led event content including video highlights and ads<\/br>\r\n<br>\u2713 Potential to earn CTRs that are 8% higher on average vs other videos, and +155 billion youth-safe impressions and video views each month across<a href=\"https:\/\/www.superawesome.com\/awesomeads-for-advertisers\/\">  YouTube, mobile apps, OTT\/VOD, and web via AwesomeAds. <\/a><\/br><\/font><\/p>\n                      <\/div>\n        <\/div><!-- content-wrapper -->\n        <\/div><!-- cd-section-container -->\n      <\/div><!-- cd-section -->\n        <\/div><!-- what-we-do-sections -->\n<\/section>\n\n<div class=\"container\">\n\n\n\n<section class=\"block-cta  \">\n  <h2 class=\"medium\">Pour en savoir plus sur SuperAwesome Gaming, contactez-nous<\/h2>\n\n        <a id=\"cta-btn\" href=\"https:\/\/www.superawesome.com\/contact-us\/\" class=\"btn btn-primary\" target=\"_self\">\n      NOUS CONTACTER\n    <\/a>\n  \n\n      <div data-contact-form class=\"contact-form-hubspot\">\n              <!--[if lte IE 8]>\n        <script charset=\"utf-8\" type=\"text\/javascript\" src=\"\/\/js.hsforms.net\/forms\/v2-legacy.js\"><\/script>\n        <![endif]-->\n        <script charset=\"utf-8\" type=\"text\/javascript\" src=\"\/\/js.hsforms.net\/forms\/v2.js\"><\/script>\n      \n      <script>\n        hbspt.forms.create({\n          portalId: \"5009836\",\n          formId: \"d6f951e2-ff41-4a96-ae90-31acdef15f8e\",\n          onFormSubmit: function(){\n            setTimeout(function(){\n              var $thankYou = $('#contact-form-hubspot-thank-you');\n              $thankYou.show();\n              $thankYou.parents().find('.block-cta').first().find('h2').remove();\n            }, 100 );\n          }\n        });\n      <\/script>\n      <div id=\"contact-form-hubspot-thank-you\" class=\"contact-form-hubspot-thank-you\" style=\"display:none\">\n        \n      <\/div>\n    <\/div>\n  \n<\/section>\n","protected":false},"excerpt":{"rendered":"","protected":false},"author":66,"featured_media":0,"parent":0,"menu_order":0,"comment_status":"closed","ping_status":"closed","template":"","meta":{"_acf_changed":false,"content-type":"","_monsterinsights_skip_tracking":false,"_monsterinsights_sitenote_active":false,"_monsterinsights_sitenote_note":"","_monsterinsights_sitenote_category":0,"footnotes":""},"class_list":["post-17226","page","type-page","status-publish","hentry"],"acf":{"spotify_url":"","amazon_music_url":"","sound_cloud_url":""},"yoast_head":"<!-- This site is optimized with the Yoast SEO plugin v27.4 - https:\/\/yoast.com\/product\/yoast-seo-wordpress\/ -->\n<title>SuperAwesome Gaming - FR - SuperAwesome<\/title>\n<meta name=\"robots\" content=\"index, follow, max-snippet:-1, max-image-preview:large, max-video-preview:-1\" \/>\n<link rel=\"canonical\" href=\"https:\/\/www.superawesome.com\/fr\/superawesome-gaming-fr\/\" \/>\n<meta property=\"og:locale\" content=\"fr_FR\" \/>\n<meta property=\"og:type\" content=\"article\" \/>\n<meta property=\"og:title\" content=\"SuperAwesome Gaming - FR - SuperAwesome\" \/>\n<meta property=\"og:url\" content=\"https:\/\/www.superawesome.com\/fr\/superawesome-gaming-fr\/\" \/>\n<meta property=\"og:site_name\" content=\"SuperAwesome\" \/>\n<meta property=\"article:modified_time\" content=\"2024-01-26T07:53:00+00:00\" \/>\n<meta property=\"og:image\" content=\"https:\/\/www.superawesome.com\/wp-content\/uploads\/2024\/02\/SA_Thumbnail_noepic.png\" \/>\n\t<meta property=\"og:image:width\" content=\"1920\" \/>\n\t<meta property=\"og:image:height\" content=\"1080\" \/>\n\t<meta property=\"og:image:type\" content=\"image\/png\" \/>\n<meta name=\"twitter:card\" content=\"summary_large_image\" \/>\n<meta name=\"twitter:site\" content=\"@GoSuperAwesome\" \/>\n<script type=\"application\/ld+json\" class=\"yoast-schema-graph\">{\"@context\":\"https:\\\/\\\/schema.org\",\"@graph\":[{\"@type\":\"WebPage\",\"@id\":\"https:\\\/\\\/www.superawesome.com\\\/fr\\\/superawesome-gaming-fr\\\/\",\"url\":\"https:\\\/\\\/www.superawesome.com\\\/fr\\\/superawesome-gaming-fr\\\/\",\"name\":\"SuperAwesome Gaming - FR - SuperAwesome\",\"isPartOf\":{\"@id\":\"https:\\\/\\\/www.superawesome.com\\\/#website\"},\"datePublished\":\"2021-11-04T11:43:41+00:00\",\"dateModified\":\"2024-01-26T07:53:00+00:00\",\"breadcrumb\":{\"@id\":\"https:\\\/\\\/www.superawesome.com\\\/fr\\\/superawesome-gaming-fr\\\/#breadcrumb\"},\"inLanguage\":\"fr-FR\",\"potentialAction\":[{\"@type\":\"ReadAction\",\"target\":[\"https:\\\/\\\/www.superawesome.com\\\/fr\\\/superawesome-gaming-fr\\\/\"]}]},{\"@type\":\"BreadcrumbList\",\"@id\":\"https:\\\/\\\/www.superawesome.com\\\/fr\\\/superawesome-gaming-fr\\\/#breadcrumb\",\"itemListElement\":[{\"@type\":\"ListItem\",\"position\":1,\"name\":\"Home\",\"item\":\"https:\\\/\\\/www.superawesome.com\\\/\"},{\"@type\":\"ListItem\",\"position\":2,\"name\":\"SuperAwesome Gaming &#8211; FR\"}]},{\"@type\":\"WebSite\",\"@id\":\"https:\\\/\\\/www.superawesome.com\\\/#website\",\"url\":\"https:\\\/\\\/www.superawesome.com\\\/\",\"name\":\"SuperAwesome\",\"description\":\"Powering a better internet for the next generation\",\"publisher\":{\"@id\":\"https:\\\/\\\/www.superawesome.com\\\/#organization\"},\"potentialAction\":[{\"@type\":\"SearchAction\",\"target\":{\"@type\":\"EntryPoint\",\"urlTemplate\":\"https:\\\/\\\/www.superawesome.com\\\/?s={search_term_string}\"},\"query-input\":{\"@type\":\"PropertyValueSpecification\",\"valueRequired\":true,\"valueName\":\"search_term_string\"}}],\"inLanguage\":\"fr-FR\"},{\"@type\":\"Organization\",\"@id\":\"https:\\\/\\\/www.superawesome.com\\\/#organization\",\"name\":\"SuperAwesome\",\"url\":\"https:\\\/\\\/www.superawesome.com\\\/\",\"logo\":{\"@type\":\"ImageObject\",\"inLanguage\":\"fr-FR\",\"@id\":\"https:\\\/\\\/www.superawesome.com\\\/#\\\/schema\\\/logo\\\/image\\\/\",\"url\":\"https:\\\/\\\/www.superawesome.com\\\/wp-content\\\/uploads\\\/2022\\\/08\\\/SA_Logo_Main.png\",\"contentUrl\":\"https:\\\/\\\/www.superawesome.com\\\/wp-content\\\/uploads\\\/2022\\\/08\\\/SA_Logo_Main.png\",\"width\":400,\"height\":171,\"caption\":\"SuperAwesome\"},\"image\":{\"@id\":\"https:\\\/\\\/www.superawesome.com\\\/#\\\/schema\\\/logo\\\/image\\\/\"},\"sameAs\":[\"https:\\\/\\\/x.com\\\/GoSuperAwesome\"]}]}<\/script>\n<!-- \/ Yoast SEO plugin. -->","yoast_head_json":{"title":"SuperAwesome Gaming - FR - SuperAwesome","robots":{"index":"index","follow":"follow","max-snippet":"max-snippet:-1","max-image-preview":"max-image-preview:large","max-video-preview":"max-video-preview:-1"},"canonical":"https:\/\/www.superawesome.com\/fr\/superawesome-gaming-fr\/","og_locale":"fr_FR","og_type":"article","og_title":"SuperAwesome Gaming - FR - SuperAwesome","og_url":"https:\/\/www.superawesome.com\/fr\/superawesome-gaming-fr\/","og_site_name":"SuperAwesome","article_modified_time":"2024-01-26T07:53:00+00:00","og_image":[{"width":1920,"height":1080,"url":"https:\/\/www.superawesome.com\/wp-content\/uploads\/2024\/02\/SA_Thumbnail_noepic.png","type":"image\/png"}],"twitter_card":"summary_large_image","twitter_site":"@GoSuperAwesome","schema":{"@context":"https:\/\/schema.org","@graph":[{"@type":"WebPage","@id":"https:\/\/www.superawesome.com\/fr\/superawesome-gaming-fr\/","url":"https:\/\/www.superawesome.com\/fr\/superawesome-gaming-fr\/","name":"SuperAwesome Gaming - FR - SuperAwesome","isPartOf":{"@id":"https:\/\/www.superawesome.com\/#website"},"datePublished":"2021-11-04T11:43:41+00:00","dateModified":"2024-01-26T07:53:00+00:00","breadcrumb":{"@id":"https:\/\/www.superawesome.com\/fr\/superawesome-gaming-fr\/#breadcrumb"},"inLanguage":"fr-FR","potentialAction":[{"@type":"ReadAction","target":["https:\/\/www.superawesome.com\/fr\/superawesome-gaming-fr\/"]}]},{"@type":"BreadcrumbList","@id":"https:\/\/www.superawesome.com\/fr\/superawesome-gaming-fr\/#breadcrumb","itemListElement":[{"@type":"ListItem","position":1,"name":"Home","item":"https:\/\/www.superawesome.com\/"},{"@type":"ListItem","position":2,"name":"SuperAwesome Gaming &#8211; FR"}]},{"@type":"WebSite","@id":"https:\/\/www.superawesome.com\/#website","url":"https:\/\/www.superawesome.com\/","name":"SuperAwesome","description":"Powering a better internet for the next generation","publisher":{"@id":"https:\/\/www.superawesome.com\/#organization"},"potentialAction":[{"@type":"SearchAction","target":{"@type":"EntryPoint","urlTemplate":"https:\/\/www.superawesome.com\/?s={search_term_string}"},"query-input":{"@type":"PropertyValueSpecification","valueRequired":true,"valueName":"search_term_string"}}],"inLanguage":"fr-FR"},{"@type":"Organization","@id":"https:\/\/www.superawesome.com\/#organization","name":"SuperAwesome","url":"https:\/\/www.superawesome.com\/","logo":{"@type":"ImageObject","inLanguage":"fr-FR","@id":"https:\/\/www.superawesome.com\/#\/schema\/logo\/image\/","url":"https:\/\/www.superawesome.com\/wp-content\/uploads\/2022\/08\/SA_Logo_Main.png","contentUrl":"https:\/\/www.superawesome.com\/wp-content\/uploads\/2022\/08\/SA_Logo_Main.png","width":400,"height":171,"caption":"SuperAwesome"},"image":{"@id":"https:\/\/www.superawesome.com\/#\/schema\/logo\/image\/"},"sameAs":["https:\/\/x.com\/GoSuperAwesome"]}]}},"_links":{"self":[{"href":"https:\/\/www.superawesome.com\/fr\/wp-json\/wp\/v2\/pages\/17226","targetHints":{"allow":["GET"]}}],"collection":[{"href":"https:\/\/www.superawesome.com\/fr\/wp-json\/wp\/v2\/pages"}],"about":[{"href":"https:\/\/www.superawesome.com\/fr\/wp-json\/wp\/v2\/types\/page"}],"author":[{"embeddable":true,"href":"https:\/\/www.superawesome.com\/fr\/wp-json\/wp\/v2\/users\/66"}],"replies":[{"embeddable":true,"href":"https:\/\/www.superawesome.com\/fr\/wp-json\/wp\/v2\/comments?post=17226"}],"version-history":[{"count":0,"href":"https:\/\/www.superawesome.com\/fr\/wp-json\/wp\/v2\/pages\/17226\/revisions"}],"wp:attachment":[{"href":"https:\/\/www.superawesome.com\/fr\/wp-json\/wp\/v2\/media?parent=17226"}],"curies":[{"name":"wp","href":"https:\/\/api.w.org\/{rel}","templated":true}]}}