{"id":19646,"date":"2025-06-16T18:26:54","date_gmt":"2025-06-16T18:26:54","guid":{"rendered":"https:\/\/www.superawesome.com\/paw-patrol-powering-safe-scalable-preschool-reach-with-nickelodeon\/"},"modified":"2025-07-29T14:47:55","modified_gmt":"2025-07-29T14:47:55","slug":"paw-patrol-powering-safe-scalable-preschool-reach-with-nickelodeon","status":"publish","type":"page","link":"https:\/\/www.superawesome.com\/de\/paw-patrol-powering-safe-scalable-preschool-reach-with-nickelodeon\/","title":{"rendered":"PAW Patrol: Sicheres und skalierbares Engagement bei Vorschulkindern mit Nickelodeon"},"content":{"rendered":"\n<\/div><!-- container -->\n<section class=\"block-product-hero   \" style=\"background-color:white\">\n      <div class=\"container\">\n  <div class=\"row\">\n    <div class=\"col-md-5\">\n      <div class=\"content\">\n        \n        <h2 class=\"text-black\">PAW Patrol: Sicheres und skalierbares Engagement bei Vorschulkindern mit Nickelodeon<\/h2>\n        <p class=\"text-black\"><span style=\"font-weight: 600;display:block;\">Wie Nickelodeon gemeinsam mit SuperAwesome eine wirkungsstarke, kindersichere Kampagne zum Start eines ihrer gr\u00f6\u00dften On-Air-Premieren umsetzte<br><br>\r\n\ud83d\udccd Ort: Deutschland<\/span>\r\n<\/p>\n        <div class=\"block-product-hero--buttons flex flex-wrap\">\n            \n            \n        <\/div>\n      <\/div>\n    <\/div>\n\n    <div class=\"col-md-6\">\n              <figure class=\"image\">\n          <img decoding=\"async\" src=\"https:\/\/www.superawesome.com\/wp-content\/uploads\/2025\/06\/Logos.png\" alt=\"Logos\">\n        <\/figure>\n          <\/div>\n  <\/div>\n  <\/div>\n  <\/section>\n\n<div class=\"container\">\n\n\n\n<\/div><!-- container -->\n\n<section class=\"block-skewed   remove-top-margin parallax\" style=\"z-index:99;\">\n\n    <div class=\"skewed-content-container\">\n        \n        <div class=\"section-background\" style=\"background-color: #ff3b11\"><\/div>\n\n        <div class=\"content slideindown\"><p style=\"text-align: center;\"><em>\u201eSuperAwesome hat uns geholfen, eine klare Omni-Channel-Strategie f\u00fcr unsere digitale Aktivierung zu entwickeln \u2013 mit Fokus auf eine sichere, familienfreundliche Ansprache. YouTube und Connected TV waren dabei wichtige Kan\u00e4le f\u00fcr Co-Viewing und Brand Awareness.\u201c<\/em><\/p>\n<p style=\"text-align: center;\"><strong>Sonja Krvavac, Senior Manager Marketing Kids &amp; Family GSA, Paramount<\/strong><\/p>\n<\/div>\n\n    <\/div>\n\n<\/section>\n\n<div class=\"container\">\n\n\n\n<section class=\"block-image-content block-image-content-inversed mt-64  \" >\n\n  \n  \n  <div class=\"row \">\n    <div class=\"col-md-6 slideinright image-container \">\n                                              <figure class=\"image\">\n          <img decoding=\"async\" src=\"https:\/\/www.superawesome.com\/wp-content\/uploads\/2025\/06\/paw-patrol-1.png\" alt=\"paw-patrol\">\n        <\/figure>\n                  <\/div>\n\n    <div class=\"col-md-6 slideinleft content-container\">\n      <div class=\"content\">\n                  <h3 class=\"h1\">Die Herausforderung<\/h3>\n        \n        \n        <p>Mit dem zunehmenden Besitz von Ger\u00e4ten unter Vorschulkindern und der starken Verlagerung der Bildschirmzeit hin zu Videos sind YouTube und YouTube Kids zu entscheidenden Kontaktpunkten geworden, um junge Zielgruppen zu erreichen. Tats\u00e4chlich erkennen 75\u202f% der Vorschulkinder in Deutschland Werbung auf diesen Plattformen \u2013 was sie zu wichtigen Kan\u00e4len f\u00fcr den Aufbau von Markenbewusstsein und Vertrautheit macht.<\/p>\n<p>Um die mit Spannung erwartete TV-Premiere von <a href=\"https:\/\/www.youtube.com\/watch?v=UDgjJ9XzgHk&amp;feature=youtu.be\">PAW Patrol: Der Mighty Kinofilm<\/a> zu bewerben und gleichzeitig den neuen Film auf <a href=\"https:\/\/www.paramountplus.com\/gb\/\">Paramount+<\/a> zu cross-promoten, ben\u00f6tigte <a href=\"https:\/\/www.nick.de\/\">Nickelodeon Deutschland <\/a>einen vertrauensw\u00fcrdigen Partner f\u00fcr die Umsetzung einer Omnichannel-Kampagne, die sowohl Reichweite als auch Sicherheit gew\u00e4hrleistet. Nickelodeon erkannte die Notwendigkeit, seine Zielgruppe dort abzuholen, wo sie sich aufh\u00e4lt \u2013 mit einem ansprechenden, altersgerechten und konformen Ansatz.<\/p>\n<p>Hier kam <strong>SuperAwesome<\/strong> ins Spiel.<br \/>\nMit fundierter Expertise im digitalen Jugend-\u00d6kosystem arbeitete Nickelodeon mit SuperAwesome zusammen, um eine kanal\u00fcbergreifende, videobasierte Kampagne zu starten, die darauf abzielte, Aufmerksamkeit und Begeisterung rund um die PAW Patrol-Premiere und die Paramount+-Verkn\u00fcpfung zu schaffen. Ziel war es, Gespr\u00e4che in Familienhaushalten anzuregen und Nickelodeons F\u00fchrungsposition im Vorschulunterhaltungsbereich zu festigen.<\/p>\n\n\n        \n          \n      <\/div>\n    <\/div>\n  <\/div>\n  \n<\/section>\n\n\n\n\n\n\n<section class=\"block-image-content  mt-160  \" >\n\n  \n  \n  <div class=\"row \">\n    <div class=\"col-md-6 slideinright image-container \">\n                                              <figure class=\"image\">\n          <img decoding=\"async\" src=\"https:\/\/www.superawesome.com\/wp-content\/uploads\/2025\/06\/paw-patrol2.png\" alt=\"paw-patrol2\">\n        <\/figure>\n                  <\/div>\n\n    <div class=\"col-md-6 slideinleft content-container\">\n      <div class=\"content\">\n                  <h3 class=\"h1\">Die L\u00f6sung<\/h3>\n        \n        \n        <p>Nickelodeon startete eine plattform\u00fcbergreifende Always-On-Kampagne, unterst\u00fctzt durch SuperAwesomes kindersichere Medientechnologie.<\/p>\n<ul>\n<li>Auf <strong>YouTube und YouTube Kids<\/strong> nutzte die Kampagne eine Mischung aus \u00fcberspringbaren und nicht-intrusiven Werbeformaten. Die Ausspielung \u00fcber Connected TVs erm\u00f6glichte gemeinsame Seherlebnisse mit Eltern, w\u00e4hrend die kontextuelle Platzierung neben Premium-Inhalten wie <em>Blippi<\/em> und <em>Gecko\u2019s Garage<\/em> die Relevanz und Erinnerungskraft st\u00e4rkte. Alle Creatives waren klar altersgerecht gekennzeichnet, um den Plattformrichtlinien zu entsprechen.<\/li>\n<li>In <strong>Spieleumgebungen <\/strong>erweiterte SuperAwesome die Kampagne \u00fcber seinen verifizierten Marktplatz aus Apps und Websites. Ein individuell gestalteter Videorahmen, entwickelt vom Inhouse-Studio von SuperAwesome, unterstrich Nickelodeons Kreatividee, indem zentrale Charaktere und Einschaltimpulse eingebunden wurden \u2013 stets markentreu und klar im Design.<\/li>\n<li>Durch <strong>Geo-Targeting <\/strong>wurde sichergestellt, dass jede Platzierung ausschlie\u00dflich Vorschulkinder in Deutschland erreichte.<\/li>\n<\/ul>\n<p>Durch die Kombination aus plattformspezifischer Umsetzung, altersgerechtem Design und strikter Compliance unterst\u00fctzte SuperAwesome Nickelodeon dabei, eine Kampagnenbotschaft zu \u00fcbermitteln, die nicht nur gesehen \u2013 sondern von Kindern und Familien gleicherma\u00dfen positiv aufgenommen wurde.<\/p>\n\n\n        \n          \n      <\/div>\n    <\/div>\n  <\/div>\n  \n<\/section>\n\n\n\n\n<\/div><!-- container -->\n<div class=\"container icon-cards-container\">\n<section class=\"block-icon-cards three-per-row   slideindownnomobile\">\n    <h2>Ergebnisse<\/h2>    \n        <div class=\"cards slideindownnomobile\">\n            <div class=\"card card-hover-state  text-centered\">\n                    <figure class=\"card-icon\" style=\"max-width:190px\">\n                <img decoding=\"async\" class=\"style-\" src=\"https:\/\/www.superawesome.com\/wp-content\/uploads\/2025\/06\/Icon-1.png\" alt=\"Icon 1\">\n            <\/figure>\n                            <h3>Benchmark \u00dcbertreffen<\/h3>\n                    <p class=\"card-text\">+19\u202f% View-Rate-Uplift im Vergleich zum Branchen-Benchmark<\/p>\n                <\/div>\n            <div class=\"card card-hover-state  text-centered\">\n                    <figure class=\"card-icon\" style=\"max-width:190px\">\n                <img decoding=\"async\" class=\"style-\" src=\"https:\/\/www.superawesome.com\/wp-content\/uploads\/2025\/06\/Icon-2.png\" alt=\"Icon 2\">\n            <\/figure>\n                            <h3>Co-Viewing Gezielt Nutzen<\/h3>\n                    <p class=\"card-text\">60\u202f%+ View-Rate auf Connected TV \u2013 Co-Viewing inklusive<\/p>\n                <\/div>\n            <div class=\"card card-hover-state  text-centered\">\n                    <figure class=\"card-icon\" style=\"max-width:190px\">\n                <img decoding=\"async\" class=\"style-\" src=\"https:\/\/www.superawesome.com\/wp-content\/uploads\/2025\/06\/Icon-3.png\" alt=\"Icon 3\">\n            <\/figure>\n                            <h3>Zielgruppenreichweite<\/h3>\n                    <p class=\"card-text\">25\u202f% Reichweite in der Zielgruppe Vorschulkinder, erm\u00f6glicht durch kanal\u00fcbergreifende Aktivierung<\/p>\n                <\/div>\n        <\/div><!-- .cards -->\n    <\/section>\n<\/div><!-- container -->\n<div class=\"container\">\n\n<section class=\"block-content-cards  \">\n    <h2>Learn more about our solutions&#8230;<\/h2>    \n        <div class=\"cards\">\n            <div class=\"card\">\n                    <p class=\"card-cat\" style=\"background-color: #114bff\"><\/p>\n                    <figure class=\"image\">\n                <img decoding=\"async\" src=\"https:\/\/www.superawesome.com\/wp-content\/uploads\/2021\/03\/shutterstock_714537970.png\" alt=\"shutterstock_714537970\">\n            <\/figure>\n                    <h3 style=\"color: #114bff;\">Influencer Marketing<\/h3>\n                    <p class=\"preview-text\">Brand-safe influencer marketing and content creation for youth and family audiences.<\/p>\n                            <a href=\"https:\/\/www.superawesome.com\/superawesome-creators\/\" class=\"btn btn-black\" target=\"_self\">\n                Learn more\n                <\/a>\n                    <\/div>\n            <div class=\"card\">\n                    <p class=\"card-cat\" style=\"background-color: #114bff\"><\/p>\n                    <figure class=\"image\">\n                <img decoding=\"async\" src=\"https:\/\/www.superawesome.com\/wp-content\/uploads\/2022\/01\/shutterstock_1745938655.png\" alt=\"shutterstock_1745938655\">\n            <\/figure>\n                    <h3 style=\"color: #114bff;\">Gaming Experiences<\/h3>\n                    <p class=\"preview-text\">Empowering brands to deliver safe and exciting, gaming programs to reach Gen Alpha and Gen Z.<\/p>\n                            <a href=\"https:\/\/www.superawesome.com\/superawesome-gaming\/\" class=\"btn btn-black\" target=\"_self\">\n                Learn More\n                <\/a>\n                    <\/div>\n            <div class=\"card\">\n                    <p class=\"card-cat\" style=\"background-color: #114bff\"><\/p>\n                    <figure class=\"image\">\n                <img decoding=\"async\" src=\"https:\/\/www.superawesome.com\/wp-content\/uploads\/2022\/02\/shutterstock_1905630148.png\" alt=\"shutterstock_1905630148\">\n            <\/figure>\n                    <h3 style=\"color: #114bff;\">Rich Media, Video and Display Advertising<\/h3>\n                    <p class=\"preview-text\">AwesomeAds is the leading ad platform for Gen Alpha and Gen Z, built with privacy at the forefront.<\/p>\n                            <a href=\"https:\/\/www.superawesome.com\/awesomeads-for-advertisers\/\" class=\"btn btn-black\" target=\"_self\">\n                Learn More\n                <\/a>\n                    <\/div>\n        <\/div><!-- .cards -->\n    <\/section>\n\n\n\n\n<section class=\"block-cta  \">\n  <h2 class=\"medium\">Looking to grow your brand?<\/h2>\n\n        <a id=\"cta-btn\" href=\"#\" class=\"btn btn-primary\" target=\"_self\">\n      Get in touch now\n    <\/a>\n  \n\n      <div data-contact-form class=\"contact-form-hubspot\">\n              <!--[if lte IE 8]>\n        <script charset=\"utf-8\" type=\"text\/javascript\" src=\"\/\/js.hsforms.net\/forms\/v2-legacy.js\"><\/script>\n        <![endif]-->\n        <script charset=\"utf-8\" type=\"text\/javascript\" src=\"\/\/js.hsforms.net\/forms\/v2.js\"><\/script>\n      \n      <script>\n        hbspt.forms.create({\n          portalId: \"5009836\",\n          formId: \"d6f951e2-ff41-4a96-ae90-31acdef15f8e\",\n          onFormSubmit: function(){\n            setTimeout(function(){\n              var $thankYou = $('#contact-form-hubspot-thank-you');\n              $thankYou.show();\n              $thankYou.parents().find('.block-cta').first().find('h2').remove();\n            }, 100 );\n          }\n        });\n      <\/script>\n      <div id=\"contact-form-hubspot-thank-you\" class=\"contact-form-hubspot-thank-you\" style=\"display:none\">\n        \n      <\/div>\n    <\/div>\n  \n<\/section>\n","protected":false},"excerpt":{"rendered":"","protected":false},"author":95,"featured_media":0,"parent":0,"menu_order":0,"comment_status":"closed","ping_status":"closed","template":"","meta":{"_acf_changed":true,"content-type":"","_monsterinsights_skip_tracking":false,"_monsterinsights_sitenote_active":false,"_monsterinsights_sitenote_note":"","_monsterinsights_sitenote_category":0,"footnotes":""},"class_list":["post-19646","page","type-page","status-publish","hentry"],"acf":{"spotify_url":"","amazon_music_url":"","sound_cloud_url":""},"yoast_head":"<!-- This site is optimized with the Yoast SEO plugin v27.4 - https:\/\/yoast.com\/product\/yoast-seo-wordpress\/ -->\n<title>Paw Patrol: Powering Safe, Scalable Preschool Reach with Nickelodeon<\/title>\n<meta name=\"description\" content=\"How Nickelodeon partnered with SuperAwesome to deliver a high-impact, kid-safe campaign for one of its biggest on-air premieres\" \/>\n<meta name=\"robots\" content=\"index, follow, max-snippet:-1, max-image-preview:large, max-video-preview:-1\" \/>\n<link rel=\"canonical\" href=\"https:\/\/www.superawesome.com\/de\/paw-patrol-powering-safe-scalable-preschool-reach-with-nickelodeon\/\" \/>\n<meta property=\"og:locale\" content=\"de_DE\" \/>\n<meta property=\"og:type\" content=\"article\" \/>\n<meta property=\"og:title\" content=\"Paw Patrol: Powering Safe, Scalable Preschool Reach with Nickelodeon\" \/>\n<meta property=\"og:description\" content=\"How Nickelodeon partnered with SuperAwesome to deliver a high-impact, kid-safe campaign for one of its biggest on-air premieres\" \/>\n<meta property=\"og:url\" content=\"https:\/\/www.superawesome.com\/de\/paw-patrol-powering-safe-scalable-preschool-reach-with-nickelodeon\/\" \/>\n<meta property=\"og:site_name\" content=\"SuperAwesome\" \/>\n<meta property=\"article:modified_time\" content=\"2025-07-29T14:47:55+00:00\" \/>\n<meta property=\"og:image\" content=\"https:\/\/www.superawesome.com\/wp-content\/uploads\/2021\/02\/shutterstock_186441221-1024x683.png\" \/>\n\t<meta property=\"og:image:width\" content=\"1024\" \/>\n\t<meta property=\"og:image:height\" content=\"683\" \/>\n\t<meta property=\"og:image:type\" content=\"image\/png\" \/>\n<meta name=\"twitter:card\" content=\"summary_large_image\" \/>\n<meta name=\"twitter:site\" content=\"@GoSuperAwesome\" \/>\n<script type=\"application\/ld+json\" class=\"yoast-schema-graph\">{\"@context\":\"https:\\\/\\\/schema.org\",\"@graph\":[{\"@type\":\"WebPage\",\"@id\":\"https:\\\/\\\/www.superawesome.com\\\/de\\\/paw-patrol-powering-safe-scalable-preschool-reach-with-nickelodeon\\\/\",\"url\":\"https:\\\/\\\/www.superawesome.com\\\/de\\\/paw-patrol-powering-safe-scalable-preschool-reach-with-nickelodeon\\\/\",\"name\":\"Paw Patrol: Powering Safe, Scalable Preschool Reach with Nickelodeon\",\"isPartOf\":{\"@id\":\"https:\\\/\\\/www.superawesome.com\\\/#website\"},\"datePublished\":\"2025-06-16T18:26:54+00:00\",\"dateModified\":\"2025-07-29T14:47:55+00:00\",\"description\":\"How Nickelodeon partnered with SuperAwesome to deliver a high-impact, kid-safe campaign for one of its biggest on-air premieres\",\"breadcrumb\":{\"@id\":\"https:\\\/\\\/www.superawesome.com\\\/de\\\/paw-patrol-powering-safe-scalable-preschool-reach-with-nickelodeon\\\/#breadcrumb\"},\"inLanguage\":\"de-DE\",\"potentialAction\":[{\"@type\":\"ReadAction\",\"target\":[\"https:\\\/\\\/www.superawesome.com\\\/de\\\/paw-patrol-powering-safe-scalable-preschool-reach-with-nickelodeon\\\/\"]}]},{\"@type\":\"BreadcrumbList\",\"@id\":\"https:\\\/\\\/www.superawesome.com\\\/de\\\/paw-patrol-powering-safe-scalable-preschool-reach-with-nickelodeon\\\/#breadcrumb\",\"itemListElement\":[{\"@type\":\"ListItem\",\"position\":1,\"name\":\"Home\",\"item\":\"https:\\\/\\\/www.superawesome.com\\\/\"},{\"@type\":\"ListItem\",\"position\":2,\"name\":\"PAW Patrol: Sicheres und skalierbares Engagement bei Vorschulkindern mit Nickelodeon\"}]},{\"@type\":\"WebSite\",\"@id\":\"https:\\\/\\\/www.superawesome.com\\\/#website\",\"url\":\"https:\\\/\\\/www.superawesome.com\\\/\",\"name\":\"SuperAwesome\",\"description\":\"Powering a better internet for the next generation\",\"publisher\":{\"@id\":\"https:\\\/\\\/www.superawesome.com\\\/#organization\"},\"potentialAction\":[{\"@type\":\"SearchAction\",\"target\":{\"@type\":\"EntryPoint\",\"urlTemplate\":\"https:\\\/\\\/www.superawesome.com\\\/?s={search_term_string}\"},\"query-input\":{\"@type\":\"PropertyValueSpecification\",\"valueRequired\":true,\"valueName\":\"search_term_string\"}}],\"inLanguage\":\"de-DE\"},{\"@type\":\"Organization\",\"@id\":\"https:\\\/\\\/www.superawesome.com\\\/#organization\",\"name\":\"SuperAwesome\",\"url\":\"https:\\\/\\\/www.superawesome.com\\\/\",\"logo\":{\"@type\":\"ImageObject\",\"inLanguage\":\"de-DE\",\"@id\":\"https:\\\/\\\/www.superawesome.com\\\/#\\\/schema\\\/logo\\\/image\\\/\",\"url\":\"https:\\\/\\\/www.superawesome.com\\\/wp-content\\\/uploads\\\/2022\\\/08\\\/SA_Logo_Main.png\",\"contentUrl\":\"https:\\\/\\\/www.superawesome.com\\\/wp-content\\\/uploads\\\/2022\\\/08\\\/SA_Logo_Main.png\",\"width\":400,\"height\":171,\"caption\":\"SuperAwesome\"},\"image\":{\"@id\":\"https:\\\/\\\/www.superawesome.com\\\/#\\\/schema\\\/logo\\\/image\\\/\"},\"sameAs\":[\"https:\\\/\\\/x.com\\\/GoSuperAwesome\"]}]}<\/script>\n<!-- \/ Yoast SEO plugin. -->","yoast_head_json":{"title":"Paw Patrol: Powering Safe, Scalable Preschool Reach with Nickelodeon","description":"How Nickelodeon partnered with SuperAwesome to deliver a high-impact, kid-safe campaign for one of its biggest on-air premieres","robots":{"index":"index","follow":"follow","max-snippet":"max-snippet:-1","max-image-preview":"max-image-preview:large","max-video-preview":"max-video-preview:-1"},"canonical":"https:\/\/www.superawesome.com\/de\/paw-patrol-powering-safe-scalable-preschool-reach-with-nickelodeon\/","og_locale":"de_DE","og_type":"article","og_title":"Paw Patrol: Powering Safe, Scalable Preschool Reach with Nickelodeon","og_description":"How Nickelodeon partnered with SuperAwesome to deliver a high-impact, kid-safe campaign for one of its biggest on-air premieres","og_url":"https:\/\/www.superawesome.com\/de\/paw-patrol-powering-safe-scalable-preschool-reach-with-nickelodeon\/","og_site_name":"SuperAwesome","article_modified_time":"2025-07-29T14:47:55+00:00","og_image":[{"width":1024,"height":683,"url":"https:\/\/www.superawesome.com\/wp-content\/uploads\/2021\/02\/shutterstock_186441221-1024x683.png","type":"image\/png"}],"twitter_card":"summary_large_image","twitter_site":"@GoSuperAwesome","schema":{"@context":"https:\/\/schema.org","@graph":[{"@type":"WebPage","@id":"https:\/\/www.superawesome.com\/de\/paw-patrol-powering-safe-scalable-preschool-reach-with-nickelodeon\/","url":"https:\/\/www.superawesome.com\/de\/paw-patrol-powering-safe-scalable-preschool-reach-with-nickelodeon\/","name":"Paw Patrol: Powering Safe, Scalable Preschool Reach with Nickelodeon","isPartOf":{"@id":"https:\/\/www.superawesome.com\/#website"},"datePublished":"2025-06-16T18:26:54+00:00","dateModified":"2025-07-29T14:47:55+00:00","description":"How Nickelodeon partnered with SuperAwesome to deliver a high-impact, kid-safe campaign for one of its biggest on-air premieres","breadcrumb":{"@id":"https:\/\/www.superawesome.com\/de\/paw-patrol-powering-safe-scalable-preschool-reach-with-nickelodeon\/#breadcrumb"},"inLanguage":"de-DE","potentialAction":[{"@type":"ReadAction","target":["https:\/\/www.superawesome.com\/de\/paw-patrol-powering-safe-scalable-preschool-reach-with-nickelodeon\/"]}]},{"@type":"BreadcrumbList","@id":"https:\/\/www.superawesome.com\/de\/paw-patrol-powering-safe-scalable-preschool-reach-with-nickelodeon\/#breadcrumb","itemListElement":[{"@type":"ListItem","position":1,"name":"Home","item":"https:\/\/www.superawesome.com\/"},{"@type":"ListItem","position":2,"name":"PAW Patrol: Sicheres und skalierbares Engagement bei Vorschulkindern mit Nickelodeon"}]},{"@type":"WebSite","@id":"https:\/\/www.superawesome.com\/#website","url":"https:\/\/www.superawesome.com\/","name":"SuperAwesome","description":"Powering a better internet for the next generation","publisher":{"@id":"https:\/\/www.superawesome.com\/#organization"},"potentialAction":[{"@type":"SearchAction","target":{"@type":"EntryPoint","urlTemplate":"https:\/\/www.superawesome.com\/?s={search_term_string}"},"query-input":{"@type":"PropertyValueSpecification","valueRequired":true,"valueName":"search_term_string"}}],"inLanguage":"de-DE"},{"@type":"Organization","@id":"https:\/\/www.superawesome.com\/#organization","name":"SuperAwesome","url":"https:\/\/www.superawesome.com\/","logo":{"@type":"ImageObject","inLanguage":"de-DE","@id":"https:\/\/www.superawesome.com\/#\/schema\/logo\/image\/","url":"https:\/\/www.superawesome.com\/wp-content\/uploads\/2022\/08\/SA_Logo_Main.png","contentUrl":"https:\/\/www.superawesome.com\/wp-content\/uploads\/2022\/08\/SA_Logo_Main.png","width":400,"height":171,"caption":"SuperAwesome"},"image":{"@id":"https:\/\/www.superawesome.com\/#\/schema\/logo\/image\/"},"sameAs":["https:\/\/x.com\/GoSuperAwesome"]}]}},"_links":{"self":[{"href":"https:\/\/www.superawesome.com\/de\/wp-json\/wp\/v2\/pages\/19646","targetHints":{"allow":["GET"]}}],"collection":[{"href":"https:\/\/www.superawesome.com\/de\/wp-json\/wp\/v2\/pages"}],"about":[{"href":"https:\/\/www.superawesome.com\/de\/wp-json\/wp\/v2\/types\/page"}],"author":[{"embeddable":true,"href":"https:\/\/www.superawesome.com\/de\/wp-json\/wp\/v2\/users\/95"}],"replies":[{"embeddable":true,"href":"https:\/\/www.superawesome.com\/de\/wp-json\/wp\/v2\/comments?post=19646"}],"version-history":[{"count":0,"href":"https:\/\/www.superawesome.com\/de\/wp-json\/wp\/v2\/pages\/19646\/revisions"}],"wp:attachment":[{"href":"https:\/\/www.superawesome.com\/de\/wp-json\/wp\/v2\/media?parent=19646"}],"curies":[{"name":"wp","href":"https:\/\/api.w.org\/{rel}","templated":true}]}}