{"id":17102,"date":"2023-12-22T22:10:24","date_gmt":"2023-12-22T22:10:24","guid":{"rendered":"https:\/\/www.superawesome.com\/?page_id=17102"},"modified":"2024-01-09T04:16:42","modified_gmt":"2024-01-09T04:16:42","slug":"the-path-to-toy-sales-success","status":"publish","type":"page","link":"https:\/\/www.superawesome.com\/de\/the-path-to-toy-sales-success\/","title":{"rendered":"The Path to Toy Sales Success &#8211; DE"},"content":{"rendered":"<\/div><!-- container -->\n\n<section class=\"block-image-content has-parallax block-image-content-full-width block-image-content-inversed inversed-full-width   \">\n\n  <div class=\"container\">\n    <div class=\"row\">\n      <div class=\"col-lg-4 image-content-container slideindown\">\n                              <figure class=\"image image-full-width-container image-as-bg\">\n          <img decoding=\"async\" class=\"style-jpg\" src=\"https:\/\/www.superawesome.com\/wp-content\/uploads\/2023\/12\/Toyfair_LP-banner.jpg\" alt=\"Toyfair_LP-banner\">\n        <\/figure>\n            <\/div>\n\n      <div class=\"col-lg-8 slideindown\">\n        <div class=\"content\">\n                      <h3 class=\"h1\">Der Weg zum Verkaufserfolg von Spielwaren in Deutschland<\/h3>\n          \n          \n          <p><span style=\"font-weight: 400;\">Erfolgreiche Strategien f\u00fcr Spielwarenmarken in einer schwierigen Wirtschaftslage<\/span><\/p>\n\n\n          \n                <a href=\"#infographic\" class=\"btn btn-primary \" target=\"_self\">\n      Infografik herunterladen\n    <\/a>\n  \n        <\/div>\n      <\/div>\n    <\/div>\n  <\/div><!-- container -->\n    <div class=\"image-content-parallax parallax__header\" style=\"background-image: url(https:\/\/www.superawesome.com\/wp-content\/uploads\/2023\/12\/Toyfair_LP-banner.jpg);\"><\/div>\n  <\/section>\n\n<div class=\"container\">\n\n\n\n<section class=\"block-image-content  mt-96  \" >\n\n  \n  \n  <div class=\"row \">\n    <div class=\"col-md-6 slideinright image-container \">\n                                              <figure class=\"image\">\n          <img decoding=\"async\" src=\"https:\/\/www.superawesome.com\/wp-content\/uploads\/2023\/12\/Toyfair_LP_image-01.png\" alt=\"Toyfair_LP_image-01\">\n        <\/figure>\n                  <\/div>\n\n    <div class=\"col-md-6 slideinleft content-container\">\n      <div class=\"content\">\n                  <h3 class=\"h1\">Erfahren Sie, warum und wie weit Kinder heute die treibende Kraft hinter den Spielzeugverk\u00e4ufen sind!<\/h3>\n        \n        \n        <p><span style=\"font-weight: 400;\">Kinder ver\u00e4ndern den Spielzeugmarkt auf eine Weise, welche die Hersteller nicht ignorieren d\u00fcrfen. Unsere neue Infografik hilft Ihnen dabei, diese Zielgruppe m\u00f6glichst erfolgreich einzubinden, wobei Privatsph\u00e4re und Sicherheit im Vordergrund stehen.<br \/>\n<\/span><\/p>\n\n\n        \n              <a href=\"#infographic\" class=\"btn btn-primary \" target=\"_self\">\n      Infografik herunterladen\n    <\/a>\n  \n      <\/div>\n    <\/div>\n  <\/div>\n  \n<\/section>\n\n\n\n\n<\/div><!-- container -->\n<div class=\"container icon-cards-container\">\n<section class=\"block-icon-cards 3 mt-96  slideindownnomobile\">\n    <h2>Zentrale Erkenntnisse:<\/h2>    \n        <div class=\"cards slideindownnomobile\">\n            <div class=\"card \">\n                    <figure class=\"card-icon\" style=\"max-width:190px\">\n                <img decoding=\"async\" class=\"style-\" src=\"https:\/\/www.superawesome.com\/wp-content\/uploads\/2023\/12\/Toyfair_LP_Icons-gift.png\" alt=\"Toyfair_LP_Icons-gift\">\n            <\/figure>\n                            <p class=\"card-text\"><b>Es ist wichtig, Kinder direkt einzubinden \u2013 sie sind der entscheidende Faktor bei Familienk\u00e4ufen.<\/b> Ihr Einfluss ist von Jahr zu Jahr um 10 % gewachsen, wobei 90 % der Eltern Spielzeug auf der Grundlage der ausdr\u00fccklichen W\u00fcnsche ihrer Kinder kaufen.\r\n<\/p>\n                <\/div>\n            <div class=\"card \">\n                    <figure class=\"card-icon\" style=\"max-width:190px\">\n                <img decoding=\"async\" class=\"style-\" src=\"https:\/\/www.superawesome.com\/wp-content\/uploads\/2023\/12\/Toyfair_LP_Icons-toy.png\" alt=\"Toyfair_LP_Icons-toy\">\n            <\/figure>\n                            <p class=\"card-text\"><b>Erfahren Sie, wie wichtig Spielzeug f\u00fcr die Familie ist.<\/b> Spielzeug geh\u00f6rt neben Produkten des allt\u00e4glichen Bedarfs wie Lebensmittel und Kleidung zu den f\u00fcnf am h\u00e4ufigsten gekauften Produkten und rangiert sogar noch h\u00f6her als Produkte zur  K\u00f6rperpflege.\r\n<\/p>\n                <\/div>\n            <div class=\"card \">\n                    <figure class=\"card-icon\" style=\"max-width:190px\">\n                <img decoding=\"async\" class=\"style-\" src=\"https:\/\/www.superawesome.com\/wp-content\/uploads\/2023\/12\/Toyfair_LP_Icons-Awesomeads_purple.png\" alt=\"Toyfair_LP_Icons-Awesomeads_purple\">\n            <\/figure>\n                            <p class=\"card-text\"><b>Maximieren Sie Ihre Wirkung mit bew\u00e4hrten Kan\u00e4len und Werbestrategien.<\/b> Erfahren Sie, wie Sie Ihr Spielzeug auf den Plattformen pr\u00e4sentieren, auf denen sich Kinder am meisten bewegen, und erfahren Sie, wie die Strategien von SuperAwesome den Spielzeugverkauf verdoppelt haben.\r\n<\/p>\n                <\/div>\n        <\/div><!-- .cards -->\n    <\/section>\n<\/div><!-- container -->\n<div class=\"container\">\n\n\n<p class=\"has-text-align-center\">Vom Verst\u00e4ndnis des Einflusses von Kindern auf die Eink\u00e4ufe ihrer Eltern bis hin zur konkreten Nutzung der effektivsten Werbekan\u00e4le ist diese Infografik Ihr Leitfaden f\u00fcr den Erfolg auf dem Spielzeugmarkt im Jahr 2024!<\/p>\n\n\n\n<div class=\"wp-block-buttons is-content-justification-center is-layout-flex wp-container-core-buttons-is-layout-16018d1d wp-block-buttons-is-layout-flex\">\n<div class=\"wp-block-button\"><a class=\"wp-block-button__link has-text-align-center wp-element-button\" href=\"#infographic\">Infografik herunterladen<\/a><\/div>\n<\/div>\n\n\n\n<div style=\"height:68px\" aria-hidden=\"true\" class=\"wp-block-spacer\"><\/div>\n\n\n\n<p class=\"has-text-align-center has-large-font-size\" id=\"infographic\"><strong><strong>Entdecken Sie die bew\u00e4hrten Methoden von SuperAwesome, um Kinder zu erreichen und den Spielzeugverkauf anzukurbeln! Laden Sie jetzt unsere kostenlose Infografik herunter.<\/strong><\/strong><\/p>\n\n\n\n<div class=\"wp-block-leadin-hubspot-form-block\">\n\t\t\t\t\t\t<script>\n\t\t\t\t\t\t\twindow.hsFormsOnReady = window.hsFormsOnReady || [];\n\t\t\t\t\t\t\twindow.hsFormsOnReady.push(()=>{\n\t\t\t\t\t\t\t\thbspt.forms.create({\n\t\t\t\t\t\t\t\t\tportalId: 5009836,\n\t\t\t\t\t\t\t\t\tformId: \"843b096b-c699-40cb-b397-97d53b4e6e43\",\n\t\t\t\t\t\t\t\t\ttarget: \"#hbspt-form-1777620116000-0077229611\",\n\t\t\t\t\t\t\t\t\tregion: \"na1\",\n\t\t\t\t\t\t\t\t\t\n\t\t\t\t\t\t\t})});\n\t\t\t\t\t\t<\/script>\n\t\t\t\t\t\t<div class=\"hbspt-form\" id=\"hbspt-form-1777620116000-0077229611\"><\/div><\/div>\n","protected":false},"excerpt":{"rendered":"<p>Vom Verst\u00e4ndnis des Einflusses von Kindern auf die Eink\u00e4ufe ihrer Eltern bis hin zur konkreten Nutzung der effektivsten Werbekan\u00e4le ist diese Infografik Ihr Leitfaden f\u00fcr den Erfolg auf dem Spielzeugmarkt im Jahr 2024! Entdecken Sie die bew\u00e4hrten Methoden von SuperAwesome, um Kinder zu erreichen und den Spielzeugverkauf anzukurbeln! Laden Sie jetzt unsere kostenlose Infografik herunter.<\/p>\n","protected":false},"author":79,"featured_media":17124,"parent":0,"menu_order":0,"comment_status":"closed","ping_status":"closed","template":"","meta":{"_acf_changed":false,"content-type":"","_monsterinsights_skip_tracking":false,"_monsterinsights_sitenote_active":false,"_monsterinsights_sitenote_note":"","_monsterinsights_sitenote_category":0,"footnotes":""},"class_list":["post-17102","page","type-page","status-publish","has-post-thumbnail","hentry"],"acf":{"spotify_url":"","amazon_music_url":"","sound_cloud_url":""},"yoast_head":"<!-- This site is optimized with the Yoast SEO plugin v27.4 - https:\/\/yoast.com\/product\/yoast-seo-wordpress\/ -->\n<title>Der Weg zum Verkaufserfolg von Spielwaren in Deutschland<\/title>\n<meta name=\"description\" content=\"Erfolgreiche Strategien f\u00fcr Spielwarenmarken in einer schwierigen Wirtschaftslage\" \/>\n<meta name=\"robots\" content=\"index, follow, max-snippet:-1, max-image-preview:large, max-video-preview:-1\" \/>\n<link rel=\"canonical\" href=\"https:\/\/www.superawesome.com\/de\/the-path-to-toy-sales-success\/\" \/>\n<meta property=\"og:locale\" content=\"de_DE\" \/>\n<meta property=\"og:type\" content=\"article\" \/>\n<meta property=\"og:title\" content=\"Der Weg zum Verkaufserfolg von Spielwaren in Deutschland\" \/>\n<meta property=\"og:description\" content=\"Erfolgreiche Strategien f\u00fcr Spielwarenmarken in einer schwierigen Wirtschaftslage\" \/>\n<meta property=\"og:url\" content=\"https:\/\/www.superawesome.com\/de\/the-path-to-toy-sales-success\/\" \/>\n<meta property=\"og:site_name\" content=\"SuperAwesome\" \/>\n<meta property=\"article:modified_time\" content=\"2024-01-09T04:16:42+00:00\" \/>\n<meta property=\"og:image\" content=\"https:\/\/www.superawesome.com\/wp-content\/uploads\/2024\/01\/toy-sales-de.png\" \/>\n\t<meta property=\"og:image:width\" content=\"680\" \/>\n\t<meta property=\"og:image:height\" content=\"681\" \/>\n\t<meta property=\"og:image:type\" content=\"image\/png\" \/>\n<meta name=\"twitter:card\" content=\"summary_large_image\" \/>\n<meta name=\"twitter:title\" content=\"Der Weg zum Verkaufserfolg von Spielwaren in Deutschland\" \/>\n<meta name=\"twitter:description\" content=\"Erfolgreiche Strategien f\u00fcr Spielwarenmarken in einer schwierigen Wirtschaftslage\" \/>\n<meta name=\"twitter:site\" content=\"@GoSuperAwesome\" \/>\n<script type=\"application\/ld+json\" class=\"yoast-schema-graph\">{\"@context\":\"https:\\\/\\\/schema.org\",\"@graph\":[{\"@type\":\"WebPage\",\"@id\":\"https:\\\/\\\/www.superawesome.com\\\/de\\\/the-path-to-toy-sales-success\\\/\",\"url\":\"https:\\\/\\\/www.superawesome.com\\\/de\\\/the-path-to-toy-sales-success\\\/\",\"name\":\"Der Weg zum Verkaufserfolg von Spielwaren in Deutschland\",\"isPartOf\":{\"@id\":\"https:\\\/\\\/www.superawesome.com\\\/#website\"},\"primaryImageOfPage\":{\"@id\":\"https:\\\/\\\/www.superawesome.com\\\/de\\\/the-path-to-toy-sales-success\\\/#primaryimage\"},\"image\":{\"@id\":\"https:\\\/\\\/www.superawesome.com\\\/de\\\/the-path-to-toy-sales-success\\\/#primaryimage\"},\"thumbnailUrl\":\"https:\\\/\\\/www.superawesome.com\\\/wp-content\\\/uploads\\\/2024\\\/01\\\/toy-sales-de.png\",\"datePublished\":\"2023-12-22T22:10:24+00:00\",\"dateModified\":\"2024-01-09T04:16:42+00:00\",\"description\":\"Erfolgreiche Strategien f\u00fcr Spielwarenmarken in einer schwierigen Wirtschaftslage\",\"breadcrumb\":{\"@id\":\"https:\\\/\\\/www.superawesome.com\\\/de\\\/the-path-to-toy-sales-success\\\/#breadcrumb\"},\"inLanguage\":\"de-DE\",\"potentialAction\":[{\"@type\":\"ReadAction\",\"target\":[\"https:\\\/\\\/www.superawesome.com\\\/de\\\/the-path-to-toy-sales-success\\\/\"]}]},{\"@type\":\"ImageObject\",\"inLanguage\":\"de-DE\",\"@id\":\"https:\\\/\\\/www.superawesome.com\\\/de\\\/the-path-to-toy-sales-success\\\/#primaryimage\",\"url\":\"https:\\\/\\\/www.superawesome.com\\\/wp-content\\\/uploads\\\/2024\\\/01\\\/toy-sales-de.png\",\"contentUrl\":\"https:\\\/\\\/www.superawesome.com\\\/wp-content\\\/uploads\\\/2024\\\/01\\\/toy-sales-de.png\",\"width\":680,\"height\":681},{\"@type\":\"BreadcrumbList\",\"@id\":\"https:\\\/\\\/www.superawesome.com\\\/de\\\/the-path-to-toy-sales-success\\\/#breadcrumb\",\"itemListElement\":[{\"@type\":\"ListItem\",\"position\":1,\"name\":\"Home\",\"item\":\"https:\\\/\\\/www.superawesome.com\\\/\"},{\"@type\":\"ListItem\",\"position\":2,\"name\":\"The Path to Toy Sales Success &#8211; DE\"}]},{\"@type\":\"WebSite\",\"@id\":\"https:\\\/\\\/www.superawesome.com\\\/#website\",\"url\":\"https:\\\/\\\/www.superawesome.com\\\/\",\"name\":\"SuperAwesome\",\"description\":\"Powering a better internet for the next generation\",\"publisher\":{\"@id\":\"https:\\\/\\\/www.superawesome.com\\\/#organization\"},\"potentialAction\":[{\"@type\":\"SearchAction\",\"target\":{\"@type\":\"EntryPoint\",\"urlTemplate\":\"https:\\\/\\\/www.superawesome.com\\\/?s={search_term_string}\"},\"query-input\":{\"@type\":\"PropertyValueSpecification\",\"valueRequired\":true,\"valueName\":\"search_term_string\"}}],\"inLanguage\":\"de-DE\"},{\"@type\":\"Organization\",\"@id\":\"https:\\\/\\\/www.superawesome.com\\\/#organization\",\"name\":\"SuperAwesome\",\"url\":\"https:\\\/\\\/www.superawesome.com\\\/\",\"logo\":{\"@type\":\"ImageObject\",\"inLanguage\":\"de-DE\",\"@id\":\"https:\\\/\\\/www.superawesome.com\\\/#\\\/schema\\\/logo\\\/image\\\/\",\"url\":\"https:\\\/\\\/www.superawesome.com\\\/wp-content\\\/uploads\\\/2022\\\/08\\\/SA_Logo_Main.png\",\"contentUrl\":\"https:\\\/\\\/www.superawesome.com\\\/wp-content\\\/uploads\\\/2022\\\/08\\\/SA_Logo_Main.png\",\"width\":400,\"height\":171,\"caption\":\"SuperAwesome\"},\"image\":{\"@id\":\"https:\\\/\\\/www.superawesome.com\\\/#\\\/schema\\\/logo\\\/image\\\/\"},\"sameAs\":[\"https:\\\/\\\/x.com\\\/GoSuperAwesome\"]}]}<\/script>\n<!-- \/ Yoast SEO plugin. -->","yoast_head_json":{"title":"Der Weg zum Verkaufserfolg von Spielwaren in Deutschland","description":"Erfolgreiche Strategien f\u00fcr Spielwarenmarken in einer schwierigen Wirtschaftslage","robots":{"index":"index","follow":"follow","max-snippet":"max-snippet:-1","max-image-preview":"max-image-preview:large","max-video-preview":"max-video-preview:-1"},"canonical":"https:\/\/www.superawesome.com\/de\/the-path-to-toy-sales-success\/","og_locale":"de_DE","og_type":"article","og_title":"Der Weg zum Verkaufserfolg von Spielwaren in Deutschland","og_description":"Erfolgreiche Strategien f\u00fcr Spielwarenmarken in einer schwierigen Wirtschaftslage","og_url":"https:\/\/www.superawesome.com\/de\/the-path-to-toy-sales-success\/","og_site_name":"SuperAwesome","article_modified_time":"2024-01-09T04:16:42+00:00","og_image":[{"width":680,"height":681,"url":"https:\/\/www.superawesome.com\/wp-content\/uploads\/2024\/01\/toy-sales-de.png","type":"image\/png"}],"twitter_card":"summary_large_image","twitter_title":"Der Weg zum Verkaufserfolg von Spielwaren in Deutschland","twitter_description":"Erfolgreiche Strategien f\u00fcr Spielwarenmarken in einer schwierigen Wirtschaftslage","twitter_site":"@GoSuperAwesome","schema":{"@context":"https:\/\/schema.org","@graph":[{"@type":"WebPage","@id":"https:\/\/www.superawesome.com\/de\/the-path-to-toy-sales-success\/","url":"https:\/\/www.superawesome.com\/de\/the-path-to-toy-sales-success\/","name":"Der Weg zum Verkaufserfolg von Spielwaren in Deutschland","isPartOf":{"@id":"https:\/\/www.superawesome.com\/#website"},"primaryImageOfPage":{"@id":"https:\/\/www.superawesome.com\/de\/the-path-to-toy-sales-success\/#primaryimage"},"image":{"@id":"https:\/\/www.superawesome.com\/de\/the-path-to-toy-sales-success\/#primaryimage"},"thumbnailUrl":"https:\/\/www.superawesome.com\/wp-content\/uploads\/2024\/01\/toy-sales-de.png","datePublished":"2023-12-22T22:10:24+00:00","dateModified":"2024-01-09T04:16:42+00:00","description":"Erfolgreiche Strategien f\u00fcr Spielwarenmarken in einer schwierigen Wirtschaftslage","breadcrumb":{"@id":"https:\/\/www.superawesome.com\/de\/the-path-to-toy-sales-success\/#breadcrumb"},"inLanguage":"de-DE","potentialAction":[{"@type":"ReadAction","target":["https:\/\/www.superawesome.com\/de\/the-path-to-toy-sales-success\/"]}]},{"@type":"ImageObject","inLanguage":"de-DE","@id":"https:\/\/www.superawesome.com\/de\/the-path-to-toy-sales-success\/#primaryimage","url":"https:\/\/www.superawesome.com\/wp-content\/uploads\/2024\/01\/toy-sales-de.png","contentUrl":"https:\/\/www.superawesome.com\/wp-content\/uploads\/2024\/01\/toy-sales-de.png","width":680,"height":681},{"@type":"BreadcrumbList","@id":"https:\/\/www.superawesome.com\/de\/the-path-to-toy-sales-success\/#breadcrumb","itemListElement":[{"@type":"ListItem","position":1,"name":"Home","item":"https:\/\/www.superawesome.com\/"},{"@type":"ListItem","position":2,"name":"The Path to Toy Sales Success &#8211; DE"}]},{"@type":"WebSite","@id":"https:\/\/www.superawesome.com\/#website","url":"https:\/\/www.superawesome.com\/","name":"SuperAwesome","description":"Powering a better internet for the next generation","publisher":{"@id":"https:\/\/www.superawesome.com\/#organization"},"potentialAction":[{"@type":"SearchAction","target":{"@type":"EntryPoint","urlTemplate":"https:\/\/www.superawesome.com\/?s={search_term_string}"},"query-input":{"@type":"PropertyValueSpecification","valueRequired":true,"valueName":"search_term_string"}}],"inLanguage":"de-DE"},{"@type":"Organization","@id":"https:\/\/www.superawesome.com\/#organization","name":"SuperAwesome","url":"https:\/\/www.superawesome.com\/","logo":{"@type":"ImageObject","inLanguage":"de-DE","@id":"https:\/\/www.superawesome.com\/#\/schema\/logo\/image\/","url":"https:\/\/www.superawesome.com\/wp-content\/uploads\/2022\/08\/SA_Logo_Main.png","contentUrl":"https:\/\/www.superawesome.com\/wp-content\/uploads\/2022\/08\/SA_Logo_Main.png","width":400,"height":171,"caption":"SuperAwesome"},"image":{"@id":"https:\/\/www.superawesome.com\/#\/schema\/logo\/image\/"},"sameAs":["https:\/\/x.com\/GoSuperAwesome"]}]}},"_links":{"self":[{"href":"https:\/\/www.superawesome.com\/de\/wp-json\/wp\/v2\/pages\/17102","targetHints":{"allow":["GET"]}}],"collection":[{"href":"https:\/\/www.superawesome.com\/de\/wp-json\/wp\/v2\/pages"}],"about":[{"href":"https:\/\/www.superawesome.com\/de\/wp-json\/wp\/v2\/types\/page"}],"author":[{"embeddable":true,"href":"https:\/\/www.superawesome.com\/de\/wp-json\/wp\/v2\/users\/79"}],"replies":[{"embeddable":true,"href":"https:\/\/www.superawesome.com\/de\/wp-json\/wp\/v2\/comments?post=17102"}],"version-history":[{"count":0,"href":"https:\/\/www.superawesome.com\/de\/wp-json\/wp\/v2\/pages\/17102\/revisions"}],"wp:featuredmedia":[{"embeddable":true,"href":"https:\/\/www.superawesome.com\/de\/wp-json\/wp\/v2\/media\/17124"}],"wp:attachment":[{"href":"https:\/\/www.superawesome.com\/de\/wp-json\/wp\/v2\/media?parent=17102"}],"curies":[{"name":"wp","href":"https:\/\/api.w.org\/{rel}","templated":true}]}}