{"id":16675,"date":"2023-07-17T15:57:26","date_gmt":"2023-07-17T15:57:26","guid":{"rendered":"https:\/\/www.superawesome.com\/?page_id=16675"},"modified":"2023-07-17T16:35:29","modified_gmt":"2023-07-17T16:35:29","slug":"fr-streaming-ebook-2023","status":"publish","type":"page","link":"https:\/\/www.superawesome.com\/de\/fr-streaming-ebook-2023\/","title":{"rendered":"FR Streaming Ebook 2023"},"content":{"rendered":"<\/div><!-- container -->\n\n<section class=\"block-image-content has-parallax block-image-content-full-width block-image-content-inversed inversed-full-width   \">\n\n  <div class=\"container\">\n    <div class=\"row\">\n      <div class=\"col-lg-4 image-content-container slideindown\">\n                              <figure class=\"image image-full-width-container image-as-bg\">\n          <img decoding=\"async\" class=\"style-jpg\" src=\"https:\/\/www.superawesome.com\/wp-content\/uploads\/2023\/07\/SA_Website_Reports_Banner23.jpg\" alt=\"SA_Website_Reports_Banner23\">\n        <\/figure>\n            <\/div>\n\n      <div class=\"col-lg-8 slideindown\">\n        <div class=\"content\">\n                      <h3 class=\"h1\">Les g\u00e9n\u00e9rations Alpha et Z  contr\u00f4lent la t\u00e9l\u00e9commande du foyer<\/h3>\n          \n          \n          <p><span style=\"font-weight: 400;\">Pourquoi les jeunes publics jouent-ils un r\u00f4le essentiel dans les abonnements familiaux<\/span><\/p>\n\n\n          \n                <a href=\"#streaming\" class=\"btn btn-primary \" target=\"_self\">\n      T\u00c9L\u00c9CHARGER LE EBOOK\n    <\/a>\n  \n        <\/div>\n      <\/div>\n    <\/div>\n  <\/div><!-- container -->\n    <div class=\"image-content-parallax parallax__header\" style=\"background-image: url(https:\/\/www.superawesome.com\/wp-content\/uploads\/2023\/07\/SA_Website_Reports_Banner23.jpg);\"><\/div>\n  <\/section>\n\n<div class=\"container\">\n\n<\/div><!-- container -->\n<div class=\"container icon-cards-container\">\n<section class=\"block-icon-cards 3 mt-96  slideindownnomobile\">\n    <h2>Points \u00e0 retenir<\/h2>    \n        <div class=\"cards slideindownnomobile\">\n            <div class=\"card card-hover-state  text-centered\">\n                    <figure class=\"card-icon\" style=\"max-width:190px\">\n                <img decoding=\"async\" class=\"style-\" src=\"https:\/\/www.superawesome.com\/wp-content\/uploads\/2023\/07\/Streaming_Ebook_LP-02.png\" alt=\"Streaming_Ebook_LP-02\">\n            <\/figure>\n                            <p class=\"card-text\">Pour les parents de la g\u00e9n\u00e9ration Alpha, <b>les besoins de toute la famille en mati\u00e8re de streaming prennent la priorit\u00e9 sur les consid\u00e9rations de co\u00fbts,<\/b> m\u00eame dans un contexte \u00e9conomique incertain. \r\n<\/p>\n                <\/div>\n            <div class=\"card card-hover-state  text-centered\">\n                    <figure class=\"card-icon\" style=\"max-width:190px\">\n                <img decoding=\"async\" class=\"style-\" src=\"https:\/\/www.superawesome.com\/wp-content\/uploads\/2023\/07\/Streaming_Ebook_LP-03.png\" alt=\"Streaming_Ebook_LP-03\">\n            <\/figure>\n                            <p class=\"card-text\"> Les besoins de contenu familial et adapt\u00e9 aux enfants* sont la raison principale pour laquelle un parent <b>va s&#8217;abonner \u00e0 un service de streaming<\/b> pour la famille, renouveler <b>son abonnement ou se d\u00e9sabonner.<\/b>\r\n<\/p>\n                <\/div>\n            <div class=\"card card-hover-state  text-centered\">\n                    <figure class=\"card-icon\" style=\"max-width:190px\">\n                <img decoding=\"async\" class=\"style-\" src=\"https:\/\/www.superawesome.com\/wp-content\/uploads\/2023\/07\/Streaming_Ebook_LP-04.png\" alt=\"Streaming_Ebook_LP-04\">\n            <\/figure>\n                            <p class=\"card-text\"><b>La moiti\u00e9 des Zoomer<\/b> \u00e2g\u00e9s de 16 \u00e0 24 ans d\u00e9clarent qu\u2019ils participent aux d\u00e9cisions familiales en mati\u00e8re de plateforme de streaming. Alors que pour certains Zoomers c\u2019est l\u2019\u00e2ge des premiers achats autonomes en mati\u00e8re de divertissement , ils sont toujours impliqu\u00e9s dans les choix concernant le streaming dans leur foyer. \r\n<\/p>\n                <\/div>\n        <\/div><!-- .cards -->\n    <\/section>\n<\/div><!-- container -->\n<div class=\"container\">\n\n\n<p><sub>*Inclut: encourager \u00e0 passer plus de temps \u00e0 regarder en famille, avoir un contenu de qualit\u00e9 pour mon enfant, &#8218;avoir des programmes sp\u00e9cifiques que mon enfant veut regarder, mon enfant l&#8217;a demand\u00e9, et vouloir que mon enfant puisse se tenir au courant des programmes actuels.<\/sub><\/p>\n\n\n\n\n<section class=\"block-cta  \">\n  <h2 class=\"medium\"><\/h2>\n\n        <a id=\"cta-btn\" href=\"#\" class=\"btn btn-primary\" target=\"_self\">\n      T\u00c9L\u00c9CHARGER LE EBOOK\n    <\/a>\n  \n\n      <div data-contact-form class=\"contact-form-hubspot\">\n              <!--[if lte IE 8]>\n        <script charset=\"utf-8\" type=\"text\/javascript\" src=\"\/\/js.hsforms.net\/forms\/v2-legacy.js\"><\/script>\n        <![endif]-->\n        <script charset=\"utf-8\" type=\"text\/javascript\" src=\"\/\/js.hsforms.net\/forms\/v2.js\"><\/script>\n      \n      <script>\n        hbspt.forms.create({\n          portalId: \"5009836\",\n          formId: \"9a0cbc2d-e34e-4907-9135-d6e8b36d914a\",\n          onFormSubmit: function(){\n            setTimeout(function(){\n              var $thankYou = $('#contact-form-hubspot-thank-you');\n              $thankYou.show();\n              $thankYou.parents().find('.block-cta').first().find('h2').remove();\n            }, 100 );\n          }\n        });\n      <\/script>\n      <div id=\"contact-form-hubspot-thank-you\" class=\"contact-form-hubspot-thank-you\" style=\"display:none\">\n        \n      <\/div>\n    <\/div>\n  \n<\/section>\n\n\n\n<div style=\"height:35px\" aria-hidden=\"true\" class=\"wp-block-spacer\"><\/div>\n\n\n\n<h1 class=\"wp-block-heading has-text-align-center\">La g\u00e9n\u00e9ration Z est tr\u00e8s impliqu\u00e9e dans les choix de la famille en mati\u00e8re de streaming.<\/h1>\n\n\n\n<p class=\"has-text-align-center\"><strong>Questi<\/strong>ons<strong>:<\/strong> En ce qui concerne les plateformes de streaming, qui d\u00e9cide \u00e0 quelle plateforme s\u2019abonner? En ce qui concerne les plateformes de streaming, qui d\u00e9cide quoi regarder?<\/p>\n\n\n\n<div class=\"wp-block-columns is-layout-flex wp-container-core-columns-is-layout-9d6595d7 wp-block-columns-is-layout-flex\">\n<div class=\"wp-block-column is-layout-flow wp-block-column-is-layout-flow\"><div class=\"wp-block-image\">\n<figure class=\"aligncenter size-full\"><img loading=\"lazy\" decoding=\"async\" width=\"671\" height=\"703\" src=\"https:\/\/www.superawesome.com\/wp-content\/uploads\/2023\/07\/Streaming_Ebook_LP-07.png\" alt=\"\" class=\"wp-image-16676\" srcset=\"https:\/\/www.superawesome.com\/wp-content\/uploads\/2023\/07\/Streaming_Ebook_LP-07.png 671w, https:\/\/www.superawesome.com\/wp-content\/uploads\/2023\/07\/Streaming_Ebook_LP-07-286x300.png 286w\" sizes=\"auto, (max-width: 671px) 100vw, 671px\" \/><\/figure>\n<\/div><\/div>\n\n\n\n<div class=\"wp-block-column is-layout-flow wp-block-column-is-layout-flow\"><div class=\"wp-block-image\">\n<figure class=\"aligncenter size-full\"><img loading=\"lazy\" decoding=\"async\" width=\"677\" height=\"703\" src=\"https:\/\/www.superawesome.com\/wp-content\/uploads\/2023\/07\/Streaming_Ebook_LP-06.png\" alt=\"\" class=\"wp-image-16678\" srcset=\"https:\/\/www.superawesome.com\/wp-content\/uploads\/2023\/07\/Streaming_Ebook_LP-06.png 677w, https:\/\/www.superawesome.com\/wp-content\/uploads\/2023\/07\/Streaming_Ebook_LP-06-289x300.png 289w\" sizes=\"auto, (max-width: 677px) 100vw, 677px\" \/><\/figure>\n<\/div><\/div>\n<\/div>\n\n\n\n<a name=\"streaming\"><\/a>\n\n\n\n<div style=\"height:53px\" aria-hidden=\"true\" class=\"wp-block-spacer\"><\/div>\n\n\n\n<h2 class=\"wp-block-heading has-text-align-center\">SuperAwesome peut aider votre marque \u00e0 cibler ce public influent en toute s\u00e9curit\u00e9<\/h2>\n\n\n\n\t\t\t\t\t\t<script>\n\t\t\t\t\t\t\twindow.hsFormsOnReady = window.hsFormsOnReady || [];\n\t\t\t\t\t\t\twindow.hsFormsOnReady.push(()=>{\n\t\t\t\t\t\t\t\thbspt.forms.create({\n\t\t\t\t\t\t\t\t\tportalId: 5009836,\n\t\t\t\t\t\t\t\t\tformId: \"9a0cbc2d-e34e-4907-9135-d6e8b36d914a\",\n\t\t\t\t\t\t\t\t\ttarget: \"#hbspt-form-1777717801000-5815414667\",\n\t\t\t\t\t\t\t\t\tregion: \"na1\",\n\t\t\t\t\t\t\t\t\t\n\t\t\t\t\t\t\t})});\n\t\t\t\t\t\t<\/script>\n\t\t\t\t\t\t<div class=\"hbspt-form\" id=\"hbspt-form-1777717801000-5815414667\"><\/div>\n","protected":false},"excerpt":{"rendered":"<p>*Inclut: encourager \u00e0 passer plus de temps \u00e0 regarder en famille, avoir un contenu de qualit\u00e9 pour mon enfant, &#8218;avoir des programmes sp\u00e9cifiques que mon enfant veut regarder, mon enfant l&#8217;a demand\u00e9, et vouloir que mon enfant puisse se tenir au courant des programmes actuels. La g\u00e9n\u00e9ration Z est tr\u00e8s impliqu\u00e9e dans les choix de [&hellip;]<\/p>\n","protected":false},"author":91,"featured_media":0,"parent":0,"menu_order":0,"comment_status":"closed","ping_status":"closed","template":"","meta":{"_acf_changed":false,"content-type":"","_monsterinsights_skip_tracking":false,"_monsterinsights_sitenote_active":false,"_monsterinsights_sitenote_note":"","_monsterinsights_sitenote_category":0,"footnotes":""},"class_list":["post-16675","page","type-page","status-publish","hentry"],"acf":{"spotify_url":"","amazon_music_url":"","sound_cloud_url":""},"yoast_head":"<!-- This site is optimized with the Yoast SEO plugin v27.4 - https:\/\/yoast.com\/product\/yoast-seo-wordpress\/ -->\n<title>FR Streaming Ebook 2023 - SuperAwesome<\/title>\n<meta name=\"description\" content=\"Les g\u00e9n\u00e9rations Alpha et Z contr\u00f4lent la t\u00e9l\u00e9commande du foyer. Pourquoi les jeunes publics jouent-ils un r\u00f4le essentiel dans les abonnements familiaux.\" \/>\n<meta name=\"robots\" content=\"index, follow, max-snippet:-1, max-image-preview:large, max-video-preview:-1\" \/>\n<link rel=\"canonical\" href=\"https:\/\/www.superawesome.com\/de\/fr-streaming-ebook-2023\/\" \/>\n<meta property=\"og:locale\" content=\"de_DE\" \/>\n<meta property=\"og:type\" content=\"article\" \/>\n<meta property=\"og:title\" content=\"FR Streaming Ebook 2023 - SuperAwesome\" \/>\n<meta property=\"og:description\" content=\"Les g\u00e9n\u00e9rations Alpha et Z contr\u00f4lent la t\u00e9l\u00e9commande du foyer. Pourquoi les jeunes publics jouent-ils un r\u00f4le essentiel dans les abonnements familiaux.\" \/>\n<meta property=\"og:url\" content=\"https:\/\/www.superawesome.com\/de\/fr-streaming-ebook-2023\/\" \/>\n<meta property=\"og:site_name\" content=\"SuperAwesome\" \/>\n<meta property=\"article:modified_time\" content=\"2023-07-17T16:35:29+00:00\" \/>\n<meta property=\"og:image\" content=\"https:\/\/www.superawesome.com\/wp-content\/uploads\/2023\/07\/Screenshot-2023-07-17-at-17.34.35.png\" \/>\n\t<meta property=\"og:image:width\" content=\"2088\" \/>\n\t<meta property=\"og:image:height\" content=\"1152\" \/>\n\t<meta property=\"og:image:type\" content=\"image\/png\" \/>\n<meta name=\"twitter:card\" content=\"summary_large_image\" \/>\n<meta name=\"twitter:site\" content=\"@GoSuperAwesome\" \/>\n<meta name=\"twitter:label1\" content=\"Gesch\u00e4tzte Lesezeit\" \/>\n\t<meta name=\"twitter:data1\" content=\"1 Minute\" \/>\n<script type=\"application\/ld+json\" class=\"yoast-schema-graph\">{\"@context\":\"https:\\\/\\\/schema.org\",\"@graph\":[{\"@type\":\"WebPage\",\"@id\":\"https:\\\/\\\/www.superawesome.com\\\/de\\\/fr-streaming-ebook-2023\\\/\",\"url\":\"https:\\\/\\\/www.superawesome.com\\\/de\\\/fr-streaming-ebook-2023\\\/\",\"name\":\"FR Streaming Ebook 2023 - SuperAwesome\",\"isPartOf\":{\"@id\":\"https:\\\/\\\/www.superawesome.com\\\/#website\"},\"primaryImageOfPage\":{\"@id\":\"https:\\\/\\\/www.superawesome.com\\\/de\\\/fr-streaming-ebook-2023\\\/#primaryimage\"},\"image\":{\"@id\":\"https:\\\/\\\/www.superawesome.com\\\/de\\\/fr-streaming-ebook-2023\\\/#primaryimage\"},\"thumbnailUrl\":\"https:\\\/\\\/www.superawesome.com\\\/wp-content\\\/uploads\\\/2023\\\/07\\\/Streaming_Ebook_LP-07.png\",\"datePublished\":\"2023-07-17T15:57:26+00:00\",\"dateModified\":\"2023-07-17T16:35:29+00:00\",\"description\":\"Les g\u00e9n\u00e9rations Alpha et Z contr\u00f4lent la t\u00e9l\u00e9commande du foyer. Pourquoi les jeunes publics jouent-ils un r\u00f4le essentiel dans les abonnements familiaux.\",\"breadcrumb\":{\"@id\":\"https:\\\/\\\/www.superawesome.com\\\/de\\\/fr-streaming-ebook-2023\\\/#breadcrumb\"},\"inLanguage\":\"de-DE\",\"potentialAction\":[{\"@type\":\"ReadAction\",\"target\":[\"https:\\\/\\\/www.superawesome.com\\\/de\\\/fr-streaming-ebook-2023\\\/\"]}]},{\"@type\":\"ImageObject\",\"inLanguage\":\"de-DE\",\"@id\":\"https:\\\/\\\/www.superawesome.com\\\/de\\\/fr-streaming-ebook-2023\\\/#primaryimage\",\"url\":\"https:\\\/\\\/www.superawesome.com\\\/wp-content\\\/uploads\\\/2023\\\/07\\\/Streaming_Ebook_LP-07.png\",\"contentUrl\":\"https:\\\/\\\/www.superawesome.com\\\/wp-content\\\/uploads\\\/2023\\\/07\\\/Streaming_Ebook_LP-07.png\"},{\"@type\":\"BreadcrumbList\",\"@id\":\"https:\\\/\\\/www.superawesome.com\\\/de\\\/fr-streaming-ebook-2023\\\/#breadcrumb\",\"itemListElement\":[{\"@type\":\"ListItem\",\"position\":1,\"name\":\"Home\",\"item\":\"https:\\\/\\\/www.superawesome.com\\\/\"},{\"@type\":\"ListItem\",\"position\":2,\"name\":\"FR Streaming Ebook 2023\"}]},{\"@type\":\"WebSite\",\"@id\":\"https:\\\/\\\/www.superawesome.com\\\/#website\",\"url\":\"https:\\\/\\\/www.superawesome.com\\\/\",\"name\":\"SuperAwesome\",\"description\":\"Powering a better internet for the next generation\",\"publisher\":{\"@id\":\"https:\\\/\\\/www.superawesome.com\\\/#organization\"},\"potentialAction\":[{\"@type\":\"SearchAction\",\"target\":{\"@type\":\"EntryPoint\",\"urlTemplate\":\"https:\\\/\\\/www.superawesome.com\\\/?s={search_term_string}\"},\"query-input\":{\"@type\":\"PropertyValueSpecification\",\"valueRequired\":true,\"valueName\":\"search_term_string\"}}],\"inLanguage\":\"de-DE\"},{\"@type\":\"Organization\",\"@id\":\"https:\\\/\\\/www.superawesome.com\\\/#organization\",\"name\":\"SuperAwesome\",\"url\":\"https:\\\/\\\/www.superawesome.com\\\/\",\"logo\":{\"@type\":\"ImageObject\",\"inLanguage\":\"de-DE\",\"@id\":\"https:\\\/\\\/www.superawesome.com\\\/#\\\/schema\\\/logo\\\/image\\\/\",\"url\":\"https:\\\/\\\/www.superawesome.com\\\/wp-content\\\/uploads\\\/2022\\\/08\\\/SA_Logo_Main.png\",\"contentUrl\":\"https:\\\/\\\/www.superawesome.com\\\/wp-content\\\/uploads\\\/2022\\\/08\\\/SA_Logo_Main.png\",\"width\":400,\"height\":171,\"caption\":\"SuperAwesome\"},\"image\":{\"@id\":\"https:\\\/\\\/www.superawesome.com\\\/#\\\/schema\\\/logo\\\/image\\\/\"},\"sameAs\":[\"https:\\\/\\\/x.com\\\/GoSuperAwesome\"]}]}<\/script>\n<!-- \/ Yoast SEO plugin. -->","yoast_head_json":{"title":"FR Streaming Ebook 2023 - SuperAwesome","description":"Les g\u00e9n\u00e9rations Alpha et Z contr\u00f4lent la t\u00e9l\u00e9commande du foyer. Pourquoi les jeunes publics jouent-ils un r\u00f4le essentiel dans les abonnements familiaux.","robots":{"index":"index","follow":"follow","max-snippet":"max-snippet:-1","max-image-preview":"max-image-preview:large","max-video-preview":"max-video-preview:-1"},"canonical":"https:\/\/www.superawesome.com\/de\/fr-streaming-ebook-2023\/","og_locale":"de_DE","og_type":"article","og_title":"FR Streaming Ebook 2023 - SuperAwesome","og_description":"Les g\u00e9n\u00e9rations Alpha et Z contr\u00f4lent la t\u00e9l\u00e9commande du foyer. Pourquoi les jeunes publics jouent-ils un r\u00f4le essentiel dans les abonnements familiaux.","og_url":"https:\/\/www.superawesome.com\/de\/fr-streaming-ebook-2023\/","og_site_name":"SuperAwesome","article_modified_time":"2023-07-17T16:35:29+00:00","og_image":[{"width":2088,"height":1152,"url":"https:\/\/www.superawesome.com\/wp-content\/uploads\/2023\/07\/Screenshot-2023-07-17-at-17.34.35.png","type":"image\/png"}],"twitter_card":"summary_large_image","twitter_site":"@GoSuperAwesome","twitter_misc":{"Gesch\u00e4tzte Lesezeit":"1 Minute"},"schema":{"@context":"https:\/\/schema.org","@graph":[{"@type":"WebPage","@id":"https:\/\/www.superawesome.com\/de\/fr-streaming-ebook-2023\/","url":"https:\/\/www.superawesome.com\/de\/fr-streaming-ebook-2023\/","name":"FR Streaming Ebook 2023 - SuperAwesome","isPartOf":{"@id":"https:\/\/www.superawesome.com\/#website"},"primaryImageOfPage":{"@id":"https:\/\/www.superawesome.com\/de\/fr-streaming-ebook-2023\/#primaryimage"},"image":{"@id":"https:\/\/www.superawesome.com\/de\/fr-streaming-ebook-2023\/#primaryimage"},"thumbnailUrl":"https:\/\/www.superawesome.com\/wp-content\/uploads\/2023\/07\/Streaming_Ebook_LP-07.png","datePublished":"2023-07-17T15:57:26+00:00","dateModified":"2023-07-17T16:35:29+00:00","description":"Les g\u00e9n\u00e9rations Alpha et Z contr\u00f4lent la t\u00e9l\u00e9commande du foyer. Pourquoi les jeunes publics jouent-ils un r\u00f4le essentiel dans les abonnements familiaux.","breadcrumb":{"@id":"https:\/\/www.superawesome.com\/de\/fr-streaming-ebook-2023\/#breadcrumb"},"inLanguage":"de-DE","potentialAction":[{"@type":"ReadAction","target":["https:\/\/www.superawesome.com\/de\/fr-streaming-ebook-2023\/"]}]},{"@type":"ImageObject","inLanguage":"de-DE","@id":"https:\/\/www.superawesome.com\/de\/fr-streaming-ebook-2023\/#primaryimage","url":"https:\/\/www.superawesome.com\/wp-content\/uploads\/2023\/07\/Streaming_Ebook_LP-07.png","contentUrl":"https:\/\/www.superawesome.com\/wp-content\/uploads\/2023\/07\/Streaming_Ebook_LP-07.png"},{"@type":"BreadcrumbList","@id":"https:\/\/www.superawesome.com\/de\/fr-streaming-ebook-2023\/#breadcrumb","itemListElement":[{"@type":"ListItem","position":1,"name":"Home","item":"https:\/\/www.superawesome.com\/"},{"@type":"ListItem","position":2,"name":"FR Streaming Ebook 2023"}]},{"@type":"WebSite","@id":"https:\/\/www.superawesome.com\/#website","url":"https:\/\/www.superawesome.com\/","name":"SuperAwesome","description":"Powering a better internet for the next generation","publisher":{"@id":"https:\/\/www.superawesome.com\/#organization"},"potentialAction":[{"@type":"SearchAction","target":{"@type":"EntryPoint","urlTemplate":"https:\/\/www.superawesome.com\/?s={search_term_string}"},"query-input":{"@type":"PropertyValueSpecification","valueRequired":true,"valueName":"search_term_string"}}],"inLanguage":"de-DE"},{"@type":"Organization","@id":"https:\/\/www.superawesome.com\/#organization","name":"SuperAwesome","url":"https:\/\/www.superawesome.com\/","logo":{"@type":"ImageObject","inLanguage":"de-DE","@id":"https:\/\/www.superawesome.com\/#\/schema\/logo\/image\/","url":"https:\/\/www.superawesome.com\/wp-content\/uploads\/2022\/08\/SA_Logo_Main.png","contentUrl":"https:\/\/www.superawesome.com\/wp-content\/uploads\/2022\/08\/SA_Logo_Main.png","width":400,"height":171,"caption":"SuperAwesome"},"image":{"@id":"https:\/\/www.superawesome.com\/#\/schema\/logo\/image\/"},"sameAs":["https:\/\/x.com\/GoSuperAwesome"]}]}},"_links":{"self":[{"href":"https:\/\/www.superawesome.com\/de\/wp-json\/wp\/v2\/pages\/16675","targetHints":{"allow":["GET"]}}],"collection":[{"href":"https:\/\/www.superawesome.com\/de\/wp-json\/wp\/v2\/pages"}],"about":[{"href":"https:\/\/www.superawesome.com\/de\/wp-json\/wp\/v2\/types\/page"}],"author":[{"embeddable":true,"href":"https:\/\/www.superawesome.com\/de\/wp-json\/wp\/v2\/users\/91"}],"replies":[{"embeddable":true,"href":"https:\/\/www.superawesome.com\/de\/wp-json\/wp\/v2\/comments?post=16675"}],"version-history":[{"count":0,"href":"https:\/\/www.superawesome.com\/de\/wp-json\/wp\/v2\/pages\/16675\/revisions"}],"wp:attachment":[{"href":"https:\/\/www.superawesome.com\/de\/wp-json\/wp\/v2\/media?parent=16675"}],"curies":[{"name":"wp","href":"https:\/\/api.w.org\/{rel}","templated":true}]}}