{"id":16465,"date":"2023-04-27T11:18:29","date_gmt":"2023-04-27T11:18:29","guid":{"rendered":"https:\/\/www.superawesome.com\/?page_id=16465"},"modified":"2023-04-28T08:28:01","modified_gmt":"2023-04-28T08:28:01","slug":"dach-back-to-school-2023","status":"publish","type":"page","link":"https:\/\/www.superawesome.com\/de\/dach-back-to-school-2023\/","title":{"rendered":"DACH Back to School 2023"},"content":{"rendered":"<\/div><!-- container -->\n\n<section class=\"block-image-content has-parallax block-image-content-full-width block-image-content-inversed inversed-full-width   \">\n\n  <div class=\"container\">\n    <div class=\"row\">\n      <div class=\"col-lg-4 image-content-container slideindown\">\n                              <figure class=\"image image-full-width-container image-as-bg\">\n          <img decoding=\"async\" class=\"style-jpg\" src=\"https:\/\/www.superawesome.com\/wp-content\/uploads\/2023\/04\/SA_Website_Reports_Banner10c.jpg\" alt=\"SA_Website_Reports_Banner10c\">\n        <\/figure>\n            <\/div>\n\n      <div class=\"col-lg-8 slideindown\">\n        <div class=\"content\">\n                      <h3 class=\"h1\">F\u00fcnf wichtige Fakten f\u00fcr Marken zum Schulbeginn 2023<\/h3>\n          \n          \n          <p>Warum Marken den Einfluss der Generation Alpha und Generation Z auf die Schulausgaben ber\u00fccksichtigen.<\/p>\n\n\n          \n                <a href=\"#report\" class=\"btn btn-primary \" target=\"_self\">\n      Leitfaden herunterladen\n    <\/a>\n  \n        <\/div>\n      <\/div>\n    <\/div>\n  <\/div><!-- container -->\n    <div class=\"image-content-parallax parallax__header\" style=\"background-image: url(https:\/\/www.superawesome.com\/wp-content\/uploads\/2023\/04\/SA_Website_Reports_Banner10c.jpg);\"><\/div>\n  <\/section>\n\n<div class=\"container\">\n\n<\/div><!-- container -->\n<div class=\"container icon-cards-container\">\n<section class=\"block-icon-cards 3 mt-96  slideindownnomobile\">\n    <h2>Wussten Sie schon?<\/h2>    \n        <div class=\"cards slideindownnomobile\">\n            <div class=\"card card-hover-state  text-centered\">\n                    <figure class=\"card-icon\" style=\"max-width:190px\">\n                <img decoding=\"async\" class=\"style-\" src=\"https:\/\/www.superawesome.com\/wp-content\/uploads\/2022\/08\/SA_NewIcons_Blue-86.png\" alt=\"SA_NewIcons_Blue-86\">\n            <\/figure>\n                            <p class=\"card-text\">31% der deutschen Verbraucher beginnen bereits im Juni, f\u00fcr den Schulbeginn einzukaufen<\/p>\n                <\/div>\n            <div class=\"card card-hover-state  text-centered\">\n                    <figure class=\"card-icon\" style=\"max-width:190px\">\n                <img decoding=\"async\" class=\"style-\" src=\"https:\/\/www.superawesome.com\/wp-content\/uploads\/2022\/08\/SA_NewIcons_Blue-92.png\" alt=\"SA_NewIcons_Blue-92\">\n            <\/figure>\n                            <p class=\"card-text\">Die Ausgaben f\u00fcr den Schulbeginn und im Einzelhandel stiegen von 2021 bis 2022 in Deutschland um 2,8%<\/p>\n                <\/div>\n            <div class=\"card card-hover-state  text-centered\">\n                    <figure class=\"card-icon\" style=\"max-width:190px\">\n                <img decoding=\"async\" class=\"style-\" src=\"https:\/\/www.superawesome.com\/wp-content\/uploads\/2022\/08\/SA_NewIcons_Blue-105.png\" alt=\"SA_NewIcons_Blue-105\">\n            <\/figure>\n                            <p class=\"card-text\">65% der Westeurop\u00e4er geben an, dass sie planen, ihre Eink\u00e4ufe f\u00fcr den Schulbeginn online bzw. gleicherma\u00dfen online und in Gesch\u00e4ften zu t\u00e4tigen<\/p>\n                <\/div>\n        <\/div><!-- .cards -->\n    <\/section>\n<\/div><!-- container -->\n<div class=\"container\">\n\n\n<a name=\"report\"><\/a>\n\n\n\n<h2 class=\"wp-block-heading\">Laden Sie unseren Leitfaden herunter, um mehr \u00fcber die Schulanfangssaison 2023 zu erfahren.<\/h2>\n\n\n\n\t\t\t\t\t\t<script>\n\t\t\t\t\t\t\twindow.hsFormsOnReady = window.hsFormsOnReady || [];\n\t\t\t\t\t\t\twindow.hsFormsOnReady.push(()=>{\n\t\t\t\t\t\t\t\thbspt.forms.create({\n\t\t\t\t\t\t\t\t\tportalId: 5009836,\n\t\t\t\t\t\t\t\t\tformId: \"77c5747b-2a89-44c6-9766-c482c724c392\",\n\t\t\t\t\t\t\t\t\ttarget: \"#hbspt-form-1777569922000-1192804598\",\n\t\t\t\t\t\t\t\t\tregion: \"na1\",\n\t\t\t\t\t\t\t\t\t\n\t\t\t\t\t\t\t})});\n\t\t\t\t\t\t<\/script>\n\t\t\t\t\t\t<div class=\"hbspt-form\" id=\"hbspt-form-1777569922000-1192804598\"><\/div>\n","protected":false},"excerpt":{"rendered":"<p>Laden Sie unseren Leitfaden herunter, um mehr \u00fcber die Schulanfangssaison 2023 zu erfahren.<\/p>\n","protected":false},"author":91,"featured_media":0,"parent":0,"menu_order":0,"comment_status":"closed","ping_status":"closed","template":"","meta":{"_acf_changed":false,"content-type":"","_monsterinsights_skip_tracking":false,"_monsterinsights_sitenote_active":false,"_monsterinsights_sitenote_note":"","_monsterinsights_sitenote_category":0,"footnotes":""},"class_list":["post-16465","page","type-page","status-publish","hentry"],"acf":{"spotify_url":"","amazon_music_url":"","sound_cloud_url":""},"yoast_head":"<!-- This site is optimized with the Yoast SEO plugin v27.4 - https:\/\/yoast.com\/product\/yoast-seo-wordpress\/ -->\n<title>DACH Back to School 2023 - SuperAwesome<\/title>\n<meta name=\"robots\" content=\"index, follow, max-snippet:-1, max-image-preview:large, max-video-preview:-1\" \/>\n<link rel=\"canonical\" href=\"https:\/\/www.superawesome.com\/de\/dach-back-to-school-2023\/\" \/>\n<meta property=\"og:locale\" content=\"de_DE\" \/>\n<meta property=\"og:type\" content=\"article\" \/>\n<meta property=\"og:title\" content=\"DACH Back to School 2023 - SuperAwesome\" \/>\n<meta property=\"og:description\" content=\"Laden Sie unseren Leitfaden herunter, um mehr \u00fcber die Schulanfangssaison 2023 zu erfahren.\" \/>\n<meta property=\"og:url\" content=\"https:\/\/www.superawesome.com\/de\/dach-back-to-school-2023\/\" \/>\n<meta property=\"og:site_name\" content=\"SuperAwesome\" \/>\n<meta property=\"article:modified_time\" content=\"2023-04-28T08:28:01+00:00\" \/>\n<meta property=\"og:image\" content=\"https:\/\/www.superawesome.com\/wp-content\/uploads\/2024\/02\/SA_Thumbnail_noepic.png\" \/>\n\t<meta property=\"og:image:width\" content=\"1920\" \/>\n\t<meta property=\"og:image:height\" content=\"1080\" \/>\n\t<meta property=\"og:image:type\" content=\"image\/png\" \/>\n<meta name=\"twitter:card\" content=\"summary_large_image\" \/>\n<meta name=\"twitter:site\" content=\"@GoSuperAwesome\" \/>\n<script type=\"application\/ld+json\" class=\"yoast-schema-graph\">{\"@context\":\"https:\\\/\\\/schema.org\",\"@graph\":[{\"@type\":\"WebPage\",\"@id\":\"https:\\\/\\\/www.superawesome.com\\\/de\\\/dach-back-to-school-2023\\\/\",\"url\":\"https:\\\/\\\/www.superawesome.com\\\/de\\\/dach-back-to-school-2023\\\/\",\"name\":\"DACH Back to School 2023 - SuperAwesome\",\"isPartOf\":{\"@id\":\"https:\\\/\\\/www.superawesome.com\\\/#website\"},\"datePublished\":\"2023-04-27T11:18:29+00:00\",\"dateModified\":\"2023-04-28T08:28:01+00:00\",\"breadcrumb\":{\"@id\":\"https:\\\/\\\/www.superawesome.com\\\/de\\\/dach-back-to-school-2023\\\/#breadcrumb\"},\"inLanguage\":\"de-DE\",\"potentialAction\":[{\"@type\":\"ReadAction\",\"target\":[\"https:\\\/\\\/www.superawesome.com\\\/de\\\/dach-back-to-school-2023\\\/\"]}]},{\"@type\":\"BreadcrumbList\",\"@id\":\"https:\\\/\\\/www.superawesome.com\\\/de\\\/dach-back-to-school-2023\\\/#breadcrumb\",\"itemListElement\":[{\"@type\":\"ListItem\",\"position\":1,\"name\":\"Home\",\"item\":\"https:\\\/\\\/www.superawesome.com\\\/\"},{\"@type\":\"ListItem\",\"position\":2,\"name\":\"DACH Back to School 2023\"}]},{\"@type\":\"WebSite\",\"@id\":\"https:\\\/\\\/www.superawesome.com\\\/#website\",\"url\":\"https:\\\/\\\/www.superawesome.com\\\/\",\"name\":\"SuperAwesome\",\"description\":\"Powering a better internet for the next generation\",\"publisher\":{\"@id\":\"https:\\\/\\\/www.superawesome.com\\\/#organization\"},\"potentialAction\":[{\"@type\":\"SearchAction\",\"target\":{\"@type\":\"EntryPoint\",\"urlTemplate\":\"https:\\\/\\\/www.superawesome.com\\\/?s={search_term_string}\"},\"query-input\":{\"@type\":\"PropertyValueSpecification\",\"valueRequired\":true,\"valueName\":\"search_term_string\"}}],\"inLanguage\":\"de-DE\"},{\"@type\":\"Organization\",\"@id\":\"https:\\\/\\\/www.superawesome.com\\\/#organization\",\"name\":\"SuperAwesome\",\"url\":\"https:\\\/\\\/www.superawesome.com\\\/\",\"logo\":{\"@type\":\"ImageObject\",\"inLanguage\":\"de-DE\",\"@id\":\"https:\\\/\\\/www.superawesome.com\\\/#\\\/schema\\\/logo\\\/image\\\/\",\"url\":\"https:\\\/\\\/www.superawesome.com\\\/wp-content\\\/uploads\\\/2022\\\/08\\\/SA_Logo_Main.png\",\"contentUrl\":\"https:\\\/\\\/www.superawesome.com\\\/wp-content\\\/uploads\\\/2022\\\/08\\\/SA_Logo_Main.png\",\"width\":400,\"height\":171,\"caption\":\"SuperAwesome\"},\"image\":{\"@id\":\"https:\\\/\\\/www.superawesome.com\\\/#\\\/schema\\\/logo\\\/image\\\/\"},\"sameAs\":[\"https:\\\/\\\/x.com\\\/GoSuperAwesome\"]}]}<\/script>\n<!-- \/ Yoast SEO plugin. -->","yoast_head_json":{"title":"DACH Back to School 2023 - SuperAwesome","robots":{"index":"index","follow":"follow","max-snippet":"max-snippet:-1","max-image-preview":"max-image-preview:large","max-video-preview":"max-video-preview:-1"},"canonical":"https:\/\/www.superawesome.com\/de\/dach-back-to-school-2023\/","og_locale":"de_DE","og_type":"article","og_title":"DACH Back to School 2023 - SuperAwesome","og_description":"Laden Sie unseren Leitfaden herunter, um mehr \u00fcber die Schulanfangssaison 2023 zu erfahren.","og_url":"https:\/\/www.superawesome.com\/de\/dach-back-to-school-2023\/","og_site_name":"SuperAwesome","article_modified_time":"2023-04-28T08:28:01+00:00","og_image":[{"width":1920,"height":1080,"url":"https:\/\/www.superawesome.com\/wp-content\/uploads\/2024\/02\/SA_Thumbnail_noepic.png","type":"image\/png"}],"twitter_card":"summary_large_image","twitter_site":"@GoSuperAwesome","schema":{"@context":"https:\/\/schema.org","@graph":[{"@type":"WebPage","@id":"https:\/\/www.superawesome.com\/de\/dach-back-to-school-2023\/","url":"https:\/\/www.superawesome.com\/de\/dach-back-to-school-2023\/","name":"DACH Back to School 2023 - SuperAwesome","isPartOf":{"@id":"https:\/\/www.superawesome.com\/#website"},"datePublished":"2023-04-27T11:18:29+00:00","dateModified":"2023-04-28T08:28:01+00:00","breadcrumb":{"@id":"https:\/\/www.superawesome.com\/de\/dach-back-to-school-2023\/#breadcrumb"},"inLanguage":"de-DE","potentialAction":[{"@type":"ReadAction","target":["https:\/\/www.superawesome.com\/de\/dach-back-to-school-2023\/"]}]},{"@type":"BreadcrumbList","@id":"https:\/\/www.superawesome.com\/de\/dach-back-to-school-2023\/#breadcrumb","itemListElement":[{"@type":"ListItem","position":1,"name":"Home","item":"https:\/\/www.superawesome.com\/"},{"@type":"ListItem","position":2,"name":"DACH Back to School 2023"}]},{"@type":"WebSite","@id":"https:\/\/www.superawesome.com\/#website","url":"https:\/\/www.superawesome.com\/","name":"SuperAwesome","description":"Powering a better internet for the next generation","publisher":{"@id":"https:\/\/www.superawesome.com\/#organization"},"potentialAction":[{"@type":"SearchAction","target":{"@type":"EntryPoint","urlTemplate":"https:\/\/www.superawesome.com\/?s={search_term_string}"},"query-input":{"@type":"PropertyValueSpecification","valueRequired":true,"valueName":"search_term_string"}}],"inLanguage":"de-DE"},{"@type":"Organization","@id":"https:\/\/www.superawesome.com\/#organization","name":"SuperAwesome","url":"https:\/\/www.superawesome.com\/","logo":{"@type":"ImageObject","inLanguage":"de-DE","@id":"https:\/\/www.superawesome.com\/#\/schema\/logo\/image\/","url":"https:\/\/www.superawesome.com\/wp-content\/uploads\/2022\/08\/SA_Logo_Main.png","contentUrl":"https:\/\/www.superawesome.com\/wp-content\/uploads\/2022\/08\/SA_Logo_Main.png","width":400,"height":171,"caption":"SuperAwesome"},"image":{"@id":"https:\/\/www.superawesome.com\/#\/schema\/logo\/image\/"},"sameAs":["https:\/\/x.com\/GoSuperAwesome"]}]}},"_links":{"self":[{"href":"https:\/\/www.superawesome.com\/de\/wp-json\/wp\/v2\/pages\/16465","targetHints":{"allow":["GET"]}}],"collection":[{"href":"https:\/\/www.superawesome.com\/de\/wp-json\/wp\/v2\/pages"}],"about":[{"href":"https:\/\/www.superawesome.com\/de\/wp-json\/wp\/v2\/types\/page"}],"author":[{"embeddable":true,"href":"https:\/\/www.superawesome.com\/de\/wp-json\/wp\/v2\/users\/91"}],"replies":[{"embeddable":true,"href":"https:\/\/www.superawesome.com\/de\/wp-json\/wp\/v2\/comments?post=16465"}],"version-history":[{"count":0,"href":"https:\/\/www.superawesome.com\/de\/wp-json\/wp\/v2\/pages\/16465\/revisions"}],"wp:attachment":[{"href":"https:\/\/www.superawesome.com\/de\/wp-json\/wp\/v2\/media?parent=16465"}],"curies":[{"name":"wp","href":"https:\/\/api.w.org\/{rel}","templated":true}]}}