{"id":16310,"date":"2023-03-02T11:07:13","date_gmt":"2023-03-02T11:07:13","guid":{"rendered":"https:\/\/www.superawesome.com\/?page_id=16310"},"modified":"2023-03-22T18:13:35","modified_gmt":"2023-03-22T18:13:35","slug":"infographic-de-dach-easter-2023","status":"publish","type":"page","link":"https:\/\/www.superawesome.com\/de\/infographic-de-dach-easter-2023\/","title":{"rendered":"[Infographic] DE DACH Easter 2023"},"content":{"rendered":"\n<h1 class=\"has-black-color has-text-color wp-block-heading\" style=\"font-size:50px\">Was gro\u00dfe Einzelhandelsmarken f\u00fcr ein erfolgreiches Osterfest wissen m\u00fcssen<\/h1>\n\n\n\n<figure class=\"wp-block-image size-full is-resized\"><img loading=\"lazy\" decoding=\"async\" src=\"https:\/\/www.superawesome.com\/wp-content\/uploads\/2023\/03\/SA_DE_EasterRetail-1.png\" alt=\"\" class=\"wp-image-16344\" width=\"1214\" height=\"8589\"\/><\/figure>\n","protected":false},"excerpt":{"rendered":"<p>Was gro\u00dfe Einzelhandelsmarken f\u00fcr ein erfolgreiches Osterfest wissen m\u00fcssen<\/p>\n","protected":false},"author":91,"featured_media":0,"parent":0,"menu_order":0,"comment_status":"closed","ping_status":"closed","template":"","meta":{"_acf_changed":false,"content-type":"","_monsterinsights_skip_tracking":false,"_monsterinsights_sitenote_active":false,"_monsterinsights_sitenote_note":"","_monsterinsights_sitenote_category":0,"footnotes":""},"class_list":["post-16310","page","type-page","status-publish","hentry"],"acf":{"spotify_url":"","amazon_music_url":"","sound_cloud_url":""},"yoast_head":"<!-- This site is optimized with the Yoast SEO plugin v27.4 - https:\/\/yoast.com\/product\/yoast-seo-wordpress\/ -->\n<title>Was gro\u00dfe Marken f\u00fcr ein erfolgreiches Osterfest wissen m\u00fcssen - SuperAwesome<\/title>\n<meta name=\"description\" content=\"Die Ansprache einflussreicher junger Zielgruppen zu Ostern ist f\u00fcr den Erfolg von Einzelh\u00e4ndlern von entscheidender Bedeutung. 83 % der Gen Alpha und Gen Z im Alter von 6 bis 19 Jahren in den USA und im Vereinigten K\u00f6nigreich haben die alleinige oder gemeinsame Entscheidungsbefugnis mit ihren Eltern, und es ist ihnen wichtig, was und wo sie einkaufen.\" \/>\n<meta name=\"robots\" content=\"index, follow, max-snippet:-1, max-image-preview:large, max-video-preview:-1\" \/>\n<link rel=\"canonical\" href=\"https:\/\/www.superawesome.com\/de\/infographic-de-dach-easter-2023\/\" \/>\n<meta property=\"og:locale\" content=\"de_DE\" \/>\n<meta property=\"og:type\" content=\"article\" \/>\n<meta property=\"og:title\" content=\"Was gro\u00dfe Marken f\u00fcr ein erfolgreiches Osterfest wissen m\u00fcssen - SuperAwesome\" \/>\n<meta property=\"og:description\" content=\"Die Ansprache einflussreicher junger Zielgruppen zu Ostern ist f\u00fcr den Erfolg von Einzelh\u00e4ndlern von entscheidender Bedeutung. 83 % der Gen Alpha und Gen Z im Alter von 6 bis 19 Jahren in den USA und im Vereinigten K\u00f6nigreich haben die alleinige oder gemeinsame Entscheidungsbefugnis mit ihren Eltern, und es ist ihnen wichtig, was und wo sie einkaufen.\" \/>\n<meta property=\"og:url\" content=\"https:\/\/www.superawesome.com\/de\/infographic-de-dach-easter-2023\/\" \/>\n<meta property=\"og:site_name\" content=\"SuperAwesome\" \/>\n<meta property=\"article:modified_time\" content=\"2023-03-22T18:13:35+00:00\" \/>\n<meta property=\"og:image\" content=\"https:\/\/www.superawesome.com\/wp-content\/uploads\/2023\/03\/SA_DE_EasterRetail-1.png\" \/>\n<meta name=\"twitter:card\" content=\"summary_large_image\" \/>\n<meta name=\"twitter:site\" content=\"@GoSuperAwesome\" \/>\n<script type=\"application\/ld+json\" class=\"yoast-schema-graph\">{\"@context\":\"https:\\\/\\\/schema.org\",\"@graph\":[{\"@type\":\"WebPage\",\"@id\":\"https:\\\/\\\/www.superawesome.com\\\/de\\\/infographic-de-dach-easter-2023\\\/\",\"url\":\"https:\\\/\\\/www.superawesome.com\\\/de\\\/infographic-de-dach-easter-2023\\\/\",\"name\":\"Was gro\u00dfe Marken f\u00fcr ein erfolgreiches Osterfest wissen m\u00fcssen - SuperAwesome\",\"isPartOf\":{\"@id\":\"https:\\\/\\\/www.superawesome.com\\\/#website\"},\"primaryImageOfPage\":{\"@id\":\"https:\\\/\\\/www.superawesome.com\\\/de\\\/infographic-de-dach-easter-2023\\\/#primaryimage\"},\"image\":{\"@id\":\"https:\\\/\\\/www.superawesome.com\\\/de\\\/infographic-de-dach-easter-2023\\\/#primaryimage\"},\"thumbnailUrl\":\"https:\\\/\\\/www.superawesome.com\\\/wp-content\\\/uploads\\\/2023\\\/03\\\/SA_DE_EasterRetail-1.png\",\"datePublished\":\"2023-03-02T11:07:13+00:00\",\"dateModified\":\"2023-03-22T18:13:35+00:00\",\"description\":\"Die Ansprache einflussreicher junger Zielgruppen zu Ostern ist f\u00fcr den Erfolg von Einzelh\u00e4ndlern von entscheidender Bedeutung. 83 % der Gen Alpha und Gen Z im Alter von 6 bis 19 Jahren in den USA und im Vereinigten K\u00f6nigreich haben die alleinige oder gemeinsame Entscheidungsbefugnis mit ihren Eltern, und es ist ihnen wichtig, was und wo sie einkaufen.\",\"breadcrumb\":{\"@id\":\"https:\\\/\\\/www.superawesome.com\\\/de\\\/infographic-de-dach-easter-2023\\\/#breadcrumb\"},\"inLanguage\":\"de-DE\",\"potentialAction\":[{\"@type\":\"ReadAction\",\"target\":[\"https:\\\/\\\/www.superawesome.com\\\/de\\\/infographic-de-dach-easter-2023\\\/\"]}]},{\"@type\":\"ImageObject\",\"inLanguage\":\"de-DE\",\"@id\":\"https:\\\/\\\/www.superawesome.com\\\/de\\\/infographic-de-dach-easter-2023\\\/#primaryimage\",\"url\":\"https:\\\/\\\/www.superawesome.com\\\/wp-content\\\/uploads\\\/2023\\\/03\\\/SA_DE_EasterRetail-1.png\",\"contentUrl\":\"https:\\\/\\\/www.superawesome.com\\\/wp-content\\\/uploads\\\/2023\\\/03\\\/SA_DE_EasterRetail-1.png\"},{\"@type\":\"BreadcrumbList\",\"@id\":\"https:\\\/\\\/www.superawesome.com\\\/de\\\/infographic-de-dach-easter-2023\\\/#breadcrumb\",\"itemListElement\":[{\"@type\":\"ListItem\",\"position\":1,\"name\":\"Home\",\"item\":\"https:\\\/\\\/www.superawesome.com\\\/\"},{\"@type\":\"ListItem\",\"position\":2,\"name\":\"[Infographic] DE DACH Easter 2023\"}]},{\"@type\":\"WebSite\",\"@id\":\"https:\\\/\\\/www.superawesome.com\\\/#website\",\"url\":\"https:\\\/\\\/www.superawesome.com\\\/\",\"name\":\"SuperAwesome\",\"description\":\"Powering a better internet for the next generation\",\"publisher\":{\"@id\":\"https:\\\/\\\/www.superawesome.com\\\/#organization\"},\"potentialAction\":[{\"@type\":\"SearchAction\",\"target\":{\"@type\":\"EntryPoint\",\"urlTemplate\":\"https:\\\/\\\/www.superawesome.com\\\/?s={search_term_string}\"},\"query-input\":{\"@type\":\"PropertyValueSpecification\",\"valueRequired\":true,\"valueName\":\"search_term_string\"}}],\"inLanguage\":\"de-DE\"},{\"@type\":\"Organization\",\"@id\":\"https:\\\/\\\/www.superawesome.com\\\/#organization\",\"name\":\"SuperAwesome\",\"url\":\"https:\\\/\\\/www.superawesome.com\\\/\",\"logo\":{\"@type\":\"ImageObject\",\"inLanguage\":\"de-DE\",\"@id\":\"https:\\\/\\\/www.superawesome.com\\\/#\\\/schema\\\/logo\\\/image\\\/\",\"url\":\"https:\\\/\\\/www.superawesome.com\\\/wp-content\\\/uploads\\\/2022\\\/08\\\/SA_Logo_Main.png\",\"contentUrl\":\"https:\\\/\\\/www.superawesome.com\\\/wp-content\\\/uploads\\\/2022\\\/08\\\/SA_Logo_Main.png\",\"width\":400,\"height\":171,\"caption\":\"SuperAwesome\"},\"image\":{\"@id\":\"https:\\\/\\\/www.superawesome.com\\\/#\\\/schema\\\/logo\\\/image\\\/\"},\"sameAs\":[\"https:\\\/\\\/x.com\\\/GoSuperAwesome\"]}]}<\/script>\n<!-- \/ Yoast SEO plugin. -->","yoast_head_json":{"title":"Was gro\u00dfe Marken f\u00fcr ein erfolgreiches Osterfest wissen m\u00fcssen - SuperAwesome","description":"Die Ansprache einflussreicher junger Zielgruppen zu Ostern ist f\u00fcr den Erfolg von Einzelh\u00e4ndlern von entscheidender Bedeutung. 83 % der Gen Alpha und Gen Z im Alter von 6 bis 19 Jahren in den USA und im Vereinigten K\u00f6nigreich haben die alleinige oder gemeinsame Entscheidungsbefugnis mit ihren Eltern, und es ist ihnen wichtig, was und wo sie einkaufen.","robots":{"index":"index","follow":"follow","max-snippet":"max-snippet:-1","max-image-preview":"max-image-preview:large","max-video-preview":"max-video-preview:-1"},"canonical":"https:\/\/www.superawesome.com\/de\/infographic-de-dach-easter-2023\/","og_locale":"de_DE","og_type":"article","og_title":"Was gro\u00dfe Marken f\u00fcr ein erfolgreiches Osterfest wissen m\u00fcssen - SuperAwesome","og_description":"Die Ansprache einflussreicher junger Zielgruppen zu Ostern ist f\u00fcr den Erfolg von Einzelh\u00e4ndlern von entscheidender Bedeutung. 83 % der Gen Alpha und Gen Z im Alter von 6 bis 19 Jahren in den USA und im Vereinigten K\u00f6nigreich haben die alleinige oder gemeinsame Entscheidungsbefugnis mit ihren Eltern, und es ist ihnen wichtig, was und wo sie einkaufen.","og_url":"https:\/\/www.superawesome.com\/de\/infographic-de-dach-easter-2023\/","og_site_name":"SuperAwesome","article_modified_time":"2023-03-22T18:13:35+00:00","og_image":[{"url":"https:\/\/www.superawesome.com\/wp-content\/uploads\/2023\/03\/SA_DE_EasterRetail-1.png","type":"","width":"","height":""}],"twitter_card":"summary_large_image","twitter_site":"@GoSuperAwesome","schema":{"@context":"https:\/\/schema.org","@graph":[{"@type":"WebPage","@id":"https:\/\/www.superawesome.com\/de\/infographic-de-dach-easter-2023\/","url":"https:\/\/www.superawesome.com\/de\/infographic-de-dach-easter-2023\/","name":"Was gro\u00dfe Marken f\u00fcr ein erfolgreiches Osterfest wissen m\u00fcssen - SuperAwesome","isPartOf":{"@id":"https:\/\/www.superawesome.com\/#website"},"primaryImageOfPage":{"@id":"https:\/\/www.superawesome.com\/de\/infographic-de-dach-easter-2023\/#primaryimage"},"image":{"@id":"https:\/\/www.superawesome.com\/de\/infographic-de-dach-easter-2023\/#primaryimage"},"thumbnailUrl":"https:\/\/www.superawesome.com\/wp-content\/uploads\/2023\/03\/SA_DE_EasterRetail-1.png","datePublished":"2023-03-02T11:07:13+00:00","dateModified":"2023-03-22T18:13:35+00:00","description":"Die Ansprache einflussreicher junger Zielgruppen zu Ostern ist f\u00fcr den Erfolg von Einzelh\u00e4ndlern von entscheidender Bedeutung. 83 % der Gen Alpha und Gen Z im Alter von 6 bis 19 Jahren in den USA und im Vereinigten K\u00f6nigreich haben die alleinige oder gemeinsame Entscheidungsbefugnis mit ihren Eltern, und es ist ihnen wichtig, was und wo sie einkaufen.","breadcrumb":{"@id":"https:\/\/www.superawesome.com\/de\/infographic-de-dach-easter-2023\/#breadcrumb"},"inLanguage":"de-DE","potentialAction":[{"@type":"ReadAction","target":["https:\/\/www.superawesome.com\/de\/infographic-de-dach-easter-2023\/"]}]},{"@type":"ImageObject","inLanguage":"de-DE","@id":"https:\/\/www.superawesome.com\/de\/infographic-de-dach-easter-2023\/#primaryimage","url":"https:\/\/www.superawesome.com\/wp-content\/uploads\/2023\/03\/SA_DE_EasterRetail-1.png","contentUrl":"https:\/\/www.superawesome.com\/wp-content\/uploads\/2023\/03\/SA_DE_EasterRetail-1.png"},{"@type":"BreadcrumbList","@id":"https:\/\/www.superawesome.com\/de\/infographic-de-dach-easter-2023\/#breadcrumb","itemListElement":[{"@type":"ListItem","position":1,"name":"Home","item":"https:\/\/www.superawesome.com\/"},{"@type":"ListItem","position":2,"name":"[Infographic] DE DACH Easter 2023"}]},{"@type":"WebSite","@id":"https:\/\/www.superawesome.com\/#website","url":"https:\/\/www.superawesome.com\/","name":"SuperAwesome","description":"Powering a better internet for the next generation","publisher":{"@id":"https:\/\/www.superawesome.com\/#organization"},"potentialAction":[{"@type":"SearchAction","target":{"@type":"EntryPoint","urlTemplate":"https:\/\/www.superawesome.com\/?s={search_term_string}"},"query-input":{"@type":"PropertyValueSpecification","valueRequired":true,"valueName":"search_term_string"}}],"inLanguage":"de-DE"},{"@type":"Organization","@id":"https:\/\/www.superawesome.com\/#organization","name":"SuperAwesome","url":"https:\/\/www.superawesome.com\/","logo":{"@type":"ImageObject","inLanguage":"de-DE","@id":"https:\/\/www.superawesome.com\/#\/schema\/logo\/image\/","url":"https:\/\/www.superawesome.com\/wp-content\/uploads\/2022\/08\/SA_Logo_Main.png","contentUrl":"https:\/\/www.superawesome.com\/wp-content\/uploads\/2022\/08\/SA_Logo_Main.png","width":400,"height":171,"caption":"SuperAwesome"},"image":{"@id":"https:\/\/www.superawesome.com\/#\/schema\/logo\/image\/"},"sameAs":["https:\/\/x.com\/GoSuperAwesome"]}]}},"_links":{"self":[{"href":"https:\/\/www.superawesome.com\/de\/wp-json\/wp\/v2\/pages\/16310","targetHints":{"allow":["GET"]}}],"collection":[{"href":"https:\/\/www.superawesome.com\/de\/wp-json\/wp\/v2\/pages"}],"about":[{"href":"https:\/\/www.superawesome.com\/de\/wp-json\/wp\/v2\/types\/page"}],"author":[{"embeddable":true,"href":"https:\/\/www.superawesome.com\/de\/wp-json\/wp\/v2\/users\/91"}],"replies":[{"embeddable":true,"href":"https:\/\/www.superawesome.com\/de\/wp-json\/wp\/v2\/comments?post=16310"}],"version-history":[{"count":0,"href":"https:\/\/www.superawesome.com\/de\/wp-json\/wp\/v2\/pages\/16310\/revisions"}],"wp:attachment":[{"href":"https:\/\/www.superawesome.com\/de\/wp-json\/wp\/v2\/media?parent=16310"}],"curies":[{"name":"wp","href":"https:\/\/api.w.org\/{rel}","templated":true}]}}