{"id":15539,"date":"2021-11-04T11:43:41","date_gmt":"2021-11-04T11:43:41","guid":{"rendered":"https:\/\/www.superawesome.com\/?page_id=15539"},"modified":"2024-02-16T21:36:32","modified_gmt":"2024-02-16T21:36:32","slug":"superawesome-gaming","status":"publish","type":"page","link":"https:\/\/www.superawesome.com\/de\/superawesome-gaming\/","title":{"rendered":"SuperAwesome Gaming"},"content":{"rendered":"<section class=\"new-standard-hero break-container\">\n  <img loading=\"lazy\" decoding=\"async\" width=\"1440\" height=\"555\" src=\"https:\/\/www.superawesome.com\/wp-content\/uploads\/2022\/08\/SA_Website_Product_BGBanners-12.svg\" class=\"new-standard-hero--background\" alt=\"\" \/>  <div class=\"container  pt-64 pb-160\">\n    <div class=\"new-standard-hero--inner text-white\">\n      <div class=\"row align-center space-between\">\n        <div class=\"col-md-5\">\n          <h2>Wir helfen Ihrer Marke dabei, die heutige Generation im Metaversum zu erreichen<\/h2>\n<p>Die beliebtesten Spiele sind heutzutage mehr als nur Spiele: Das Metaversum definiert Online-Gaming neu als sozialen Treffpunkt f\u00fcr junge Menschen. Wenn Sie die heutige Generation effektiv ansprechen wollen, brauchen Sie eine Gaming-Strategie.<\/p>\n<a class='btn btn-white btn-normal' href=\"https:\/\/www.superawesome.com\/de\/contact-us\/\"><span style=\"font-weight: 400;\">KONTAKT AUFNEHMEN<\/span><\/a>\n        <\/div>\n        <div class=\"col-md-6\">\n          <img loading=\"lazy\" decoding=\"async\" width=\"1024\" height=\"285\" src=\"https:\/\/www.superawesome.com\/wp-content\/uploads\/2021\/10\/SA-Gaming_Logo_Long_White-1024x285.png\" class=\"attachment-large size-large\" alt=\"White SuperAwesome Gaming logo\" srcset=\"https:\/\/www.superawesome.com\/wp-content\/uploads\/2021\/10\/SA-Gaming_Logo_Long_White-1024x285.png 1024w, https:\/\/www.superawesome.com\/wp-content\/uploads\/2021\/10\/SA-Gaming_Logo_Long_White-300x84.png 300w, https:\/\/www.superawesome.com\/wp-content\/uploads\/2021\/10\/SA-Gaming_Logo_Long_White-768x214.png 768w, https:\/\/www.superawesome.com\/wp-content\/uploads\/2021\/10\/SA-Gaming_Logo_Long_White-1536x428.png 1536w, https:\/\/www.superawesome.com\/wp-content\/uploads\/2021\/10\/SA-Gaming_Logo_Long_White.png 1839w\" sizes=\"auto, (max-width: 1024px) 100vw, 1024px\" \/>        <\/div>\n      <\/div>\n    <\/div>      \n  <\/div>\n<\/section>\n\n<section class=\"overlap-image break-container\" style=\"margin-top:-175px\">\n  <div class=\"container container--small  pb-48\">\n    <div class=\"overlap-image--inner text-center\">\n      <img loading=\"lazy\" decoding=\"async\" width=\"1020\" height=\"561\" src=\"https:\/\/www.superawesome.com\/wp-content\/uploads\/2022\/08\/SA_2022_Images_Wide2.png\" class=\"attachment-large size-large\" alt=\"\" srcset=\"https:\/\/www.superawesome.com\/wp-content\/uploads\/2022\/08\/SA_2022_Images_Wide2.png 1020w, https:\/\/www.superawesome.com\/wp-content\/uploads\/2022\/08\/SA_2022_Images_Wide2-300x165.png 300w, https:\/\/www.superawesome.com\/wp-content\/uploads\/2022\/08\/SA_2022_Images_Wide2-768x422.png 768w\" sizes=\"auto, (max-width: 1020px) 100vw, 1020px\" \/>      <h2>Was ist das Metaversum?<\/h2>\n<p><span style=\"font-weight: 400;\">Willkommen zur n\u00e4chsten Generation des Internets: dem Metaversum. Dabei handelt es sich um 3D-simulierte, soziale, miteinander verbundene, digitale Welten, in denen die Zielgruppen Ihrer Marken auf eine v\u00f6llig neue Weise spielen, auf Entdeckungsreisen gehen und Kontakte kn\u00fcpfen.<\/span><\/p>\n<a class='btn btn-black btn-normal' href=\"https:\/\/www.superawesome.com\/de\/contact-us\/\"><span style=\"font-weight: 400;\">KONTAKT AUFNEHMEN<\/span><\/a>\n    <\/div>      \n  <\/div>\n<\/section>\n\n\n\n<section class=\"block-image-content block-image-content-inversed mt-96  \" >\n\n  \n  \n  <div class=\"row \">\n    <div class=\"col-md-6 slideinright image-container \">\n                                              <figure class=\"image\">\n          <img decoding=\"async\" src=\"https:\/\/www.superawesome.com\/wp-content\/uploads\/2022\/08\/Images_Web_Gaming.png\" alt=\"Images_Web_Gaming\">\n        <\/figure>\n                  <\/div>\n\n    <div class=\"col-md-6 slideinleft content-container\">\n      <div class=\"content\">\n                  <h3 class=\"h1\">SuperAwesome Gaming hilft Marken bei der Orientierung im komplexen Gaming-\u00d6kosystem von Kindern und Jugendlichen.<\/h3>\n        \n        \n        <p><span style=\"font-weight: 400;\">Unsere einzigartigen L\u00f6sungskonzepte erm\u00f6glichen Marken, sichere und effektive Erlebnisse f\u00fcr Kinder und Jugendliche im Metaversum bereitzustellen. Wir verf\u00fcgen \u00fcber das Wissen, um Ihnen bei der Entwicklung und Umsetzung der richtigen langfristigen L\u00f6sung zu helfen, um j\u00fcngere Zielgruppen anzusprechen.<\/span><\/p>\n\n\n        \n          \n      <\/div>\n    <\/div>\n  <\/div>\n  \n<\/section>\n\n\n\n\n<section class=\"block-statistic-section mt-64 mb-64\">\n\n    <div class=\"statistic-content slideindown\">\n\n        <h2 style=\"color: #000000\">Bringen Sie Ihre Marke in das Metaversum<\/h2>\n        <h3><\/h3>\n\n    <\/div>\n\n<\/section>\n\n\n<section class=\"block-who-we-are block-who-we-are-inverted  mb-128\">\n  <svg class=\"who-we-are-shapes\" xmlns=\"http:\/\/www.w3.org\/2000\/svg\" width=\"992.891\" height=\"692.306\" viewBox=\"0 0 1002.891 716.306\">\n    <path class=\"s1\" id=\"Path_317\" data-name=\"Path 317\" d=\"M346.445,0C537.782,0,692.89,154.885,692.89,345.945S537.782,691.89,346.445,691.89,0,537.005,0,345.945,155.109,0,346.445,0Z\" transform=\"translate(0 0.416)\" fill=\"#256eff\" opacity=\"0.05\" style=\"mix-blend-mode: multiply;isolation: isolate\"\/>\n    <ellipse class=\"s2\" id=\"Ellipse_116\" data-name=\"Ellipse 116\" cx=\"44.871\" cy=\"45.371\" rx=\"44.871\" ry=\"45.371\" transform=\"translate(903.148 454.617)\" fill=\"#256eff\" opacity=\"0.1\" style=\"mix-blend-mode: multiply;isolation: isolate\"\/>\n    <circle class=\"s3\" id=\"Ellipse_118\" data-name=\"Ellipse 118\" cx=\"21.371\" cy=\"21.371\" r=\"21.371\" transform=\"translate(850.148 531.617)\" fill=\"#256eff\" opacity=\"0.2\" style=\"mix-blend-mode: multiply;isolation: isolate\"\/>\n    <circle class=\"s4\" id=\"Ellipse_117\" data-name=\"Ellipse 117\" cx=\"71.445\" cy=\"71.445\" r=\"71.445\" transform=\"translate(450)\" fill=\"#256eff\" opacity=\"0.1\" style=\"mix-blend-mode: multiply;isolation: isolate\"\/>\n  <\/svg>\n  <div class=\"row\">\n    <div class=\"col-md-6\">\n    \n          <figure class=\"image\">\n        <img loading=\"lazy\" decoding=\"async\" class=\"style-svg illos\" src=\"https:\/\/www.superawesome.com\/wp-content\/uploads\/2021\/11\/02.11_Phones-02.png\" alt=\"DreamWorks Animations Spirit game integrations example\" width=\"1328\" height=\"656\">\n      <\/figure>\n    <\/div>\n\n    <div class=\"col-md-5 slideinright\">\n      <h2>Spielintegrationen<\/h2>\n\n      <div class=\"content\">\n        \n        <p><span style=\"font-weight: 400;\">Platzieren Sie Ihre Marke im Zentrum beliebter Spielerlebnisse. Spielintegrationen k\u00f6nnen ein bereits vorhandenes junges Publikum ansprechen und sind damit eine schl\u00fcsselfertige L\u00f6sung, die von Beginn an eine globale Reichweite bietet. Die Verwendung Ihrer Markeninhalte bereichert das Gameplay und steigert das Interesse der Spieler an Ihrer Marke in einem Umfeld, in dem sie sich wohl f\u00fchlen.<\/span><\/p>\n\n\n              <a href=\"https:\/\/www.superawesome.com\/de\/blog\/gaming-strategy-dreamworks-animation\/\" class=\"btn btn-primary \" target=\"_self\">\n      MEHR ERFAHREN: UNSERE INTEGRATION MIT DREAMWORKS ANIMATION\n    <\/a>\n  \n      <\/div>\n    <\/div>\n  <\/div>\n\n  <\/section>\n\n\n\n<section class=\"block-who-we-are   mb-128\">\n  <div class=\"row\">\n    <div class=\"col-md-6\">\n    \n          <figure class=\"image\">\n        <img loading=\"lazy\" decoding=\"async\" class=\"style-svg illos\" src=\"https:\/\/www.superawesome.com\/wp-content\/uploads\/2021\/11\/02.11_Phones-01.png\" alt=\"MGA Entertainment LOL Surprise game build example\" width=\"1328\" height=\"656\">\n      <\/figure>\n    <\/div>\n\n    <div class=\"col-md-5 slideinright\">\n      <h2><span style=\"font-weight: 400;\">Ma\u00dfgeschneiderte Spiele<\/span><\/h2>\n\n      <div class=\"content\">\n        \n        <p><span style=\"font-weight: 400;\">Unsere hauseigenen Experten schaffen auf den wichtigsten Spieleplattformen der Welt Erlebnisse f\u00fcr ein junges Publikum. Diese einzigartigen, virtuellen Erfahrungen\u00a0\u2013 von einer kreativen Sandbox bis hin zu einem Marken-Themenpark\u00a0\u2013\u00a0dienen als Markenelemente mit einer langen Lebensdauer und bieten zudem unbegrenzte M\u00f6glichkeiten der Optimierung und Weiterentwicklung. Unsere kreative Flexibilit\u00e4t erm\u00f6glicht Ihnen den Aufbau dauerhafter Marken-Communitys, die Ihnen treu bleiben.<\/span><\/p>\n\n\n              <a href=\"https:\/\/www.superawesome.com\/de\/blog\/superawesome-mga-kids-gaming\/\" class=\"btn btn-primary \" target=\"_self\">\n      MEHR ERFAHREN: UNSERE INTEGRATION MIT MGA ENTERTAINMENT\n    <\/a>\n  \n      <\/div>\n    <\/div>\n  <\/div>\n\n  <\/section>\n\n\n\n\n<\/div><!-- container -->\n\n<section class=\"block-skewed mt-96 mb-96  \" style=\"z-index:99;\">\n\n    <div class=\"skewed-content-container\">\n        \n        <div class=\"section-background\" style=\"background-color: #000000\"><\/div>\n\n        <div class=\"content slideindown\"><h2>Erfahren Sie, wie eine f\u00fchrende Spielzeugmarke eine globale Spielstrategie entwickelt hat, um die Interaktion der Fans zu f\u00f6rdern<\/h2>\n<a class='btn btn-white btn-normal' href=\"https:\/\/www.superawesome.com\/how-leading-toy-brand-is-creating-a-global-gaming-strategy\/\"><span style=\"font-weight: 400;\">FALLSTUDIE LESEN<\/span><\/a>\n<\/div>\n\n    <\/div>\n\n<\/section>\n\n<div class=\"container\">\n\n\n<h1 class=\"wp-block-heading has-text-align-center\">Hinterlassen Sie in jeder Phase der digitalen Reise der Jugend einen bleibenden Eindruck.<\/h1>\n\n\n<\/div><!-- container -->\n<div class=\"container icon-cards-container\">\n<section class=\"block-icon-cards three-per-row  mb-64 slideindownnomobile\">\n        <p>Beschr\u00e4nken Sie sich nicht auf Spiele und erweitern Sie Ihre digitale Strategie f\u00fcr Kinder und Jugendliche mit umfassenden Erlebnissen wie:<\/p>\n        <div class=\"cards slideindownnomobile\">\n            <div class=\"card card-hover-state  text-centered\">\n                    <figure class=\"card-icon\" style=\"max-width:190px\">\n                <img decoding=\"async\" class=\"style-\" src=\"https:\/\/www.superawesome.com\/wp-content\/uploads\/2022\/08\/SA_Product_NewIcons-03.png\" alt=\"SA_Product_NewIcons-03\">\n            <\/figure>\n                            <h3>Influencer-Kampagnen<\/h3>\n                    <p class=\"card-text\">Machen Sie mithilfe von Creator-Inhalten auf Ihr Spielerlebnis aufmerksam. Unsere hauseigenen Talentexperten w\u00e4hlen die Creators aus, die f\u00fcr Ihr Spielerlebnis am besten geeignet sind, und entwickeln f\u00fcr diese Influencer Strategien, um das Interesse f\u00fcr Ihr Spiel und Ihre Marke zu f\u00f6rdern.<\/p>\n                    <a href=\"https:\/\/www.superawesome.com\/de\/superawesome-creators-de\/\" class=\"btn btn-black\" target=\"_self\">\n            MEHR ERFAHREN\n            <\/a>\n                <\/div>\n            <div class=\"card card-hover-state  text-centered\">\n                    <figure class=\"card-icon\" style=\"max-width:190px\">\n                <img decoding=\"async\" class=\"style-\" src=\"https:\/\/www.superawesome.com\/wp-content\/uploads\/2022\/08\/SA_Product_NewIcons-06.png\" alt=\"SA_Product_NewIcons-06\">\n            <\/figure>\n                            <h3>Sichere Werbel\u00f6sungen f\u00fcr Kinder und Jugendliche<\/h3>\n                    <p class=\"card-text\">Verst\u00e4rken Sie das Spielerlebnis in sozialen Netzwerken, im Spiel, im Internet, auf Mobilger\u00e4ten, Spielekonsolen und OTT-\/Smart-TV. Wir k\u00f6nnen auf mehr als 5,8 Milliarden Impressions im Online-Gaming-Bereich zugreifen und erreichen allein mit Gaming-Inhalten auf YouTube monatlich \u00fcber 23 Milliarden Views.<\/p>\n                    <a href=\"https:\/\/www.superawesome.com\/de\/awesome-ads-for-advertisers-de\/\" class=\"btn btn-black\" target=\"_self\">\n            MEHR ERFAHREN\n            <\/a>\n                <\/div>\n        <\/div><!-- .cards -->\n    <\/section>\n<\/div><!-- container -->\n<div class=\"container\">\n\n\n\n<section class=\"block-cta  \">\n  <h2 class=\"medium\">Wenn Sie mehr \u00fcber SuperAwesome Gaming erfahren m\u00f6chten, setzen Sie sich noch heute mit uns in Verbindung:<\/h2>\n\n        <a id=\"cta-btn\" href=\"https:\/\/www.superawesome.com\/de\/contact-us\/\" class=\"btn btn-primary\" target=\"_self\">\n      KONTAKT AUFNEHMEN\n    <\/a>\n  \n\n      <div data-contact-form class=\"contact-form-hubspot\">\n              <!--[if lte IE 8]>\n        <script charset=\"utf-8\" type=\"text\/javascript\" src=\"\/\/js.hsforms.net\/forms\/v2-legacy.js\"><\/script>\n        <![endif]-->\n        <script charset=\"utf-8\" type=\"text\/javascript\" src=\"\/\/js.hsforms.net\/forms\/v2.js\"><\/script>\n      \n      <script>\n        hbspt.forms.create({\n          portalId: \"5009836\",\n          formId: \"d6f951e2-ff41-4a96-ae90-31acdef15f8e\",\n          onFormSubmit: function(){\n            setTimeout(function(){\n              var $thankYou = $('#contact-form-hubspot-thank-you');\n              $thankYou.show();\n              $thankYou.parents().find('.block-cta').first().find('h2').remove();\n            }, 100 );\n          }\n        });\n      <\/script>\n      <div id=\"contact-form-hubspot-thank-you\" class=\"contact-form-hubspot-thank-you\" style=\"display:none\">\n        \n      <\/div>\n    <\/div>\n  \n<\/section>\n","protected":false},"excerpt":{"rendered":"<p>Hinterlassen Sie in jeder Phase der digitalen Reise der Jugend einen bleibenden Eindruck.<\/p>\n","protected":false},"author":91,"featured_media":0,"parent":0,"menu_order":0,"comment_status":"closed","ping_status":"closed","template":"","meta":{"_acf_changed":false,"content-type":"","_monsterinsights_skip_tracking":false,"_monsterinsights_sitenote_active":false,"_monsterinsights_sitenote_note":"","_monsterinsights_sitenote_category":0,"footnotes":""},"class_list":["post-15539","page","type-page","status-publish","hentry"],"acf":{"spotify_url":"","amazon_music_url":"","sound_cloud_url":""},"yoast_head":"<!-- This site is optimized with the Yoast SEO plugin v26.8 - https:\/\/yoast.com\/product\/yoast-seo-wordpress\/ -->\n<title>SuperAwesome Gaming - SuperAwesome<\/title>\n<meta name=\"robots\" content=\"index, follow, max-snippet:-1, max-image-preview:large, max-video-preview:-1\" \/>\n<link rel=\"canonical\" href=\"https:\/\/www.superawesome.com\/de\/superawesome-gaming\/\" \/>\n<meta property=\"og:locale\" content=\"de_DE\" \/>\n<meta property=\"og:type\" content=\"article\" \/>\n<meta property=\"og:title\" content=\"SuperAwesome Gaming - SuperAwesome\" \/>\n<meta property=\"og:description\" content=\"Hinterlassen Sie in jeder Phase der digitalen Reise der Jugend einen bleibenden Eindruck.\" \/>\n<meta property=\"og:url\" content=\"https:\/\/www.superawesome.com\/de\/superawesome-gaming\/\" \/>\n<meta property=\"og:site_name\" content=\"SuperAwesome\" \/>\n<meta property=\"article:modified_time\" content=\"2024-02-16T21:36:32+00:00\" \/>\n<meta property=\"og:image\" content=\"https:\/\/www.superawesome.com\/wp-content\/uploads\/2024\/02\/SA_Thumbnail_noepic.png\" \/>\n\t<meta property=\"og:image:width\" content=\"1920\" \/>\n\t<meta property=\"og:image:height\" content=\"1080\" \/>\n\t<meta property=\"og:image:type\" content=\"image\/png\" \/>\n<meta name=\"twitter:card\" content=\"summary_large_image\" \/>\n<meta name=\"twitter:site\" content=\"@GoSuperAwesome\" \/>\n<script type=\"application\/ld+json\" class=\"yoast-schema-graph\">{\"@context\":\"https:\/\/schema.org\",\"@graph\":[{\"@type\":\"WebPage\",\"@id\":\"https:\/\/www.superawesome.com\/de\/superawesome-gaming\/\",\"url\":\"https:\/\/www.superawesome.com\/de\/superawesome-gaming\/\",\"name\":\"SuperAwesome Gaming - SuperAwesome\",\"isPartOf\":{\"@id\":\"https:\/\/www.superawesome.com\/#website\"},\"datePublished\":\"2021-11-04T11:43:41+00:00\",\"dateModified\":\"2024-02-16T21:36:32+00:00\",\"breadcrumb\":{\"@id\":\"https:\/\/www.superawesome.com\/de\/superawesome-gaming\/#breadcrumb\"},\"inLanguage\":\"de-DE\",\"potentialAction\":[{\"@type\":\"ReadAction\",\"target\":[\"https:\/\/www.superawesome.com\/de\/superawesome-gaming\/\"]}]},{\"@type\":\"BreadcrumbList\",\"@id\":\"https:\/\/www.superawesome.com\/de\/superawesome-gaming\/#breadcrumb\",\"itemListElement\":[{\"@type\":\"ListItem\",\"position\":1,\"name\":\"Home\",\"item\":\"https:\/\/www.superawesome.com\/\"},{\"@type\":\"ListItem\",\"position\":2,\"name\":\"SuperAwesome Gaming\"}]},{\"@type\":\"WebSite\",\"@id\":\"https:\/\/www.superawesome.com\/#website\",\"url\":\"https:\/\/www.superawesome.com\/\",\"name\":\"SuperAwesome\",\"description\":\"Powering a better internet for the next generation\",\"publisher\":{\"@id\":\"https:\/\/www.superawesome.com\/#organization\"},\"potentialAction\":[{\"@type\":\"SearchAction\",\"target\":{\"@type\":\"EntryPoint\",\"urlTemplate\":\"https:\/\/www.superawesome.com\/?s={search_term_string}\"},\"query-input\":{\"@type\":\"PropertyValueSpecification\",\"valueRequired\":true,\"valueName\":\"search_term_string\"}}],\"inLanguage\":\"de-DE\"},{\"@type\":\"Organization\",\"@id\":\"https:\/\/www.superawesome.com\/#organization\",\"name\":\"SuperAwesome\",\"url\":\"https:\/\/www.superawesome.com\/\",\"logo\":{\"@type\":\"ImageObject\",\"inLanguage\":\"de-DE\",\"@id\":\"https:\/\/www.superawesome.com\/#\/schema\/logo\/image\/\",\"url\":\"https:\/\/www.superawesome.com\/wp-content\/uploads\/2022\/08\/SA_Logo_Main.png\",\"contentUrl\":\"https:\/\/www.superawesome.com\/wp-content\/uploads\/2022\/08\/SA_Logo_Main.png\",\"width\":400,\"height\":171,\"caption\":\"SuperAwesome\"},\"image\":{\"@id\":\"https:\/\/www.superawesome.com\/#\/schema\/logo\/image\/\"},\"sameAs\":[\"https:\/\/x.com\/GoSuperAwesome\"]}]}<\/script>\n<!-- \/ Yoast SEO plugin. -->","yoast_head_json":{"title":"SuperAwesome Gaming - SuperAwesome","robots":{"index":"index","follow":"follow","max-snippet":"max-snippet:-1","max-image-preview":"max-image-preview:large","max-video-preview":"max-video-preview:-1"},"canonical":"https:\/\/www.superawesome.com\/de\/superawesome-gaming\/","og_locale":"de_DE","og_type":"article","og_title":"SuperAwesome Gaming - SuperAwesome","og_description":"Hinterlassen Sie in jeder Phase der digitalen Reise der Jugend einen bleibenden Eindruck.","og_url":"https:\/\/www.superawesome.com\/de\/superawesome-gaming\/","og_site_name":"SuperAwesome","article_modified_time":"2024-02-16T21:36:32+00:00","og_image":[{"width":1920,"height":1080,"url":"https:\/\/www.superawesome.com\/wp-content\/uploads\/2024\/02\/SA_Thumbnail_noepic.png","type":"image\/png"}],"twitter_card":"summary_large_image","twitter_site":"@GoSuperAwesome","schema":{"@context":"https:\/\/schema.org","@graph":[{"@type":"WebPage","@id":"https:\/\/www.superawesome.com\/de\/superawesome-gaming\/","url":"https:\/\/www.superawesome.com\/de\/superawesome-gaming\/","name":"SuperAwesome Gaming - SuperAwesome","isPartOf":{"@id":"https:\/\/www.superawesome.com\/#website"},"datePublished":"2021-11-04T11:43:41+00:00","dateModified":"2024-02-16T21:36:32+00:00","breadcrumb":{"@id":"https:\/\/www.superawesome.com\/de\/superawesome-gaming\/#breadcrumb"},"inLanguage":"de-DE","potentialAction":[{"@type":"ReadAction","target":["https:\/\/www.superawesome.com\/de\/superawesome-gaming\/"]}]},{"@type":"BreadcrumbList","@id":"https:\/\/www.superawesome.com\/de\/superawesome-gaming\/#breadcrumb","itemListElement":[{"@type":"ListItem","position":1,"name":"Home","item":"https:\/\/www.superawesome.com\/"},{"@type":"ListItem","position":2,"name":"SuperAwesome Gaming"}]},{"@type":"WebSite","@id":"https:\/\/www.superawesome.com\/#website","url":"https:\/\/www.superawesome.com\/","name":"SuperAwesome","description":"Powering a better internet for the next generation","publisher":{"@id":"https:\/\/www.superawesome.com\/#organization"},"potentialAction":[{"@type":"SearchAction","target":{"@type":"EntryPoint","urlTemplate":"https:\/\/www.superawesome.com\/?s={search_term_string}"},"query-input":{"@type":"PropertyValueSpecification","valueRequired":true,"valueName":"search_term_string"}}],"inLanguage":"de-DE"},{"@type":"Organization","@id":"https:\/\/www.superawesome.com\/#organization","name":"SuperAwesome","url":"https:\/\/www.superawesome.com\/","logo":{"@type":"ImageObject","inLanguage":"de-DE","@id":"https:\/\/www.superawesome.com\/#\/schema\/logo\/image\/","url":"https:\/\/www.superawesome.com\/wp-content\/uploads\/2022\/08\/SA_Logo_Main.png","contentUrl":"https:\/\/www.superawesome.com\/wp-content\/uploads\/2022\/08\/SA_Logo_Main.png","width":400,"height":171,"caption":"SuperAwesome"},"image":{"@id":"https:\/\/www.superawesome.com\/#\/schema\/logo\/image\/"},"sameAs":["https:\/\/x.com\/GoSuperAwesome"]}]}},"_links":{"self":[{"href":"https:\/\/www.superawesome.com\/de\/wp-json\/wp\/v2\/pages\/15539","targetHints":{"allow":["GET"]}}],"collection":[{"href":"https:\/\/www.superawesome.com\/de\/wp-json\/wp\/v2\/pages"}],"about":[{"href":"https:\/\/www.superawesome.com\/de\/wp-json\/wp\/v2\/types\/page"}],"author":[{"embeddable":true,"href":"https:\/\/www.superawesome.com\/de\/wp-json\/wp\/v2\/users\/91"}],"replies":[{"embeddable":true,"href":"https:\/\/www.superawesome.com\/de\/wp-json\/wp\/v2\/comments?post=15539"}],"version-history":[{"count":0,"href":"https:\/\/www.superawesome.com\/de\/wp-json\/wp\/v2\/pages\/15539\/revisions"}],"wp:attachment":[{"href":"https:\/\/www.superawesome.com\/de\/wp-json\/wp\/v2\/media?parent=15539"}],"curies":[{"name":"wp","href":"https:\/\/api.w.org\/{rel}","templated":true}]}}