{"id":15492,"date":"2022-10-03T01:33:31","date_gmt":"2022-10-03T01:33:31","guid":{"rendered":"https:\/\/www.superawesome.com\/?page_id=15492"},"modified":"2024-02-16T21:24:48","modified_gmt":"2024-02-16T21:24:48","slug":"bloggen","status":"publish","type":"page","link":"https:\/\/www.superawesome.com\/de\/bloggen\/","title":{"rendered":"Blog"},"content":{"rendered":"\n<h1 class=\"wp-block-heading\">Blog<\/h1>\n\n\n\n<div class=\"wp-block-columns is-layout-flex wp-container-core-columns-is-layout-9d6595d7 wp-block-columns-is-layout-flex\">\n<div class=\"wp-block-column is-layout-flow wp-block-column-is-layout-flow\">\n<figure class=\"wp-block-image size-large\"><img loading=\"lazy\" decoding=\"async\" width=\"1024\" height=\"683\" src=\"https:\/\/www.superawesome.com\/wp-content\/uploads\/2023\/04\/shutterstock_1040373205-1024x683.jpg\" alt=\"How Beauty Brands Can Reach the Next Generation Through Gaming\" class=\"wp-image-16452\" srcset=\"https:\/\/www.superawesome.com\/wp-content\/uploads\/2023\/04\/shutterstock_1040373205-1024x683.jpg 1024w, https:\/\/www.superawesome.com\/wp-content\/uploads\/2023\/04\/shutterstock_1040373205-300x200.jpg 300w, https:\/\/www.superawesome.com\/wp-content\/uploads\/2023\/04\/shutterstock_1040373205-768x512.jpg 768w, https:\/\/www.superawesome.com\/wp-content\/uploads\/2023\/04\/shutterstock_1040373205-1536x1024.jpg 1536w, https:\/\/www.superawesome.com\/wp-content\/uploads\/2023\/04\/shutterstock_1040373205-2048x1366.jpg 2048w\" sizes=\"auto, (max-width: 1024px) 100vw, 1024px\" \/><\/figure>\n\n\n\n<h2 class=\"wp-block-heading\"><a href=\"https:\/\/www.superawesome.com\/de\/blog\/wie-kosmetikmarken-die-naechste-generation-durch-gaming-erreichen-koennen\/\" data-type=\"URL\" data-id=\"https:\/\/www.superawesome.com\/de\/blog\/young-teens-gen-z-strategy\/\">Wie Kosmetikmarken die n\u00e4chste Generation durch Gaming erreichen k\u00f6nnen<\/a><\/h2>\n\n\n\n<p>Kosmetikmarken k\u00f6nnen langfristige Beziehungen zu der heranwachsenden n\u00e4chsten Generation aufbauen, indem sie sie beim Spielen und in ihrer Umgebung treffen.<\/p>\n<\/div>\n\n\n\n<div class=\"wp-block-column is-layout-flow wp-block-column-is-layout-flow\">\n<figure class=\"wp-block-image size-large is-style-default\"><img loading=\"lazy\" decoding=\"async\" width=\"1024\" height=\"683\" src=\"https:\/\/www.superawesome.com\/wp-content\/uploads\/2021\/09\/pexels-ron-lach-8387828-1024x683.jpg\" alt=\"young shoppers\" class=\"wp-image-10384\" srcset=\"https:\/\/www.superawesome.com\/wp-content\/uploads\/2021\/09\/pexels-ron-lach-8387828-1024x683.jpg 1024w, https:\/\/www.superawesome.com\/wp-content\/uploads\/2021\/09\/pexels-ron-lach-8387828-300x200.jpg 300w, https:\/\/www.superawesome.com\/wp-content\/uploads\/2021\/09\/pexels-ron-lach-8387828-768x512.jpg 768w, https:\/\/www.superawesome.com\/wp-content\/uploads\/2021\/09\/pexels-ron-lach-8387828-1536x1024.jpg 1536w, https:\/\/www.superawesome.com\/wp-content\/uploads\/2021\/09\/pexels-ron-lach-8387828-2048x1365.jpg 2048w\" sizes=\"auto, (max-width: 1024px) 100vw, 1024px\" \/><\/figure>\n\n\n\n<h2 class=\"wp-block-heading\"><a href=\"https:\/\/www.superawesome.com\/de\/blog\/5-grunde-warum-junge-menschen-der-schlussel-zu-langfristiger-markentreue-sind\/\" data-type=\"URL\" data-id=\"https:\/\/www.superawesome.com\/de\/blog\/5-grunde-warum-junge-menschen-der-schlussel-zu-langfristiger-markentreue-sind\/\">5 Gr\u00fcnde, warum junge Menschen der Schl\u00fcssel zu langfristiger Markentreue sind<\/a><\/h2>\n\n\n\n<p>Dank Technologie und digitaler Medien sind Kinder (unter 13 Jahren) und Young Teens (unter 16 Jahren) zum wichtigsten Anlaufpunkt f\u00fcr Marken geworden, die eine langfristige Markentreue aufbauen wollen.&nbsp;<\/p>\n<\/div>\n<\/div>\n\n\n\n<div class=\"wp-block-columns is-layout-flex wp-container-core-columns-is-layout-9d6595d7 wp-block-columns-is-layout-flex\">\n<div class=\"wp-block-column is-layout-flow wp-block-column-is-layout-flow\">\n<figure class=\"wp-block-image size-large\"><img loading=\"lazy\" decoding=\"async\" width=\"1024\" height=\"683\" src=\"https:\/\/www.superawesome.com\/wp-content\/uploads\/2021\/08\/helena-lopes-knqIUJ3HyQ4-unsplash-1024x683.jpg\" alt=\"Generation z females taking a selfie\" class=\"wp-image-10201\" srcset=\"https:\/\/www.superawesome.com\/wp-content\/uploads\/2021\/08\/helena-lopes-knqIUJ3HyQ4-unsplash-1024x683.jpg 1024w, https:\/\/www.superawesome.com\/wp-content\/uploads\/2021\/08\/helena-lopes-knqIUJ3HyQ4-unsplash-300x200.jpg 300w, https:\/\/www.superawesome.com\/wp-content\/uploads\/2021\/08\/helena-lopes-knqIUJ3HyQ4-unsplash-768x512.jpg 768w, https:\/\/www.superawesome.com\/wp-content\/uploads\/2021\/08\/helena-lopes-knqIUJ3HyQ4-unsplash-1536x1024.jpg 1536w, https:\/\/www.superawesome.com\/wp-content\/uploads\/2021\/08\/helena-lopes-knqIUJ3HyQ4-unsplash-2048x1365.jpg 2048w\" sizes=\"auto, (max-width: 1024px) 100vw, 1024px\" \/><\/figure>\n\n\n\n<h2 class=\"wp-block-heading\"><a href=\"https:\/\/www.superawesome.com\/de\/blog\/young-teens-gen-z-strategy\/\" data-type=\"URL\" data-id=\"https:\/\/www.superawesome.com\/de\/blog\/young-teens-gen-z-strategy\/\">Young Teens: Die wichtige Zielgruppe, die Sie mit Ihrer Gen Z-Strategie nicht erreichen<\/a><\/h2>\n\n\n\n<p>Die Grundregel des Marketings lautet: Kenne dein Publikum. Doch vielen Marketern, die die Generation Z erreichen wollen, mangelt es an einem umfassenden Verst\u00e4ndnis dieser besonderen Bev\u00f6lkerungsgruppe. Die Generation Z (geboren zwischen 1997 und 2015) besteht aus einem breiten Altersquerschnitt und kann daher nicht als eine einzige Zielgruppe angesprochen werden.<\/p>\n<\/div>\n\n\n\n<div class=\"wp-block-column is-layout-flow wp-block-column-is-layout-flow\">\n<figure class=\"wp-block-image size-large is-style-default\"><img decoding=\"async\" src=\"https:\/\/www.superawesome.com\/wp-content\/uploads\/2021\/05\/27_teen-girls-mobile-1024x683.jpg\" alt=\"young shoppers\"\/><\/figure>\n\n\n\n<h2 class=\"wp-block-heading\"><a href=\"https:\/\/www.superawesome.com\/de\/blog\/beauty-brands-young-teens-safe-video-content\/\" data-type=\"URL\" data-id=\"https:\/\/www.superawesome.com\/de\/blog\/beauty-brands-young-teens-safe-video-content\/\">Drei M\u00f6glichkeiten, wie Beauty-Marken Young Teens mit sicheren Videoinhalten ansprechen k\u00f6nnen<\/a><\/h2>\n\n\n\n<p>Young Teens (im Alter von 13 bis 16 Jahren)&nbsp;<a href=\"https:\/\/www.superawesome.com\/young-teens-are-different-report\/\">beeinflussen bereits 72 Prozent der Kaufentscheidungen<\/a>&nbsp;im Bereich Beauty und K\u00f6rperpflege in Privathaushalten. Sie sind aber auch selbst tonangebende Eink\u00e4ufer.<\/p>\n<\/div>\n<\/div>\n\n\n\n<div class=\"wp-block-columns is-layout-flex wp-container-core-columns-is-layout-9d6595d7 wp-block-columns-is-layout-flex\">\n<div class=\"wp-block-column is-layout-flow wp-block-column-is-layout-flow\">\n<figure class=\"wp-block-image size-large\"><img loading=\"lazy\" decoding=\"async\" width=\"1024\" height=\"683\" src=\"https:\/\/www.superawesome.com\/wp-content\/uploads\/2020\/11\/shutterstock_1169505235-1-e1605087861667-1024x683.jpg\" alt=\"\" class=\"wp-image-7920\" srcset=\"https:\/\/www.superawesome.com\/wp-content\/uploads\/2020\/11\/shutterstock_1169505235-1-e1605087861667-1024x683.jpg 1024w, https:\/\/www.superawesome.com\/wp-content\/uploads\/2020\/11\/shutterstock_1169505235-1-e1605087861667-300x200.jpg 300w, https:\/\/www.superawesome.com\/wp-content\/uploads\/2020\/11\/shutterstock_1169505235-1-e1605087861667-768x512.jpg 768w, https:\/\/www.superawesome.com\/wp-content\/uploads\/2020\/11\/shutterstock_1169505235-1-e1605087861667-1536x1024.jpg 1536w, https:\/\/www.superawesome.com\/wp-content\/uploads\/2020\/11\/shutterstock_1169505235-1-e1605087861667-2048x1366.jpg 2048w\" sizes=\"auto, (max-width: 1024px) 100vw, 1024px\" \/><\/figure>\n\n\n\n<h2 class=\"wp-block-heading\"><a href=\"https:\/\/www.superawesome.com\/de\/blog\/kids-social-video-introduction\/\" data-type=\"URL\" data-id=\"https:\/\/www.superawesome.com\/de\/blog\/kids-social-video-introduction\/\">Was ist Kids Social Video? Ein \u00dcberblick f\u00fcr Marken<\/a><\/h2>\n\n\n\n<p>SuperAwesome\u2019s\u00a0<a href=\"https:\/\/www.superawesome.com\/de\/kids-social-video\/\">Awesome Ads for Social<\/a>\u00a0wird von \u00fcber 150 f\u00fchrenden Marken genutzt, um Kinder und Familien durch sichere kontextbezogene Werbung auf YouTube und anderen Plattformen anzusprechen. Ohne eine Plattform wie KSV laufen Werbetreibende Gefahr, ihr Budget f\u00fcr nicht relevante oder unsichere Inhalte zu verschwenden.<\/p>\n<\/div>\n<\/div>\n\n\n\n<p><\/p>\n","protected":false},"excerpt":{"rendered":"<p>Blog Wie Kosmetikmarken die n\u00e4chste Generation durch Gaming erreichen k\u00f6nnen Kosmetikmarken k\u00f6nnen langfristige Beziehungen zu der heranwachsenden n\u00e4chsten Generation aufbauen, indem sie sie beim Spielen und in ihrer Umgebung treffen. 5 Gr\u00fcnde, warum junge Menschen der Schl\u00fcssel zu langfristiger Markentreue sind Dank Technologie und digitaler Medien sind Kinder (unter 13 Jahren) und Young Teens (unter [&hellip;]<\/p>\n","protected":false},"author":79,"featured_media":0,"parent":0,"menu_order":0,"comment_status":"closed","ping_status":"closed","template":"","meta":{"_acf_changed":false,"content-type":"","_monsterinsights_skip_tracking":false,"_monsterinsights_sitenote_active":false,"_monsterinsights_sitenote_note":"","_monsterinsights_sitenote_category":0,"footnotes":""},"class_list":["post-15492","page","type-page","status-publish","hentry"],"acf":{"spotify_url":"","amazon_music_url":"","sound_cloud_url":""},"yoast_head":"<!-- This site is optimized with the Yoast SEO plugin v26.8 - https:\/\/yoast.com\/product\/yoast-seo-wordpress\/ -->\n<title>Blog - SuperAwesome<\/title>\n<meta name=\"robots\" content=\"index, follow, max-snippet:-1, max-image-preview:large, max-video-preview:-1\" \/>\n<link rel=\"canonical\" href=\"https:\/\/www.superawesome.com\/de\/bloggen\/\" \/>\n<meta property=\"og:locale\" content=\"de_DE\" \/>\n<meta property=\"og:type\" content=\"article\" \/>\n<meta property=\"og:title\" content=\"Blog - SuperAwesome\" \/>\n<meta property=\"og:description\" content=\"Blog Wie Kosmetikmarken die n\u00e4chste Generation durch Gaming erreichen k\u00f6nnen Kosmetikmarken k\u00f6nnen langfristige Beziehungen zu der heranwachsenden n\u00e4chsten Generation aufbauen, indem sie sie beim Spielen und in ihrer Umgebung treffen. 5 Gr\u00fcnde, warum junge Menschen der Schl\u00fcssel zu langfristiger Markentreue sind Dank Technologie und digitaler Medien sind Kinder (unter 13 Jahren) und Young Teens (unter [&hellip;]\" \/>\n<meta property=\"og:url\" content=\"https:\/\/www.superawesome.com\/de\/bloggen\/\" \/>\n<meta property=\"og:site_name\" content=\"SuperAwesome\" \/>\n<meta property=\"article:modified_time\" content=\"2024-02-16T21:24:48+00:00\" \/>\n<meta property=\"og:image\" content=\"https:\/\/www.superawesome.com\/wp-content\/uploads\/2023\/04\/shutterstock_1040373205-1024x683.jpg\" \/>\n<meta name=\"twitter:card\" content=\"summary_large_image\" \/>\n<meta name=\"twitter:site\" content=\"@GoSuperAwesome\" \/>\n<meta name=\"twitter:label1\" content=\"Gesch\u00e4tzte Lesezeit\" \/>\n\t<meta name=\"twitter:data1\" content=\"1 Minute\" \/>\n<script type=\"application\/ld+json\" class=\"yoast-schema-graph\">{\"@context\":\"https:\/\/schema.org\",\"@graph\":[{\"@type\":\"WebPage\",\"@id\":\"https:\/\/www.superawesome.com\/de\/bloggen\/\",\"url\":\"https:\/\/www.superawesome.com\/de\/bloggen\/\",\"name\":\"Blog - SuperAwesome\",\"isPartOf\":{\"@id\":\"https:\/\/www.superawesome.com\/#website\"},\"primaryImageOfPage\":{\"@id\":\"https:\/\/www.superawesome.com\/de\/bloggen\/#primaryimage\"},\"image\":{\"@id\":\"https:\/\/www.superawesome.com\/de\/bloggen\/#primaryimage\"},\"thumbnailUrl\":\"https:\/\/www.superawesome.com\/wp-content\/uploads\/2023\/04\/shutterstock_1040373205-1024x683.jpg\",\"datePublished\":\"2022-10-03T01:33:31+00:00\",\"dateModified\":\"2024-02-16T21:24:48+00:00\",\"breadcrumb\":{\"@id\":\"https:\/\/www.superawesome.com\/de\/bloggen\/#breadcrumb\"},\"inLanguage\":\"de-DE\",\"potentialAction\":[{\"@type\":\"ReadAction\",\"target\":[\"https:\/\/www.superawesome.com\/de\/bloggen\/\"]}]},{\"@type\":\"ImageObject\",\"inLanguage\":\"de-DE\",\"@id\":\"https:\/\/www.superawesome.com\/de\/bloggen\/#primaryimage\",\"url\":\"https:\/\/www.superawesome.com\/wp-content\/uploads\/2023\/04\/shutterstock_1040373205-1024x683.jpg\",\"contentUrl\":\"https:\/\/www.superawesome.com\/wp-content\/uploads\/2023\/04\/shutterstock_1040373205-1024x683.jpg\"},{\"@type\":\"BreadcrumbList\",\"@id\":\"https:\/\/www.superawesome.com\/de\/bloggen\/#breadcrumb\",\"itemListElement\":[{\"@type\":\"ListItem\",\"position\":1,\"name\":\"Home\",\"item\":\"https:\/\/www.superawesome.com\/\"},{\"@type\":\"ListItem\",\"position\":2,\"name\":\"Blog\"}]},{\"@type\":\"WebSite\",\"@id\":\"https:\/\/www.superawesome.com\/#website\",\"url\":\"https:\/\/www.superawesome.com\/\",\"name\":\"SuperAwesome\",\"description\":\"Powering a better internet for the next generation\",\"publisher\":{\"@id\":\"https:\/\/www.superawesome.com\/#organization\"},\"potentialAction\":[{\"@type\":\"SearchAction\",\"target\":{\"@type\":\"EntryPoint\",\"urlTemplate\":\"https:\/\/www.superawesome.com\/?s={search_term_string}\"},\"query-input\":{\"@type\":\"PropertyValueSpecification\",\"valueRequired\":true,\"valueName\":\"search_term_string\"}}],\"inLanguage\":\"de-DE\"},{\"@type\":\"Organization\",\"@id\":\"https:\/\/www.superawesome.com\/#organization\",\"name\":\"SuperAwesome\",\"url\":\"https:\/\/www.superawesome.com\/\",\"logo\":{\"@type\":\"ImageObject\",\"inLanguage\":\"de-DE\",\"@id\":\"https:\/\/www.superawesome.com\/#\/schema\/logo\/image\/\",\"url\":\"https:\/\/www.superawesome.com\/wp-content\/uploads\/2022\/08\/SA_Logo_Main.png\",\"contentUrl\":\"https:\/\/www.superawesome.com\/wp-content\/uploads\/2022\/08\/SA_Logo_Main.png\",\"width\":400,\"height\":171,\"caption\":\"SuperAwesome\"},\"image\":{\"@id\":\"https:\/\/www.superawesome.com\/#\/schema\/logo\/image\/\"},\"sameAs\":[\"https:\/\/x.com\/GoSuperAwesome\"]}]}<\/script>\n<!-- \/ Yoast SEO plugin. -->","yoast_head_json":{"title":"Blog - SuperAwesome","robots":{"index":"index","follow":"follow","max-snippet":"max-snippet:-1","max-image-preview":"max-image-preview:large","max-video-preview":"max-video-preview:-1"},"canonical":"https:\/\/www.superawesome.com\/de\/bloggen\/","og_locale":"de_DE","og_type":"article","og_title":"Blog - SuperAwesome","og_description":"Blog Wie Kosmetikmarken die n\u00e4chste Generation durch Gaming erreichen k\u00f6nnen Kosmetikmarken k\u00f6nnen langfristige Beziehungen zu der heranwachsenden n\u00e4chsten Generation aufbauen, indem sie sie beim Spielen und in ihrer Umgebung treffen. 5 Gr\u00fcnde, warum junge Menschen der Schl\u00fcssel zu langfristiger Markentreue sind Dank Technologie und digitaler Medien sind Kinder (unter 13 Jahren) und Young Teens (unter [&hellip;]","og_url":"https:\/\/www.superawesome.com\/de\/bloggen\/","og_site_name":"SuperAwesome","article_modified_time":"2024-02-16T21:24:48+00:00","og_image":[{"url":"https:\/\/www.superawesome.com\/wp-content\/uploads\/2023\/04\/shutterstock_1040373205-1024x683.jpg","type":"","width":"","height":""}],"twitter_card":"summary_large_image","twitter_site":"@GoSuperAwesome","twitter_misc":{"Gesch\u00e4tzte Lesezeit":"1 Minute"},"schema":{"@context":"https:\/\/schema.org","@graph":[{"@type":"WebPage","@id":"https:\/\/www.superawesome.com\/de\/bloggen\/","url":"https:\/\/www.superawesome.com\/de\/bloggen\/","name":"Blog - SuperAwesome","isPartOf":{"@id":"https:\/\/www.superawesome.com\/#website"},"primaryImageOfPage":{"@id":"https:\/\/www.superawesome.com\/de\/bloggen\/#primaryimage"},"image":{"@id":"https:\/\/www.superawesome.com\/de\/bloggen\/#primaryimage"},"thumbnailUrl":"https:\/\/www.superawesome.com\/wp-content\/uploads\/2023\/04\/shutterstock_1040373205-1024x683.jpg","datePublished":"2022-10-03T01:33:31+00:00","dateModified":"2024-02-16T21:24:48+00:00","breadcrumb":{"@id":"https:\/\/www.superawesome.com\/de\/bloggen\/#breadcrumb"},"inLanguage":"de-DE","potentialAction":[{"@type":"ReadAction","target":["https:\/\/www.superawesome.com\/de\/bloggen\/"]}]},{"@type":"ImageObject","inLanguage":"de-DE","@id":"https:\/\/www.superawesome.com\/de\/bloggen\/#primaryimage","url":"https:\/\/www.superawesome.com\/wp-content\/uploads\/2023\/04\/shutterstock_1040373205-1024x683.jpg","contentUrl":"https:\/\/www.superawesome.com\/wp-content\/uploads\/2023\/04\/shutterstock_1040373205-1024x683.jpg"},{"@type":"BreadcrumbList","@id":"https:\/\/www.superawesome.com\/de\/bloggen\/#breadcrumb","itemListElement":[{"@type":"ListItem","position":1,"name":"Home","item":"https:\/\/www.superawesome.com\/"},{"@type":"ListItem","position":2,"name":"Blog"}]},{"@type":"WebSite","@id":"https:\/\/www.superawesome.com\/#website","url":"https:\/\/www.superawesome.com\/","name":"SuperAwesome","description":"Powering a better internet for the next generation","publisher":{"@id":"https:\/\/www.superawesome.com\/#organization"},"potentialAction":[{"@type":"SearchAction","target":{"@type":"EntryPoint","urlTemplate":"https:\/\/www.superawesome.com\/?s={search_term_string}"},"query-input":{"@type":"PropertyValueSpecification","valueRequired":true,"valueName":"search_term_string"}}],"inLanguage":"de-DE"},{"@type":"Organization","@id":"https:\/\/www.superawesome.com\/#organization","name":"SuperAwesome","url":"https:\/\/www.superawesome.com\/","logo":{"@type":"ImageObject","inLanguage":"de-DE","@id":"https:\/\/www.superawesome.com\/#\/schema\/logo\/image\/","url":"https:\/\/www.superawesome.com\/wp-content\/uploads\/2022\/08\/SA_Logo_Main.png","contentUrl":"https:\/\/www.superawesome.com\/wp-content\/uploads\/2022\/08\/SA_Logo_Main.png","width":400,"height":171,"caption":"SuperAwesome"},"image":{"@id":"https:\/\/www.superawesome.com\/#\/schema\/logo\/image\/"},"sameAs":["https:\/\/x.com\/GoSuperAwesome"]}]}},"_links":{"self":[{"href":"https:\/\/www.superawesome.com\/de\/wp-json\/wp\/v2\/pages\/15492","targetHints":{"allow":["GET"]}}],"collection":[{"href":"https:\/\/www.superawesome.com\/de\/wp-json\/wp\/v2\/pages"}],"about":[{"href":"https:\/\/www.superawesome.com\/de\/wp-json\/wp\/v2\/types\/page"}],"author":[{"embeddable":true,"href":"https:\/\/www.superawesome.com\/de\/wp-json\/wp\/v2\/users\/79"}],"replies":[{"embeddable":true,"href":"https:\/\/www.superawesome.com\/de\/wp-json\/wp\/v2\/comments?post=15492"}],"version-history":[{"count":0,"href":"https:\/\/www.superawesome.com\/de\/wp-json\/wp\/v2\/pages\/15492\/revisions"}],"wp:attachment":[{"href":"https:\/\/www.superawesome.com\/de\/wp-json\/wp\/v2\/media?parent=15492"}],"curies":[{"name":"wp","href":"https:\/\/api.w.org\/{rel}","templated":true}]}}