{"id":15485,"date":"2021-05-17T14:59:18","date_gmt":"2021-05-17T14:59:18","guid":{"rendered":"https:\/\/www.superawesome.com\/?page_id=15485"},"modified":"2025-07-29T15:05:14","modified_gmt":"2025-07-29T15:05:14","slug":"case-studies","status":"publish","type":"page","link":"https:\/\/www.superawesome.com\/de\/case-studies\/","title":{"rendered":"Case Studies"},"content":{"rendered":"\n<h1 class=\"wp-block-heading\">SuperAwesome Fallstudien<\/h1>\n\n\n\n<p>Erfahren Sie, wie wir Kunden dabei helfen, ihre jugendliche Zielgruppe im gesamten digitalen \u00d6kosystem sicher zu erreichen und mit ihr in Kontakt zu treten.<\/p>\n\n\n\n<div class=\"wp-block-columns is-layout-flex wp-container-core-columns-is-layout-9d6595d7 wp-block-columns-is-layout-flex\">\n<div class=\"wp-block-column is-layout-flow wp-block-column-is-layout-flow\">\n<figure class=\"wp-block-image size-full\"><img loading=\"lazy\" decoding=\"async\" width=\"1591\" height=\"1200\" src=\"https:\/\/www.superawesome.com\/wp-content\/uploads\/2025\/06\/nickelodeon-image.png\" alt=\"\" class=\"wp-image-19370\" srcset=\"https:\/\/www.superawesome.com\/wp-content\/uploads\/2025\/06\/nickelodeon-image.png 1591w, https:\/\/www.superawesome.com\/wp-content\/uploads\/2025\/06\/nickelodeon-image-300x226.png 300w, https:\/\/www.superawesome.com\/wp-content\/uploads\/2025\/06\/nickelodeon-image-1024x772.png 1024w, https:\/\/www.superawesome.com\/wp-content\/uploads\/2025\/06\/nickelodeon-image-768x579.png 768w, https:\/\/www.superawesome.com\/wp-content\/uploads\/2025\/06\/nickelodeon-image-1536x1159.png 1536w\" sizes=\"auto, (max-width: 1591px) 100vw, 1591px\" \/><\/figure>\n\n\n\n<h3 class=\"wp-block-heading\">PAW Patrol: Sicheres und skalierbares Engagement bei Vorschulkindern mit Nickelodeon<\/h3>\n\n\n\n<p>Wie Nickelodeon gemeinsam mit SuperAwesome eine wirkungsstarke, kindersichere Kampagne zum Start eines ihrer gr\u00f6\u00dften On-Air-Premieren umsetzte<\/p>\n\n\n\n<div class=\"wp-block-buttons is-layout-flex wp-block-buttons-is-layout-flex\">\n<div class=\"wp-block-button\"><a class=\"wp-block-button__link has-black-background-color has-background wp-element-button\" href=\"https:\/\/www.superawesome.com\/de\/paw-patrol-powering-safe-scalable-preschool-reach-with-nickelodeon\/\">LIES JETZT<\/a><\/div>\n<\/div>\n<\/div>\n\n\n\n<div class=\"wp-block-column is-layout-flow wp-block-column-is-layout-flow\">\n<figure class=\"wp-block-image size-full\"><img loading=\"lazy\" decoding=\"async\" width=\"600\" height=\"450\" src=\"https:\/\/www.superawesome.com\/wp-content\/uploads\/2022\/08\/SA_Web_CaseStudies-02.png\" alt=\"\" class=\"wp-image-14693\" srcset=\"https:\/\/www.superawesome.com\/wp-content\/uploads\/2022\/08\/SA_Web_CaseStudies-02.png 600w, https:\/\/www.superawesome.com\/wp-content\/uploads\/2022\/08\/SA_Web_CaseStudies-02-300x225.png 300w\" sizes=\"auto, (max-width: 600px) 100vw, 600px\" \/><\/figure>\n\n\n\n<h3 class=\"wp-block-heading\">Wie Mondelez f\u00fcr Young Teens einen unvergesslichen Markenmoment geschaffen hat<\/h3>\n\n\n\n<p>Mondelez International is the company behind the iconic snack brand Chips Ahoy! They aspired to build brand affinity and loyalty Mondelez International ist das Unternehmen hinter der kultigen Snackmarke Chips Ahoy! Das Unternehmen war bestrebt, die Affinit\u00e4t und Loyalit\u00e4t zur Marke bei der wachsenden und einflussreichen Gruppe der Young Teens im Alter von 13 bis 16 Jahren aufzubauen.<\/p>\n\n\n\n<div class=\"wp-block-buttons is-layout-flex wp-block-buttons-is-layout-flex\">\n<div class=\"wp-block-button\"><a class=\"wp-block-button__link has-black-background-color has-background wp-element-button\" href=\"https:\/\/www.superawesome.com\/de\/mondelez-chips-ahoy-case-studies\/\">LIES JETZT<\/a><\/div>\n<\/div>\n<\/div>\n\n\n\n<div class=\"wp-block-column is-layout-flow wp-block-column-is-layout-flow\"><div class=\"wp-block-image\">\n<figure class=\"aligncenter size-full\"><img loading=\"lazy\" decoding=\"async\" width=\"600\" height=\"450\" src=\"https:\/\/www.superawesome.com\/wp-content\/uploads\/2022\/08\/SA_Web_CaseStudies-03.png\" alt=\"\" class=\"wp-image-14695\" srcset=\"https:\/\/www.superawesome.com\/wp-content\/uploads\/2022\/08\/SA_Web_CaseStudies-03.png 600w, https:\/\/www.superawesome.com\/wp-content\/uploads\/2022\/08\/SA_Web_CaseStudies-03-300x225.png 300w\" sizes=\"auto, (max-width: 600px) 100vw, 600px\" \/><\/figure>\n<\/div>\n\n\n<h3 class=\"wp-block-heading\">Wie die BBC SuperAwesome einsetzte, um Kinder f\u00fcr ihren Streaming-Dienst BBC iPlayer zu begeistern.<\/h3>\n\n\n\n<p>Die BBC, eines der f\u00fchrenden britischen Medienunternehmen, war auf der Suche nach einem Multiplattform-Partner, der die gleichen Sicherheitsund Compliance-Grunds\u00e4tze vertritt. Das Ziel war es, das Online-Engagement der BBC bei der Zielgruppe<br>der unter 16-J\u00e4hrigen zu steigern<\/p>\n\n\n\n<div class=\"wp-block-buttons is-layout-flex wp-block-buttons-is-layout-flex\">\n<div class=\"wp-block-button\"><a class=\"wp-block-button__link has-black-background-color has-background wp-element-button\" href=\"https:\/\/www.superawesome.com\/de\/bbc-iplayer-streaming-service-case-study\/\">LIES JETZT<\/a><\/div>\n<\/div>\n<\/div>\n<\/div>\n\n\n\n<div class=\"wp-block-columns is-layout-flex wp-container-core-columns-is-layout-9d6595d7 wp-block-columns-is-layout-flex\">\n<div class=\"wp-block-column is-layout-flow wp-block-column-is-layout-flow\"><div class=\"wp-block-image\">\n<figure class=\"aligncenter size-full\"><img loading=\"lazy\" decoding=\"async\" width=\"600\" height=\"450\" src=\"https:\/\/www.superawesome.com\/wp-content\/uploads\/2022\/08\/SA_Web_CaseStudies-04.png\" alt=\"\" class=\"wp-image-14697\" srcset=\"https:\/\/www.superawesome.com\/wp-content\/uploads\/2022\/08\/SA_Web_CaseStudies-04.png 600w, https:\/\/www.superawesome.com\/wp-content\/uploads\/2022\/08\/SA_Web_CaseStudies-04-300x225.png 300w\" sizes=\"auto, (max-width: 600px) 100vw, 600px\" \/><\/figure>\n<\/div>\n\n\n<h3 class=\"wp-block-heading\">Preisgekr\u00f6nt: MGA Entertainment und SuperAwesome machen Kinder weltweit auf die L.O.L. Remix Music Awards aufmerksam und erzeugen gro\u00dfe Begeisterung<\/h3>\n\n\n\n<p>MGA Entertainment ist das gr\u00f6\u00dfte private Spielzeugunternehmen der Welt. Die dreimal in Folge zum \u201eSpielzeug des Jahres\u201c gek\u00fcrten L.O.L. Surprise!-Puppen von MGA sind der ultimative Spielspa\u00df f\u00fcr Kinder \u2013 vom Auspacken bis zum ersten Mal Spielen.<\/p>\n\n\n\n<div class=\"wp-block-buttons is-layout-flex wp-block-buttons-is-layout-flex\">\n<div class=\"wp-block-button\"><a class=\"wp-block-button__link has-white-color has-black-background-color has-text-color has-background wp-element-button\" href=\"https:\/\/www.superawesome.com\/de\/mga-entertainment-lol-remix-music-awards-case-study-de\/\">LIES JETZT<\/a><\/div>\n<\/div>\n<\/div>\n\n\n\n<div class=\"wp-block-column is-layout-flow wp-block-column-is-layout-flow\"><div class=\"wp-block-image\">\n<figure class=\"aligncenter size-full\"><img loading=\"lazy\" decoding=\"async\" width=\"600\" height=\"451\" src=\"https:\/\/www.superawesome.com\/wp-content\/uploads\/2023\/01\/1-SA_Web_CaseStudies-05-1.png\" alt=\"Pebbles SuperAwesome case studies\" class=\"wp-image-15862\" srcset=\"https:\/\/www.superawesome.com\/wp-content\/uploads\/2023\/01\/1-SA_Web_CaseStudies-05-1.png 600w, https:\/\/www.superawesome.com\/wp-content\/uploads\/2023\/01\/1-SA_Web_CaseStudies-05-1-300x226.png 300w\" sizes=\"auto, (max-width: 600px) 100vw, 600px\" \/><\/figure>\n<\/div>\n\n\n<h3 class=\"wp-block-heading\">Wie Post\u00ae PEBBLES\u2122 mit einer digitalen Multi-Channel-Strategie f\u00fcr Kinder die Kaufbereitschaft um 36% steigerte<br><\/h3>\n\n\n\n<p>Post PEBBLES\u2122 ist mit mehr als 1,4 Milliarden verzehrten Mahlzeiten pro Jahr* die Nummer 1 unter den Kinder-Cerealien-Marken. Als Hauptkunden und Treiber des Kaufs sind Kinder eine wichtige Zielgruppe f\u00fcr Post.&nbsp;<\/p>\n\n\n\n<div class=\"wp-block-buttons is-layout-flex wp-block-buttons-is-layout-flex\">\n<div class=\"wp-block-button\"><a class=\"wp-block-button__link has-black-background-color has-background wp-element-button\" href=\"https:\/\/www.superawesome.com\/de\/post-pebbles-case-study-de\/\">LIES JETZT<\/a><\/div>\n<\/div>\n<\/div>\n\n\n\n<div class=\"wp-block-column is-layout-flow wp-block-column-is-layout-flow\">\n<figure class=\"wp-block-image size-full\"><img loading=\"lazy\" decoding=\"async\" width=\"600\" height=\"451\" src=\"https:\/\/www.superawesome.com\/wp-content\/uploads\/2022\/08\/SA_Web_CaseStudies-07.png\" alt=\"\" class=\"wp-image-14703\" srcset=\"https:\/\/www.superawesome.com\/wp-content\/uploads\/2022\/08\/SA_Web_CaseStudies-07.png 600w, https:\/\/www.superawesome.com\/wp-content\/uploads\/2022\/08\/SA_Web_CaseStudies-07-300x226.png 300w\" sizes=\"auto, (max-width: 600px) 100vw, 600px\" \/><\/figure>\n\n\n\n<h3 class=\"wp-block-heading\">Wie eine der Top-Unterhaltungsmarken f\u00fcr Kinder, Nickelodeon, mit AwesomeAds und Kids Social Video die Zuschauerzahlen und das Interesse an ihren Sendungen steigern konnte.<\/h3>\n\n\n\n<p>Der Kids-TV-Sender brauchte einen spezialisierten Partner, der ihn dabei unterst\u00fctzt, junge Zuschauer zu begeistern und gleichzeitig die Sicherheit der Marke und die Einhaltung der gesetzlichen Vorschriften zu gew\u00e4hrleisten.<\/p>\n\n\n\n<div class=\"wp-block-buttons is-layout-flex wp-block-buttons-is-layout-flex\">\n<div class=\"wp-block-button\"><a class=\"wp-block-button__link has-black-background-color has-background wp-element-button\" href=\"https:\/\/www.superawesome.com\/de\/nickelodeon-case-study-de\/\">LIES JETZT<\/a><\/div>\n<\/div>\n<\/div>\n<\/div>\n","protected":false},"excerpt":{"rendered":"<p>SuperAwesome Fallstudien Erfahren Sie, wie wir Kunden dabei helfen, ihre jugendliche Zielgruppe im gesamten digitalen \u00d6kosystem sicher zu erreichen und mit ihr in Kontakt zu treten. PAW Patrol: Sicheres und skalierbares Engagement bei Vorschulkindern mit Nickelodeon Wie Nickelodeon gemeinsam mit SuperAwesome eine wirkungsstarke, kindersichere Kampagne zum Start eines ihrer gr\u00f6\u00dften On-Air-Premieren umsetzte Wie Mondelez f\u00fcr [&hellip;]<\/p>\n","protected":false},"author":91,"featured_media":0,"parent":0,"menu_order":0,"comment_status":"closed","ping_status":"closed","template":"","meta":{"_acf_changed":false,"content-type":"","_monsterinsights_skip_tracking":false,"_monsterinsights_sitenote_active":false,"_monsterinsights_sitenote_note":"","_monsterinsights_sitenote_category":0,"footnotes":""},"class_list":["post-15485","page","type-page","status-publish","hentry"],"acf":{"spotify_url":"","amazon_music_url":"","sound_cloud_url":""},"yoast_head":"<!-- This site is optimized with the Yoast SEO plugin v27.4 - https:\/\/yoast.com\/product\/yoast-seo-wordpress\/ -->\n<title>Case Studies - SuperAwesome<\/title>\n<meta name=\"robots\" content=\"index, follow, max-snippet:-1, max-image-preview:large, max-video-preview:-1\" \/>\n<link rel=\"canonical\" href=\"https:\/\/www.superawesome.com\/de\/case-studies\/\" \/>\n<meta property=\"og:locale\" content=\"de_DE\" \/>\n<meta property=\"og:type\" content=\"article\" \/>\n<meta property=\"og:title\" content=\"Case Studies - SuperAwesome\" \/>\n<meta property=\"og:description\" content=\"SuperAwesome Fallstudien Erfahren Sie, wie wir Kunden dabei helfen, ihre jugendliche Zielgruppe im gesamten digitalen \u00d6kosystem sicher zu erreichen und mit ihr in Kontakt zu treten. PAW Patrol: Sicheres und skalierbares Engagement bei Vorschulkindern mit Nickelodeon Wie Nickelodeon gemeinsam mit SuperAwesome eine wirkungsstarke, kindersichere Kampagne zum Start eines ihrer gr\u00f6\u00dften On-Air-Premieren umsetzte Wie Mondelez f\u00fcr [&hellip;]\" \/>\n<meta property=\"og:url\" content=\"https:\/\/www.superawesome.com\/de\/case-studies\/\" \/>\n<meta property=\"og:site_name\" content=\"SuperAwesome\" \/>\n<meta property=\"article:modified_time\" content=\"2025-07-29T15:05:14+00:00\" \/>\n<meta property=\"og:image\" content=\"https:\/\/www.superawesome.com\/wp-content\/uploads\/2025\/06\/nickelodeon-image.png\" \/>\n\t<meta property=\"og:image:width\" content=\"1591\" \/>\n\t<meta property=\"og:image:height\" content=\"1200\" \/>\n\t<meta property=\"og:image:type\" content=\"image\/png\" \/>\n<meta name=\"twitter:card\" content=\"summary_large_image\" \/>\n<meta name=\"twitter:site\" content=\"@GoSuperAwesome\" \/>\n<meta name=\"twitter:label1\" content=\"Gesch\u00e4tzte Lesezeit\" \/>\n\t<meta name=\"twitter:data1\" content=\"3 Minuten\" \/>\n<script type=\"application\/ld+json\" class=\"yoast-schema-graph\">{\"@context\":\"https:\\\/\\\/schema.org\",\"@graph\":[{\"@type\":\"WebPage\",\"@id\":\"https:\\\/\\\/www.superawesome.com\\\/de\\\/case-studies\\\/\",\"url\":\"https:\\\/\\\/www.superawesome.com\\\/de\\\/case-studies\\\/\",\"name\":\"Case Studies - SuperAwesome\",\"isPartOf\":{\"@id\":\"https:\\\/\\\/www.superawesome.com\\\/#website\"},\"primaryImageOfPage\":{\"@id\":\"https:\\\/\\\/www.superawesome.com\\\/de\\\/case-studies\\\/#primaryimage\"},\"image\":{\"@id\":\"https:\\\/\\\/www.superawesome.com\\\/de\\\/case-studies\\\/#primaryimage\"},\"thumbnailUrl\":\"https:\\\/\\\/www.superawesome.com\\\/wp-content\\\/uploads\\\/2025\\\/06\\\/nickelodeon-image.png\",\"datePublished\":\"2021-05-17T14:59:18+00:00\",\"dateModified\":\"2025-07-29T15:05:14+00:00\",\"breadcrumb\":{\"@id\":\"https:\\\/\\\/www.superawesome.com\\\/de\\\/case-studies\\\/#breadcrumb\"},\"inLanguage\":\"de-DE\",\"potentialAction\":[{\"@type\":\"ReadAction\",\"target\":[\"https:\\\/\\\/www.superawesome.com\\\/de\\\/case-studies\\\/\"]}]},{\"@type\":\"ImageObject\",\"inLanguage\":\"de-DE\",\"@id\":\"https:\\\/\\\/www.superawesome.com\\\/de\\\/case-studies\\\/#primaryimage\",\"url\":\"https:\\\/\\\/www.superawesome.com\\\/wp-content\\\/uploads\\\/2025\\\/06\\\/nickelodeon-image.png\",\"contentUrl\":\"https:\\\/\\\/www.superawesome.com\\\/wp-content\\\/uploads\\\/2025\\\/06\\\/nickelodeon-image.png\"},{\"@type\":\"BreadcrumbList\",\"@id\":\"https:\\\/\\\/www.superawesome.com\\\/de\\\/case-studies\\\/#breadcrumb\",\"itemListElement\":[{\"@type\":\"ListItem\",\"position\":1,\"name\":\"Home\",\"item\":\"https:\\\/\\\/www.superawesome.com\\\/\"},{\"@type\":\"ListItem\",\"position\":2,\"name\":\"Case Studies\"}]},{\"@type\":\"WebSite\",\"@id\":\"https:\\\/\\\/www.superawesome.com\\\/#website\",\"url\":\"https:\\\/\\\/www.superawesome.com\\\/\",\"name\":\"SuperAwesome\",\"description\":\"Powering a better internet for the next generation\",\"publisher\":{\"@id\":\"https:\\\/\\\/www.superawesome.com\\\/#organization\"},\"potentialAction\":[{\"@type\":\"SearchAction\",\"target\":{\"@type\":\"EntryPoint\",\"urlTemplate\":\"https:\\\/\\\/www.superawesome.com\\\/?s={search_term_string}\"},\"query-input\":{\"@type\":\"PropertyValueSpecification\",\"valueRequired\":true,\"valueName\":\"search_term_string\"}}],\"inLanguage\":\"de-DE\"},{\"@type\":\"Organization\",\"@id\":\"https:\\\/\\\/www.superawesome.com\\\/#organization\",\"name\":\"SuperAwesome\",\"url\":\"https:\\\/\\\/www.superawesome.com\\\/\",\"logo\":{\"@type\":\"ImageObject\",\"inLanguage\":\"de-DE\",\"@id\":\"https:\\\/\\\/www.superawesome.com\\\/#\\\/schema\\\/logo\\\/image\\\/\",\"url\":\"https:\\\/\\\/www.superawesome.com\\\/wp-content\\\/uploads\\\/2022\\\/08\\\/SA_Logo_Main.png\",\"contentUrl\":\"https:\\\/\\\/www.superawesome.com\\\/wp-content\\\/uploads\\\/2022\\\/08\\\/SA_Logo_Main.png\",\"width\":400,\"height\":171,\"caption\":\"SuperAwesome\"},\"image\":{\"@id\":\"https:\\\/\\\/www.superawesome.com\\\/#\\\/schema\\\/logo\\\/image\\\/\"},\"sameAs\":[\"https:\\\/\\\/x.com\\\/GoSuperAwesome\"]}]}<\/script>\n<!-- \/ Yoast SEO plugin. -->","yoast_head_json":{"title":"Case Studies - SuperAwesome","robots":{"index":"index","follow":"follow","max-snippet":"max-snippet:-1","max-image-preview":"max-image-preview:large","max-video-preview":"max-video-preview:-1"},"canonical":"https:\/\/www.superawesome.com\/de\/case-studies\/","og_locale":"de_DE","og_type":"article","og_title":"Case Studies - SuperAwesome","og_description":"SuperAwesome Fallstudien Erfahren Sie, wie wir Kunden dabei helfen, ihre jugendliche Zielgruppe im gesamten digitalen \u00d6kosystem sicher zu erreichen und mit ihr in Kontakt zu treten. PAW Patrol: Sicheres und skalierbares Engagement bei Vorschulkindern mit Nickelodeon Wie Nickelodeon gemeinsam mit SuperAwesome eine wirkungsstarke, kindersichere Kampagne zum Start eines ihrer gr\u00f6\u00dften On-Air-Premieren umsetzte Wie Mondelez f\u00fcr [&hellip;]","og_url":"https:\/\/www.superawesome.com\/de\/case-studies\/","og_site_name":"SuperAwesome","article_modified_time":"2025-07-29T15:05:14+00:00","og_image":[{"width":1591,"height":1200,"url":"https:\/\/www.superawesome.com\/wp-content\/uploads\/2025\/06\/nickelodeon-image.png","type":"image\/png"}],"twitter_card":"summary_large_image","twitter_site":"@GoSuperAwesome","twitter_misc":{"Gesch\u00e4tzte Lesezeit":"3 Minuten"},"schema":{"@context":"https:\/\/schema.org","@graph":[{"@type":"WebPage","@id":"https:\/\/www.superawesome.com\/de\/case-studies\/","url":"https:\/\/www.superawesome.com\/de\/case-studies\/","name":"Case Studies - SuperAwesome","isPartOf":{"@id":"https:\/\/www.superawesome.com\/#website"},"primaryImageOfPage":{"@id":"https:\/\/www.superawesome.com\/de\/case-studies\/#primaryimage"},"image":{"@id":"https:\/\/www.superawesome.com\/de\/case-studies\/#primaryimage"},"thumbnailUrl":"https:\/\/www.superawesome.com\/wp-content\/uploads\/2025\/06\/nickelodeon-image.png","datePublished":"2021-05-17T14:59:18+00:00","dateModified":"2025-07-29T15:05:14+00:00","breadcrumb":{"@id":"https:\/\/www.superawesome.com\/de\/case-studies\/#breadcrumb"},"inLanguage":"de-DE","potentialAction":[{"@type":"ReadAction","target":["https:\/\/www.superawesome.com\/de\/case-studies\/"]}]},{"@type":"ImageObject","inLanguage":"de-DE","@id":"https:\/\/www.superawesome.com\/de\/case-studies\/#primaryimage","url":"https:\/\/www.superawesome.com\/wp-content\/uploads\/2025\/06\/nickelodeon-image.png","contentUrl":"https:\/\/www.superawesome.com\/wp-content\/uploads\/2025\/06\/nickelodeon-image.png"},{"@type":"BreadcrumbList","@id":"https:\/\/www.superawesome.com\/de\/case-studies\/#breadcrumb","itemListElement":[{"@type":"ListItem","position":1,"name":"Home","item":"https:\/\/www.superawesome.com\/"},{"@type":"ListItem","position":2,"name":"Case Studies"}]},{"@type":"WebSite","@id":"https:\/\/www.superawesome.com\/#website","url":"https:\/\/www.superawesome.com\/","name":"SuperAwesome","description":"Powering a better internet for the next generation","publisher":{"@id":"https:\/\/www.superawesome.com\/#organization"},"potentialAction":[{"@type":"SearchAction","target":{"@type":"EntryPoint","urlTemplate":"https:\/\/www.superawesome.com\/?s={search_term_string}"},"query-input":{"@type":"PropertyValueSpecification","valueRequired":true,"valueName":"search_term_string"}}],"inLanguage":"de-DE"},{"@type":"Organization","@id":"https:\/\/www.superawesome.com\/#organization","name":"SuperAwesome","url":"https:\/\/www.superawesome.com\/","logo":{"@type":"ImageObject","inLanguage":"de-DE","@id":"https:\/\/www.superawesome.com\/#\/schema\/logo\/image\/","url":"https:\/\/www.superawesome.com\/wp-content\/uploads\/2022\/08\/SA_Logo_Main.png","contentUrl":"https:\/\/www.superawesome.com\/wp-content\/uploads\/2022\/08\/SA_Logo_Main.png","width":400,"height":171,"caption":"SuperAwesome"},"image":{"@id":"https:\/\/www.superawesome.com\/#\/schema\/logo\/image\/"},"sameAs":["https:\/\/x.com\/GoSuperAwesome"]}]}},"_links":{"self":[{"href":"https:\/\/www.superawesome.com\/de\/wp-json\/wp\/v2\/pages\/15485","targetHints":{"allow":["GET"]}}],"collection":[{"href":"https:\/\/www.superawesome.com\/de\/wp-json\/wp\/v2\/pages"}],"about":[{"href":"https:\/\/www.superawesome.com\/de\/wp-json\/wp\/v2\/types\/page"}],"author":[{"embeddable":true,"href":"https:\/\/www.superawesome.com\/de\/wp-json\/wp\/v2\/users\/91"}],"replies":[{"embeddable":true,"href":"https:\/\/www.superawesome.com\/de\/wp-json\/wp\/v2\/comments?post=15485"}],"version-history":[{"count":0,"href":"https:\/\/www.superawesome.com\/de\/wp-json\/wp\/v2\/pages\/15485\/revisions"}],"wp:attachment":[{"href":"https:\/\/www.superawesome.com\/de\/wp-json\/wp\/v2\/media?parent=15485"}],"curies":[{"name":"wp","href":"https:\/\/api.w.org\/{rel}","templated":true}]}}