{"id":15480,"date":"2020-07-13T17:10:38","date_gmt":"2020-07-13T17:10:38","guid":{"rendered":"https:\/\/www.superawesome.com\/?page_id=15480"},"modified":"2022-09-30T11:58:19","modified_gmt":"2022-09-30T11:58:19","slug":"jeder-ist-jetzt-eine-kinder-und-familienmarke","status":"publish","type":"page","link":"https:\/\/www.superawesome.com\/de\/jeder-ist-jetzt-eine-kinder-und-familienmarke\/","title":{"rendered":"Everyone is a kids and family brand now DE"},"content":{"rendered":"\n\n<\/div> <!-- end .container -->\n\n<section class=\"block-page-hero-landing  \" style=\"background-image: url('https:\/\/www.superawesome.com\/wp-content\/uploads\/2020\/06\/Schoolbackground-scaled.jpg');\">\n  <div class=\"container\">\n    <div class=\"row\">\n      <div class=\"col-md-6\">\n        <div class=\"content\">\n          <h1>Jeder ist jetzt eine Kinder- <strong>und Familienmarke<\/strong> <\/h1>\n\n          <p>Daten, Beobachtungen und Empfehlungen f\u00fcr Unternehmen, die w\u00e4hrend des Lockdowns mit Kindern und Familien interagieren.<\/p>\n        <\/div>\n      <\/div>\n\n      <div class=\"col-md-6\">\n        <form class=\"hero-download-form\">\n          <div class=\"hero-download-form__wrapper enable-collapse-form\">\n            <h3>Heute herunterladen!<\/h3>\n\n                          <!--[if lte IE 8]>\n              <script charset=\"utf-8\" type=\"text\/javascript\" src=\"\/\/js.hsforms.net\/forms\/v2-legacy.js\"><\/script>\n              <![endif]-->\n              <script charset=\"utf-8\" type=\"text\/javascript\" src=\"\/\/js.hsforms.net\/forms\/v2.js\"><\/script>\n            \n                          <script>\n                hbspt.forms.create({\n                  portalId: \"5009836\",\n                  formId: \"f2548cae-97d4-4a8e-9f3e-3de88b690620\"\n                });\n              <\/script>\n            \n                          <div class=\"hero-download-form__expand\">\n                <a href=\"#\" class=\"hero-download-form__expand-btn\">\n                  <span class=\"hero-download-form__expand--down-left\"><\/span>\n                  <span class=\"hero-download-form__expand--down-right\"><\/span>\n                  Next\n                <\/a>\n              <\/div>\n                      <\/div>\n\n          <!-- <div class=\"hero-download-form__input\">\n            <input type=\"email\" placeholder=\"Email *\">\n          <\/div>\n\n          <div class=\"hero-download-form__input\">\n            <input type=\"text\" placeholder=\"First name *\">\n          <\/div>\n\n          <div class=\"hero-download-form__input\">\n            <input type=\"text\" placeholder=\"Last name *\">\n          <\/div>\n\n          <div class=\"hero-download-form__input\">\n            <input type=\"text\" placeholder=\"Company name *\">\n          <\/div>\n\n          <button type=\"submit\" class=\"btn btn-block btn-primary\">Download<\/button> -->\n\n                  <\/form>\n      <\/div>\n    <\/div>\n  <\/div> <!-- end .container -->\n<\/section>\n\n<div class=\"container\">\n\n\n\n\n<section class=\"block-image-content    \" >\n\n  \n  \n  <div class=\"row \">\n    <div class=\"col-md-6 slideinright image-container \">\n                        <\/div>\n\n    <div class=\"col-md-6 slideinleft content-container\">\n      <div class=\"content\">\n        \n        \n        \n\n        \n          \n      <\/div>\n    <\/div>\n  <\/div>\n  \n<\/section>\n\n\n\n\n\n\n<section class=\"block-image-content    \" >\n\n  \n  \n  <div class=\"row \">\n    <div class=\"col-md-6 slideinright image-container \">\n                                              <figure class=\"image\">\n          <img decoding=\"async\" src=\"https:\/\/www.superawesome.com\/wp-content\/uploads\/2020\/07\/092-5.5x8.5-Standing-Paperback-Book-Mockup-COVERVAULT.png\" alt=\"092-5.5x8.5-Standing-Paperback-Book-Mockup-COVERVAULT\">\n        <\/figure>\n                  <\/div>\n\n    <div class=\"col-md-6 slideinleft content-container\">\n      <div class=\"content\">\n                  <h3 class=\"h1\">\u00dcber den Bericht<\/h3>\n        \n        \n        <p>Jeder ist jetzt eine Kinder- und Familienmarke<\/p>\n<p>Fast die H\u00e4lfte der Kinder weltweit ist jetzt zu Hause, wahrscheinlich f\u00fcr die n\u00e4chsten sechs Monate. Dies ist ein kurzfristiges Ph\u00e4nomen, das nachhaltige Folgen haben wird. Jedes konsumentenorientierte Produkt und jede konsumentenorientierte Dienstleistung ist heute ein Kinder- und Familienunternehmen.<\/p>\n<p>Laden Sie diesen bahnbrechenden Bericht herunter, der Ihnen hilft, sich auf diese beispiellose Zeit vorzubereiten.<\/p>\n<p><strong>In dem Bericht untersuchen wir:<\/strong><\/p>\n<ul>\n<li>Globale \u00dcberwachung der durch COVID-19 verursachten Schulschlie\u00dfungen<\/li>\n<li>Neue Forschung \u00fcber die Bildschirmzeit der Kinder<\/li>\n<li>Die beschleunigte Einf\u00fchrung digitaler Dienste<\/li>\n<li>Wie man in dieser Zeit auf Kinder und Familien reagiert<\/li>\n<li>Checkliste zum Engagement<\/li>\n<\/ul>\n\n\n        \n          \n      <\/div>\n    <\/div>\n  <\/div>\n  \n<\/section>\n\n\n\n\n<\/div> <!-- end .container -->\n\n<section class=\"block-text-banner  \" style=\"background-color: #069cd4;\">\n  <div class=\"container\">\n    <h1>Alles hat sich ge\u00e4ndert. Was sollten Sie jetzt tun?<\/h1>\n\n  <\/div> <!-- end .container -->\n<\/section>\n\n<div class=\"container\">\n\n\n\n<p><\/p>\n","protected":false},"excerpt":{"rendered":"","protected":false},"author":91,"featured_media":0,"parent":0,"menu_order":0,"comment_status":"closed","ping_status":"closed","template":"","meta":{"_acf_changed":false,"content-type":"","_monsterinsights_skip_tracking":false,"_monsterinsights_sitenote_active":false,"_monsterinsights_sitenote_note":"","_monsterinsights_sitenote_category":0,"footnotes":""},"class_list":["post-15480","page","type-page","status-publish","hentry"],"acf":{"spotify_url":"","amazon_music_url":"","sound_cloud_url":""},"yoast_head":"<!-- This site is optimized with the Yoast SEO plugin v27.4 - https:\/\/yoast.com\/product\/yoast-seo-wordpress\/ -->\n<title>Jeder ist jetzt eine Kinder- und Familienmarke<\/title>\n<meta name=\"robots\" content=\"index, follow, max-snippet:-1, max-image-preview:large, max-video-preview:-1\" \/>\n<link rel=\"canonical\" href=\"https:\/\/www.superawesome.com\/everyone-is-a-kids-and-family-brand-now-de\/\" \/>\n<meta property=\"og:locale\" content=\"de_DE\" \/>\n<meta property=\"og:type\" content=\"article\" \/>\n<meta property=\"og:title\" content=\"Jeder ist jetzt eine Kinder- und Familienmarke\" \/>\n<meta property=\"og:url\" content=\"https:\/\/www.superawesome.com\/everyone-is-a-kids-and-family-brand-now-de\/\" \/>\n<meta property=\"og:site_name\" content=\"SuperAwesome\" \/>\n<meta property=\"article:modified_time\" content=\"2022-09-30T11:58:19+00:00\" \/>\n<meta property=\"og:image\" content=\"https:\/\/www.superawesome.com\/wp-content\/uploads\/2024\/02\/SA_Thumbnail_noepic.png\" \/>\n\t<meta property=\"og:image:width\" content=\"1920\" \/>\n\t<meta property=\"og:image:height\" content=\"1080\" \/>\n\t<meta property=\"og:image:type\" content=\"image\/png\" \/>\n<meta name=\"twitter:card\" content=\"summary_large_image\" \/>\n<meta name=\"twitter:site\" content=\"@GoSuperAwesome\" \/>\n<script type=\"application\/ld+json\" class=\"yoast-schema-graph\">{\"@context\":\"https:\\\/\\\/schema.org\",\"@graph\":[{\"@type\":\"WebPage\",\"@id\":\"https:\\\/\\\/www.superawesome.com\\\/everyone-is-a-kids-and-family-brand-now-de\\\/\",\"url\":\"https:\\\/\\\/www.superawesome.com\\\/everyone-is-a-kids-and-family-brand-now-de\\\/\",\"name\":\"Jeder ist jetzt eine Kinder- und Familienmarke\",\"isPartOf\":{\"@id\":\"https:\\\/\\\/www.superawesome.com\\\/#website\"},\"datePublished\":\"2020-07-13T17:10:38+00:00\",\"dateModified\":\"2022-09-30T11:58:19+00:00\",\"breadcrumb\":{\"@id\":\"https:\\\/\\\/www.superawesome.com\\\/everyone-is-a-kids-and-family-brand-now-de\\\/#breadcrumb\"},\"inLanguage\":\"de-DE\",\"potentialAction\":[{\"@type\":\"ReadAction\",\"target\":[\"https:\\\/\\\/www.superawesome.com\\\/everyone-is-a-kids-and-family-brand-now-de\\\/\"]}]},{\"@type\":\"BreadcrumbList\",\"@id\":\"https:\\\/\\\/www.superawesome.com\\\/everyone-is-a-kids-and-family-brand-now-de\\\/#breadcrumb\",\"itemListElement\":[{\"@type\":\"ListItem\",\"position\":1,\"name\":\"Home\",\"item\":\"https:\\\/\\\/www.superawesome.com\\\/\"},{\"@type\":\"ListItem\",\"position\":2,\"name\":\"Everyone is a kids and family brand now DE\"}]},{\"@type\":\"WebSite\",\"@id\":\"https:\\\/\\\/www.superawesome.com\\\/#website\",\"url\":\"https:\\\/\\\/www.superawesome.com\\\/\",\"name\":\"SuperAwesome\",\"description\":\"Powering a better internet for the next generation\",\"publisher\":{\"@id\":\"https:\\\/\\\/www.superawesome.com\\\/#organization\"},\"potentialAction\":[{\"@type\":\"SearchAction\",\"target\":{\"@type\":\"EntryPoint\",\"urlTemplate\":\"https:\\\/\\\/www.superawesome.com\\\/?s={search_term_string}\"},\"query-input\":{\"@type\":\"PropertyValueSpecification\",\"valueRequired\":true,\"valueName\":\"search_term_string\"}}],\"inLanguage\":\"de-DE\"},{\"@type\":\"Organization\",\"@id\":\"https:\\\/\\\/www.superawesome.com\\\/#organization\",\"name\":\"SuperAwesome\",\"url\":\"https:\\\/\\\/www.superawesome.com\\\/\",\"logo\":{\"@type\":\"ImageObject\",\"inLanguage\":\"de-DE\",\"@id\":\"https:\\\/\\\/www.superawesome.com\\\/#\\\/schema\\\/logo\\\/image\\\/\",\"url\":\"https:\\\/\\\/www.superawesome.com\\\/wp-content\\\/uploads\\\/2022\\\/08\\\/SA_Logo_Main.png\",\"contentUrl\":\"https:\\\/\\\/www.superawesome.com\\\/wp-content\\\/uploads\\\/2022\\\/08\\\/SA_Logo_Main.png\",\"width\":400,\"height\":171,\"caption\":\"SuperAwesome\"},\"image\":{\"@id\":\"https:\\\/\\\/www.superawesome.com\\\/#\\\/schema\\\/logo\\\/image\\\/\"},\"sameAs\":[\"https:\\\/\\\/x.com\\\/GoSuperAwesome\"]}]}<\/script>\n<!-- \/ Yoast SEO plugin. -->","yoast_head_json":{"title":"Jeder ist jetzt eine Kinder- und Familienmarke","robots":{"index":"index","follow":"follow","max-snippet":"max-snippet:-1","max-image-preview":"max-image-preview:large","max-video-preview":"max-video-preview:-1"},"canonical":"https:\/\/www.superawesome.com\/everyone-is-a-kids-and-family-brand-now-de\/","og_locale":"de_DE","og_type":"article","og_title":"Jeder ist jetzt eine Kinder- und Familienmarke","og_url":"https:\/\/www.superawesome.com\/everyone-is-a-kids-and-family-brand-now-de\/","og_site_name":"SuperAwesome","article_modified_time":"2022-09-30T11:58:19+00:00","og_image":[{"width":1920,"height":1080,"url":"https:\/\/www.superawesome.com\/wp-content\/uploads\/2024\/02\/SA_Thumbnail_noepic.png","type":"image\/png"}],"twitter_card":"summary_large_image","twitter_site":"@GoSuperAwesome","schema":{"@context":"https:\/\/schema.org","@graph":[{"@type":"WebPage","@id":"https:\/\/www.superawesome.com\/everyone-is-a-kids-and-family-brand-now-de\/","url":"https:\/\/www.superawesome.com\/everyone-is-a-kids-and-family-brand-now-de\/","name":"Jeder ist jetzt eine Kinder- und Familienmarke","isPartOf":{"@id":"https:\/\/www.superawesome.com\/#website"},"datePublished":"2020-07-13T17:10:38+00:00","dateModified":"2022-09-30T11:58:19+00:00","breadcrumb":{"@id":"https:\/\/www.superawesome.com\/everyone-is-a-kids-and-family-brand-now-de\/#breadcrumb"},"inLanguage":"de-DE","potentialAction":[{"@type":"ReadAction","target":["https:\/\/www.superawesome.com\/everyone-is-a-kids-and-family-brand-now-de\/"]}]},{"@type":"BreadcrumbList","@id":"https:\/\/www.superawesome.com\/everyone-is-a-kids-and-family-brand-now-de\/#breadcrumb","itemListElement":[{"@type":"ListItem","position":1,"name":"Home","item":"https:\/\/www.superawesome.com\/"},{"@type":"ListItem","position":2,"name":"Everyone is a kids and family brand now DE"}]},{"@type":"WebSite","@id":"https:\/\/www.superawesome.com\/#website","url":"https:\/\/www.superawesome.com\/","name":"SuperAwesome","description":"Powering a better internet for the next generation","publisher":{"@id":"https:\/\/www.superawesome.com\/#organization"},"potentialAction":[{"@type":"SearchAction","target":{"@type":"EntryPoint","urlTemplate":"https:\/\/www.superawesome.com\/?s={search_term_string}"},"query-input":{"@type":"PropertyValueSpecification","valueRequired":true,"valueName":"search_term_string"}}],"inLanguage":"de-DE"},{"@type":"Organization","@id":"https:\/\/www.superawesome.com\/#organization","name":"SuperAwesome","url":"https:\/\/www.superawesome.com\/","logo":{"@type":"ImageObject","inLanguage":"de-DE","@id":"https:\/\/www.superawesome.com\/#\/schema\/logo\/image\/","url":"https:\/\/www.superawesome.com\/wp-content\/uploads\/2022\/08\/SA_Logo_Main.png","contentUrl":"https:\/\/www.superawesome.com\/wp-content\/uploads\/2022\/08\/SA_Logo_Main.png","width":400,"height":171,"caption":"SuperAwesome"},"image":{"@id":"https:\/\/www.superawesome.com\/#\/schema\/logo\/image\/"},"sameAs":["https:\/\/x.com\/GoSuperAwesome"]}]}},"_links":{"self":[{"href":"https:\/\/www.superawesome.com\/de\/wp-json\/wp\/v2\/pages\/15480","targetHints":{"allow":["GET"]}}],"collection":[{"href":"https:\/\/www.superawesome.com\/de\/wp-json\/wp\/v2\/pages"}],"about":[{"href":"https:\/\/www.superawesome.com\/de\/wp-json\/wp\/v2\/types\/page"}],"author":[{"embeddable":true,"href":"https:\/\/www.superawesome.com\/de\/wp-json\/wp\/v2\/users\/91"}],"replies":[{"embeddable":true,"href":"https:\/\/www.superawesome.com\/de\/wp-json\/wp\/v2\/comments?post=15480"}],"version-history":[{"count":0,"href":"https:\/\/www.superawesome.com\/de\/wp-json\/wp\/v2\/pages\/15480\/revisions"}],"wp:attachment":[{"href":"https:\/\/www.superawesome.com\/de\/wp-json\/wp\/v2\/media?parent=15480"}],"curies":[{"name":"wp","href":"https:\/\/api.w.org\/{rel}","templated":true}]}}