{"id":15479,"date":"2020-09-03T07:57:40","date_gmt":"2020-09-03T07:57:40","guid":{"rendered":"https:\/\/www.superawesome.com\/?page_id=15479"},"modified":"2022-09-30T11:55:30","modified_gmt":"2022-09-30T11:55:30","slug":"wie-die-generation-c-die-weihnachtssaison-fuer-die-ganze-familie-beeinflusst","status":"publish","type":"page","link":"https:\/\/www.superawesome.com\/de\/wie-die-generation-c-die-weihnachtssaison-fuer-die-ganze-familie-beeinflusst\/","title":{"rendered":"Wie die Generation C die Weihnachtssaison f\u00fcr die ganze Familie beeinflusst"},"content":{"rendered":"\n<div style=\"height:5px\" aria-hidden=\"true\" class=\"wp-block-spacer\"><\/div>\n\n\n\n<a name=\"DEholidayform\"><\/a>\n\n\n\n\n<\/div> <!-- end .container -->\n\n<section class=\"block-page-hero-landing  \" style=\"background-image: url('https:\/\/www.superawesome.com\/wp-content\/uploads\/2020\/11\/27_teen-girls-mobile-1-scaled.jpg');\">\n  <div class=\"container\">\n    <div class=\"row\">\n      <div class=\"col-md-6\">\n        <div class=\"content\">\n          <h1>Wie die Generation C die Weihnachtssaison f\u00fcr die ganze Familie beeinflusst<\/h1>\n\n          <p>Einblicke f\u00fcr Unternehmen w\u00e4hrend der Weihnachtszeit 2020 <\/p>\n        <\/div>\n      <\/div>\n\n      <div class=\"col-md-6\">\n        <form class=\"hero-download-form\">\n          <div class=\"hero-download-form__wrapper enable-collapse-form\">\n            <h3>Jetzt herunterladen!<\/h3>\n\n                          <!--[if lte IE 8]>\n              <script charset=\"utf-8\" type=\"text\/javascript\" src=\"\/\/js.hsforms.net\/forms\/v2-legacy.js\"><\/script>\n              <![endif]-->\n              <script charset=\"utf-8\" type=\"text\/javascript\" src=\"\/\/js.hsforms.net\/forms\/v2.js\"><\/script>\n            \n                          <script>\n                hbspt.forms.create({\n                  portalId: \"5009836\",\n                  formId: \"ed1e1688-954a-4b00-a0a9-6c1acd6e001a\"\n                });\n              <\/script>\n            \n                          <div class=\"hero-download-form__expand\">\n                <a href=\"#\" class=\"hero-download-form__expand-btn\">\n                  <span class=\"hero-download-form__expand--down-left\"><\/span>\n                  <span class=\"hero-download-form__expand--down-right\"><\/span>\n                  Next\n                <\/a>\n              <\/div>\n                      <\/div>\n\n          <!-- <div class=\"hero-download-form__input\">\n            <input type=\"email\" placeholder=\"Email *\">\n          <\/div>\n\n          <div class=\"hero-download-form__input\">\n            <input type=\"text\" placeholder=\"First name *\">\n          <\/div>\n\n          <div class=\"hero-download-form__input\">\n            <input type=\"text\" placeholder=\"Last name *\">\n          <\/div>\n\n          <div class=\"hero-download-form__input\">\n            <input type=\"text\" placeholder=\"Company name *\">\n          <\/div>\n\n          <button type=\"submit\" class=\"btn btn-block btn-primary\">Download<\/button> -->\n\n                  <\/form>\n      <\/div>\n    <\/div>\n  <\/div> <!-- end .container -->\n<\/section>\n\n<div class=\"container\">\n\n\n\n\n<section class=\"block-image-content    \" >\n\n  \n  \n  <div class=\"row \">\n    <div class=\"col-md-6 slideinright image-container \">\n                                              <figure class=\"image\">\n          <img decoding=\"async\" src=\"https:\/\/www.superawesome.com\/wp-content\/uploads\/2020\/09\/genc_holiday_de_720.png\" alt=\"genc_holiday_de_720\">\n        <\/figure>\n                  <\/div>\n\n    <div class=\"col-md-6 slideinleft content-container\">\n      <div class=\"content\">\n                  <h3 class=\"h1\">Covid-19 hat die Kinder zu den Entscheidungstr\u00e4gern der Familie f\u00fcr die Weihnachtssaison gemacht <\/h3>\n        \n        \n        <p><span style=\"font-weight: 400;\">Covid-19 hat die Kinder zu den Entscheidungstr\u00e4gern der Familie f\u00fcr die Weihnachtssaison gemacht\u00a0<\/span><\/p>\n<p><span style=\"font-weight: 400;\">Inmitten der diesj\u00e4hrigen Unsicherheiten ist dies klar: Generation C hat das Sagen\u00a0<\/span><\/p>\n<p><strong>In dem Bericht lernen Sie:<\/strong><\/p>\n<ul>\n<li style=\"font-weight: 400;\"><span style=\"font-weight: 400;\">Wie durch die \u201cGeschenk-Vorbereitung\u201d die Weihnachtssaison l\u00e4nger als in den Vorjahren wird<\/span><\/li>\n<li style=\"font-weight: 400;\"><span style=\"font-weight: 400;\">Wie Familien ihr Festtagsverhalten anpassen, um den Reisemangel auszugleichen<\/span><\/li>\n<li style=\"font-weight: 400;\"><span style=\"font-weight: 400;\">Die zunehmende Bedeutung von digitalen Wunschlisten f\u00fcr den Kauf von Weihnachtsgeschenken\u00a0<\/span><\/li>\n<li style=\"font-weight: 400;\"><span style=\"font-weight: 400;\">Das Wachstum des Metaversums als Spielplatz und Entdeckungsplattform<\/span><\/li>\n<\/ul>\n<p><span style=\"font-weight: 400;\">Laden Sie unseren neuesten Bericht herunter, um handlungsf\u00e4hige Einblicke in die bevorstehende l\u00e4ngste und gr\u00f6\u00dfte Ferienzeit zu erhalten.<\/span><\/p>\n\n\n        \n          \n      <\/div>\n    <\/div>\n  <\/div>\n  \n<\/section>\n\n\n\n\n  <\/div> <!-- end .container -->\n\n<section class=\"block-feature-columns has-bg  \" style=\"background-color: #F3F3F3;\">\n      <div class=\"container\">\n  \n  <h2 class=\"h1\">Ausgew\u00e4hlte Ergebnisse<\/h2>\n\n  \n      \n              \n    <div class=\"row\">\n              <div class=\"col-sm-6 col-md-4\">\n          <article>\n            <img decoding=\"async\" src=\"https:\/\/www.superawesome.com\/wp-content\/uploads\/2020\/08\/02_venture_capital_512.png\" alt=\"02_venture_capital_512\">\n\n            <h4 class=\"h5\">Der Weihnachtseinkauf hat bereits begonnen<\/h4>\n\n            <p>83% der Eltern werden bis Ende Oktober mit dem Kauf von Geschenken begonnen haben. <i>Finden Sie heraus, wo Eltern einkaufen werden und wie Ihre Marke die Fr\u00fchk\u00e4ufer wirksam einsetzen kann.<\/i><\/p>\n          <\/article>\n        <\/div>\n              <div class=\"col-sm-6 col-md-4\">\n          <article>\n            <img decoding=\"async\" src=\"https:\/\/www.superawesome.com\/wp-content\/uploads\/2020\/08\/03_digital_tablet_512.png\" alt=\"03_digital_tablet_512\">\n\n            <h4 class=\"h5\">Die Wunschlisten der Kinder sind digital geworden<\/h4>\n\n            <p>47% der Kinder w\u00fcnschen sich ein gro\u00dfes Geschenk, w\u00e4hrend 53% sich viele kleine Geschenke w\u00fcnschen. <i>Finden Sie heraus, was in dieser Feriensaison ganz oben auf der Wunschliste der Kinder steht.<\/i><\/p>\n          <\/article>\n        <\/div>\n              <div class=\"col-sm-6 col-md-4\">\n          <article>\n            <img decoding=\"async\" src=\"https:\/\/www.superawesome.com\/wp-content\/uploads\/2020\/08\/07_piggy_bank_512.png\" alt=\"07_piggy_bank_512\">\n\n            <h4 class=\"h5\">Die Weihnachtsausgaben enden nicht mit den Festtagen<\/h4>\n\n            <p>70% der Kinder ziehen es vor, irgendeine Form von Geld als Weihnachtsgeschenk zu erhalten. <i>Finden Sie heraus, was Ihre Marke tun muss, um mit diesen wichtigen Entscheidungstr\u00e4gern in Kontakt zu treten und dauerhafte Verbindungen herzustellen.<\/i><\/p>\n          <\/article>\n        <\/div>\n          <\/div>\n  \n      <\/div> <!-- end .container -->\n  <\/section>\n\n  <div class=\"container\">\n\n\n\n<p><\/p>\n\n\n\n<h2 class=\"has-text-align-center wp-block-heading\"><strong>Finden Sie heraus, wie Sie diese Weihnachtssaison optimal nutzen k\u00f6nnen<\/strong><\/h2>\n\n\n\n<div class=\"wp-block-columns is-layout-flex wp-container-core-columns-is-layout-9d6595d7 wp-block-columns-is-layout-flex\">\n<div class=\"wp-block-column is-layout-flow wp-block-column-is-layout-flow\"><\/div>\n\n\n\n<div class=\"wp-block-column is-layout-flow wp-block-column-is-layout-flow\">\n<div class=\"wp-block-buttons is-layout-flex wp-block-buttons-is-layout-flex\">\n<div class=\"wp-block-button\"><a class=\"wp-block-button__link has-primary-background-color has-background\" href=\"#DEholidayform\">Jetzt herunterladen!<\/a><\/div>\n<\/div>\n<\/div>\n\n\n\n<div class=\"wp-block-column is-layout-flow wp-block-column-is-layout-flow\" style=\"flex-basis:22.7%\"><\/div>\n<\/div>\n","protected":false},"excerpt":{"rendered":"<p>Finden Sie heraus, wie Sie diese Weihnachtssaison optimal nutzen k\u00f6nnen<\/p>\n","protected":false},"author":91,"featured_media":0,"parent":0,"menu_order":0,"comment_status":"closed","ping_status":"closed","template":"","meta":{"_acf_changed":false,"content-type":"","_monsterinsights_skip_tracking":false,"_monsterinsights_sitenote_active":false,"_monsterinsights_sitenote_note":"","_monsterinsights_sitenote_category":0,"footnotes":""},"class_list":["post-15479","page","type-page","status-publish","hentry"],"acf":{"spotify_url":"","amazon_music_url":"","sound_cloud_url":""},"yoast_head":"<!-- This site is optimized with the Yoast SEO plugin v26.8 - https:\/\/yoast.com\/product\/yoast-seo-wordpress\/ -->\n<title>Wie die Generation C die Weihnachtssaison f\u00fcr die ganze Familie beeinflusst - SuperAwesome<\/title>\n<meta name=\"description\" content=\"Einblicke und Vorhersagen f\u00fcr Marken f\u00fcr die Weihnachtssaison 2020.\" \/>\n<meta name=\"robots\" content=\"index, follow, max-snippet:-1, max-image-preview:large, max-video-preview:-1\" \/>\n<link rel=\"canonical\" href=\"https:\/\/www.superawesome.com\/holiday-report-de-2020\/\" \/>\n<meta property=\"og:locale\" content=\"de_DE\" \/>\n<meta property=\"og:type\" content=\"article\" \/>\n<meta property=\"og:title\" content=\"Wie die Generation C die Weihnachtssaison f\u00fcr die ganze Familie beeinflusst - SuperAwesome\" \/>\n<meta property=\"og:description\" content=\"Einblicke und Vorhersagen f\u00fcr Marken f\u00fcr die Weihnachtssaison 2020.\" \/>\n<meta property=\"og:url\" content=\"https:\/\/www.superawesome.com\/holiday-report-de-2020\/\" \/>\n<meta property=\"og:site_name\" content=\"SuperAwesome\" \/>\n<meta property=\"article:modified_time\" content=\"2022-09-30T11:55:30+00:00\" \/>\n<meta property=\"og:image\" content=\"https:\/\/www.superawesome.com\/wp-content\/uploads\/2024\/02\/SA_Thumbnail_noepic.png\" \/>\n\t<meta property=\"og:image:width\" content=\"1920\" \/>\n\t<meta property=\"og:image:height\" content=\"1080\" \/>\n\t<meta property=\"og:image:type\" content=\"image\/png\" \/>\n<meta name=\"twitter:card\" content=\"summary_large_image\" \/>\n<meta name=\"twitter:site\" content=\"@GoSuperAwesome\" \/>\n<script type=\"application\/ld+json\" class=\"yoast-schema-graph\">{\"@context\":\"https:\/\/schema.org\",\"@graph\":[{\"@type\":\"WebPage\",\"@id\":\"https:\/\/www.superawesome.com\/holiday-report-de-2020\/\",\"url\":\"https:\/\/www.superawesome.com\/holiday-report-de-2020\/\",\"name\":\"Wie die Generation C die Weihnachtssaison f\u00fcr die ganze Familie beeinflusst - SuperAwesome\",\"isPartOf\":{\"@id\":\"https:\/\/www.superawesome.com\/#website\"},\"datePublished\":\"2020-09-03T07:57:40+00:00\",\"dateModified\":\"2022-09-30T11:55:30+00:00\",\"description\":\"Einblicke und Vorhersagen f\u00fcr Marken f\u00fcr die Weihnachtssaison 2020.\",\"breadcrumb\":{\"@id\":\"https:\/\/www.superawesome.com\/holiday-report-de-2020\/#breadcrumb\"},\"inLanguage\":\"de-DE\",\"potentialAction\":[{\"@type\":\"ReadAction\",\"target\":[\"https:\/\/www.superawesome.com\/holiday-report-de-2020\/\"]}]},{\"@type\":\"BreadcrumbList\",\"@id\":\"https:\/\/www.superawesome.com\/holiday-report-de-2020\/#breadcrumb\",\"itemListElement\":[{\"@type\":\"ListItem\",\"position\":1,\"name\":\"Home\",\"item\":\"https:\/\/www.superawesome.com\/\"},{\"@type\":\"ListItem\",\"position\":2,\"name\":\"Wie die Generation C die Weihnachtssaison f\u00fcr die ganze Familie beeinflusst\"}]},{\"@type\":\"WebSite\",\"@id\":\"https:\/\/www.superawesome.com\/#website\",\"url\":\"https:\/\/www.superawesome.com\/\",\"name\":\"SuperAwesome\",\"description\":\"Powering a better internet for the next generation\",\"publisher\":{\"@id\":\"https:\/\/www.superawesome.com\/#organization\"},\"potentialAction\":[{\"@type\":\"SearchAction\",\"target\":{\"@type\":\"EntryPoint\",\"urlTemplate\":\"https:\/\/www.superawesome.com\/?s={search_term_string}\"},\"query-input\":{\"@type\":\"PropertyValueSpecification\",\"valueRequired\":true,\"valueName\":\"search_term_string\"}}],\"inLanguage\":\"de-DE\"},{\"@type\":\"Organization\",\"@id\":\"https:\/\/www.superawesome.com\/#organization\",\"name\":\"SuperAwesome\",\"url\":\"https:\/\/www.superawesome.com\/\",\"logo\":{\"@type\":\"ImageObject\",\"inLanguage\":\"de-DE\",\"@id\":\"https:\/\/www.superawesome.com\/#\/schema\/logo\/image\/\",\"url\":\"https:\/\/www.superawesome.com\/wp-content\/uploads\/2022\/08\/SA_Logo_Main.png\",\"contentUrl\":\"https:\/\/www.superawesome.com\/wp-content\/uploads\/2022\/08\/SA_Logo_Main.png\",\"width\":400,\"height\":171,\"caption\":\"SuperAwesome\"},\"image\":{\"@id\":\"https:\/\/www.superawesome.com\/#\/schema\/logo\/image\/\"},\"sameAs\":[\"https:\/\/x.com\/GoSuperAwesome\"]}]}<\/script>\n<!-- \/ Yoast SEO plugin. -->","yoast_head_json":{"title":"Wie die Generation C die Weihnachtssaison f\u00fcr die ganze Familie beeinflusst - SuperAwesome","description":"Einblicke und Vorhersagen f\u00fcr Marken f\u00fcr die Weihnachtssaison 2020.","robots":{"index":"index","follow":"follow","max-snippet":"max-snippet:-1","max-image-preview":"max-image-preview:large","max-video-preview":"max-video-preview:-1"},"canonical":"https:\/\/www.superawesome.com\/holiday-report-de-2020\/","og_locale":"de_DE","og_type":"article","og_title":"Wie die Generation C die Weihnachtssaison f\u00fcr die ganze Familie beeinflusst - SuperAwesome","og_description":"Einblicke und Vorhersagen f\u00fcr Marken f\u00fcr die Weihnachtssaison 2020.","og_url":"https:\/\/www.superawesome.com\/holiday-report-de-2020\/","og_site_name":"SuperAwesome","article_modified_time":"2022-09-30T11:55:30+00:00","og_image":[{"width":1920,"height":1080,"url":"https:\/\/www.superawesome.com\/wp-content\/uploads\/2024\/02\/SA_Thumbnail_noepic.png","type":"image\/png"}],"twitter_card":"summary_large_image","twitter_site":"@GoSuperAwesome","schema":{"@context":"https:\/\/schema.org","@graph":[{"@type":"WebPage","@id":"https:\/\/www.superawesome.com\/holiday-report-de-2020\/","url":"https:\/\/www.superawesome.com\/holiday-report-de-2020\/","name":"Wie die Generation C die Weihnachtssaison f\u00fcr die ganze Familie beeinflusst - SuperAwesome","isPartOf":{"@id":"https:\/\/www.superawesome.com\/#website"},"datePublished":"2020-09-03T07:57:40+00:00","dateModified":"2022-09-30T11:55:30+00:00","description":"Einblicke und Vorhersagen f\u00fcr Marken f\u00fcr die Weihnachtssaison 2020.","breadcrumb":{"@id":"https:\/\/www.superawesome.com\/holiday-report-de-2020\/#breadcrumb"},"inLanguage":"de-DE","potentialAction":[{"@type":"ReadAction","target":["https:\/\/www.superawesome.com\/holiday-report-de-2020\/"]}]},{"@type":"BreadcrumbList","@id":"https:\/\/www.superawesome.com\/holiday-report-de-2020\/#breadcrumb","itemListElement":[{"@type":"ListItem","position":1,"name":"Home","item":"https:\/\/www.superawesome.com\/"},{"@type":"ListItem","position":2,"name":"Wie die Generation C die Weihnachtssaison f\u00fcr die ganze Familie beeinflusst"}]},{"@type":"WebSite","@id":"https:\/\/www.superawesome.com\/#website","url":"https:\/\/www.superawesome.com\/","name":"SuperAwesome","description":"Powering a better internet for the next generation","publisher":{"@id":"https:\/\/www.superawesome.com\/#organization"},"potentialAction":[{"@type":"SearchAction","target":{"@type":"EntryPoint","urlTemplate":"https:\/\/www.superawesome.com\/?s={search_term_string}"},"query-input":{"@type":"PropertyValueSpecification","valueRequired":true,"valueName":"search_term_string"}}],"inLanguage":"de-DE"},{"@type":"Organization","@id":"https:\/\/www.superawesome.com\/#organization","name":"SuperAwesome","url":"https:\/\/www.superawesome.com\/","logo":{"@type":"ImageObject","inLanguage":"de-DE","@id":"https:\/\/www.superawesome.com\/#\/schema\/logo\/image\/","url":"https:\/\/www.superawesome.com\/wp-content\/uploads\/2022\/08\/SA_Logo_Main.png","contentUrl":"https:\/\/www.superawesome.com\/wp-content\/uploads\/2022\/08\/SA_Logo_Main.png","width":400,"height":171,"caption":"SuperAwesome"},"image":{"@id":"https:\/\/www.superawesome.com\/#\/schema\/logo\/image\/"},"sameAs":["https:\/\/x.com\/GoSuperAwesome"]}]}},"_links":{"self":[{"href":"https:\/\/www.superawesome.com\/de\/wp-json\/wp\/v2\/pages\/15479","targetHints":{"allow":["GET"]}}],"collection":[{"href":"https:\/\/www.superawesome.com\/de\/wp-json\/wp\/v2\/pages"}],"about":[{"href":"https:\/\/www.superawesome.com\/de\/wp-json\/wp\/v2\/types\/page"}],"author":[{"embeddable":true,"href":"https:\/\/www.superawesome.com\/de\/wp-json\/wp\/v2\/users\/91"}],"replies":[{"embeddable":true,"href":"https:\/\/www.superawesome.com\/de\/wp-json\/wp\/v2\/comments?post=15479"}],"version-history":[{"count":0,"href":"https:\/\/www.superawesome.com\/de\/wp-json\/wp\/v2\/pages\/15479\/revisions"}],"wp:attachment":[{"href":"https:\/\/www.superawesome.com\/de\/wp-json\/wp\/v2\/media?parent=15479"}],"curies":[{"name":"wp","href":"https:\/\/api.w.org\/{rel}","templated":true}]}}