{"id":15470,"date":"2022-09-30T11:30:21","date_gmt":"2022-09-30T11:30:21","guid":{"rendered":"https:\/\/www.superawesome.com\/?page_id=15470"},"modified":"2022-10-05T10:54:30","modified_gmt":"2022-10-05T10:54:30","slug":"wie-deutsche-beautymarken-im-metaversum-gezielt-junge-zielgruppen-ansprechen-konnen","status":"publish","type":"page","link":"https:\/\/www.superawesome.com\/de\/wie-deutsche-beautymarken-im-metaversum-gezielt-junge-zielgruppen-ansprechen-konnen\/","title":{"rendered":"DACH Personal Care Landing Page"},"content":{"rendered":"<\/div><!-- container -->\n\n<section class=\"block-image-content has-parallax block-image-content-full-width block-image-content-inversed inversed-full-width   \">\n\n  <div class=\"container\">\n    <div class=\"row\">\n      <div class=\"col-lg-4 image-content-container slideindown\">\n                              <figure class=\"image image-full-width-container image-as-bg\">\n          <img decoding=\"async\" class=\"style-png\" src=\"https:\/\/www.superawesome.com\/wp-content\/uploads\/2022\/05\/SA_YT_LandingImage2-04-2.png\" alt=\"SA_YT_LandingImage2-04 (2)\">\n        <\/figure>\n            <\/div>\n\n      <div class=\"col-lg-8 slideindown\">\n        <div class=\"content\">\n                      <h3 class=\"h1\">Wie deutsche Beautymarken im Metaversum gezielt junge Zielgruppen ansprechen k\u00f6nnen<\/h3>\n          \n          \n          \n\n          \n                <a href=\"#contactholiday\" class=\"btn btn-primary \" target=\"_self\">\n      Jetzt Kontakt aufnehmen\n    <\/a>\n  \n        <\/div>\n      <\/div>\n    <\/div>\n  <\/div><!-- container -->\n    <div class=\"image-content-parallax parallax__header\" style=\"background-image: url(https:\/\/www.superawesome.com\/wp-content\/uploads\/2022\/05\/SA_YT_LandingImage2-04-2.png);\"><\/div>\n  <\/section>\n\n<div class=\"container\">\n\n\n\n<section class=\"block-image-content    \" >\n\n  \n  \n  <div class=\"row \">\n    <div class=\"col-md-6 slideinright image-container \">\n                                              <figure class=\"image\">\n          <img decoding=\"async\" src=\"https:\/\/www.superawesome.com\/wp-content\/uploads\/2022\/06\/DACH_PersonalCareLP_Graphics1.png\" alt=\"DACH_PersonalCareLP_Graphics1\">\n        <\/figure>\n                  <\/div>\n\n    <div class=\"col-md-6 slideinleft content-container\">\n      <div class=\"content\">\n                  <h3 class=\"h1\">Bereiten Sie mit drei Erkenntnissen \u00fcber das Leben junger Leute in Deutschland Ihre Beautymarke f\u00fcr den Aufstieg des Metaversums vor.<\/h3>\n        \n        \n        <p>Videospiele sind im Metaversum eine zentrale Attraktion, doch Kinder und Jugendliche nutzen diesen Raum auch, um sich mit ihren Freunden zu treffen, sie experimentieren mit ihrer Selbstdarstellung mithilfe von pers\u00f6nlichen Avataren und sie lernen Marken kennen.<\/p>\n<p>Um zu verstehen, wie sich das Metaversum entwickelt, m\u00fcssen Beautymarken aufmerksam verfolgen, wie junge Leute sozial vernetzte Gaming-Plattformen nutzen und wie sie das Kaufverhalten von Haushalten beeinflussen.<\/p>\n\n\n        \n          \n      <\/div>\n    <\/div>\n  <\/div>\n  \n<\/section>\n\n\n\n\n\n\n<section class=\"block-cta  \">\n  <h2 class=\"medium\">Laden Sie unseren Bericht zur Erstellung von kinder- und jugendspezifischen Markeninhalten f\u00fcr das Metaversum herunter:<\/h2>\n\n        <a id=\"cta-btn\" href=\"#\" class=\"btn btn-primary\" target=\"_self\">\n      Jetzt herunterladen\n    <\/a>\n  \n\n      <div data-contact-form class=\"contact-form-hubspot\">\n              <!--[if lte IE 8]>\n        <script charset=\"utf-8\" type=\"text\/javascript\" src=\"\/\/js.hsforms.net\/forms\/v2-legacy.js\"><\/script>\n        <![endif]-->\n        <script charset=\"utf-8\" type=\"text\/javascript\" src=\"\/\/js.hsforms.net\/forms\/v2.js\"><\/script>\n      \n      <script>\n        hbspt.forms.create({\n          portalId: \"5009836\",\n          formId: \"af26dd75-1bcc-4ec5-a9e1-e428befb8253\",\n          onFormSubmit: function(){\n            setTimeout(function(){\n              var $thankYou = $('#contact-form-hubspot-thank-you');\n              $thankYou.show();\n              $thankYou.parents().find('.block-cta').first().find('h2').remove();\n            }, 100 );\n          }\n        });\n      <\/script>\n      <div id=\"contact-form-hubspot-thank-you\" class=\"contact-form-hubspot-thank-you\" style=\"display:none\">\n        \n      <\/div>\n    <\/div>\n  \n<\/section>\n\n\n\n\n<\/div><!-- container -->\n\n<section class=\"block-skewed  mb-128  \" style=\"z-index:99;\">\n\n    <div class=\"skewed-content-container\">\n        \n        <div class=\"section-background\" style=\"background-color: #7e1ddb\"><\/div>\n\n        <div class=\"content slideindown\"><h1 style=\"text-align: center;\"><strong>Erfolgreiche Markeninhalte im Metaversum: 3\u00a0Erkenntnisse \u00fcber junge Leute im Metaversum, die Sie bei Ihrer digitalen Vermarktungsstrategie ber\u00fccksichtigen sollten<\/strong><\/h1>\n<\/div>\n\n    <\/div>\n\n<\/section>\n\n<div class=\"container\">\n\n\n\n<section class=\"block-image-content block-image-content-inversed  mb-128 \" >\n\n  \n  \n  <div class=\"row \">\n    <div class=\"col-md-6 slideinright image-container \">\n                                              <figure class=\"image\">\n          <img decoding=\"async\" src=\"https:\/\/www.superawesome.com\/wp-content\/uploads\/2022\/06\/DACH_PersonalCareLP_Graphics2b-e1656415639997.png\" alt=\"DACH_PersonalCareLP_Graphics2b\">\n        <\/figure>\n                  <\/div>\n\n    <div class=\"col-md-6 slideinleft content-container\">\n      <div class=\"content\">\n                  <h3 class=\"h1\">1. 76 % aller Kinder und Jugendlichen (6\u201316 Jahre) in Deutschland, die sich f\u00fcr K\u00f6rperpflege interessieren, w\u00fcrden einem virtuellen Produkt mit einem Markenlogo gegen\u00fcber anderen virtuellen G\u00fctern den Vorrang geben.<\/h3>\n        \n        \n        <p><span style=\"font-weight: 400;\">Junge Zielgruppen sind in ihren Spielen durchaus f\u00fcr Marken aufgeschlossen. Kinder und Jugendliche haben gezeigt, dass sie nicht nur offen daf\u00fcr sind, Markenprodukte zu kaufen, sondern dass es f\u00fcr sie auch eine Rolle spielt, welche Inszenierungen bestimmte Marken w\u00e4hlen.<\/span><\/p>\n<p><b>Kernpunkt:<\/b><span style=\"font-weight: 400;\"> Scheuen Sie sich nicht vor starken Auftritten im Metaversum. Junge Zielgruppen sch\u00e4tzen die Exklusivit\u00e4t, die mit Markenartikeln verbunden wird, und freuen sich \u00fcber Inhalte, die sie mit ihren Freunden teilen und sich dar\u00fcber unterhalten k\u00f6nnen.<\/span><\/p>\n\n\n        \n          \n      <\/div>\n    <\/div>\n  <\/div>\n  \n<\/section>\n\n\n\n\n\n\n<section class=\"block-image-content block-image-content-inversed  mb-128 \" >\n\n  \n  \n  <div class=\"row \">\n    <div class=\"col-md-6 slideinright image-container \">\n                                              <figure class=\"image\">\n          <img decoding=\"async\" src=\"https:\/\/www.superawesome.com\/wp-content\/uploads\/2022\/06\/DACH_PersonalCareLP_Graphics3.png\" alt=\"DACH_PersonalCareLP_Graphics3\">\n        <\/figure>\n                  <\/div>\n\n    <div class=\"col-md-6 slideinleft content-container\">\n      <div class=\"content\">\n                  <h3 class=\"h1\">2. 72 % der jungen Zielgruppen in Deutschland, die sich f\u00fcr K\u00f6rperpflege interessieren, haben im letzten Jahr im Metaversum Gegenst\u00e4nde f\u00fcr ihre Avatare gekauft, beispielsweise Power-ups oder Kleidung.<\/h3>\n        \n        \n        <p><span style=\"font-weight: 400;\">Personalisierungen von Avataren erm\u00f6glichen es Marken, die Bindung zu einem jungen Publikum, das sich selbst ausdr\u00fccken m\u00f6chte, zu verst\u00e4rken. Spielw\u00e4hrung erfreut sich bei deutschen Kindern und Jugendlichen, die sich f\u00fcr K\u00f6rperpflege- und Sch\u00f6nheitsprodukte interessieren, ebenfalls gro\u00dfer Beliebtheit. <\/span><b>Ein Drittel<\/b><span style=\"font-weight: 400;\"> von ihnen gibt an, dass sie Spielw\u00e4hrung erwerben m\u00f6chten, wenn sie mehr Geld haben. Diese Art der Inszenierung ben\u00f6tigt wesentlich weniger Ressourcen als ein ganzes Spiel zu erschaffen und ist daher f\u00fcr Marken eine g\u00fcnstige Option.<\/span><\/p>\n<p><b>Kernpunkt:<\/b><span style=\"font-weight: 400;\"> \u00dcberlegen Sie sich, einzigartige Gegenst\u00e4nde anzubieten, die Spieler nirgendwo sonst erhalten k\u00f6nnen. Die Personalisierung ihrer Avatare ist f\u00fcr das junge Publikum ein sehr interessantes Thema und somit ein guter Ausgangspunkt f\u00fcr Marken von K\u00f6rperpflege- und Sch\u00f6nheitsprodukten, um junge Zielgruppen anzusprechen.<\/span><\/p>\n\n\n        \n          \n      <\/div>\n    <\/div>\n  <\/div>\n  \n<\/section>\n\n\n\n\n\n\n<section class=\"block-image-content block-image-content-inversed  mb-128 \" >\n\n  \n  \n  <div class=\"row \">\n    <div class=\"col-md-6 slideinright image-container \">\n                                              <figure class=\"image\">\n          <img decoding=\"async\" src=\"https:\/\/www.superawesome.com\/wp-content\/uploads\/2022\/06\/DACH_PersonalCareLP_Graphics4.png\" alt=\"DACH_PersonalCareLP_Graphics4\">\n        <\/figure>\n                  <\/div>\n\n    <div class=\"col-md-6 slideinleft content-container\">\n      <div class=\"content\">\n                  <h3 class=\"h1\">3. Die H\u00e4lfte der Kinder und Jugendlichen in Deutschland gibt an, dass ein Unternehmen, das etwas in einem Spiel verschenkt, ihre Aufmerksamkeit erregen w\u00fcrde.<\/h3>\n        \n        \n        <p><span style=\"font-weight: 400;\">Ein kostenloser Gegenstand verleiht dem Spieler nicht nur das Gef\u00fchl, etwas zu besitzen, sondern f\u00f6rdert auch eine Verbindung zwischen dem Spieler und der Marke. Junge Zielgruppen lassen sich gerne mit Marken in Verbindung bringen, die ihnen kostenlose Spielgegenst\u00e4nde geben.<\/span><\/p>\n<p><b>Kernpunkt:<\/b><span style=\"font-weight: 400;\"> Das Verst\u00e4ndnis der emotionalen Ausl\u00f6ser f\u00fcr Markentreue bei einem jugendlichen Publikum ist f\u00fcr signifikante Verbindungen im Metaversum von entscheidender Bedeutung. Bieten Sie Kindern und jungen Teens die Gelegenheit, Ihre Marke im Metaversum mithilfe von Markentreue f\u00f6rdernden Aktionen kennenzulernen, zu erleben und zu besitzen.<\/span><\/p>\n\n\n        \n          \n      <\/div>\n    <\/div>\n  <\/div>\n  \n<\/section>\n\n\n\n\n<\/div><!-- container -->\n<div class=\"container icon-cards-container\">\n<section class=\"block-icon-cards 3 mt-96 mb-64 slideindownnomobile\">\n    <h2>Wussten Sie schon?<\/h2>    \n        <div class=\"cards slideindownnomobile\">\n            <div class=\"card card-hover-state  text-centered\">\n                    <figure class=\"card-icon\" style=\"max-width:190px\">\n                <img decoding=\"async\" class=\"style-\" src=\"https:\/\/www.superawesome.com\/wp-content\/uploads\/2022\/06\/DACH_PersonalCareLP_Graphics6.png\" alt=\"DACH_PersonalCareLP_Graphics6\">\n            <\/figure>\n                            <p class=\"card-text\">der Kinder und Jugendlichen im Alter zwischen 6 und 16 Jahren in Deutschland benutzen zus\u00e4tzlich WhatsApp, w\u00e4hrend sie im Metaversum spielen.<\/p>\n                <\/div>\n            <div class=\"card card-hover-state  text-centered\">\n                    <figure class=\"card-icon\" style=\"max-width:190px\">\n                <img decoding=\"async\" class=\"style-\" src=\"https:\/\/www.superawesome.com\/wp-content\/uploads\/2022\/06\/DACH_PersonalCareLP_Graphics7.png\" alt=\"DACH_PersonalCareLP_Graphics7\">\n            <\/figure>\n                            <p class=\"card-text\">des jungen deutschen Publikums, f\u00fcr das Sch\u00f6nheit und K\u00f6rperpflege ein wichtiges Thema sind, w\u00fcrden mit ihren Freunden \u00fcber ein Unternehmen sprechen oder dessen Website besuchen, wenn die Marke etwas in einem Spiel tun w\u00fcrde, was ihnen gef\u00e4llt.<\/p>\n                <\/div>\n            <div class=\"card card-hover-state  text-centered\">\n                    <figure class=\"card-icon\" style=\"max-width:190px\">\n                <img decoding=\"async\" class=\"style-\" src=\"https:\/\/www.superawesome.com\/wp-content\/uploads\/2022\/06\/DACH_PersonalCareLP_Graphics8.png\" alt=\"DACH_PersonalCareLP_Graphics8\">\n            <\/figure>\n                            <p class=\"card-text\">der an K\u00f6rperpflege- und Sch\u00f6nheitsprodukten interessierten jungen Leute in Deutschland, die im Metaversum spielen, nutzen <strong>gleichzeitig<\/strong> Social Media oder senden ihren Freunden Nachrichten.\r\n<\/p>\n                <\/div>\n        <\/div><!-- .cards -->\n    <\/section>\n<\/div><!-- container -->\n<div class=\"container\">\n\n\n\n<\/div><!-- container -->\n\n<section class=\"block-skewed  mb-96  \" style=\"z-index:99;\">\n\n    <div class=\"skewed-content-container\">\n        \n        <div class=\"section-background\" style=\"background-color: #256eff\"><\/div>\n\n        <div class=\"content slideindown\"><h1 style=\"text-align: center;\"><b>Lassen Sie uns dazu austauschen und erzielen Sie Wettbewerbsvorteile<\/b><\/h1>\n<h2 style=\"text-align: center;\"><\/h2>\n<\/div>\n\n    <\/div>\n\n<\/section>\n\n<div class=\"container\">\n\n<div class=\"wp-block-image\">\n<figure class=\"aligncenter size-large\"><img loading=\"lazy\" decoding=\"async\" width=\"1024\" height=\"536\" src=\"https:\/\/www.superawesome.com\/wp-content\/uploads\/2022\/06\/DACH_PersonalCareLP_Graphics5-1024x536.png\" alt=\"\" class=\"wp-image-14204\" srcset=\"https:\/\/www.superawesome.com\/wp-content\/uploads\/2022\/06\/DACH_PersonalCareLP_Graphics5-1024x536.png 1024w, https:\/\/www.superawesome.com\/wp-content\/uploads\/2022\/06\/DACH_PersonalCareLP_Graphics5-300x157.png 300w, https:\/\/www.superawesome.com\/wp-content\/uploads\/2022\/06\/DACH_PersonalCareLP_Graphics5-768x402.png 768w, https:\/\/www.superawesome.com\/wp-content\/uploads\/2022\/06\/DACH_PersonalCareLP_Graphics5.png 1327w\" sizes=\"auto, (max-width: 1024px) 100vw, 1024px\" \/><\/figure>\n<\/div>\n\n\n<p class=\"has-extra-small-font-size\"><\/p>\n\n\n\n<a name=\"contactholiday\"><\/a>\n\n\n\n<h2 class=\"has-text-align-center wp-block-heading\">Wenden Sie sich noch heute an uns, um individuelle Informationen zu erhalten und damit Ihre zuk\u00fcnftige Wettbewerbsf\u00e4higkeit zu gew\u00e4hrleisten<\/h2>\n\n\n\n\t\t\t\t\t\t<script>\n\t\t\t\t\t\t\twindow.hsFormsOnReady = window.hsFormsOnReady || [];\n\t\t\t\t\t\t\twindow.hsFormsOnReady.push(()=>{\n\t\t\t\t\t\t\t\thbspt.forms.create({\n\t\t\t\t\t\t\t\t\tportalId: 5009836,\n\t\t\t\t\t\t\t\t\tformId: \"ef5eff1f-8609-40e4-a8ae-6f24d3dc24fc\",\n\t\t\t\t\t\t\t\t\ttarget: \"#hbspt-form-1777569712000-2148382376\",\n\t\t\t\t\t\t\t\t\tregion: \"na1\",\n\t\t\t\t\t\t\t\t\t\n\t\t\t\t\t\t\t})});\n\t\t\t\t\t\t<\/script>\n\t\t\t\t\t\t<div class=\"hbspt-form\" id=\"hbspt-form-1777569712000-2148382376\"><\/div>\n\n\n\n<p><em>Alle Daten auf dieser Seite stammen aus einer Umfrage, die von MarketCast im Auftrag von SuperAwesome (30.11.21 &#8211; 16.12.21) in den Vereinigten Staaten (US), Gro\u00dfbritannien (UK), Frankreich (FR) und Deutschland durchgef\u00fchrt wurde (DE) bei Kindern im Alter von 6-16 Jahren.<br>DE Stichprobengr\u00f6\u00dfe: 800 Kinder im Alter von 6-16 Jahren<\/em><\/p>\n\n\n\n<p class=\"has-extra-small-font-size\"><\/p>\n","protected":false},"excerpt":{"rendered":"<p>Wenden Sie sich noch heute an uns, um individuelle Informationen zu erhalten und damit Ihre zuk\u00fcnftige Wettbewerbsf\u00e4higkeit zu gew\u00e4hrleisten Alle Daten auf dieser Seite stammen aus einer Umfrage, die von MarketCast im Auftrag von SuperAwesome (30.11.21 &#8211; 16.12.21) in den Vereinigten Staaten (US), Gro\u00dfbritannien (UK), Frankreich (FR) und Deutschland durchgef\u00fchrt wurde (DE) bei Kindern im [&hellip;]<\/p>\n","protected":false},"author":91,"featured_media":0,"parent":0,"menu_order":0,"comment_status":"closed","ping_status":"closed","template":"","meta":{"_acf_changed":false,"content-type":"","_monsterinsights_skip_tracking":false,"_monsterinsights_sitenote_active":false,"_monsterinsights_sitenote_note":"","_monsterinsights_sitenote_category":0,"footnotes":""},"class_list":["post-15470","page","type-page","status-publish","hentry"],"acf":{"spotify_url":"","amazon_music_url":"","sound_cloud_url":""},"yoast_head":"<!-- This site is optimized with the Yoast SEO plugin v27.4 - https:\/\/yoast.com\/product\/yoast-seo-wordpress\/ -->\n<title>Wie deutsche Beautymarken im Metaversum gezielt junge Zielgruppen ansprechen k\u00f6nnen<\/title>\n<meta name=\"description\" content=\"Bereiten Sie mit drei Erkenntnissen \u00fcber das Leben junger Leute in Deutschland Ihre Beautymarke f\u00fcr den Aufstieg des Metaversums vor.\" \/>\n<meta name=\"robots\" content=\"index, follow, max-snippet:-1, max-image-preview:large, max-video-preview:-1\" \/>\n<link rel=\"canonical\" href=\"https:\/\/www.superawesome.com\/de\/wie-deutsche-beautymarken-im-metaversum-gezielt-junge-zielgruppen-ansprechen-konnen\/\" \/>\n<meta property=\"og:locale\" content=\"de_DE\" \/>\n<meta property=\"og:type\" content=\"article\" \/>\n<meta property=\"og:title\" content=\"Wie deutsche Beautymarken im Metaversum gezielt junge Zielgruppen ansprechen k\u00f6nnen\" \/>\n<meta property=\"og:description\" content=\"Bereiten Sie mit drei Erkenntnissen \u00fcber das Leben junger Leute in Deutschland Ihre Beautymarke f\u00fcr den Aufstieg des Metaversums vor.\" \/>\n<meta property=\"og:url\" content=\"https:\/\/www.superawesome.com\/de\/wie-deutsche-beautymarken-im-metaversum-gezielt-junge-zielgruppen-ansprechen-konnen\/\" \/>\n<meta property=\"og:site_name\" content=\"SuperAwesome\" \/>\n<meta property=\"article:modified_time\" content=\"2022-10-05T10:54:30+00:00\" \/>\n<meta property=\"og:image\" content=\"https:\/\/www.superawesome.com\/wp-content\/uploads\/2022\/06\/DACH_PersonalCareLP_Graphics5-1024x536.png\" \/>\n<meta name=\"twitter:card\" content=\"summary_large_image\" \/>\n<meta name=\"twitter:site\" content=\"@GoSuperAwesome\" \/>\n<script type=\"application\/ld+json\" class=\"yoast-schema-graph\">{\"@context\":\"https:\\\/\\\/schema.org\",\"@graph\":[{\"@type\":\"WebPage\",\"@id\":\"https:\\\/\\\/www.superawesome.com\\\/de\\\/wie-deutsche-beautymarken-im-metaversum-gezielt-junge-zielgruppen-ansprechen-konnen\\\/\",\"url\":\"https:\\\/\\\/www.superawesome.com\\\/de\\\/wie-deutsche-beautymarken-im-metaversum-gezielt-junge-zielgruppen-ansprechen-konnen\\\/\",\"name\":\"Wie deutsche Beautymarken im Metaversum gezielt junge Zielgruppen ansprechen k\u00f6nnen\",\"isPartOf\":{\"@id\":\"https:\\\/\\\/www.superawesome.com\\\/#website\"},\"primaryImageOfPage\":{\"@id\":\"https:\\\/\\\/www.superawesome.com\\\/de\\\/wie-deutsche-beautymarken-im-metaversum-gezielt-junge-zielgruppen-ansprechen-konnen\\\/#primaryimage\"},\"image\":{\"@id\":\"https:\\\/\\\/www.superawesome.com\\\/de\\\/wie-deutsche-beautymarken-im-metaversum-gezielt-junge-zielgruppen-ansprechen-konnen\\\/#primaryimage\"},\"thumbnailUrl\":\"https:\\\/\\\/www.superawesome.com\\\/wp-content\\\/uploads\\\/2022\\\/06\\\/DACH_PersonalCareLP_Graphics5-1024x536.png\",\"datePublished\":\"2022-09-30T11:30:21+00:00\",\"dateModified\":\"2022-10-05T10:54:30+00:00\",\"description\":\"Bereiten Sie mit drei Erkenntnissen \u00fcber das Leben junger Leute in Deutschland Ihre Beautymarke f\u00fcr den Aufstieg des Metaversums vor.\",\"breadcrumb\":{\"@id\":\"https:\\\/\\\/www.superawesome.com\\\/de\\\/wie-deutsche-beautymarken-im-metaversum-gezielt-junge-zielgruppen-ansprechen-konnen\\\/#breadcrumb\"},\"inLanguage\":\"de-DE\",\"potentialAction\":[{\"@type\":\"ReadAction\",\"target\":[\"https:\\\/\\\/www.superawesome.com\\\/de\\\/wie-deutsche-beautymarken-im-metaversum-gezielt-junge-zielgruppen-ansprechen-konnen\\\/\"]}]},{\"@type\":\"ImageObject\",\"inLanguage\":\"de-DE\",\"@id\":\"https:\\\/\\\/www.superawesome.com\\\/de\\\/wie-deutsche-beautymarken-im-metaversum-gezielt-junge-zielgruppen-ansprechen-konnen\\\/#primaryimage\",\"url\":\"https:\\\/\\\/www.superawesome.com\\\/wp-content\\\/uploads\\\/2022\\\/06\\\/DACH_PersonalCareLP_Graphics5-1024x536.png\",\"contentUrl\":\"https:\\\/\\\/www.superawesome.com\\\/wp-content\\\/uploads\\\/2022\\\/06\\\/DACH_PersonalCareLP_Graphics5-1024x536.png\"},{\"@type\":\"BreadcrumbList\",\"@id\":\"https:\\\/\\\/www.superawesome.com\\\/de\\\/wie-deutsche-beautymarken-im-metaversum-gezielt-junge-zielgruppen-ansprechen-konnen\\\/#breadcrumb\",\"itemListElement\":[{\"@type\":\"ListItem\",\"position\":1,\"name\":\"Home\",\"item\":\"https:\\\/\\\/www.superawesome.com\\\/\"},{\"@type\":\"ListItem\",\"position\":2,\"name\":\"DACH Personal Care Landing Page\"}]},{\"@type\":\"WebSite\",\"@id\":\"https:\\\/\\\/www.superawesome.com\\\/#website\",\"url\":\"https:\\\/\\\/www.superawesome.com\\\/\",\"name\":\"SuperAwesome\",\"description\":\"Powering a better internet for the next generation\",\"publisher\":{\"@id\":\"https:\\\/\\\/www.superawesome.com\\\/#organization\"},\"potentialAction\":[{\"@type\":\"SearchAction\",\"target\":{\"@type\":\"EntryPoint\",\"urlTemplate\":\"https:\\\/\\\/www.superawesome.com\\\/?s={search_term_string}\"},\"query-input\":{\"@type\":\"PropertyValueSpecification\",\"valueRequired\":true,\"valueName\":\"search_term_string\"}}],\"inLanguage\":\"de-DE\"},{\"@type\":\"Organization\",\"@id\":\"https:\\\/\\\/www.superawesome.com\\\/#organization\",\"name\":\"SuperAwesome\",\"url\":\"https:\\\/\\\/www.superawesome.com\\\/\",\"logo\":{\"@type\":\"ImageObject\",\"inLanguage\":\"de-DE\",\"@id\":\"https:\\\/\\\/www.superawesome.com\\\/#\\\/schema\\\/logo\\\/image\\\/\",\"url\":\"https:\\\/\\\/www.superawesome.com\\\/wp-content\\\/uploads\\\/2022\\\/08\\\/SA_Logo_Main.png\",\"contentUrl\":\"https:\\\/\\\/www.superawesome.com\\\/wp-content\\\/uploads\\\/2022\\\/08\\\/SA_Logo_Main.png\",\"width\":400,\"height\":171,\"caption\":\"SuperAwesome\"},\"image\":{\"@id\":\"https:\\\/\\\/www.superawesome.com\\\/#\\\/schema\\\/logo\\\/image\\\/\"},\"sameAs\":[\"https:\\\/\\\/x.com\\\/GoSuperAwesome\"]}]}<\/script>\n<!-- \/ Yoast SEO plugin. -->","yoast_head_json":{"title":"Wie deutsche Beautymarken im Metaversum gezielt junge Zielgruppen ansprechen k\u00f6nnen","description":"Bereiten Sie mit drei Erkenntnissen \u00fcber das Leben junger Leute in Deutschland Ihre Beautymarke f\u00fcr den Aufstieg des Metaversums vor.","robots":{"index":"index","follow":"follow","max-snippet":"max-snippet:-1","max-image-preview":"max-image-preview:large","max-video-preview":"max-video-preview:-1"},"canonical":"https:\/\/www.superawesome.com\/de\/wie-deutsche-beautymarken-im-metaversum-gezielt-junge-zielgruppen-ansprechen-konnen\/","og_locale":"de_DE","og_type":"article","og_title":"Wie deutsche Beautymarken im Metaversum gezielt junge Zielgruppen ansprechen k\u00f6nnen","og_description":"Bereiten Sie mit drei Erkenntnissen \u00fcber das Leben junger Leute in Deutschland Ihre Beautymarke f\u00fcr den Aufstieg des Metaversums vor.","og_url":"https:\/\/www.superawesome.com\/de\/wie-deutsche-beautymarken-im-metaversum-gezielt-junge-zielgruppen-ansprechen-konnen\/","og_site_name":"SuperAwesome","article_modified_time":"2022-10-05T10:54:30+00:00","og_image":[{"url":"https:\/\/www.superawesome.com\/wp-content\/uploads\/2022\/06\/DACH_PersonalCareLP_Graphics5-1024x536.png","type":"","width":"","height":""}],"twitter_card":"summary_large_image","twitter_site":"@GoSuperAwesome","schema":{"@context":"https:\/\/schema.org","@graph":[{"@type":"WebPage","@id":"https:\/\/www.superawesome.com\/de\/wie-deutsche-beautymarken-im-metaversum-gezielt-junge-zielgruppen-ansprechen-konnen\/","url":"https:\/\/www.superawesome.com\/de\/wie-deutsche-beautymarken-im-metaversum-gezielt-junge-zielgruppen-ansprechen-konnen\/","name":"Wie deutsche Beautymarken im Metaversum gezielt junge Zielgruppen ansprechen k\u00f6nnen","isPartOf":{"@id":"https:\/\/www.superawesome.com\/#website"},"primaryImageOfPage":{"@id":"https:\/\/www.superawesome.com\/de\/wie-deutsche-beautymarken-im-metaversum-gezielt-junge-zielgruppen-ansprechen-konnen\/#primaryimage"},"image":{"@id":"https:\/\/www.superawesome.com\/de\/wie-deutsche-beautymarken-im-metaversum-gezielt-junge-zielgruppen-ansprechen-konnen\/#primaryimage"},"thumbnailUrl":"https:\/\/www.superawesome.com\/wp-content\/uploads\/2022\/06\/DACH_PersonalCareLP_Graphics5-1024x536.png","datePublished":"2022-09-30T11:30:21+00:00","dateModified":"2022-10-05T10:54:30+00:00","description":"Bereiten Sie mit drei Erkenntnissen \u00fcber das Leben junger Leute in Deutschland Ihre Beautymarke f\u00fcr den Aufstieg des Metaversums vor.","breadcrumb":{"@id":"https:\/\/www.superawesome.com\/de\/wie-deutsche-beautymarken-im-metaversum-gezielt-junge-zielgruppen-ansprechen-konnen\/#breadcrumb"},"inLanguage":"de-DE","potentialAction":[{"@type":"ReadAction","target":["https:\/\/www.superawesome.com\/de\/wie-deutsche-beautymarken-im-metaversum-gezielt-junge-zielgruppen-ansprechen-konnen\/"]}]},{"@type":"ImageObject","inLanguage":"de-DE","@id":"https:\/\/www.superawesome.com\/de\/wie-deutsche-beautymarken-im-metaversum-gezielt-junge-zielgruppen-ansprechen-konnen\/#primaryimage","url":"https:\/\/www.superawesome.com\/wp-content\/uploads\/2022\/06\/DACH_PersonalCareLP_Graphics5-1024x536.png","contentUrl":"https:\/\/www.superawesome.com\/wp-content\/uploads\/2022\/06\/DACH_PersonalCareLP_Graphics5-1024x536.png"},{"@type":"BreadcrumbList","@id":"https:\/\/www.superawesome.com\/de\/wie-deutsche-beautymarken-im-metaversum-gezielt-junge-zielgruppen-ansprechen-konnen\/#breadcrumb","itemListElement":[{"@type":"ListItem","position":1,"name":"Home","item":"https:\/\/www.superawesome.com\/"},{"@type":"ListItem","position":2,"name":"DACH Personal Care Landing Page"}]},{"@type":"WebSite","@id":"https:\/\/www.superawesome.com\/#website","url":"https:\/\/www.superawesome.com\/","name":"SuperAwesome","description":"Powering a better internet for the next generation","publisher":{"@id":"https:\/\/www.superawesome.com\/#organization"},"potentialAction":[{"@type":"SearchAction","target":{"@type":"EntryPoint","urlTemplate":"https:\/\/www.superawesome.com\/?s={search_term_string}"},"query-input":{"@type":"PropertyValueSpecification","valueRequired":true,"valueName":"search_term_string"}}],"inLanguage":"de-DE"},{"@type":"Organization","@id":"https:\/\/www.superawesome.com\/#organization","name":"SuperAwesome","url":"https:\/\/www.superawesome.com\/","logo":{"@type":"ImageObject","inLanguage":"de-DE","@id":"https:\/\/www.superawesome.com\/#\/schema\/logo\/image\/","url":"https:\/\/www.superawesome.com\/wp-content\/uploads\/2022\/08\/SA_Logo_Main.png","contentUrl":"https:\/\/www.superawesome.com\/wp-content\/uploads\/2022\/08\/SA_Logo_Main.png","width":400,"height":171,"caption":"SuperAwesome"},"image":{"@id":"https:\/\/www.superawesome.com\/#\/schema\/logo\/image\/"},"sameAs":["https:\/\/x.com\/GoSuperAwesome"]}]}},"_links":{"self":[{"href":"https:\/\/www.superawesome.com\/de\/wp-json\/wp\/v2\/pages\/15470","targetHints":{"allow":["GET"]}}],"collection":[{"href":"https:\/\/www.superawesome.com\/de\/wp-json\/wp\/v2\/pages"}],"about":[{"href":"https:\/\/www.superawesome.com\/de\/wp-json\/wp\/v2\/types\/page"}],"author":[{"embeddable":true,"href":"https:\/\/www.superawesome.com\/de\/wp-json\/wp\/v2\/users\/91"}],"replies":[{"embeddable":true,"href":"https:\/\/www.superawesome.com\/de\/wp-json\/wp\/v2\/comments?post=15470"}],"version-history":[{"count":0,"href":"https:\/\/www.superawesome.com\/de\/wp-json\/wp\/v2\/pages\/15470\/revisions"}],"wp:attachment":[{"href":"https:\/\/www.superawesome.com\/de\/wp-json\/wp\/v2\/media?parent=15470"}],"curies":[{"name":"wp","href":"https:\/\/api.w.org\/{rel}","templated":true}]}}