{"id":15465,"date":"2022-09-30T11:18:22","date_gmt":"2022-09-30T11:18:22","guid":{"rendered":"https:\/\/www.superawesome.com\/?page_id=15465"},"modified":"2022-09-30T11:18:23","modified_gmt":"2022-09-30T11:18:23","slug":"noch-reisen-deutsche-familien-nicht-in-demselben-umfang-wie-vor-der-pandemie-aber-viele-freuen-sich-schon-auf-ihren-nachsten-urlaub","status":"publish","type":"page","link":"https:\/\/www.superawesome.com\/de\/noch-reisen-deutsche-familien-nicht-in-demselben-umfang-wie-vor-der-pandemie-aber-viele-freuen-sich-schon-auf-ihren-nachsten-urlaub\/","title":{"rendered":"[DACH Infographic &#8211; Travel] Noch reisen deutsche Familien nicht in demselben Umfang wie vor der Pandemie, aber viele freuen sich schon auf ihren n\u00e4chsten Urlaub."},"content":{"rendered":"\n<h1 class=\"has-black-color has-text-color wp-block-heading\" style=\"font-size:50px\">Noch reisen deutsche Familien nicht in demselben Umfang wie vor der Pandemie, aber viele freuen sich schon auf ihren n\u00e4chsten Urlaub.<\/h1>\n\n\n\n<p>Deutsche Kinder haben einen besonders gro\u00dfen Einfluss darauf, wohin ihre Familien reisen, denn beeindruckende 95&nbsp;% der deutschen Eltern geben an, dass sie ihre Kinder bei der Urlaubsplanung mitbestimmen lassen.\u00b9 <\/p>\n\n\n\n<p>Deutsche Destinationsmarketingorganisationen, Hoteliers und Verkehrsbetriebe, die erkennen, wie wertvoll es ist, nicht nur die Eltern, sondern auch die Kinder zu erreichen, haben Aussichten auf einen gr\u00f6\u00dferen Anteil am Familienreisebudget.&nbsp;<\/p>\n\n\n<div class=\"wp-block-image\">\n<figure class=\"aligncenter size-large\"><img loading=\"lazy\" decoding=\"async\" width=\"1024\" height=\"839\" src=\"https:\/\/www.superawesome.com\/wp-content\/uploads\/2022\/07\/SA_TravelInfographic_DACH3-1024x839.png\" alt=\"\" class=\"wp-image-14459\" srcset=\"https:\/\/www.superawesome.com\/wp-content\/uploads\/2022\/07\/SA_TravelInfographic_DACH3-1024x839.png 1024w, https:\/\/www.superawesome.com\/wp-content\/uploads\/2022\/07\/SA_TravelInfographic_DACH3-300x246.png 300w, https:\/\/www.superawesome.com\/wp-content\/uploads\/2022\/07\/SA_TravelInfographic_DACH3-768x629.png 768w, https:\/\/www.superawesome.com\/wp-content\/uploads\/2022\/07\/SA_TravelInfographic_DACH3.png 1500w\" sizes=\"auto, (max-width: 1024px) 100vw, 1024px\" \/><\/figure>\n<\/div>\n\n<div class=\"wp-block-image\">\n<figure class=\"aligncenter size-large\"><img loading=\"lazy\" decoding=\"async\" width=\"1024\" height=\"687\" src=\"https:\/\/www.superawesome.com\/wp-content\/uploads\/2022\/07\/SA_TravelInfographic_DACH4-1-1024x687.png\" alt=\"\" class=\"wp-image-14465\" srcset=\"https:\/\/www.superawesome.com\/wp-content\/uploads\/2022\/07\/SA_TravelInfographic_DACH4-1-1024x687.png 1024w, https:\/\/www.superawesome.com\/wp-content\/uploads\/2022\/07\/SA_TravelInfographic_DACH4-1-300x201.png 300w, https:\/\/www.superawesome.com\/wp-content\/uploads\/2022\/07\/SA_TravelInfographic_DACH4-1-768x515.png 768w, https:\/\/www.superawesome.com\/wp-content\/uploads\/2022\/07\/SA_TravelInfographic_DACH4-1.png 1500w\" sizes=\"auto, (max-width: 1024px) 100vw, 1024px\" \/><\/figure>\n<\/div>\n\n<div class=\"wp-block-image\">\n<figure class=\"aligncenter size-large\"><img loading=\"lazy\" decoding=\"async\" width=\"1024\" height=\"809\" src=\"https:\/\/www.superawesome.com\/wp-content\/uploads\/2022\/07\/SA_TravelInfographic_DACH5-1-1024x809.png\" alt=\"\" class=\"wp-image-14467\" srcset=\"https:\/\/www.superawesome.com\/wp-content\/uploads\/2022\/07\/SA_TravelInfographic_DACH5-1-1024x809.png 1024w, https:\/\/www.superawesome.com\/wp-content\/uploads\/2022\/07\/SA_TravelInfographic_DACH5-1-300x237.png 300w, https:\/\/www.superawesome.com\/wp-content\/uploads\/2022\/07\/SA_TravelInfographic_DACH5-1-768x607.png 768w, https:\/\/www.superawesome.com\/wp-content\/uploads\/2022\/07\/SA_TravelInfographic_DACH5-1.png 1500w\" sizes=\"auto, (max-width: 1024px) 100vw, 1024px\" \/><\/figure>\n<\/div>\n\n<\/div><!-- container -->\n<section class=\"block-form-section  \">\n    <!--<div class=\"landing-page-footer-overlay\"><\/div>-->\n    <div class=\"white-wave-container\">  <svg class=\"white-wave\" xmlns=\"http:\/\/www.w3.org\/2000\/svg\" width=\"1440\" height=\"179.998\" viewBox=\"0 0 1440 179.998\" preserveAspectRatio=\"xMidYMin slice\">\n    <path id=\"Path_253\" data-name=\"Path 253\" d=\"M-10134-8953.136s213.4-152.329,705.237-36.585a1544.164,1544.164,0,0,0,188.446,32.521c372.052,40.063,546.316-65.936,546.316-65.936v170h-1440Z\" transform=\"translate(10134.002 9033.134)\" fill=\"#fff\"\/>\n  <\/svg>\n<\/div>\n    <div class=\"banner-inner has-wavy-separator\">\n            <div class=\"row form-content\">\n            <div class=\"col-lg-6 content-section slideindown\">\n                <h2>Kontaktieren Sie uns, um \u00fcber Ihre Strategie zur Einbindung von Familien zu sprechen!<\/h2>\n<p><small><em>\u00b9YouGov, Umfrage f\u00fcr HomeAway unter 2.813 Kindern im Alter von 6 bis 18 Jahren und Eltern in den USA, Gro\u00dfbritannien, Frankreich, Deutschland und Spanien<\/em><br \/>\n<em>\u00b2 SuperAwesome Auftragsforschungsstudie &#8211; Ferien 2021 Flash-Umfrage (Kind, DE). Stichprobengr\u00f6\u00dfe: 504 deutsche Kinder und Eltern<\/em><br \/>\n<em>\u00b3 Foundation for Future Questions \u2013 Tourismusanalyse 2022<\/em><br \/>\n<em>\u2074 Portal The Insights Family, Wie sehr denken deine Eltern an dich, wenn sie Dinge f\u00fcr die Familie kaufen? Jungen und M\u00e4dchen im Alter von 6-15 Jahren in Deutschland, Stichprobengr\u00f6\u00dfe: 3.200<\/em><br \/>\n<em>\u2075 Generation Media, Mai 2019, Australien, Brasilien, Kanada, China, Deutschland, Japan, Mexiko, Gro\u00dfbritannien und die USA. Stichprobengr\u00f6\u00dfe: 9.357<\/em><\/small><\/p>\n\n            <\/div>\n            <div class=\"col-lg-6 slideindown\">\n              <div data-contact-form class=\"contact-form-landing-page\">\n                              <!--[if lte IE 8]>\n                <script charset=\"utf-8\" type=\"text\/javascript\" src=\"\/\/js.hsforms.net\/forms\/v2-legacy.js\"><\/script>\n                <![endif]-->\n                <script charset=\"utf-8\" type=\"text\/javascript\" src=\"\/\/js.hsforms.net\/forms\/v2.js\"><\/script>\n              \n              <script>\n              \n                hbspt.forms.create({\n                  portalId: \"5009836\",\n                  formId: \"ef5eff1f-8609-40e4-a8ae-6f24d3dc24fc\",\n                  onFormSubmit: function(){\n                    setTimeout(function(){\n                      var $thankYou = $('#contact-form-hubspot-thank-you');\n                      $thankYou.show();\n                      $thankYou.parents().find('.block-cta').first().find('h2').remove();\n                    }, 100 );\n                  }\n                });\n              <\/script>\n              <div id=\"contact-form-hubspot-thank-you\" class=\"contact-form-hubspot-thank-you\" style=\"display:none\">\n                \n              <\/div>\n            <\/div>\n          <\/div>\n        <\/div>\n    <\/div>\n<\/section>","protected":false},"excerpt":{"rendered":"<p>Noch reisen deutsche Familien nicht in demselben Umfang wie vor der Pandemie, aber viele freuen sich schon auf ihren n\u00e4chsten Urlaub. Deutsche Kinder haben einen besonders gro\u00dfen Einfluss darauf, wohin ihre Familien reisen, denn beeindruckende 95&nbsp;% der deutschen Eltern geben an, dass sie ihre Kinder bei der Urlaubsplanung mitbestimmen lassen.\u00b9 Deutsche Destinationsmarketingorganisationen, Hoteliers und Verkehrsbetriebe, [&hellip;]<\/p>\n","protected":false},"author":91,"featured_media":0,"parent":0,"menu_order":0,"comment_status":"closed","ping_status":"closed","template":"","meta":{"_acf_changed":false,"content-type":"","_monsterinsights_skip_tracking":false,"_monsterinsights_sitenote_active":false,"_monsterinsights_sitenote_note":"","_monsterinsights_sitenote_category":0,"footnotes":""},"class_list":["post-15465","page","type-page","status-publish","hentry"],"acf":{"spotify_url":"","amazon_music_url":"","sound_cloud_url":""},"yoast_head":"<!-- This site is optimized with the Yoast SEO plugin v27.4 - https:\/\/yoast.com\/product\/yoast-seo-wordpress\/ -->\n<title>[DACH Infographic - Travel] Noch reisen deutsche Familien nicht in demselben Umfang wie vor der Pandemie, aber viele freuen sich schon auf ihren n\u00e4chsten Urlaub. - SuperAwesome<\/title>\n<meta name=\"robots\" content=\"index, follow, max-snippet:-1, max-image-preview:large, max-video-preview:-1\" \/>\n<link rel=\"canonical\" href=\"https:\/\/www.superawesome.com\/de\/noch-reisen-deutsche-familien-nicht-in-demselben-umfang-wie-vor-der-pandemie-aber-viele-freuen-sich-schon-auf-ihren-nachsten-urlaub\/\" \/>\n<meta property=\"og:locale\" content=\"de_DE\" \/>\n<meta property=\"og:type\" content=\"article\" \/>\n<meta property=\"og:title\" content=\"[DACH Infographic - Travel] Noch reisen deutsche Familien nicht in demselben Umfang wie vor der Pandemie, aber viele freuen sich schon auf ihren n\u00e4chsten Urlaub. - SuperAwesome\" \/>\n<meta property=\"og:description\" content=\"Noch reisen deutsche Familien nicht in demselben Umfang wie vor der Pandemie, aber viele freuen sich schon auf ihren n\u00e4chsten Urlaub. Deutsche Kinder haben einen besonders gro\u00dfen Einfluss darauf, wohin ihre Familien reisen, denn beeindruckende 95&nbsp;% der deutschen Eltern geben an, dass sie ihre Kinder bei der Urlaubsplanung mitbestimmen lassen.\u00b9 Deutsche Destinationsmarketingorganisationen, Hoteliers und Verkehrsbetriebe, [&hellip;]\" \/>\n<meta property=\"og:url\" content=\"https:\/\/www.superawesome.com\/de\/noch-reisen-deutsche-familien-nicht-in-demselben-umfang-wie-vor-der-pandemie-aber-viele-freuen-sich-schon-auf-ihren-nachsten-urlaub\/\" \/>\n<meta property=\"og:site_name\" content=\"SuperAwesome\" \/>\n<meta property=\"article:modified_time\" content=\"2022-09-30T11:18:23+00:00\" \/>\n<meta property=\"og:image\" content=\"https:\/\/www.superawesome.com\/wp-content\/uploads\/2022\/07\/SA_TravelInfographic_DACH3-1024x839.png\" \/>\n<meta name=\"twitter:card\" content=\"summary_large_image\" \/>\n<meta name=\"twitter:site\" content=\"@GoSuperAwesome\" \/>\n<script type=\"application\/ld+json\" class=\"yoast-schema-graph\">{\"@context\":\"https:\\\/\\\/schema.org\",\"@graph\":[{\"@type\":\"WebPage\",\"@id\":\"https:\\\/\\\/www.superawesome.com\\\/de\\\/noch-reisen-deutsche-familien-nicht-in-demselben-umfang-wie-vor-der-pandemie-aber-viele-freuen-sich-schon-auf-ihren-nachsten-urlaub\\\/\",\"url\":\"https:\\\/\\\/www.superawesome.com\\\/de\\\/noch-reisen-deutsche-familien-nicht-in-demselben-umfang-wie-vor-der-pandemie-aber-viele-freuen-sich-schon-auf-ihren-nachsten-urlaub\\\/\",\"name\":\"[DACH Infographic - Travel] Noch reisen deutsche Familien nicht in demselben Umfang wie vor der Pandemie, aber viele freuen sich schon auf ihren n\u00e4chsten Urlaub. - SuperAwesome\",\"isPartOf\":{\"@id\":\"https:\\\/\\\/www.superawesome.com\\\/#website\"},\"primaryImageOfPage\":{\"@id\":\"https:\\\/\\\/www.superawesome.com\\\/de\\\/noch-reisen-deutsche-familien-nicht-in-demselben-umfang-wie-vor-der-pandemie-aber-viele-freuen-sich-schon-auf-ihren-nachsten-urlaub\\\/#primaryimage\"},\"image\":{\"@id\":\"https:\\\/\\\/www.superawesome.com\\\/de\\\/noch-reisen-deutsche-familien-nicht-in-demselben-umfang-wie-vor-der-pandemie-aber-viele-freuen-sich-schon-auf-ihren-nachsten-urlaub\\\/#primaryimage\"},\"thumbnailUrl\":\"https:\\\/\\\/www.superawesome.com\\\/wp-content\\\/uploads\\\/2022\\\/07\\\/SA_TravelInfographic_DACH3-1024x839.png\",\"datePublished\":\"2022-09-30T11:18:22+00:00\",\"dateModified\":\"2022-09-30T11:18:23+00:00\",\"breadcrumb\":{\"@id\":\"https:\\\/\\\/www.superawesome.com\\\/de\\\/noch-reisen-deutsche-familien-nicht-in-demselben-umfang-wie-vor-der-pandemie-aber-viele-freuen-sich-schon-auf-ihren-nachsten-urlaub\\\/#breadcrumb\"},\"inLanguage\":\"de-DE\",\"potentialAction\":[{\"@type\":\"ReadAction\",\"target\":[\"https:\\\/\\\/www.superawesome.com\\\/de\\\/noch-reisen-deutsche-familien-nicht-in-demselben-umfang-wie-vor-der-pandemie-aber-viele-freuen-sich-schon-auf-ihren-nachsten-urlaub\\\/\"]}]},{\"@type\":\"ImageObject\",\"inLanguage\":\"de-DE\",\"@id\":\"https:\\\/\\\/www.superawesome.com\\\/de\\\/noch-reisen-deutsche-familien-nicht-in-demselben-umfang-wie-vor-der-pandemie-aber-viele-freuen-sich-schon-auf-ihren-nachsten-urlaub\\\/#primaryimage\",\"url\":\"https:\\\/\\\/www.superawesome.com\\\/wp-content\\\/uploads\\\/2022\\\/07\\\/SA_TravelInfographic_DACH3-1024x839.png\",\"contentUrl\":\"https:\\\/\\\/www.superawesome.com\\\/wp-content\\\/uploads\\\/2022\\\/07\\\/SA_TravelInfographic_DACH3-1024x839.png\"},{\"@type\":\"BreadcrumbList\",\"@id\":\"https:\\\/\\\/www.superawesome.com\\\/de\\\/noch-reisen-deutsche-familien-nicht-in-demselben-umfang-wie-vor-der-pandemie-aber-viele-freuen-sich-schon-auf-ihren-nachsten-urlaub\\\/#breadcrumb\",\"itemListElement\":[{\"@type\":\"ListItem\",\"position\":1,\"name\":\"Home\",\"item\":\"https:\\\/\\\/www.superawesome.com\\\/\"},{\"@type\":\"ListItem\",\"position\":2,\"name\":\"[DACH Infographic &#8211; Travel] Noch reisen deutsche Familien nicht in demselben Umfang wie vor der Pandemie, aber viele freuen sich schon auf ihren n\u00e4chsten Urlaub.\"}]},{\"@type\":\"WebSite\",\"@id\":\"https:\\\/\\\/www.superawesome.com\\\/#website\",\"url\":\"https:\\\/\\\/www.superawesome.com\\\/\",\"name\":\"SuperAwesome\",\"description\":\"Powering a better internet for the next generation\",\"publisher\":{\"@id\":\"https:\\\/\\\/www.superawesome.com\\\/#organization\"},\"potentialAction\":[{\"@type\":\"SearchAction\",\"target\":{\"@type\":\"EntryPoint\",\"urlTemplate\":\"https:\\\/\\\/www.superawesome.com\\\/?s={search_term_string}\"},\"query-input\":{\"@type\":\"PropertyValueSpecification\",\"valueRequired\":true,\"valueName\":\"search_term_string\"}}],\"inLanguage\":\"de-DE\"},{\"@type\":\"Organization\",\"@id\":\"https:\\\/\\\/www.superawesome.com\\\/#organization\",\"name\":\"SuperAwesome\",\"url\":\"https:\\\/\\\/www.superawesome.com\\\/\",\"logo\":{\"@type\":\"ImageObject\",\"inLanguage\":\"de-DE\",\"@id\":\"https:\\\/\\\/www.superawesome.com\\\/#\\\/schema\\\/logo\\\/image\\\/\",\"url\":\"https:\\\/\\\/www.superawesome.com\\\/wp-content\\\/uploads\\\/2022\\\/08\\\/SA_Logo_Main.png\",\"contentUrl\":\"https:\\\/\\\/www.superawesome.com\\\/wp-content\\\/uploads\\\/2022\\\/08\\\/SA_Logo_Main.png\",\"width\":400,\"height\":171,\"caption\":\"SuperAwesome\"},\"image\":{\"@id\":\"https:\\\/\\\/www.superawesome.com\\\/#\\\/schema\\\/logo\\\/image\\\/\"},\"sameAs\":[\"https:\\\/\\\/x.com\\\/GoSuperAwesome\"]}]}<\/script>\n<!-- \/ Yoast SEO plugin. -->","yoast_head_json":{"title":"[DACH Infographic - Travel] Noch reisen deutsche Familien nicht in demselben Umfang wie vor der Pandemie, aber viele freuen sich schon auf ihren n\u00e4chsten Urlaub. - SuperAwesome","robots":{"index":"index","follow":"follow","max-snippet":"max-snippet:-1","max-image-preview":"max-image-preview:large","max-video-preview":"max-video-preview:-1"},"canonical":"https:\/\/www.superawesome.com\/de\/noch-reisen-deutsche-familien-nicht-in-demselben-umfang-wie-vor-der-pandemie-aber-viele-freuen-sich-schon-auf-ihren-nachsten-urlaub\/","og_locale":"de_DE","og_type":"article","og_title":"[DACH Infographic - Travel] Noch reisen deutsche Familien nicht in demselben Umfang wie vor der Pandemie, aber viele freuen sich schon auf ihren n\u00e4chsten Urlaub. - SuperAwesome","og_description":"Noch reisen deutsche Familien nicht in demselben Umfang wie vor der Pandemie, aber viele freuen sich schon auf ihren n\u00e4chsten Urlaub. Deutsche Kinder haben einen besonders gro\u00dfen Einfluss darauf, wohin ihre Familien reisen, denn beeindruckende 95&nbsp;% der deutschen Eltern geben an, dass sie ihre Kinder bei der Urlaubsplanung mitbestimmen lassen.\u00b9 Deutsche Destinationsmarketingorganisationen, Hoteliers und Verkehrsbetriebe, [&hellip;]","og_url":"https:\/\/www.superawesome.com\/de\/noch-reisen-deutsche-familien-nicht-in-demselben-umfang-wie-vor-der-pandemie-aber-viele-freuen-sich-schon-auf-ihren-nachsten-urlaub\/","og_site_name":"SuperAwesome","article_modified_time":"2022-09-30T11:18:23+00:00","og_image":[{"url":"https:\/\/www.superawesome.com\/wp-content\/uploads\/2022\/07\/SA_TravelInfographic_DACH3-1024x839.png","type":"","width":"","height":""}],"twitter_card":"summary_large_image","twitter_site":"@GoSuperAwesome","schema":{"@context":"https:\/\/schema.org","@graph":[{"@type":"WebPage","@id":"https:\/\/www.superawesome.com\/de\/noch-reisen-deutsche-familien-nicht-in-demselben-umfang-wie-vor-der-pandemie-aber-viele-freuen-sich-schon-auf-ihren-nachsten-urlaub\/","url":"https:\/\/www.superawesome.com\/de\/noch-reisen-deutsche-familien-nicht-in-demselben-umfang-wie-vor-der-pandemie-aber-viele-freuen-sich-schon-auf-ihren-nachsten-urlaub\/","name":"[DACH Infographic - Travel] Noch reisen deutsche Familien nicht in demselben Umfang wie vor der Pandemie, aber viele freuen sich schon auf ihren n\u00e4chsten Urlaub. - SuperAwesome","isPartOf":{"@id":"https:\/\/www.superawesome.com\/#website"},"primaryImageOfPage":{"@id":"https:\/\/www.superawesome.com\/de\/noch-reisen-deutsche-familien-nicht-in-demselben-umfang-wie-vor-der-pandemie-aber-viele-freuen-sich-schon-auf-ihren-nachsten-urlaub\/#primaryimage"},"image":{"@id":"https:\/\/www.superawesome.com\/de\/noch-reisen-deutsche-familien-nicht-in-demselben-umfang-wie-vor-der-pandemie-aber-viele-freuen-sich-schon-auf-ihren-nachsten-urlaub\/#primaryimage"},"thumbnailUrl":"https:\/\/www.superawesome.com\/wp-content\/uploads\/2022\/07\/SA_TravelInfographic_DACH3-1024x839.png","datePublished":"2022-09-30T11:18:22+00:00","dateModified":"2022-09-30T11:18:23+00:00","breadcrumb":{"@id":"https:\/\/www.superawesome.com\/de\/noch-reisen-deutsche-familien-nicht-in-demselben-umfang-wie-vor-der-pandemie-aber-viele-freuen-sich-schon-auf-ihren-nachsten-urlaub\/#breadcrumb"},"inLanguage":"de-DE","potentialAction":[{"@type":"ReadAction","target":["https:\/\/www.superawesome.com\/de\/noch-reisen-deutsche-familien-nicht-in-demselben-umfang-wie-vor-der-pandemie-aber-viele-freuen-sich-schon-auf-ihren-nachsten-urlaub\/"]}]},{"@type":"ImageObject","inLanguage":"de-DE","@id":"https:\/\/www.superawesome.com\/de\/noch-reisen-deutsche-familien-nicht-in-demselben-umfang-wie-vor-der-pandemie-aber-viele-freuen-sich-schon-auf-ihren-nachsten-urlaub\/#primaryimage","url":"https:\/\/www.superawesome.com\/wp-content\/uploads\/2022\/07\/SA_TravelInfographic_DACH3-1024x839.png","contentUrl":"https:\/\/www.superawesome.com\/wp-content\/uploads\/2022\/07\/SA_TravelInfographic_DACH3-1024x839.png"},{"@type":"BreadcrumbList","@id":"https:\/\/www.superawesome.com\/de\/noch-reisen-deutsche-familien-nicht-in-demselben-umfang-wie-vor-der-pandemie-aber-viele-freuen-sich-schon-auf-ihren-nachsten-urlaub\/#breadcrumb","itemListElement":[{"@type":"ListItem","position":1,"name":"Home","item":"https:\/\/www.superawesome.com\/"},{"@type":"ListItem","position":2,"name":"[DACH Infographic &#8211; Travel] Noch reisen deutsche Familien nicht in demselben Umfang wie vor der Pandemie, aber viele freuen sich schon auf ihren n\u00e4chsten Urlaub."}]},{"@type":"WebSite","@id":"https:\/\/www.superawesome.com\/#website","url":"https:\/\/www.superawesome.com\/","name":"SuperAwesome","description":"Powering a better internet for the next generation","publisher":{"@id":"https:\/\/www.superawesome.com\/#organization"},"potentialAction":[{"@type":"SearchAction","target":{"@type":"EntryPoint","urlTemplate":"https:\/\/www.superawesome.com\/?s={search_term_string}"},"query-input":{"@type":"PropertyValueSpecification","valueRequired":true,"valueName":"search_term_string"}}],"inLanguage":"de-DE"},{"@type":"Organization","@id":"https:\/\/www.superawesome.com\/#organization","name":"SuperAwesome","url":"https:\/\/www.superawesome.com\/","logo":{"@type":"ImageObject","inLanguage":"de-DE","@id":"https:\/\/www.superawesome.com\/#\/schema\/logo\/image\/","url":"https:\/\/www.superawesome.com\/wp-content\/uploads\/2022\/08\/SA_Logo_Main.png","contentUrl":"https:\/\/www.superawesome.com\/wp-content\/uploads\/2022\/08\/SA_Logo_Main.png","width":400,"height":171,"caption":"SuperAwesome"},"image":{"@id":"https:\/\/www.superawesome.com\/#\/schema\/logo\/image\/"},"sameAs":["https:\/\/x.com\/GoSuperAwesome"]}]}},"_links":{"self":[{"href":"https:\/\/www.superawesome.com\/de\/wp-json\/wp\/v2\/pages\/15465","targetHints":{"allow":["GET"]}}],"collection":[{"href":"https:\/\/www.superawesome.com\/de\/wp-json\/wp\/v2\/pages"}],"about":[{"href":"https:\/\/www.superawesome.com\/de\/wp-json\/wp\/v2\/types\/page"}],"author":[{"embeddable":true,"href":"https:\/\/www.superawesome.com\/de\/wp-json\/wp\/v2\/users\/91"}],"replies":[{"embeddable":true,"href":"https:\/\/www.superawesome.com\/de\/wp-json\/wp\/v2\/comments?post=15465"}],"version-history":[{"count":0,"href":"https:\/\/www.superawesome.com\/de\/wp-json\/wp\/v2\/pages\/15465\/revisions"}],"wp:attachment":[{"href":"https:\/\/www.superawesome.com\/de\/wp-json\/wp\/v2\/media?parent=15465"}],"curies":[{"name":"wp","href":"https:\/\/api.w.org\/{rel}","templated":true}]}}