{"id":13520,"date":"2019-05-03T11:06:19","date_gmt":"2019-05-03T10:06:19","guid":{"rendered":"https:\/\/www.superawesome.com\/?page_id=13520"},"modified":"2022-10-03T11:06:26","modified_gmt":"2022-10-03T11:06:26","slug":"safefam","status":"publish","type":"page","link":"https:\/\/www.superawesome.com\/de\/safefam\/","title":{"rendered":"SafeFam"},"content":{"rendered":"\n<\/div><!-- container -->\n<section class=\"block-product-hero   \" style=\"background-color:white\">\n      <div class=\"container\">\n  <div class=\"row\">\n    <div class=\"col-md-5\">\n      <div class=\"content\">\n        \n        <h2 class=\"text-black\">Ein Schulungsprogramm f\u00fcr YouTube Content Creator.<\/h2>\n        <p class=\"text-black\">Es wurde entwickelt, um Content-Produzenten ein besseres Verst\u00e4ndnis f\u00fcr die digitalen Anforderungen der unter 13-J\u00e4hrigen zu vermitteln. <\/p>\n        <div class=\"block-product-hero--buttons flex flex-wrap\">\n                <a href=\"https:\/\/www.superawesome.com\/de\/contact-us\/\" class=\"btn btn-primary m-r-15\" target=\"_self\">\n      Kontakt aufnehmen\n    <\/a>\n  \n            \n        <\/div>\n      <\/div>\n    <\/div>\n\n    <div class=\"col-md-6\">\n              <figure class=\"image\">\n          <img decoding=\"async\" src=\"https:\/\/www.superawesome.com\/wp-content\/uploads\/2022\/08\/SafeFam_Logo_Centered.png\" alt=\"SafeFam_Logo_Centered\">\n        <\/figure>\n          <\/div>\n  <\/div>\n  <\/div>\n  <\/section>\n\n<div class=\"container\">\n\n\n\n<\/div><!-- container -->\n\n<section class=\"block-skewed  mb-96  \" style=\"z-index:99;\">\n\n    <div class=\"skewed-content-container\">\n        \n        <div class=\"section-background\" style=\"background-color: #ff3b11\"><\/div>\n\n        <div class=\"content slideindown\"><h2 style=\"text-align: center;\">SafeFam: Schulung f\u00fcr Content Creator von Familien- und Kinderinhalten auf YouTube<\/h2>\n<\/div>\n\n    <\/div>\n\n<\/section>\n\n<div class=\"container\">\n\n<\/div><!-- .container -->\n<section class=\"block-chart-content   \" >\n  <div class=\"container\">\n    <div class=\"row\">\n      <div class=\"col-md-6 card-contents-container\">\n                  <div class=\"card-contents slideinleft\">\n              \n                              <div class=\"video-wrapper\">\n                <iframe loading=\"lazy\" title=\"Introducing SafeFam...\" width=\"640\" height=\"360\" src=\"https:\/\/www.youtube.com\/embed\/IvLnpLILMVA?feature=oembed\" frameborder=\"0\" allow=\"accelerometer; autoplay; clipboard-write; encrypted-media; gyroscope; picture-in-picture; web-share\" referrerpolicy=\"strict-origin-when-cross-origin\" allowfullscreen><\/iframe>\n                <\/div>\n              \n          <\/div>\n              <\/div>\n      \n      <div class=\"col-md-6 chart-content\">\n        <div class=\"content slideinright\">\n                      <h3 class=\"h1\">Warum haben wir SafeFam entwickelt?<\/h3>\n          \n          \n          <p>Da YouTube f\u00fcr Erwachsene konzipiert ist, gibt es nur wenige Leitlinien f\u00fcr Content Creator von Familien- und Kinderinhalten.<\/p>\n<p>Deshalb haben wir uns entschlossen, eine Reihe von Standards zu entwickeln, die den Produzenten von Familien- und Kinderinhalten helfen sollen, die Anforderungen der Zielgruppe der unter 13-J\u00e4hrigen zu verstehen.<\/p>\n\n\n          \n            \n        <\/div>\n      <\/div>\n    <\/div>\n  <\/div>\n<\/section>\n\n<div class=\"container\">\n\n<\/div><!-- container -->\n<div class=\"container icon-cards-container\">\n<section class=\"block-icon-cards 3  mb-64 slideindownnomobile\">\n    <h2>Wie erhalte ich das SafeFam-Training?<\/h2>    \n        <div class=\"cards slideindownnomobile\">\n            <div class=\"card card-hover-state  text-centered\">\n                    <figure class=\"card-icon\" style=\"max-width:190px\">\n                <img decoding=\"async\" class=\"style-\" src=\"https:\/\/www.superawesome.com\/wp-content\/uploads\/2022\/08\/SA_NewIcons_Orange-15.png\" alt=\"SA_NewIcons_Orange-15\">\n            <\/figure>\n                            <h3>Evaluierung<\/h3>\n                    <p class=\"card-text\">Wir pr\u00fcfen, ob Ihr Kanal und Ihre Inhalte f\u00fcr die SafeFam-Schulungen geeignet sind.<\/p>\n                <\/div>\n            <div class=\"card card-hover-state  text-centered\">\n                    <figure class=\"card-icon\" style=\"max-width:190px\">\n                <img decoding=\"async\" class=\"style-\" src=\"https:\/\/www.superawesome.com\/wp-content\/uploads\/2022\/08\/SA_NewIcons_Orange-03.png\" alt=\"SA_NewIcons_Orange-03\">\n            <\/figure>\n                            <h3>Schulungsprogramm<\/h3>\n                    <p class=\"card-text\">Nehmen Sie an unserem SafeFam-Schulungsprogramm teil, damit Sie die wichtigsten Anforderungen f\u00fcr das Engagement mit einem jungen Publikum auf YouTube und anderen Plattformen verstehen.<\/p>\n                <\/div>\n            <div class=\"card card-hover-state  text-centered\">\n                    <figure class=\"card-icon\" style=\"max-width:190px\">\n                <img decoding=\"async\" class=\"style-\" src=\"https:\/\/www.superawesome.com\/wp-content\/uploads\/2022\/08\/SA_NewIcons_Orange-32.png\" alt=\"SA_NewIcons_Orange-32\">\n            <\/figure>\n                            <h3>Verpflichten Sie sich unserem Versprechen<\/h3>\n                    <p class=\"card-text\">Nach der Schulung unterzeichnen Sie das SafeFam-Versprechen und verpflichten sich damit zu den Grunds\u00e4tzen eines kindersicheren digitalen Engagements auf YouTube. <\/p>\n                <\/div>\n        <\/div><!-- .cards -->\n    <\/section>\n<\/div><!-- container -->\n<div class=\"container\">\n\n<\/div> <!-- end .container -->\n\n<section class=\"block-people-slider  \">\n  <div class=\"container\">\n    <h2>Wir stellen Ihnen einige der mit SafeFam geschulten YouTuber vor<\/h2>\n  <\/div>\n\n      <div class=\"slider-wrapper\">\n      <div class=\"container\">\n        <div class=\"slider\">\n                      <article class=\"people-item\">\n              <figure class=\"image\">\n                                  <img decoding=\"async\" src=\"https:\/\/www.superawesome.com\/wp-content\/uploads\/2019\/07\/5a7c7fb8a1fe2b000136f123_01-nixon.png\" alt=\"Nikki Nixon headshot photo\">\n                              <\/figure>\n\n              <div class=\"content\">\n                <h4>\n                                      Nikki Nixon, Mutter von Hope Marie und SuperHeroKids\n                                  <\/h4>\n\n                <p>\u201eMutter von Influencern zu sein, ist wirklich stressig. Die Anleitung durch SafeFam gibt mir die Sicherheit, dass meine Kinder sicher bei der Produktion ihres Contents f\u00fcr YouTube sind und nicht zum Zentrum eines Skandals werden. Ich muss mir keine Sorgen mehr machen.\u201c<\/p>\n              <\/div>\n            <\/article>\n                      <article class=\"people-item\">\n              <figure class=\"image\">\n                                  <img decoding=\"async\" src=\"https:\/\/www.superawesome.com\/wp-content\/uploads\/2019\/06\/denis.png\" alt=\"Denis headshot photo\">\n                              <\/figure>\n\n              <div class=\"content\">\n                <h4>\n                                      Denis\n                                  <\/h4>\n\n                <p>\u201eIch freue mich, Teil von SafeFam zu sein. Denn das bedeutet, dass mein Content als sicher f\u00fcr Kinder eingestuft wird und passend f\u00fcr  Marken ist.\u201c <\/p>\n              <\/div>\n            <\/article>\n                      <article class=\"people-item\">\n              <figure class=\"image\">\n                                  <img decoding=\"async\" src=\"https:\/\/www.superawesome.com\/wp-content\/uploads\/2019\/06\/cupcake-suprise-toys.png\" alt=\"Cupcake surprise toys logo\">\n                              <\/figure>\n\n              <div class=\"content\">\n                <h4>\n                                      Cupcake Surprise Toys\n                                  <\/h4>\n\n                <p>\u201eWir freuen uns sehr, das Zertifikat des SafeFam-Programms erhalten zu haben. Damit wissen Eltern und Marken, dass unsere Inhalte sicher sind und dass unser Kanal ein vertrauensw\u00fcrdiger Ort f\u00fcr das Engagement mit Kindern ist.&#8220;<\/p>\n              <\/div>\n            <\/article>\n                  <\/div>\n      <\/div>\n    <\/div>\n  \n  <\/section>\n\n<div class=\"container\">\n\n\n\n\n<section class=\"block-agencies-columns  \">\n  <h2>Hier sind einige Agenturen, die das SafeFam-Training durchlaufen haben. <\/h2>\n\n      <div class=\"images-container\">\n\n                  \n            \n            <figure class=\"image\" style=\"max-width: 61px;\">\n                              <img decoding=\"async\" src=\"https:\/\/www.superawesome.com\/wp-content\/uploads\/2019\/06\/agency-1.png\" alt=\"Animal Jam colour logo\">\n                          <\/figure>\n                            \n            \n            <figure class=\"image\" style=\"max-width: 145.5px;\">\n                              <a href=\"#\" target=\"_self\">\n                  <img decoding=\"async\" src=\"https:\/\/www.superawesome.com\/wp-content\/uploads\/2019\/06\/agency-2.png\" alt=\"Pink Wunder Studios logo\">\n                <\/a>\n                          <\/figure>\n                            \n            \n            <figure class=\"image\" style=\"max-width: 118.5px;\">\n                              <img decoding=\"async\" src=\"https:\/\/www.superawesome.com\/wp-content\/uploads\/2019\/06\/agency-3.png\" alt=\"Black Free Focus logo\">\n                          <\/figure>\n                  \n    <\/div>\n  <\/section>\n\n\n\n\n<section class=\"block-cta  \">\n  <h2 class=\"medium\">Sie m\u00f6chten Ihr SafeFam-Abzeichen erhalten?<\/h2>\n\n        <a id=\"cta-btn\" href=\"https:\/\/www.superawesome.com\/de\/contact-us\/\" class=\"btn btn-primary\" target=\"_self\">\n      Kontakt aufnehmen \n    <\/a>\n  \n\n      <div data-contact-form class=\"contact-form-hubspot\">\n              <!--[if lte IE 8]>\n        <script charset=\"utf-8\" type=\"text\/javascript\" src=\"\/\/js.hsforms.net\/forms\/v2-legacy.js\"><\/script>\n        <![endif]-->\n        <script charset=\"utf-8\" type=\"text\/javascript\" src=\"\/\/js.hsforms.net\/forms\/v2.js\"><\/script>\n      \n      <script>\n        hbspt.forms.create({\n          portalId: \"5009836\",\n          formId: \"d6f951e2-ff41-4a96-ae90-31acdef15f8e\",\n          onFormSubmit: function(){\n            setTimeout(function(){\n              var $thankYou = $('#contact-form-hubspot-thank-you');\n              $thankYou.show();\n              $thankYou.parents().find('.block-cta').first().find('h2').remove();\n            }, 100 );\n          }\n        });\n      <\/script>\n      <div id=\"contact-form-hubspot-thank-you\" class=\"contact-form-hubspot-thank-you\" style=\"display:none\">\n        \n      <\/div>\n    <\/div>\n  \n<\/section>\n","protected":false},"excerpt":{"rendered":"","protected":false},"author":91,"featured_media":0,"parent":0,"menu_order":0,"comment_status":"closed","ping_status":"closed","template":"","meta":{"_acf_changed":false,"content-type":"","_monsterinsights_skip_tracking":false,"_monsterinsights_sitenote_active":false,"_monsterinsights_sitenote_note":"","_monsterinsights_sitenote_category":0,"footnotes":""},"class_list":["post-13520","page","type-page","status-publish","hentry"],"acf":{"spotify_url":"","amazon_music_url":"","sound_cloud_url":""},"yoast_head":"<!-- This site is optimized with the Yoast SEO plugin v27.4 - https:\/\/yoast.com\/product\/yoast-seo-wordpress\/ -->\n<title>SafeFam - SuperAwesome<\/title>\n<meta name=\"robots\" content=\"index, follow, max-snippet:-1, max-image-preview:large, max-video-preview:-1\" \/>\n<link rel=\"canonical\" href=\"https:\/\/www.superawesome.com\/de\/safefam\/\" \/>\n<meta property=\"og:locale\" content=\"de_DE\" \/>\n<meta property=\"og:type\" content=\"article\" \/>\n<meta property=\"og:title\" content=\"SafeFam - SuperAwesome\" \/>\n<meta property=\"og:url\" content=\"https:\/\/www.superawesome.com\/de\/safefam\/\" \/>\n<meta property=\"og:site_name\" content=\"SuperAwesome\" \/>\n<meta property=\"article:modified_time\" content=\"2022-10-03T11:06:26+00:00\" \/>\n<meta property=\"og:image\" content=\"https:\/\/www.superawesome.com\/wp-content\/uploads\/2024\/02\/SA_Thumbnail_noepic.png\" \/>\n\t<meta property=\"og:image:width\" content=\"1920\" \/>\n\t<meta property=\"og:image:height\" content=\"1080\" \/>\n\t<meta property=\"og:image:type\" content=\"image\/png\" \/>\n<meta name=\"twitter:card\" content=\"summary_large_image\" \/>\n<meta name=\"twitter:site\" content=\"@GoSuperAwesome\" \/>\n<script type=\"application\/ld+json\" class=\"yoast-schema-graph\">{\"@context\":\"https:\\\/\\\/schema.org\",\"@graph\":[{\"@type\":\"WebPage\",\"@id\":\"https:\\\/\\\/www.superawesome.com\\\/de\\\/safefam\\\/\",\"url\":\"https:\\\/\\\/www.superawesome.com\\\/de\\\/safefam\\\/\",\"name\":\"SafeFam - SuperAwesome\",\"isPartOf\":{\"@id\":\"https:\\\/\\\/www.superawesome.com\\\/#website\"},\"datePublished\":\"2019-05-03T10:06:19+00:00\",\"dateModified\":\"2022-10-03T11:06:26+00:00\",\"breadcrumb\":{\"@id\":\"https:\\\/\\\/www.superawesome.com\\\/de\\\/safefam\\\/#breadcrumb\"},\"inLanguage\":\"de-DE\",\"potentialAction\":[{\"@type\":\"ReadAction\",\"target\":[\"https:\\\/\\\/www.superawesome.com\\\/de\\\/safefam\\\/\"]}]},{\"@type\":\"BreadcrumbList\",\"@id\":\"https:\\\/\\\/www.superawesome.com\\\/de\\\/safefam\\\/#breadcrumb\",\"itemListElement\":[{\"@type\":\"ListItem\",\"position\":1,\"name\":\"Home\",\"item\":\"https:\\\/\\\/www.superawesome.com\\\/\"},{\"@type\":\"ListItem\",\"position\":2,\"name\":\"SafeFam\"}]},{\"@type\":\"WebSite\",\"@id\":\"https:\\\/\\\/www.superawesome.com\\\/#website\",\"url\":\"https:\\\/\\\/www.superawesome.com\\\/\",\"name\":\"SuperAwesome\",\"description\":\"Powering a better internet for the next generation\",\"publisher\":{\"@id\":\"https:\\\/\\\/www.superawesome.com\\\/#organization\"},\"potentialAction\":[{\"@type\":\"SearchAction\",\"target\":{\"@type\":\"EntryPoint\",\"urlTemplate\":\"https:\\\/\\\/www.superawesome.com\\\/?s={search_term_string}\"},\"query-input\":{\"@type\":\"PropertyValueSpecification\",\"valueRequired\":true,\"valueName\":\"search_term_string\"}}],\"inLanguage\":\"de-DE\"},{\"@type\":\"Organization\",\"@id\":\"https:\\\/\\\/www.superawesome.com\\\/#organization\",\"name\":\"SuperAwesome\",\"url\":\"https:\\\/\\\/www.superawesome.com\\\/\",\"logo\":{\"@type\":\"ImageObject\",\"inLanguage\":\"de-DE\",\"@id\":\"https:\\\/\\\/www.superawesome.com\\\/#\\\/schema\\\/logo\\\/image\\\/\",\"url\":\"https:\\\/\\\/www.superawesome.com\\\/wp-content\\\/uploads\\\/2022\\\/08\\\/SA_Logo_Main.png\",\"contentUrl\":\"https:\\\/\\\/www.superawesome.com\\\/wp-content\\\/uploads\\\/2022\\\/08\\\/SA_Logo_Main.png\",\"width\":400,\"height\":171,\"caption\":\"SuperAwesome\"},\"image\":{\"@id\":\"https:\\\/\\\/www.superawesome.com\\\/#\\\/schema\\\/logo\\\/image\\\/\"},\"sameAs\":[\"https:\\\/\\\/x.com\\\/GoSuperAwesome\"]}]}<\/script>\n<!-- \/ Yoast SEO plugin. -->","yoast_head_json":{"title":"SafeFam - SuperAwesome","robots":{"index":"index","follow":"follow","max-snippet":"max-snippet:-1","max-image-preview":"max-image-preview:large","max-video-preview":"max-video-preview:-1"},"canonical":"https:\/\/www.superawesome.com\/de\/safefam\/","og_locale":"de_DE","og_type":"article","og_title":"SafeFam - SuperAwesome","og_url":"https:\/\/www.superawesome.com\/de\/safefam\/","og_site_name":"SuperAwesome","article_modified_time":"2022-10-03T11:06:26+00:00","og_image":[{"width":1920,"height":1080,"url":"https:\/\/www.superawesome.com\/wp-content\/uploads\/2024\/02\/SA_Thumbnail_noepic.png","type":"image\/png"}],"twitter_card":"summary_large_image","twitter_site":"@GoSuperAwesome","schema":{"@context":"https:\/\/schema.org","@graph":[{"@type":"WebPage","@id":"https:\/\/www.superawesome.com\/de\/safefam\/","url":"https:\/\/www.superawesome.com\/de\/safefam\/","name":"SafeFam - SuperAwesome","isPartOf":{"@id":"https:\/\/www.superawesome.com\/#website"},"datePublished":"2019-05-03T10:06:19+00:00","dateModified":"2022-10-03T11:06:26+00:00","breadcrumb":{"@id":"https:\/\/www.superawesome.com\/de\/safefam\/#breadcrumb"},"inLanguage":"de-DE","potentialAction":[{"@type":"ReadAction","target":["https:\/\/www.superawesome.com\/de\/safefam\/"]}]},{"@type":"BreadcrumbList","@id":"https:\/\/www.superawesome.com\/de\/safefam\/#breadcrumb","itemListElement":[{"@type":"ListItem","position":1,"name":"Home","item":"https:\/\/www.superawesome.com\/"},{"@type":"ListItem","position":2,"name":"SafeFam"}]},{"@type":"WebSite","@id":"https:\/\/www.superawesome.com\/#website","url":"https:\/\/www.superawesome.com\/","name":"SuperAwesome","description":"Powering a better internet for the next generation","publisher":{"@id":"https:\/\/www.superawesome.com\/#organization"},"potentialAction":[{"@type":"SearchAction","target":{"@type":"EntryPoint","urlTemplate":"https:\/\/www.superawesome.com\/?s={search_term_string}"},"query-input":{"@type":"PropertyValueSpecification","valueRequired":true,"valueName":"search_term_string"}}],"inLanguage":"de-DE"},{"@type":"Organization","@id":"https:\/\/www.superawesome.com\/#organization","name":"SuperAwesome","url":"https:\/\/www.superawesome.com\/","logo":{"@type":"ImageObject","inLanguage":"de-DE","@id":"https:\/\/www.superawesome.com\/#\/schema\/logo\/image\/","url":"https:\/\/www.superawesome.com\/wp-content\/uploads\/2022\/08\/SA_Logo_Main.png","contentUrl":"https:\/\/www.superawesome.com\/wp-content\/uploads\/2022\/08\/SA_Logo_Main.png","width":400,"height":171,"caption":"SuperAwesome"},"image":{"@id":"https:\/\/www.superawesome.com\/#\/schema\/logo\/image\/"},"sameAs":["https:\/\/x.com\/GoSuperAwesome"]}]}},"_links":{"self":[{"href":"https:\/\/www.superawesome.com\/de\/wp-json\/wp\/v2\/pages\/13520","targetHints":{"allow":["GET"]}}],"collection":[{"href":"https:\/\/www.superawesome.com\/de\/wp-json\/wp\/v2\/pages"}],"about":[{"href":"https:\/\/www.superawesome.com\/de\/wp-json\/wp\/v2\/types\/page"}],"author":[{"embeddable":true,"href":"https:\/\/www.superawesome.com\/de\/wp-json\/wp\/v2\/users\/91"}],"replies":[{"embeddable":true,"href":"https:\/\/www.superawesome.com\/de\/wp-json\/wp\/v2\/comments?post=13520"}],"version-history":[{"count":0,"href":"https:\/\/www.superawesome.com\/de\/wp-json\/wp\/v2\/pages\/13520\/revisions"}],"wp:attachment":[{"href":"https:\/\/www.superawesome.com\/de\/wp-json\/wp\/v2\/media?parent=13520"}],"curies":[{"name":"wp","href":"https:\/\/api.w.org\/{rel}","templated":true}]}}