{"id":13516,"date":"2019-06-26T19:16:57","date_gmt":"2019-06-26T18:16:57","guid":{"rendered":"https:\/\/www.superawesome.com\/?page_id=13516"},"modified":"2022-10-03T10:40:12","modified_gmt":"2022-10-03T10:40:12","slug":"parents-policy-makers","status":"publish","type":"page","link":"https:\/\/www.superawesome.com\/de\/parents-policy-makers\/","title":{"rendered":"Elternteil Oder Politischer Entscheidungstr\u00e4ger"},"content":{"rendered":"\n<\/div><!-- container -->\n<section class=\"block-product-hero   \" style=\"background-color:white\">\n      <div class=\"container\">\n  <div class=\"row\">\n    <div class=\"col-md-5\">\n      <div class=\"content\">\n        \n        <h2 class=\"text-black\"><\/h2>\n        <p class=\"text-black\"><\/p>\n        <div class=\"block-product-hero--buttons flex flex-wrap\">\n            \n            \n        <\/div>\n      <\/div>\n    <\/div>\n\n    <div class=\"col-md-6\">\n              <figure class=\"image\">\n          <img decoding=\"async\" src=\"\" alt=\"\">\n        <\/figure>\n          <\/div>\n  <\/div>\n  <\/div>\n  <\/section>\n\n<div class=\"container\">\n\n\n<section class=\"block-page-hero-content-media  \">\n  <div class=\"row\">\n    <div class=\"col-md-5\">\n      <div class=\"content\">\n        <h1 class=\"h2\">Wir bauen ein sichereres Internet f\u00fcr die n\u00e4chste Generatiom<\/h1>\n\n        <p>SuperAwesome ist ein Team von Superhelden mit einer Mission: Wir wollen f\u00fcr EUCH ein besseres Internet schaffen. Klingt epic? Nun, das ist es auch! Das SuperAwesome-Team arbeitet mit fantastischen Marken, Websites und Apps zusammen, um sicherzustellen, dass sie Euch die aufregendste, unterhaltsamste und sicherste Erfahrung bieten. Dazu geh\u00f6ren erstklassige Spiele, atemberaubende Videos, Gewinnspiele, R\u00e4tsel und vieles mehr!<\/p>\n      <\/div>\n    <\/div>\n\n    <div class=\"col-md-7\">\n      <figure class=\"image\">\n        <img decoding=\"async\" src=\"https:\/\/www.superawesome.com\/wp-content\/uploads\/2022\/08\/SA_2022_Image7-1.png\" alt=\"SA_2022_Image7\">\n\n                  <a href=\"https:\/\/www.youtube.com\/watch?v=tNlIbmDLop4\" data-fancybox class=\"play-button\">\n              <svg xmlns=\"http:\/\/www.w3.org\/2000\/svg\" viewBox=\"0 0 150.59 150.59\"><circle cx=\"75.29\" cy=\"75.29\" r=\"75.29\"\/><path d=\"M113.46,74.79l-61.89,29.4V45.38Z\"\/><\/svg>\n\n          <\/a>\n              <\/figure>\n    <\/div>\n  <\/div>\n<\/section>\n\n\n<section class=\"copy-safead-information  \">\n  <div class=\"row\">\n    <div class=\"col-sm-9\">\n      <div class=\"copy has-headings-font-family\">\n        Wir wissen, dass es schwierig sein kann, den \u00dcberblick \u00fcber alles zu behalten, was Ihre Kinder online \u00fcber die verschiedenen Ger\u00e4te hinweg machen. Das SAFE AD-Wasserzeichen von SuperAwesome sch\u00fctzt Ihr Kind davor, sch\u00e4dliche Werbeinhalte zu sehen. Das bedeutet:\r\n\n      <\/div>\n      <ul>\n                  <li>Kein Kaufdruck<\/li>\n                  <li>Keine sch\u00e4dlichen Inhalte<\/li>\n                  <li>Kein Tracken des Online-Verhaltens<\/li>\n              <\/ul>\n    <\/div>\n    <div class=\"col-sm-3\">\n      <figure class=\"image\">\n        <img decoding=\"async\" src=\"https:\/\/www.superawesome.com\/wp-content\/uploads\/2022\/08\/Images_Web_SALocks.png\" alt=\"\" \/>\n      <\/figure>\n    <\/div>\n  <\/div>\n<\/section>\n\n\n<section class=\"heading-copy-dual-columns  \">\n  <h2 class=\"h1\">Das SAFE AD Wasserzeichen bedeutet:<\/h2>\n  <div class=\"row\">\n          <div class=\"col-sm-6\">\n        <p>Alle Anzeigen, die mit der SuperAwesome-Technologie ausgespielt werden, sind mit einem Wasserzeichen versehen, sodass die Kampagnen den h\u00f6chsten Standard an digitaler Sicherheit f\u00fcr Kinder und Young Teens unter 16 Jahren bieten.<\/p>\n\n      <\/div>\n          <div class=\"col-sm-6\">\n        <p>Der Inhalt der Anzeige ist f\u00fcr unter 16-J\u00e4hrige geeignet, einschlie\u00dflich der Texte, Bilder und Links. Wenn Sie eine Anzeige mit unserem Wasserzeichen sehen und Sie sie f\u00fcr ungeeignet halten, senden Sie uns bitte einen Screenshot an privacy@superawesome.com<\/p>\n\n      <\/div>\n          <div class=\"col-sm-6\">\n        <p>Die Anzeige entspricht den Datenschutzgesetzen wie COPPA in den USA und DSGVO-K in der EU, die speziell f\u00fcr den Schutz junger Zielgruppen entwickelt wurden. Unsere Anzeigen sammeln keine pers\u00f6nlichen Daten und tracken Ihre Kinder niemals im Internet.<\/p>\n\n      <\/div>\n          <div class=\"col-sm-6\">\n        <p>Sowohl der Werbetreibende als auch der Inhalt, in dem die Anzeige erscheint, wurden von unserem fachkundigen Moderationsteam \u00fcberpr\u00fcft, um sicherzustellen, dass sie f\u00fcr Kinder geeignet sind.<\/p>\n\n      <\/div>\n      <\/div>\n<\/section>\n\n\n\n\n<section class=\"block-cta  \">\n  <h2 class=\"medium\">Sind Sie ein Elternteil oder gesetzlicher Vertreter, der f\u00fcr ein Game oder eine App Unterst\u00fctzung sucht? <\/h2>\n\n        <a id=\"cta-btn\" href=\"https:\/\/parents.superawesome.com\/\" class=\"btn btn-primary\" target=\"_self\">\n      Kontakt aufnehmen \n    <\/a>\n  \n\n      <div data-contact-form class=\"contact-form-hubspot\">\n              <!--[if lte IE 8]>\n        <script charset=\"utf-8\" type=\"text\/javascript\" src=\"\/\/js.hsforms.net\/forms\/v2-legacy.js\"><\/script>\n        <![endif]-->\n        <script charset=\"utf-8\" type=\"text\/javascript\" src=\"\/\/js.hsforms.net\/forms\/v2.js\"><\/script>\n      \n      <script>\n        hbspt.forms.create({\n          portalId: \"5009836\",\n          formId: \"d6f951e2-ff41-4a96-ae90-31acdef15f8e\",\n          onFormSubmit: function(){\n            setTimeout(function(){\n              var $thankYou = $('#contact-form-hubspot-thank-you');\n              $thankYou.show();\n              $thankYou.parents().find('.block-cta').first().find('h2').remove();\n            }, 100 );\n          }\n        });\n      <\/script>\n      <div id=\"contact-form-hubspot-thank-you\" class=\"contact-form-hubspot-thank-you\" style=\"display:none\">\n        \n      <\/div>\n    <\/div>\n  \n<\/section>\n","protected":false},"excerpt":{"rendered":"","protected":false},"author":91,"featured_media":0,"parent":0,"menu_order":0,"comment_status":"closed","ping_status":"closed","template":"","meta":{"_acf_changed":false,"content-type":"","_monsterinsights_skip_tracking":false,"_monsterinsights_sitenote_active":false,"_monsterinsights_sitenote_note":"","_monsterinsights_sitenote_category":0,"footnotes":""},"class_list":["post-13516","page","type-page","status-publish","hentry"],"acf":{"spotify_url":"","amazon_music_url":"","sound_cloud_url":""},"yoast_head":"<!-- This site is optimized with the Yoast SEO plugin v27.4 - https:\/\/yoast.com\/product\/yoast-seo-wordpress\/ -->\n<title>Elternteil Oder Politischer Entscheidungstr\u00e4ger - SuperAwesome<\/title>\n<meta name=\"robots\" content=\"index, follow, max-snippet:-1, max-image-preview:large, max-video-preview:-1\" \/>\n<link rel=\"canonical\" href=\"https:\/\/www.superawesome.com\/de\/parents-policy-makers\/\" \/>\n<meta property=\"og:locale\" content=\"de_DE\" \/>\n<meta property=\"og:type\" content=\"article\" \/>\n<meta property=\"og:title\" content=\"Elternteil Oder Politischer Entscheidungstr\u00e4ger - SuperAwesome\" \/>\n<meta property=\"og:url\" content=\"https:\/\/www.superawesome.com\/de\/parents-policy-makers\/\" \/>\n<meta property=\"og:site_name\" content=\"SuperAwesome\" \/>\n<meta property=\"article:modified_time\" content=\"2022-10-03T10:40:12+00:00\" \/>\n<meta property=\"og:image\" content=\"https:\/\/www.superawesome.com\/wp-content\/uploads\/2024\/02\/SA_Thumbnail_noepic.png\" \/>\n\t<meta property=\"og:image:width\" content=\"1920\" \/>\n\t<meta property=\"og:image:height\" content=\"1080\" \/>\n\t<meta property=\"og:image:type\" content=\"image\/png\" \/>\n<meta name=\"twitter:card\" content=\"summary_large_image\" \/>\n<meta name=\"twitter:site\" content=\"@GoSuperAwesome\" \/>\n<script type=\"application\/ld+json\" class=\"yoast-schema-graph\">{\"@context\":\"https:\\\/\\\/schema.org\",\"@graph\":[{\"@type\":\"WebPage\",\"@id\":\"https:\\\/\\\/www.superawesome.com\\\/de\\\/parents-policy-makers\\\/\",\"url\":\"https:\\\/\\\/www.superawesome.com\\\/de\\\/parents-policy-makers\\\/\",\"name\":\"Elternteil Oder Politischer Entscheidungstr\u00e4ger - SuperAwesome\",\"isPartOf\":{\"@id\":\"https:\\\/\\\/www.superawesome.com\\\/#website\"},\"datePublished\":\"2019-06-26T18:16:57+00:00\",\"dateModified\":\"2022-10-03T10:40:12+00:00\",\"breadcrumb\":{\"@id\":\"https:\\\/\\\/www.superawesome.com\\\/de\\\/parents-policy-makers\\\/#breadcrumb\"},\"inLanguage\":\"de-DE\",\"potentialAction\":[{\"@type\":\"ReadAction\",\"target\":[\"https:\\\/\\\/www.superawesome.com\\\/de\\\/parents-policy-makers\\\/\"]}]},{\"@type\":\"BreadcrumbList\",\"@id\":\"https:\\\/\\\/www.superawesome.com\\\/de\\\/parents-policy-makers\\\/#breadcrumb\",\"itemListElement\":[{\"@type\":\"ListItem\",\"position\":1,\"name\":\"Home\",\"item\":\"https:\\\/\\\/www.superawesome.com\\\/\"},{\"@type\":\"ListItem\",\"position\":2,\"name\":\"Elternteil Oder Politischer Entscheidungstr\u00e4ger\"}]},{\"@type\":\"WebSite\",\"@id\":\"https:\\\/\\\/www.superawesome.com\\\/#website\",\"url\":\"https:\\\/\\\/www.superawesome.com\\\/\",\"name\":\"SuperAwesome\",\"description\":\"Powering a better internet for the next generation\",\"publisher\":{\"@id\":\"https:\\\/\\\/www.superawesome.com\\\/#organization\"},\"potentialAction\":[{\"@type\":\"SearchAction\",\"target\":{\"@type\":\"EntryPoint\",\"urlTemplate\":\"https:\\\/\\\/www.superawesome.com\\\/?s={search_term_string}\"},\"query-input\":{\"@type\":\"PropertyValueSpecification\",\"valueRequired\":true,\"valueName\":\"search_term_string\"}}],\"inLanguage\":\"de-DE\"},{\"@type\":\"Organization\",\"@id\":\"https:\\\/\\\/www.superawesome.com\\\/#organization\",\"name\":\"SuperAwesome\",\"url\":\"https:\\\/\\\/www.superawesome.com\\\/\",\"logo\":{\"@type\":\"ImageObject\",\"inLanguage\":\"de-DE\",\"@id\":\"https:\\\/\\\/www.superawesome.com\\\/#\\\/schema\\\/logo\\\/image\\\/\",\"url\":\"https:\\\/\\\/www.superawesome.com\\\/wp-content\\\/uploads\\\/2022\\\/08\\\/SA_Logo_Main.png\",\"contentUrl\":\"https:\\\/\\\/www.superawesome.com\\\/wp-content\\\/uploads\\\/2022\\\/08\\\/SA_Logo_Main.png\",\"width\":400,\"height\":171,\"caption\":\"SuperAwesome\"},\"image\":{\"@id\":\"https:\\\/\\\/www.superawesome.com\\\/#\\\/schema\\\/logo\\\/image\\\/\"},\"sameAs\":[\"https:\\\/\\\/x.com\\\/GoSuperAwesome\"]}]}<\/script>\n<!-- \/ Yoast SEO plugin. -->","yoast_head_json":{"title":"Elternteil Oder Politischer Entscheidungstr\u00e4ger - SuperAwesome","robots":{"index":"index","follow":"follow","max-snippet":"max-snippet:-1","max-image-preview":"max-image-preview:large","max-video-preview":"max-video-preview:-1"},"canonical":"https:\/\/www.superawesome.com\/de\/parents-policy-makers\/","og_locale":"de_DE","og_type":"article","og_title":"Elternteil Oder Politischer Entscheidungstr\u00e4ger - SuperAwesome","og_url":"https:\/\/www.superawesome.com\/de\/parents-policy-makers\/","og_site_name":"SuperAwesome","article_modified_time":"2022-10-03T10:40:12+00:00","og_image":[{"width":1920,"height":1080,"url":"https:\/\/www.superawesome.com\/wp-content\/uploads\/2024\/02\/SA_Thumbnail_noepic.png","type":"image\/png"}],"twitter_card":"summary_large_image","twitter_site":"@GoSuperAwesome","schema":{"@context":"https:\/\/schema.org","@graph":[{"@type":"WebPage","@id":"https:\/\/www.superawesome.com\/de\/parents-policy-makers\/","url":"https:\/\/www.superawesome.com\/de\/parents-policy-makers\/","name":"Elternteil Oder Politischer Entscheidungstr\u00e4ger - SuperAwesome","isPartOf":{"@id":"https:\/\/www.superawesome.com\/#website"},"datePublished":"2019-06-26T18:16:57+00:00","dateModified":"2022-10-03T10:40:12+00:00","breadcrumb":{"@id":"https:\/\/www.superawesome.com\/de\/parents-policy-makers\/#breadcrumb"},"inLanguage":"de-DE","potentialAction":[{"@type":"ReadAction","target":["https:\/\/www.superawesome.com\/de\/parents-policy-makers\/"]}]},{"@type":"BreadcrumbList","@id":"https:\/\/www.superawesome.com\/de\/parents-policy-makers\/#breadcrumb","itemListElement":[{"@type":"ListItem","position":1,"name":"Home","item":"https:\/\/www.superawesome.com\/"},{"@type":"ListItem","position":2,"name":"Elternteil Oder Politischer Entscheidungstr\u00e4ger"}]},{"@type":"WebSite","@id":"https:\/\/www.superawesome.com\/#website","url":"https:\/\/www.superawesome.com\/","name":"SuperAwesome","description":"Powering a better internet for the next generation","publisher":{"@id":"https:\/\/www.superawesome.com\/#organization"},"potentialAction":[{"@type":"SearchAction","target":{"@type":"EntryPoint","urlTemplate":"https:\/\/www.superawesome.com\/?s={search_term_string}"},"query-input":{"@type":"PropertyValueSpecification","valueRequired":true,"valueName":"search_term_string"}}],"inLanguage":"de-DE"},{"@type":"Organization","@id":"https:\/\/www.superawesome.com\/#organization","name":"SuperAwesome","url":"https:\/\/www.superawesome.com\/","logo":{"@type":"ImageObject","inLanguage":"de-DE","@id":"https:\/\/www.superawesome.com\/#\/schema\/logo\/image\/","url":"https:\/\/www.superawesome.com\/wp-content\/uploads\/2022\/08\/SA_Logo_Main.png","contentUrl":"https:\/\/www.superawesome.com\/wp-content\/uploads\/2022\/08\/SA_Logo_Main.png","width":400,"height":171,"caption":"SuperAwesome"},"image":{"@id":"https:\/\/www.superawesome.com\/#\/schema\/logo\/image\/"},"sameAs":["https:\/\/x.com\/GoSuperAwesome"]}]}},"_links":{"self":[{"href":"https:\/\/www.superawesome.com\/de\/wp-json\/wp\/v2\/pages\/13516","targetHints":{"allow":["GET"]}}],"collection":[{"href":"https:\/\/www.superawesome.com\/de\/wp-json\/wp\/v2\/pages"}],"about":[{"href":"https:\/\/www.superawesome.com\/de\/wp-json\/wp\/v2\/types\/page"}],"author":[{"embeddable":true,"href":"https:\/\/www.superawesome.com\/de\/wp-json\/wp\/v2\/users\/91"}],"replies":[{"embeddable":true,"href":"https:\/\/www.superawesome.com\/de\/wp-json\/wp\/v2\/comments?post=13516"}],"version-history":[{"count":0,"href":"https:\/\/www.superawesome.com\/de\/wp-json\/wp\/v2\/pages\/13516\/revisions"}],"wp:attachment":[{"href":"https:\/\/www.superawesome.com\/de\/wp-json\/wp\/v2\/media?parent=13516"}],"curies":[{"name":"wp","href":"https:\/\/api.w.org\/{rel}","templated":true}]}}