{"id":13493,"date":"2019-06-26T18:34:43","date_gmt":"2019-06-26T17:34:43","guid":{"rendered":"https:\/\/www.superawesome.com\/?page_id=13493"},"modified":"2024-01-24T20:15:34","modified_gmt":"2024-01-24T20:15:34","slug":"developers-de","status":"publish","type":"page","link":"https:\/\/www.superawesome.com\/de\/developers-de\/","title":{"rendered":"Entwickler Oder Publisher"},"content":{"rendered":"\n<\/div><!-- container -->\n<section class=\"block-product-hero   \" style=\"background-color:white\">\n      <div class=\"container\">\n  <div class=\"row\">\n    <div class=\"col-md-5\">\n      <div class=\"content\">\n        \n        <h2 class=\"text-black\">Zuverl\u00e4ssige Tools f\u00fcr Entwickler, die sich mit jungen Menschen besch\u00e4ftigen<\/h2>\n        <p class=\"text-black\">Schaffen Sie bestm\u00f6gliche digitale Erlebnisse f\u00fcr unter 16-J\u00e4hrige. Durch unsere branchenweit f\u00fchrende L\u00f6sung zur Verifizierung und Einwilligung der Eltern, erhalten Sie mit SuperAwesome die M\u00f6glichkeit, beeindruckende Funktionen zu aktivieren und Ihre Apps und Spiele f\u00fcr Ihr Publikum unter 16 Jahren sicher zu monetarisieren.<\/p>\n        <div class=\"block-product-hero--buttons flex flex-wrap\">\n                <a href=\"https:\/\/www.superawesome.com\/de\/contact-us\/\" class=\"btn btn-primary m-r-15\" target=\"_self\">\n      Kontakt aufnehmen \n    <\/a>\n  \n            \n        <\/div>\n      <\/div>\n    <\/div>\n\n    <div class=\"col-md-6\">\n              <figure class=\"image\">\n          <img decoding=\"async\" src=\"https:\/\/www.superawesome.com\/wp-content\/uploads\/2022\/08\/SA_2022_Image4-1.png\" alt=\"SA_2022_Image4\">\n        <\/figure>\n          <\/div>\n  <\/div>\n  <\/div>\n  <\/section>\n\n<div class=\"container\">\n\n<\/div> <!-- end .container -->\n\n<section class=\"block-what-we-do  \">\n    <nav class=\"cd-vertical-nav\">\n    <ul class=\"cd-menu\">\n              <li  class=\"section1\"><\/li>\n            <\/ul>\n  <\/nav><!-- .cd-vertical-nav -->\n  <div class=\"what-we-do-sections\">\n          <div id=\"section1\" class=\"cd-section scroll-indicator\">\n      <div class=\"cd-section-container\">\n              <div class=\"section-background\" style=\"background-color: #114bff\"><\/div>\n              <div class=\"content-wrapper\">                       \n          <div class=\"icon-image-container slideinup-no-reset\">\n            <img decoding=\"async\" src=\"https:\/\/www.superawesome.com\/wp-content\/uploads\/2021\/04\/section-1-image.svg\" alt=\"AwesomeAds icon\">\n          <\/div><!-- icon-image-container -->                 \n          <div class=\"section-content slideindown\">\n            <h2>Monetarisieren Sie Ihre Plattform<\/h2>\n            <p>Werden Sie Teil des weltweit gr\u00f6\u00dften digitalen Marktplatzes f\u00fcr Kids, der global \u00fcber 300 Millionen unter 16-J\u00e4hrige erreicht. Nutzen Sie COPPA\/DSGVO-K-konforme Werbung erstklassiger globaler Marken, um Ihre Apps und Spiele effektiv zu monetarisieren.<\/p>\n                            <a href=\"https:\/\/www.superawesome.com\/de\/awesome-ads-for-content-owners-and-platforms-de\/\" class=\"btn-image\" target=\"_self\" title=\"\">\n                                      <img decoding=\"async\" src=\"https:\/\/www.superawesome.com\/wp-content\/uploads\/2021\/04\/AA_Publishers.png\" alt=\"White AwesomeAds Publishers logo\">\n                    <svg xmlns=\"http:\/\/www.w3.org\/2000\/svg\" width=\"37.414\" height=\"12.828\" viewBox=\"0 0 37.414 12.828\">\n                      <g id=\"Group_156\" data-name=\"Group 156\" transform=\"translate(-1042 -3450.586)\">\n                        <line id=\"Line_48\" data-name=\"Line 48\" x2=\"35\" transform=\"translate(1043 3457)\" fill=\"none\" stroke=\"#fff\" stroke-linecap=\"round\" stroke-width=\"2\"\/>\n                        <g id=\"Group_155\" data-name=\"Group 155\" transform=\"translate(4539.5 2357.5) rotate(90)\">\n                          <line id=\"Line_49\" data-name=\"Line 49\" y1=\"5\" x2=\"5\" transform=\"translate(1094.5 3461.5)\" fill=\"none\" stroke=\"#fff\" stroke-linecap=\"round\" stroke-width=\"2\"\/>\n                          <line id=\"Line_50\" data-name=\"Line 50\" x1=\"5\" y1=\"5\" transform=\"translate(1099.5 3461.5)\" fill=\"none\" stroke=\"#fff\" stroke-linecap=\"round\" stroke-width=\"2\"\/>\n                        <\/g>\n                      <\/g>\n                    <\/svg>\n                                  <\/a>\n                        <\/div>\n        <\/div><!-- content-wrapper -->\n        <\/div><!-- cd-section-container -->\n      <\/div><!-- cd-section -->\n        <\/div><!-- what-we-do-sections -->\n<\/section>\n\n<div class=\"container\">\n\n<\/div> <!-- end .container -->\n\n<section class=\"block-brands  mb-1\">\n  <h2 class=\"slideindown\">Trusted by over 300 of the top brands and content owners<\/h2>\n  <div class=\"container\">\n    <ul class=\"brands-list\">\n      <li><img decoding=\"async\" src=\"https:\/\/www.superawesome.com\/wp-content\/uploads\/2021\/04\/Nike.png\" alt=\"Nike logo\" width=\"106.5\"><\/li>\n      <li><img decoding=\"async\" src=\"https:\/\/www.superawesome.com\/wp-content\/uploads\/2021\/04\/Outfit7.png\" alt=\"Outfit7 logo\" width=\"100.5\"><\/li>\n      <li><img decoding=\"async\" src=\"https:\/\/www.superawesome.com\/wp-content\/uploads\/2021\/04\/Netflix.png\" alt=\"Netflix logo\" width=\"150.5\"><\/li>\n      <li><img decoding=\"async\" src=\"https:\/\/www.superawesome.com\/wp-content\/uploads\/2021\/04\/Nick.png\" alt=\"Nickelodeon logo\" width=\"250.5\"><\/li>\n      <li><img decoding=\"async\" src=\"https:\/\/www.superawesome.com\/wp-content\/uploads\/2021\/04\/Warner-Bros.png\" alt=\"Warner Brothers Logo\" width=\"150.5\"><\/li>\n      <li><img decoding=\"async\" src=\"https:\/\/www.superawesome.com\/wp-content\/uploads\/2021\/04\/EA.png\" alt=\"EA logo\" width=\"100.5\"><\/li>\n      <li><img decoding=\"async\" src=\"https:\/\/www.superawesome.com\/wp-content\/uploads\/2021\/04\/Sega.png\" alt=\"SEGA logo\" width=\"125.5\"><\/li>\n      <li><img decoding=\"async\" src=\"\" alt=\"\" width=\"0\"><\/li>\n      <li><img decoding=\"async\" src=\"https:\/\/www.superawesome.com\/wp-content\/uploads\/2021\/04\/Kelloggs.png\" alt=\"Kelloggs logo\" width=\"150.5\"><\/li>\n      <li><img decoding=\"async\" src=\"https:\/\/www.superawesome.com\/wp-content\/uploads\/2021\/04\/Hasbro.png\" alt=\"Hasbro logo\" width=\"250\"><\/li>\n      <li><img decoding=\"async\" src=\"https:\/\/www.superawesome.com\/wp-content\/uploads\/2021\/04\/Mattel.png\" alt=\"Mattel logo\" width=\"108.5\"><\/li>\n      <li><img decoding=\"async\" src=\"https:\/\/www.superawesome.com\/wp-content\/uploads\/2021\/04\/Unilever.png\" alt=\"Unilever logo\" width=\"125.5\"><\/li>\n    <\/ul>\n  <\/div>\n<\/section>\n\n<div class=\"wave-separator\"><\/div>\n\n<div class=\"container\">\n\n\n\n<section class=\"block-cta  \">\n  <h2 class=\"medium\">Sie m\u00f6chten noch mehr erfahren?<\/h2>\n\n        <a id=\"cta-btn\" href=\"https:\/\/www.superawesome.com\/de\/contact-us\/\" class=\"btn btn-primary\" target=\"_self\">\n      Kontakt aufnehmen \n    <\/a>\n  \n\n      <div data-contact-form class=\"contact-form-hubspot\">\n              <!--[if lte IE 8]>\n        <script charset=\"utf-8\" type=\"text\/javascript\" src=\"\/\/js.hsforms.net\/forms\/v2-legacy.js\"><\/script>\n        <![endif]-->\n        <script charset=\"utf-8\" type=\"text\/javascript\" src=\"\/\/js.hsforms.net\/forms\/v2.js\"><\/script>\n      \n      <script>\n        hbspt.forms.create({\n          portalId: \"5009836\",\n          formId: \"d6f951e2-ff41-4a96-ae90-31acdef15f8e\",\n          onFormSubmit: function(){\n            setTimeout(function(){\n              var $thankYou = $('#contact-form-hubspot-thank-you');\n              $thankYou.show();\n              $thankYou.parents().find('.block-cta').first().find('h2').remove();\n            }, 100 );\n          }\n        });\n      <\/script>\n      <div id=\"contact-form-hubspot-thank-you\" class=\"contact-form-hubspot-thank-you\" style=\"display:none\">\n        \n      <\/div>\n    <\/div>\n  \n<\/section>\n","protected":false},"excerpt":{"rendered":"","protected":false},"author":91,"featured_media":0,"parent":0,"menu_order":0,"comment_status":"closed","ping_status":"closed","template":"","meta":{"_acf_changed":false,"content-type":"","_monsterinsights_skip_tracking":false,"_monsterinsights_sitenote_active":false,"_monsterinsights_sitenote_note":"","_monsterinsights_sitenote_category":0,"footnotes":""},"class_list":["post-13493","page","type-page","status-publish","hentry"],"acf":{"spotify_url":"","amazon_music_url":"","sound_cloud_url":""},"yoast_head":"<!-- This site is optimized with the Yoast SEO plugin v26.8 - https:\/\/yoast.com\/product\/yoast-seo-wordpress\/ -->\n<title>Entwickler Oder Publisher - SuperAwesome<\/title>\n<meta name=\"robots\" content=\"index, follow, max-snippet:-1, max-image-preview:large, max-video-preview:-1\" \/>\n<link rel=\"canonical\" href=\"https:\/\/www.superawesome.com\/de\/developers-de\/\" \/>\n<meta property=\"og:locale\" content=\"de_DE\" \/>\n<meta property=\"og:type\" content=\"article\" \/>\n<meta property=\"og:title\" content=\"Entwickler Oder Publisher - SuperAwesome\" \/>\n<meta property=\"og:url\" content=\"https:\/\/www.superawesome.com\/de\/developers-de\/\" \/>\n<meta property=\"og:site_name\" content=\"SuperAwesome\" \/>\n<meta property=\"article:modified_time\" content=\"2024-01-24T20:15:34+00:00\" \/>\n<meta property=\"og:image\" content=\"https:\/\/www.superawesome.com\/wp-content\/uploads\/2024\/02\/SA_Thumbnail_noepic.png\" \/>\n\t<meta property=\"og:image:width\" content=\"1920\" \/>\n\t<meta property=\"og:image:height\" content=\"1080\" \/>\n\t<meta property=\"og:image:type\" content=\"image\/png\" \/>\n<meta name=\"twitter:card\" content=\"summary_large_image\" \/>\n<meta name=\"twitter:site\" content=\"@GoSuperAwesome\" \/>\n<script type=\"application\/ld+json\" class=\"yoast-schema-graph\">{\"@context\":\"https:\/\/schema.org\",\"@graph\":[{\"@type\":\"WebPage\",\"@id\":\"https:\/\/www.superawesome.com\/de\/developers-de\/\",\"url\":\"https:\/\/www.superawesome.com\/de\/developers-de\/\",\"name\":\"Entwickler Oder Publisher - SuperAwesome\",\"isPartOf\":{\"@id\":\"https:\/\/www.superawesome.com\/#website\"},\"datePublished\":\"2019-06-26T17:34:43+00:00\",\"dateModified\":\"2024-01-24T20:15:34+00:00\",\"breadcrumb\":{\"@id\":\"https:\/\/www.superawesome.com\/de\/developers-de\/#breadcrumb\"},\"inLanguage\":\"de-DE\",\"potentialAction\":[{\"@type\":\"ReadAction\",\"target\":[\"https:\/\/www.superawesome.com\/de\/developers-de\/\"]}]},{\"@type\":\"BreadcrumbList\",\"@id\":\"https:\/\/www.superawesome.com\/de\/developers-de\/#breadcrumb\",\"itemListElement\":[{\"@type\":\"ListItem\",\"position\":1,\"name\":\"Home\",\"item\":\"https:\/\/www.superawesome.com\/\"},{\"@type\":\"ListItem\",\"position\":2,\"name\":\"Entwickler Oder Publisher\"}]},{\"@type\":\"WebSite\",\"@id\":\"https:\/\/www.superawesome.com\/#website\",\"url\":\"https:\/\/www.superawesome.com\/\",\"name\":\"SuperAwesome\",\"description\":\"Powering a better internet for the next generation\",\"publisher\":{\"@id\":\"https:\/\/www.superawesome.com\/#organization\"},\"potentialAction\":[{\"@type\":\"SearchAction\",\"target\":{\"@type\":\"EntryPoint\",\"urlTemplate\":\"https:\/\/www.superawesome.com\/?s={search_term_string}\"},\"query-input\":{\"@type\":\"PropertyValueSpecification\",\"valueRequired\":true,\"valueName\":\"search_term_string\"}}],\"inLanguage\":\"de-DE\"},{\"@type\":\"Organization\",\"@id\":\"https:\/\/www.superawesome.com\/#organization\",\"name\":\"SuperAwesome\",\"url\":\"https:\/\/www.superawesome.com\/\",\"logo\":{\"@type\":\"ImageObject\",\"inLanguage\":\"de-DE\",\"@id\":\"https:\/\/www.superawesome.com\/#\/schema\/logo\/image\/\",\"url\":\"https:\/\/www.superawesome.com\/wp-content\/uploads\/2022\/08\/SA_Logo_Main.png\",\"contentUrl\":\"https:\/\/www.superawesome.com\/wp-content\/uploads\/2022\/08\/SA_Logo_Main.png\",\"width\":400,\"height\":171,\"caption\":\"SuperAwesome\"},\"image\":{\"@id\":\"https:\/\/www.superawesome.com\/#\/schema\/logo\/image\/\"},\"sameAs\":[\"https:\/\/x.com\/GoSuperAwesome\"]}]}<\/script>\n<!-- \/ Yoast SEO plugin. -->","yoast_head_json":{"title":"Entwickler Oder Publisher - SuperAwesome","robots":{"index":"index","follow":"follow","max-snippet":"max-snippet:-1","max-image-preview":"max-image-preview:large","max-video-preview":"max-video-preview:-1"},"canonical":"https:\/\/www.superawesome.com\/de\/developers-de\/","og_locale":"de_DE","og_type":"article","og_title":"Entwickler Oder Publisher - SuperAwesome","og_url":"https:\/\/www.superawesome.com\/de\/developers-de\/","og_site_name":"SuperAwesome","article_modified_time":"2024-01-24T20:15:34+00:00","og_image":[{"width":1920,"height":1080,"url":"https:\/\/www.superawesome.com\/wp-content\/uploads\/2024\/02\/SA_Thumbnail_noepic.png","type":"image\/png"}],"twitter_card":"summary_large_image","twitter_site":"@GoSuperAwesome","schema":{"@context":"https:\/\/schema.org","@graph":[{"@type":"WebPage","@id":"https:\/\/www.superawesome.com\/de\/developers-de\/","url":"https:\/\/www.superawesome.com\/de\/developers-de\/","name":"Entwickler Oder Publisher - SuperAwesome","isPartOf":{"@id":"https:\/\/www.superawesome.com\/#website"},"datePublished":"2019-06-26T17:34:43+00:00","dateModified":"2024-01-24T20:15:34+00:00","breadcrumb":{"@id":"https:\/\/www.superawesome.com\/de\/developers-de\/#breadcrumb"},"inLanguage":"de-DE","potentialAction":[{"@type":"ReadAction","target":["https:\/\/www.superawesome.com\/de\/developers-de\/"]}]},{"@type":"BreadcrumbList","@id":"https:\/\/www.superawesome.com\/de\/developers-de\/#breadcrumb","itemListElement":[{"@type":"ListItem","position":1,"name":"Home","item":"https:\/\/www.superawesome.com\/"},{"@type":"ListItem","position":2,"name":"Entwickler Oder Publisher"}]},{"@type":"WebSite","@id":"https:\/\/www.superawesome.com\/#website","url":"https:\/\/www.superawesome.com\/","name":"SuperAwesome","description":"Powering a better internet for the next generation","publisher":{"@id":"https:\/\/www.superawesome.com\/#organization"},"potentialAction":[{"@type":"SearchAction","target":{"@type":"EntryPoint","urlTemplate":"https:\/\/www.superawesome.com\/?s={search_term_string}"},"query-input":{"@type":"PropertyValueSpecification","valueRequired":true,"valueName":"search_term_string"}}],"inLanguage":"de-DE"},{"@type":"Organization","@id":"https:\/\/www.superawesome.com\/#organization","name":"SuperAwesome","url":"https:\/\/www.superawesome.com\/","logo":{"@type":"ImageObject","inLanguage":"de-DE","@id":"https:\/\/www.superawesome.com\/#\/schema\/logo\/image\/","url":"https:\/\/www.superawesome.com\/wp-content\/uploads\/2022\/08\/SA_Logo_Main.png","contentUrl":"https:\/\/www.superawesome.com\/wp-content\/uploads\/2022\/08\/SA_Logo_Main.png","width":400,"height":171,"caption":"SuperAwesome"},"image":{"@id":"https:\/\/www.superawesome.com\/#\/schema\/logo\/image\/"},"sameAs":["https:\/\/x.com\/GoSuperAwesome"]}]}},"_links":{"self":[{"href":"https:\/\/www.superawesome.com\/de\/wp-json\/wp\/v2\/pages\/13493","targetHints":{"allow":["GET"]}}],"collection":[{"href":"https:\/\/www.superawesome.com\/de\/wp-json\/wp\/v2\/pages"}],"about":[{"href":"https:\/\/www.superawesome.com\/de\/wp-json\/wp\/v2\/types\/page"}],"author":[{"embeddable":true,"href":"https:\/\/www.superawesome.com\/de\/wp-json\/wp\/v2\/users\/91"}],"replies":[{"embeddable":true,"href":"https:\/\/www.superawesome.com\/de\/wp-json\/wp\/v2\/comments?post=13493"}],"version-history":[{"count":0,"href":"https:\/\/www.superawesome.com\/de\/wp-json\/wp\/v2\/pages\/13493\/revisions"}],"wp:attachment":[{"href":"https:\/\/www.superawesome.com\/de\/wp-json\/wp\/v2\/media?parent=13493"}],"curies":[{"name":"wp","href":"https:\/\/api.w.org\/{rel}","templated":true}]}}