{"id":13484,"date":"2019-06-26T18:18:24","date_gmt":"2019-06-26T17:18:24","guid":{"rendered":"https:\/\/www.superawesome.com\/?page_id=13484"},"modified":"2023-01-12T15:05:51","modified_gmt":"2023-01-12T15:05:51","slug":"creators-influencers-de","status":"publish","type":"page","link":"https:\/\/www.superawesome.com\/de\/creators-influencers-de\/","title":{"rendered":"Creator Oder Influencer"},"content":{"rendered":"\n<\/div><!-- container -->\n<section class=\"block-product-hero   \" style=\"background-color:white\">\n      <div class=\"container\">\n  <div class=\"row\">\n    <div class=\"col-md-5\">\n      <div class=\"content\">\n        \n        <h2 class=\"text-black\">Arbeiten Sie bei globalen Kampagnen mit den gr\u00f6\u00dften Jugend- und Familienmarken der Welt zusammen<\/h2>\n        <p class=\"text-black\">Die Marken, mit denen wir zusammenarbeiten, suchen passende Talente, um sicheren Content f\u00fcr ein junges Publikum zu erstellen. Unser SafeFam-Programm hilft dabei, die Anforderungen an die Erstellung von Inhalten f\u00fcr diese Zielgruppe besser zu verstehen und erm\u00f6glicht so die Erschlie\u00dfung neuer Partnerschaften.<\/p>\n        <div class=\"block-product-hero--buttons flex flex-wrap\">\n                <a href=\"https:\/\/www.superawesome.com\/de\/safefam\/\" class=\"btn btn-primary m-r-15\" target=\"_self\">\n      Mehr \u00fcber SafeFam\n    <\/a>\n  \n            \n        <\/div>\n      <\/div>\n    <\/div>\n\n    <div class=\"col-md-6\">\n              <figure class=\"image\">\n          <img decoding=\"async\" src=\"\" alt=\"\">\n        <\/figure>\n          <\/div>\n  <\/div>\n  <\/div>\n  <\/section>\n\n<div class=\"container\">\n\n\n\n<\/div><!-- container -->\n\n<section class=\"block-skewed  mb-96 remove-top-margin \" style=\"z-index:99;\">\n\n    <div class=\"skewed-content-container\">\n        \n        <div class=\"section-background\" style=\"background-color: #6806ee\"><\/div>\n\n        <div class=\"content slideindown\"><h2 style=\"text-align: center;\">Arbeiten Sie mit f\u00fchrenden Marken f\u00fcr Kids, Young Teens und Familien<\/h2>\n<\/div>\n\n    <\/div>\n\n<\/section>\n\n<div class=\"container\">\n\n<\/div><!-- container -->\n<div class=\"container icon-cards-container\">\n<section class=\"block-icon-cards 3   slideindownnomobile\">\n    <h2>So k\u00f6nnen wir zusammenarbeiten:<\/h2>    \n        <div class=\"cards slideindownnomobile\">\n            <div class=\"card card-hover-state  text-centered\">\n                    <figure class=\"card-icon\" style=\"max-width:190px\">\n                <img decoding=\"async\" class=\"style-\" src=\"https:\/\/www.superawesome.com\/wp-content\/uploads\/2022\/08\/SA_NewIcons_Blue-73.png\" alt=\"SA_NewIcons_Blue-73\">\n            <\/figure>\n                            <h3>Marken-Deals<\/h3>\n                    <p class=\"card-text\">Wir arbeiten bei Influencer-Kampagnen mit globalen Marken auf allen f\u00fchrenden sozialen Plattformen zusammen.\r\n<\/p>\n                <\/div>\n            <div class=\"card card-hover-state  text-centered\">\n                    <figure class=\"card-icon\" style=\"max-width:190px\">\n                <img decoding=\"async\" class=\"style-\" src=\"https:\/\/www.superawesome.com\/wp-content\/uploads\/2022\/08\/SA_NewIcons_Blue-88.png\" alt=\"SA_NewIcons_Blue-88\">\n            <\/figure>\n                            <h3>Earned Media-M\u00f6glichkeiten<\/h3>\n                    <p class=\"card-text\">Wir arbeiten mit Nano- und Mikro-Influencern zusammen und helfen aufstrebenden Talenten, starke Beziehungen zu Marken aufzubauen.<\/p>\n                <\/div>\n            <div class=\"card card-hover-state  text-centered\">\n                    <figure class=\"card-icon\" style=\"max-width:190px\">\n                <img decoding=\"async\" class=\"style-\" src=\"https:\/\/www.superawesome.com\/wp-content\/uploads\/2022\/08\/SA_NewIcons_Blue-96.png\" alt=\"SA_NewIcons_Blue-96\">\n            <\/figure>\n                            <h3>Recherche-Projekte<\/h3>\n                    <p class=\"card-text\">Wir f\u00fchren Recherche-Projekte f\u00fcr Marken in Zusammenarbeit mit Influencern durch. Marken m\u00f6chten Ihr Feedback zu den neuesten Produkten einholen, wenn Sie sind Early Adopter sind.<\/p>\n                <\/div>\n        <\/div><!-- .cards -->\n    <\/section>\n<\/div><!-- container -->\n<div class=\"container\">\n\n<\/div> <!-- end .container -->\n\n<section class=\"block-brands  mb-1\">\n  <h2 class=\"slideindown\">Wir genie\u00dfen das Vertrauen von mehr als <strong>300<\/strong> der wichtigsten Marken und Content-Ownern<\/h2>\n  <div class=\"container\">\n    <ul class=\"brands-list\">\n      <li><img decoding=\"async\" src=\"https:\/\/www.superawesome.com\/wp-content\/uploads\/2021\/04\/Nike.png\" alt=\"Nike logo\" width=\"106.5\"><\/li>\n      <li><img decoding=\"async\" src=\"https:\/\/www.superawesome.com\/wp-content\/uploads\/2021\/04\/Outfit7.png\" alt=\"Outfit7 logo\" width=\"100.5\"><\/li>\n      <li><img decoding=\"async\" src=\"https:\/\/www.superawesome.com\/wp-content\/uploads\/2021\/04\/Netflix.png\" alt=\"Netflix logo\" width=\"150.5\"><\/li>\n      <li><img decoding=\"async\" src=\"https:\/\/www.superawesome.com\/wp-content\/uploads\/2021\/04\/Nick.png\" alt=\"Nickelodeon logo\" width=\"250.5\"><\/li>\n      <li><img decoding=\"async\" src=\"https:\/\/www.superawesome.com\/wp-content\/uploads\/2021\/04\/Warner-Bros.png\" alt=\"Warner Brothers Logo\" width=\"150.5\"><\/li>\n      <li><img decoding=\"async\" src=\"https:\/\/www.superawesome.com\/wp-content\/uploads\/2021\/04\/EA.png\" alt=\"EA logo\" width=\"100.5\"><\/li>\n      <li><img decoding=\"async\" src=\"https:\/\/www.superawesome.com\/wp-content\/uploads\/2021\/04\/Sega.png\" alt=\"SEGA logo\" width=\"125.5\"><\/li>\n      <li><img decoding=\"async\" src=\"\" alt=\"\" width=\"0\"><\/li>\n      <li><img decoding=\"async\" src=\"https:\/\/www.superawesome.com\/wp-content\/uploads\/2021\/04\/Kelloggs.png\" alt=\"Kelloggs logo\" width=\"150.5\"><\/li>\n      <li><img decoding=\"async\" src=\"https:\/\/www.superawesome.com\/wp-content\/uploads\/2021\/04\/Hasbro.png\" alt=\"Hasbro logo\" width=\"250\"><\/li>\n      <li><img decoding=\"async\" src=\"https:\/\/www.superawesome.com\/wp-content\/uploads\/2021\/04\/Mattel.png\" alt=\"Mattel logo\" width=\"108.5\"><\/li>\n      <li><img decoding=\"async\" src=\"https:\/\/www.superawesome.com\/wp-content\/uploads\/2021\/04\/Unilever.png\" alt=\"Unilever logo\" width=\"125.5\"><\/li>\n    <\/ul>\n  <\/div>\n<\/section>\n\n<div class=\"wave-separator\"><\/div>\n\n<div class=\"container\">\n\n\n\n<section class=\"block-cta  \">\n  <h2 class=\"medium\">Arbeiten wir zusammen!<\/h2>\n\n        <a id=\"cta-btn\" href=\"https:\/\/www.superawesome.com\/de\/contact-us\/\" class=\"btn btn-primary\" target=\"_self\">\n      Kontakt aufnehmen \n    <\/a>\n  \n\n      <div data-contact-form class=\"contact-form-hubspot\">\n              <!--[if lte IE 8]>\n        <script charset=\"utf-8\" type=\"text\/javascript\" src=\"\/\/js.hsforms.net\/forms\/v2-legacy.js\"><\/script>\n        <![endif]-->\n        <script charset=\"utf-8\" type=\"text\/javascript\" src=\"\/\/js.hsforms.net\/forms\/v2.js\"><\/script>\n      \n      <script>\n        hbspt.forms.create({\n          portalId: \"5009836\",\n          formId: \"d6f951e2-ff41-4a96-ae90-31acdef15f8e\",\n          onFormSubmit: function(){\n            setTimeout(function(){\n              var $thankYou = $('#contact-form-hubspot-thank-you');\n              $thankYou.show();\n              $thankYou.parents().find('.block-cta').first().find('h2').remove();\n            }, 100 );\n          }\n        });\n      <\/script>\n      <div id=\"contact-form-hubspot-thank-you\" class=\"contact-form-hubspot-thank-you\" style=\"display:none\">\n        \n      <\/div>\n    <\/div>\n  \n<\/section>\n","protected":false},"excerpt":{"rendered":"","protected":false},"author":91,"featured_media":0,"parent":0,"menu_order":0,"comment_status":"closed","ping_status":"closed","template":"","meta":{"_acf_changed":false,"content-type":"","_monsterinsights_skip_tracking":false,"_monsterinsights_sitenote_active":false,"_monsterinsights_sitenote_note":"","_monsterinsights_sitenote_category":0,"footnotes":""},"class_list":["post-13484","page","type-page","status-publish","hentry"],"acf":{"spotify_url":"","amazon_music_url":"","sound_cloud_url":""},"yoast_head":"<!-- This site is optimized with the Yoast SEO plugin v26.8 - https:\/\/yoast.com\/product\/yoast-seo-wordpress\/ -->\n<title>Creator Oder Influencer - SuperAwesome<\/title>\n<meta name=\"robots\" content=\"index, follow, max-snippet:-1, max-image-preview:large, max-video-preview:-1\" \/>\n<link rel=\"canonical\" href=\"https:\/\/www.superawesome.com\/de\/creators-influencers-de\/\" \/>\n<meta property=\"og:locale\" content=\"de_DE\" \/>\n<meta property=\"og:type\" content=\"article\" \/>\n<meta property=\"og:title\" content=\"Creator Oder Influencer - SuperAwesome\" \/>\n<meta property=\"og:url\" content=\"https:\/\/www.superawesome.com\/de\/creators-influencers-de\/\" \/>\n<meta property=\"og:site_name\" content=\"SuperAwesome\" \/>\n<meta property=\"article:modified_time\" content=\"2023-01-12T15:05:51+00:00\" \/>\n<meta property=\"og:image\" content=\"https:\/\/www.superawesome.com\/wp-content\/uploads\/2024\/02\/SA_Thumbnail_noepic.png\" \/>\n\t<meta property=\"og:image:width\" content=\"1920\" \/>\n\t<meta property=\"og:image:height\" content=\"1080\" \/>\n\t<meta property=\"og:image:type\" content=\"image\/png\" \/>\n<meta name=\"twitter:card\" content=\"summary_large_image\" \/>\n<meta name=\"twitter:site\" content=\"@GoSuperAwesome\" \/>\n<script type=\"application\/ld+json\" class=\"yoast-schema-graph\">{\"@context\":\"https:\/\/schema.org\",\"@graph\":[{\"@type\":\"WebPage\",\"@id\":\"https:\/\/www.superawesome.com\/de\/creators-influencers-de\/\",\"url\":\"https:\/\/www.superawesome.com\/de\/creators-influencers-de\/\",\"name\":\"Creator Oder Influencer - SuperAwesome\",\"isPartOf\":{\"@id\":\"https:\/\/www.superawesome.com\/#website\"},\"datePublished\":\"2019-06-26T17:18:24+00:00\",\"dateModified\":\"2023-01-12T15:05:51+00:00\",\"breadcrumb\":{\"@id\":\"https:\/\/www.superawesome.com\/de\/creators-influencers-de\/#breadcrumb\"},\"inLanguage\":\"de-DE\",\"potentialAction\":[{\"@type\":\"ReadAction\",\"target\":[\"https:\/\/www.superawesome.com\/de\/creators-influencers-de\/\"]}]},{\"@type\":\"BreadcrumbList\",\"@id\":\"https:\/\/www.superawesome.com\/de\/creators-influencers-de\/#breadcrumb\",\"itemListElement\":[{\"@type\":\"ListItem\",\"position\":1,\"name\":\"Home\",\"item\":\"https:\/\/www.superawesome.com\/\"},{\"@type\":\"ListItem\",\"position\":2,\"name\":\"Creator Oder Influencer\"}]},{\"@type\":\"WebSite\",\"@id\":\"https:\/\/www.superawesome.com\/#website\",\"url\":\"https:\/\/www.superawesome.com\/\",\"name\":\"SuperAwesome\",\"description\":\"Powering a better internet for the next generation\",\"publisher\":{\"@id\":\"https:\/\/www.superawesome.com\/#organization\"},\"potentialAction\":[{\"@type\":\"SearchAction\",\"target\":{\"@type\":\"EntryPoint\",\"urlTemplate\":\"https:\/\/www.superawesome.com\/?s={search_term_string}\"},\"query-input\":{\"@type\":\"PropertyValueSpecification\",\"valueRequired\":true,\"valueName\":\"search_term_string\"}}],\"inLanguage\":\"de-DE\"},{\"@type\":\"Organization\",\"@id\":\"https:\/\/www.superawesome.com\/#organization\",\"name\":\"SuperAwesome\",\"url\":\"https:\/\/www.superawesome.com\/\",\"logo\":{\"@type\":\"ImageObject\",\"inLanguage\":\"de-DE\",\"@id\":\"https:\/\/www.superawesome.com\/#\/schema\/logo\/image\/\",\"url\":\"https:\/\/www.superawesome.com\/wp-content\/uploads\/2022\/08\/SA_Logo_Main.png\",\"contentUrl\":\"https:\/\/www.superawesome.com\/wp-content\/uploads\/2022\/08\/SA_Logo_Main.png\",\"width\":400,\"height\":171,\"caption\":\"SuperAwesome\"},\"image\":{\"@id\":\"https:\/\/www.superawesome.com\/#\/schema\/logo\/image\/\"},\"sameAs\":[\"https:\/\/x.com\/GoSuperAwesome\"]}]}<\/script>\n<!-- \/ Yoast SEO plugin. -->","yoast_head_json":{"title":"Creator Oder Influencer - SuperAwesome","robots":{"index":"index","follow":"follow","max-snippet":"max-snippet:-1","max-image-preview":"max-image-preview:large","max-video-preview":"max-video-preview:-1"},"canonical":"https:\/\/www.superawesome.com\/de\/creators-influencers-de\/","og_locale":"de_DE","og_type":"article","og_title":"Creator Oder Influencer - SuperAwesome","og_url":"https:\/\/www.superawesome.com\/de\/creators-influencers-de\/","og_site_name":"SuperAwesome","article_modified_time":"2023-01-12T15:05:51+00:00","og_image":[{"width":1920,"height":1080,"url":"https:\/\/www.superawesome.com\/wp-content\/uploads\/2024\/02\/SA_Thumbnail_noepic.png","type":"image\/png"}],"twitter_card":"summary_large_image","twitter_site":"@GoSuperAwesome","schema":{"@context":"https:\/\/schema.org","@graph":[{"@type":"WebPage","@id":"https:\/\/www.superawesome.com\/de\/creators-influencers-de\/","url":"https:\/\/www.superawesome.com\/de\/creators-influencers-de\/","name":"Creator Oder Influencer - SuperAwesome","isPartOf":{"@id":"https:\/\/www.superawesome.com\/#website"},"datePublished":"2019-06-26T17:18:24+00:00","dateModified":"2023-01-12T15:05:51+00:00","breadcrumb":{"@id":"https:\/\/www.superawesome.com\/de\/creators-influencers-de\/#breadcrumb"},"inLanguage":"de-DE","potentialAction":[{"@type":"ReadAction","target":["https:\/\/www.superawesome.com\/de\/creators-influencers-de\/"]}]},{"@type":"BreadcrumbList","@id":"https:\/\/www.superawesome.com\/de\/creators-influencers-de\/#breadcrumb","itemListElement":[{"@type":"ListItem","position":1,"name":"Home","item":"https:\/\/www.superawesome.com\/"},{"@type":"ListItem","position":2,"name":"Creator Oder Influencer"}]},{"@type":"WebSite","@id":"https:\/\/www.superawesome.com\/#website","url":"https:\/\/www.superawesome.com\/","name":"SuperAwesome","description":"Powering a better internet for the next generation","publisher":{"@id":"https:\/\/www.superawesome.com\/#organization"},"potentialAction":[{"@type":"SearchAction","target":{"@type":"EntryPoint","urlTemplate":"https:\/\/www.superawesome.com\/?s={search_term_string}"},"query-input":{"@type":"PropertyValueSpecification","valueRequired":true,"valueName":"search_term_string"}}],"inLanguage":"de-DE"},{"@type":"Organization","@id":"https:\/\/www.superawesome.com\/#organization","name":"SuperAwesome","url":"https:\/\/www.superawesome.com\/","logo":{"@type":"ImageObject","inLanguage":"de-DE","@id":"https:\/\/www.superawesome.com\/#\/schema\/logo\/image\/","url":"https:\/\/www.superawesome.com\/wp-content\/uploads\/2022\/08\/SA_Logo_Main.png","contentUrl":"https:\/\/www.superawesome.com\/wp-content\/uploads\/2022\/08\/SA_Logo_Main.png","width":400,"height":171,"caption":"SuperAwesome"},"image":{"@id":"https:\/\/www.superawesome.com\/#\/schema\/logo\/image\/"},"sameAs":["https:\/\/x.com\/GoSuperAwesome"]}]}},"_links":{"self":[{"href":"https:\/\/www.superawesome.com\/de\/wp-json\/wp\/v2\/pages\/13484","targetHints":{"allow":["GET"]}}],"collection":[{"href":"https:\/\/www.superawesome.com\/de\/wp-json\/wp\/v2\/pages"}],"about":[{"href":"https:\/\/www.superawesome.com\/de\/wp-json\/wp\/v2\/types\/page"}],"author":[{"embeddable":true,"href":"https:\/\/www.superawesome.com\/de\/wp-json\/wp\/v2\/users\/91"}],"replies":[{"embeddable":true,"href":"https:\/\/www.superawesome.com\/de\/wp-json\/wp\/v2\/comments?post=13484"}],"version-history":[{"count":0,"href":"https:\/\/www.superawesome.com\/de\/wp-json\/wp\/v2\/pages\/13484\/revisions"}],"wp:attachment":[{"href":"https:\/\/www.superawesome.com\/de\/wp-json\/wp\/v2\/media?parent=13484"}],"curies":[{"name":"wp","href":"https:\/\/api.w.org\/{rel}","templated":true}]}}