{"id":13473,"date":"2020-12-07T17:57:41","date_gmt":"2020-12-07T17:57:41","guid":{"rendered":"https:\/\/www.superawesome.com\/?page_id=13473"},"modified":"2022-09-13T11:30:00","modified_gmt":"2022-09-13T11:30:00","slug":"penguin-young-readers-case-study-de","status":"publish","type":"page","link":"https:\/\/www.superawesome.com\/de\/penguin-young-readers-case-study-de\/","title":{"rendered":"Penguin Young Readers Fallstudie"},"content":{"rendered":"\n<\/div><!-- container -->\n<section class=\"block-product-hero   \" style=\"background-color:white\">\n      <div class=\"container\">\n  <div class=\"row\">\n    <div class=\"col-md-5\">\n      <div class=\"content\">\n        \n        <h2 class=\"text-black\">Penguin Young Readers steigerte mit SuperAwesome Creators und PopJam die Interaktion der Marke mit ihrem jungen Publikum<\/h2>\n        <p class=\"text-black\">\ud83d\udccd Standort: US<\/p>\n        <div class=\"block-product-hero--buttons flex flex-wrap\">\n            \n            \n        <\/div>\n      <\/div>\n    <\/div>\n\n    <div class=\"col-md-6\">\n              <figure class=\"image\">\n          <img decoding=\"async\" src=\"https:\/\/www.superawesome.com\/wp-content\/uploads\/2021\/05\/penguin_young_readers-01-scaled.jpeg\" alt=\"Penguin Young Readers Case Study logo\">\n        <\/figure>\n          <\/div>\n  <\/div>\n  <\/div>\n  <\/section>\n\n<div class=\"container\">\n\n\n\n<\/div><!-- container -->\n\n<section class=\"block-skewed  mb-96 remove-top-margin \" style=\"z-index:99;\">\n\n    <div class=\"skewed-content-container\">\n        \n        <div class=\"section-background\" style=\"background-color: #ff3b11\"><\/div>\n\n        <div class=\"content slideindown\"><h3 style=\"text-align: center;\">\u201eSuperAwesome schafft eine intelligente Grundlage um die Altersgruppe der unter 16-J\u00e4hrigen zu erreichen und stellt daf\u00fcr eine Reihe von Ressourcen und Tools zur Verf\u00fcgung.\u201c<\/h3>\n<p style=\"text-align: center;\">-Sarah Moses. Director Advertising and Consumer Marketing bei Penguin Young Readers<\/p>\n<\/div>\n\n    <\/div>\n\n<\/section>\n\n<div class=\"container\">\n\n\n<p class=\"has-text-align-center\">Penguin Young Readers, eine Sparte des weltweit gr\u00f6\u00dften Verlagshauses Penguin Random House, war auf der Suche nach einem Partner, der sie dabei unterst\u00fctzt, das Bewusstsein f\u00fcr ihre Titel und Marken bei einem j\u00fcngeren Publikum zu sch\u00e4rfen. Sie wussten, dass der beste Weg, Kinder zu erreichen, darin bestand, sie direkt online anzusprechen.<\/p>\n\n\n\n\n<section class=\"block-image-content  mt-160  \" >\n\n  \n  \n  <div class=\"row \">\n    <div class=\"col-md-6 slideinright image-container \">\n                                              <figure class=\"image\">\n          <img decoding=\"async\" src=\"https:\/\/www.superawesome.com\/wp-content\/uploads\/2020\/12\/Untitled-design-97.png\" alt=\"Untitled-design-97\">\n        <\/figure>\n                  <\/div>\n\n    <div class=\"col-md-6 slideinleft content-container\">\n      <div class=\"content\">\n                  <h3 class=\"h1\">Die Herausforderung<\/h3>\n        \n        \n        <p>Die Verantwortlichen von Penguin Young Readers wussten, dass sie eine breit gef\u00e4cherte digitale Strategie brauchten, um die richtige Zielgruppe zur richtigen Zeit anzusprechen. Angesichts der Komplexit\u00e4t der digitalen Landschaft f\u00fcr Kinder war es f\u00fcr das Unternehmen entscheidend, einen Partner zu finden, der nicht nur ein hohes Ma\u00df an Motivation bietet, sondern auch die Gesetze zur Markensicherheit und Compliance einh\u00e4lt, um die Marke und das Publikum zu sch\u00fctzen.<\/p>\n<p>Penguin Young Readers war auf der Suche nach einer End-to-End-L\u00f6sung: einem effizienten Partner, der ansprechende, markengerechte Inhalte erstellen und die Erfolgskennzahlen der Kampagne weitergeben und optimieren konnte.<\/p>\n\n\n        \n          \n      <\/div>\n    <\/div>\n  <\/div>\n  \n<\/section>\n\n\n\n\n\n\n<section class=\"block-image-content block-image-content-inversed mt-160  \" >\n\n  \n  \n  <div class=\"row \">\n    <div class=\"col-md-6 slideinright image-container \">\n                                              <figure class=\"image\">\n          <img decoding=\"async\" src=\"https:\/\/www.superawesome.com\/wp-content\/uploads\/2021\/07\/Screenshot-2020-12-07-at-17.03.36-1.png\" alt=\"paid and earned influencers\">\n        <\/figure>\n                  <\/div>\n\n    <div class=\"col-md-6 slideinleft content-container\">\n      <div class=\"content\">\n                  <h3 class=\"h1\">Die L\u00f6sung<\/h3>\n        \n        \n        <p>Penguin Young Readers nutzte eine Kombination aus <a href=\"https:\/\/www.superawesome.com\/popjam\/\">PopJam<\/a> und <a href=\"https:\/\/www.superawesome.com\/superawesome-creators\/\">SuperAwesome Creators<\/a>-L\u00f6sungen, das das Interesse auf beliebten Online-Plattformen f\u00fcr die junge Zielgruppe steigerte: PopJam, YouTube und TikTok.<\/p>\n<p>Penguin Young Readers setzte auf die erkenntnisbasierten Kreativkonzepte von SuperAwesome, interaktive Werbeformate und relevante Influencer-Partnerschaften, um die Interaktion mit der Zielgruppe der Kinder zu verst\u00e4rken.<\/p>\n<p>\u201eDer Einsatz von SuperAwesome Werbemitteln war einfach zu handhaben und enthielt ansprechende Inhalte. Es ist manchmal eine Herausforderung, Partner mit der Erstellung kreativer Inhalte zu beauftragen, aber SuperAwesome hat die Themen unserer Marke schnell aufgegriffen.\u201c<\/p>\n<p>\u201eWir hatten das Gef\u00fchl, dass es das richtige Design ist, um Kinder anzusprechen. Bunt und lustig, aber nicht \u00fcberladen.\u201c<\/p>\n\n\n        \n          \n      <\/div>\n    <\/div>\n  <\/div>\n  \n<\/section>\n\n\n\n\n<\/div><!-- container -->\n<div class=\"container icon-cards-container\">\n<section class=\"block-icon-cards 3   slideindownnomobile\">\n    <h2>Die Ergebnisse<\/h2>    \n        <div class=\"cards slideindownnomobile\">\n            <div class=\"card card-hover-state  text-centered\">\n                    <figure class=\"card-icon\" style=\"max-width:190px\">\n                <img decoding=\"async\" class=\"style-\" src=\"https:\/\/www.superawesome.com\/wp-content\/uploads\/2022\/08\/SA_NewIcons_Orange-16.png\" alt=\"SA_NewIcons_Orange-16\">\n            <\/figure>\n                            <p class=\"card-text\">1 von 5 Kindern besch\u00e4ftigte sich mit den Inhalten auf YouTube und TikTok.<\/p>\n                <\/div>\n            <div class=\"card card-hover-state  text-centered\">\n                    <figure class=\"card-icon\" style=\"max-width:190px\">\n                <img decoding=\"async\" class=\"style-\" src=\"https:\/\/www.superawesome.com\/wp-content\/uploads\/2022\/08\/SA_NewIcons_Orange-17.png\" alt=\"SA_NewIcons_Orange-17\">\n            <\/figure>\n                            <p class=\"card-text\">515.418 Aufrufe auf TikTok und YouTube.<\/p>\n                <\/div>\n            <div class=\"card card-hover-state  text-centered\">\n                    <figure class=\"card-icon\" style=\"max-width:190px\">\n                <img decoding=\"async\" class=\"style-\" src=\"https:\/\/www.superawesome.com\/wp-content\/uploads\/2022\/08\/SA_NewIcons_Orange-33.png\" alt=\"SA_NewIcons_Orange-33\">\n            <\/figure>\n                            <p class=\"card-text\">Der Penguin Read B\u00fccher-Kanal verzeichnete w\u00e4hrend der Kampagne mehr Follower als jeder andere US-Verlagskanal auf PopJam.<\/p>\n                <\/div>\n        <\/div><!-- .cards -->\n    <\/section>\n<\/div><!-- container -->\n<div class=\"container\">\n\n\n\n<\/div><!-- container -->\n\n<section class=\"block-skewed  mb-96  \" style=\"z-index:99;\">\n\n    <div class=\"skewed-content-container\">\n        \n        <div class=\"section-background\" style=\"background-color: #111111\"><\/div>\n\n        <div class=\"content slideindown\"><h3 style=\"text-align: center;\">\u201eGehen Sie dorthin, wo die Kinder sind. Versuchen Sie nicht, Ihre eigene COPPA-konforme Plattform aufzubauen. Stellen Sie sicher, dass Ihre Inhalte etwas sind, mit dem sich Kinder besch\u00e4ftigen wollen.\u201c<\/h3>\n<p style=\"text-align: center;\">-Alex Garber, Senior Director, Digital Marketing bei Penguin Young Readers<\/p>\n<\/div>\n\n    <\/div>\n\n<\/section>\n\n<div class=\"container\">\n\n<section class=\"block-content-cards  \">\n    <h2>Erfahren Sie mehr \u00fcber unsere L\u00f6sungen:<\/h2>    \n        <div class=\"cards\">\n            <div class=\"card\">\n                    <p class=\"card-cat\" style=\"background-color: #114bff\"><\/p>\n                    <figure class=\"image\">\n                <img decoding=\"async\" src=\"https:\/\/www.superawesome.com\/wp-content\/uploads\/2021\/07\/pexels-katerina-holmes-5905947-scaled.jpg\" alt=\"Kids watching video\">\n            <\/figure>\n                    <h3 style=\"color: #114bff;\">PopJam<\/h3>\n                    <p class=\"preview-text\">Sicheres soziales Engagement f\u00fcr die Zielgruppe der unter 13-J\u00e4hrigen.<\/p>\n                            <a href=\"https:\/\/www.superawesome.com\/popjam\/\" class=\"btn btn-black\" target=\"_self\">\n                Mehr erfahren\n                <\/a>\n                    <\/div>\n            <div class=\"card\">\n                    <p class=\"card-cat\" style=\"background-color: #114bff\"><\/p>\n                    <figure class=\"image\">\n                <img decoding=\"async\" src=\"https:\/\/www.superawesome.com\/wp-content\/uploads\/2021\/07\/pexels-julia-m-cameron-4145248-1-scaled.jpg\" alt=\"Teenager on phone\">\n            <\/figure>\n                    <h3 style=\"color: #114bff;\">SuperAwesome Creators<\/h3>\n                    <p class=\"preview-text\">Markengerechtes Influencer-Marketing und Erstellung von Content f\u00fcr ein junges und familienorientiertes Publikum.<\/p>\n                            <a href=\"https:\/\/www.superawesome.com\/superawesome-creators\/\" class=\"btn btn-black\" target=\"_self\">\n                Mehr erfahren\n                <\/a>\n                    <\/div>\n            <div class=\"card\">\n                    <p class=\"card-cat\" style=\"background-color: #114bff\"><\/p>\n                    <figure class=\"image\">\n                <img decoding=\"async\" src=\"https:\/\/www.superawesome.com\/wp-content\/uploads\/2021\/07\/pexels-ketut-subiyanto-4474032-1-scaled.jpg\" alt=\"Family watching a laptop\">\n            <\/figure>\n                    <h3 style=\"color: #114bff;\">Kids Social Video<\/h3>\n                    <p class=\"preview-text\">Kindersichere, markensichere, kontextbezogene Werbung auf YouTube<\/p>\n                            <a href=\"https:\/\/www.superawesome.com\/kids-social-video\/\" class=\"btn btn-black\" target=\"_self\">\n                Mehr erfahren\n                <\/a>\n                    <\/div>\n        <\/div><!-- .cards -->\n    <\/section>\n\n\n\n\n<section class=\"block-cta  \">\n  <h2 class=\"medium\">M\u00f6chten Sie Ihre Markenbekanntheit steigern?<\/h2>\n\n        <a id=\"cta-btn\" href=\"#\" class=\"btn btn-primary\" target=\"_self\">\n      Kontakt aufnehmen\n    <\/a>\n  \n\n      <div data-contact-form class=\"contact-form-hubspot\">\n              <!--[if lte IE 8]>\n        <script charset=\"utf-8\" type=\"text\/javascript\" src=\"\/\/js.hsforms.net\/forms\/v2-legacy.js\"><\/script>\n        <![endif]-->\n        <script charset=\"utf-8\" type=\"text\/javascript\" src=\"\/\/js.hsforms.net\/forms\/v2.js\"><\/script>\n      \n      <script>\n        hbspt.forms.create({\n          portalId: \"5009836\",\n          formId: \"d6f951e2-ff41-4a96-ae90-31acdef15f8e\",\n          onFormSubmit: function(){\n            setTimeout(function(){\n              var $thankYou = $('#contact-form-hubspot-thank-you');\n              $thankYou.show();\n              $thankYou.parents().find('.block-cta').first().find('h2').remove();\n            }, 100 );\n          }\n        });\n      <\/script>\n      <div id=\"contact-form-hubspot-thank-you\" class=\"contact-form-hubspot-thank-you\" style=\"display:none\">\n        \n      <\/div>\n    <\/div>\n  \n<\/section>\n","protected":false},"excerpt":{"rendered":"<p>Penguin Young Readers, eine Sparte des weltweit gr\u00f6\u00dften Verlagshauses Penguin Random House, war auf der Suche nach einem Partner, der sie dabei unterst\u00fctzt, das Bewusstsein f\u00fcr ihre Titel und Marken bei einem j\u00fcngeren Publikum zu sch\u00e4rfen. Sie wussten, dass der beste Weg, Kinder zu erreichen, darin bestand, sie direkt online anzusprechen.<\/p>\n","protected":false},"author":91,"featured_media":0,"parent":0,"menu_order":0,"comment_status":"closed","ping_status":"closed","template":"","meta":{"_acf_changed":false,"content-type":"","_monsterinsights_skip_tracking":false,"_monsterinsights_sitenote_active":false,"_monsterinsights_sitenote_note":"","_monsterinsights_sitenote_category":0,"footnotes":""},"class_list":["post-13473","page","type-page","status-publish","hentry"],"acf":{"spotify_url":"","amazon_music_url":"","sound_cloud_url":""},"yoast_head":"<!-- This site is optimized with the Yoast SEO plugin v27.4 - https:\/\/yoast.com\/product\/yoast-seo-wordpress\/ -->\n<title>Penguin Young Readers Fallstudie - SuperAwesome<\/title>\n<meta name=\"robots\" content=\"index, follow, max-snippet:-1, max-image-preview:large, max-video-preview:-1\" \/>\n<link rel=\"canonical\" href=\"https:\/\/www.superawesome.com\/de\/penguin-young-readers-case-study-de\/\" \/>\n<meta property=\"og:locale\" content=\"de_DE\" \/>\n<meta property=\"og:type\" content=\"article\" \/>\n<meta property=\"og:title\" content=\"Penguin Young Readers Fallstudie - SuperAwesome\" \/>\n<meta property=\"og:description\" content=\"Penguin Young Readers, eine Sparte des weltweit gr\u00f6\u00dften Verlagshauses Penguin Random House, war auf der Suche nach einem Partner, der sie dabei unterst\u00fctzt, das Bewusstsein f\u00fcr ihre Titel und Marken bei einem j\u00fcngeren Publikum zu sch\u00e4rfen. Sie wussten, dass der beste Weg, Kinder zu erreichen, darin bestand, sie direkt online anzusprechen.\" \/>\n<meta property=\"og:url\" content=\"https:\/\/www.superawesome.com\/de\/penguin-young-readers-case-study-de\/\" \/>\n<meta property=\"og:site_name\" content=\"SuperAwesome\" \/>\n<meta property=\"article:modified_time\" content=\"2022-09-13T11:30:00+00:00\" \/>\n<meta property=\"og:image\" content=\"https:\/\/www.superawesome.com\/wp-content\/uploads\/2024\/02\/SA_Thumbnail_noepic.png\" \/>\n\t<meta property=\"og:image:width\" content=\"1920\" \/>\n\t<meta property=\"og:image:height\" content=\"1080\" \/>\n\t<meta property=\"og:image:type\" content=\"image\/png\" \/>\n<meta name=\"twitter:card\" content=\"summary_large_image\" \/>\n<meta name=\"twitter:site\" content=\"@GoSuperAwesome\" \/>\n<script type=\"application\/ld+json\" class=\"yoast-schema-graph\">{\"@context\":\"https:\\\/\\\/schema.org\",\"@graph\":[{\"@type\":\"WebPage\",\"@id\":\"https:\\\/\\\/www.superawesome.com\\\/de\\\/penguin-young-readers-case-study-de\\\/\",\"url\":\"https:\\\/\\\/www.superawesome.com\\\/de\\\/penguin-young-readers-case-study-de\\\/\",\"name\":\"Penguin Young Readers Fallstudie - SuperAwesome\",\"isPartOf\":{\"@id\":\"https:\\\/\\\/www.superawesome.com\\\/#website\"},\"datePublished\":\"2020-12-07T17:57:41+00:00\",\"dateModified\":\"2022-09-13T11:30:00+00:00\",\"breadcrumb\":{\"@id\":\"https:\\\/\\\/www.superawesome.com\\\/de\\\/penguin-young-readers-case-study-de\\\/#breadcrumb\"},\"inLanguage\":\"de-DE\",\"potentialAction\":[{\"@type\":\"ReadAction\",\"target\":[\"https:\\\/\\\/www.superawesome.com\\\/de\\\/penguin-young-readers-case-study-de\\\/\"]}]},{\"@type\":\"BreadcrumbList\",\"@id\":\"https:\\\/\\\/www.superawesome.com\\\/de\\\/penguin-young-readers-case-study-de\\\/#breadcrumb\",\"itemListElement\":[{\"@type\":\"ListItem\",\"position\":1,\"name\":\"Home\",\"item\":\"https:\\\/\\\/www.superawesome.com\\\/\"},{\"@type\":\"ListItem\",\"position\":2,\"name\":\"Penguin Young Readers Fallstudie\"}]},{\"@type\":\"WebSite\",\"@id\":\"https:\\\/\\\/www.superawesome.com\\\/#website\",\"url\":\"https:\\\/\\\/www.superawesome.com\\\/\",\"name\":\"SuperAwesome\",\"description\":\"Powering a better internet for the next generation\",\"publisher\":{\"@id\":\"https:\\\/\\\/www.superawesome.com\\\/#organization\"},\"potentialAction\":[{\"@type\":\"SearchAction\",\"target\":{\"@type\":\"EntryPoint\",\"urlTemplate\":\"https:\\\/\\\/www.superawesome.com\\\/?s={search_term_string}\"},\"query-input\":{\"@type\":\"PropertyValueSpecification\",\"valueRequired\":true,\"valueName\":\"search_term_string\"}}],\"inLanguage\":\"de-DE\"},{\"@type\":\"Organization\",\"@id\":\"https:\\\/\\\/www.superawesome.com\\\/#organization\",\"name\":\"SuperAwesome\",\"url\":\"https:\\\/\\\/www.superawesome.com\\\/\",\"logo\":{\"@type\":\"ImageObject\",\"inLanguage\":\"de-DE\",\"@id\":\"https:\\\/\\\/www.superawesome.com\\\/#\\\/schema\\\/logo\\\/image\\\/\",\"url\":\"https:\\\/\\\/www.superawesome.com\\\/wp-content\\\/uploads\\\/2022\\\/08\\\/SA_Logo_Main.png\",\"contentUrl\":\"https:\\\/\\\/www.superawesome.com\\\/wp-content\\\/uploads\\\/2022\\\/08\\\/SA_Logo_Main.png\",\"width\":400,\"height\":171,\"caption\":\"SuperAwesome\"},\"image\":{\"@id\":\"https:\\\/\\\/www.superawesome.com\\\/#\\\/schema\\\/logo\\\/image\\\/\"},\"sameAs\":[\"https:\\\/\\\/x.com\\\/GoSuperAwesome\"]}]}<\/script>\n<!-- \/ Yoast SEO plugin. -->","yoast_head_json":{"title":"Penguin Young Readers Fallstudie - SuperAwesome","robots":{"index":"index","follow":"follow","max-snippet":"max-snippet:-1","max-image-preview":"max-image-preview:large","max-video-preview":"max-video-preview:-1"},"canonical":"https:\/\/www.superawesome.com\/de\/penguin-young-readers-case-study-de\/","og_locale":"de_DE","og_type":"article","og_title":"Penguin Young Readers Fallstudie - SuperAwesome","og_description":"Penguin Young Readers, eine Sparte des weltweit gr\u00f6\u00dften Verlagshauses Penguin Random House, war auf der Suche nach einem Partner, der sie dabei unterst\u00fctzt, das Bewusstsein f\u00fcr ihre Titel und Marken bei einem j\u00fcngeren Publikum zu sch\u00e4rfen. Sie wussten, dass der beste Weg, Kinder zu erreichen, darin bestand, sie direkt online anzusprechen.","og_url":"https:\/\/www.superawesome.com\/de\/penguin-young-readers-case-study-de\/","og_site_name":"SuperAwesome","article_modified_time":"2022-09-13T11:30:00+00:00","og_image":[{"width":1920,"height":1080,"url":"https:\/\/www.superawesome.com\/wp-content\/uploads\/2024\/02\/SA_Thumbnail_noepic.png","type":"image\/png"}],"twitter_card":"summary_large_image","twitter_site":"@GoSuperAwesome","schema":{"@context":"https:\/\/schema.org","@graph":[{"@type":"WebPage","@id":"https:\/\/www.superawesome.com\/de\/penguin-young-readers-case-study-de\/","url":"https:\/\/www.superawesome.com\/de\/penguin-young-readers-case-study-de\/","name":"Penguin Young Readers Fallstudie - SuperAwesome","isPartOf":{"@id":"https:\/\/www.superawesome.com\/#website"},"datePublished":"2020-12-07T17:57:41+00:00","dateModified":"2022-09-13T11:30:00+00:00","breadcrumb":{"@id":"https:\/\/www.superawesome.com\/de\/penguin-young-readers-case-study-de\/#breadcrumb"},"inLanguage":"de-DE","potentialAction":[{"@type":"ReadAction","target":["https:\/\/www.superawesome.com\/de\/penguin-young-readers-case-study-de\/"]}]},{"@type":"BreadcrumbList","@id":"https:\/\/www.superawesome.com\/de\/penguin-young-readers-case-study-de\/#breadcrumb","itemListElement":[{"@type":"ListItem","position":1,"name":"Home","item":"https:\/\/www.superawesome.com\/"},{"@type":"ListItem","position":2,"name":"Penguin Young Readers Fallstudie"}]},{"@type":"WebSite","@id":"https:\/\/www.superawesome.com\/#website","url":"https:\/\/www.superawesome.com\/","name":"SuperAwesome","description":"Powering a better internet for the next generation","publisher":{"@id":"https:\/\/www.superawesome.com\/#organization"},"potentialAction":[{"@type":"SearchAction","target":{"@type":"EntryPoint","urlTemplate":"https:\/\/www.superawesome.com\/?s={search_term_string}"},"query-input":{"@type":"PropertyValueSpecification","valueRequired":true,"valueName":"search_term_string"}}],"inLanguage":"de-DE"},{"@type":"Organization","@id":"https:\/\/www.superawesome.com\/#organization","name":"SuperAwesome","url":"https:\/\/www.superawesome.com\/","logo":{"@type":"ImageObject","inLanguage":"de-DE","@id":"https:\/\/www.superawesome.com\/#\/schema\/logo\/image\/","url":"https:\/\/www.superawesome.com\/wp-content\/uploads\/2022\/08\/SA_Logo_Main.png","contentUrl":"https:\/\/www.superawesome.com\/wp-content\/uploads\/2022\/08\/SA_Logo_Main.png","width":400,"height":171,"caption":"SuperAwesome"},"image":{"@id":"https:\/\/www.superawesome.com\/#\/schema\/logo\/image\/"},"sameAs":["https:\/\/x.com\/GoSuperAwesome"]}]}},"_links":{"self":[{"href":"https:\/\/www.superawesome.com\/de\/wp-json\/wp\/v2\/pages\/13473","targetHints":{"allow":["GET"]}}],"collection":[{"href":"https:\/\/www.superawesome.com\/de\/wp-json\/wp\/v2\/pages"}],"about":[{"href":"https:\/\/www.superawesome.com\/de\/wp-json\/wp\/v2\/types\/page"}],"author":[{"embeddable":true,"href":"https:\/\/www.superawesome.com\/de\/wp-json\/wp\/v2\/users\/91"}],"replies":[{"embeddable":true,"href":"https:\/\/www.superawesome.com\/de\/wp-json\/wp\/v2\/comments?post=13473"}],"version-history":[{"count":0,"href":"https:\/\/www.superawesome.com\/de\/wp-json\/wp\/v2\/pages\/13473\/revisions"}],"wp:attachment":[{"href":"https:\/\/www.superawesome.com\/de\/wp-json\/wp\/v2\/media?parent=13473"}],"curies":[{"name":"wp","href":"https:\/\/api.w.org\/{rel}","templated":true}]}}