{"id":13468,"date":"2021-04-15T15:13:39","date_gmt":"2021-04-15T15:13:39","guid":{"rendered":"https:\/\/www.superawesome.com\/?page_id=13468"},"modified":"2023-03-22T13:45:11","modified_gmt":"2023-03-22T13:45:11","slug":"post-pebbles-case-study-de","status":"publish","type":"page","link":"https:\/\/www.superawesome.com\/de\/post-pebbles-case-study-de\/","title":{"rendered":"Post Pebbles Fallstudie"},"content":{"rendered":"\n<\/div><!-- container -->\n<section class=\"block-product-hero   \" style=\"background-color:white\">\n      <div class=\"container\">\n  <div class=\"row\">\n    <div class=\"col-md-5\">\n      <div class=\"content\">\n        \n        <h2 class=\"text-black\">Wie Post\u00ae PEBBLES\u2122 mit einer digitalen Multi-Channel-Strategie f\u00fcr Kinder die Kaufbereitschaft um 36% steigerte<\/h2>\n        <p class=\"text-black\">\ud83d\udccd Ort: US<\/p>\n        <div class=\"block-product-hero--buttons flex flex-wrap\">\n            \n            \n        <\/div>\n      <\/div>\n    <\/div>\n\n    <div class=\"col-md-6\">\n              <figure class=\"image\">\n          <img decoding=\"async\" src=\"https:\/\/www.superawesome.com\/wp-content\/uploads\/2021\/08\/PebblesLogo-1.png\" alt=\"PebblesLogo\">\n        <\/figure>\n          <\/div>\n  <\/div>\n  <\/div>\n  <\/section>\n\n<div class=\"container\">\n\n\n\n<\/div><!-- container -->\n\n<section class=\"block-skewed  mb-96 remove-top-margin \" style=\"z-index:99;\">\n\n    <div class=\"skewed-content-container\">\n        \n        <div class=\"section-background\" style=\"background-color: #ff3b11\"><\/div>\n\n        <div class=\"content slideindown\"><h3 style=\"text-align: center;\">\u201eVon erstklassigem Inventar mit gro\u00dfer Reichweite bis hin zu ansprechenden Werbemitteln, SuperAwesome ist unser One-Stop-Shop.\u201c<\/h3>\n<p style=\"text-align: center;\">Alyssa Pappa, Associate Director, Digital Strategy &amp; Activation bei Spark im Auftrag von Post PEBBLES\u2122<\/p>\n<\/div>\n\n    <\/div>\n\n<\/section>\n\n<div class=\"container\">\n\n\n<p class=\"has-text-align-center\">Post PEBBLES\u2122 ist mit mehr als 1,4 Milliarden verzehrten Mahlzeiten pro Jahr* die Nummer 1 unter den Kinder-Cerealien-Marken. Als Hauptkunden und Treiber des Kaufs sind Kinder eine wichtige Zielgruppe f\u00fcr Post. Um sicherzustellen, dass die Eltern weiterhin PEBBLES\u2122 im Cerealien-Regal w\u00e4hlen, brauchte die Marke einen vertrauensw\u00fcrdigen Partner, der sie dabei unterst\u00fctzt, die Verbindung zu Kindern auf sichere und datenschutzkonforme Weise aufzubauen.<\/p>\n\n\n\n\n<section class=\"block-image-content  mt-160  \" >\n\n  \n  \n  <div class=\"row \">\n    <div class=\"col-md-6 slideinright image-container \">\n                                              <figure class=\"image\">\n          <img decoding=\"async\" src=\"https:\/\/www.superawesome.com\/wp-content\/uploads\/2021\/04\/Untitled-design-2021-04-15T160611.623.png\" alt=\"Untitled-design-2021-04-15T160611.623\">\n        <\/figure>\n                  <\/div>\n\n    <div class=\"col-md-6 slideinleft content-container\">\n      <div class=\"content\">\n                  <h3 class=\"h1\">Die Herausforderung<\/h3>\n        \n        \n        <p>Da Kinder im Mittelpunkt der Markenstrategie stehen, ben\u00f6tigte Post PEBBLES\u2122 einen Partner, der die Komplexit\u00e4t der Ansprache junger Zielgruppen beherrscht und gleichzeitig spannende digitale Inhalte schafft. Die digitale Strategie musste die passenden Kids erreichen. Und zwar mit ansprechenden Inhalten, die die Marke in den Mittelpunkt der Unterhaltungen von Kindern und Familien positionieren.<\/p>\n\n\n        \n          \n      <\/div>\n    <\/div>\n  <\/div>\n  \n<\/section>\n\n\n\n\n\n\n<section class=\"block-image-content block-image-content-inversed mt-160  \" >\n\n  \n  \n  <div class=\"row \">\n    <div class=\"col-md-6 slideinright image-container \">\n                                              <figure class=\"image\">\n          <img decoding=\"async\" src=\"https:\/\/www.superawesome.com\/wp-content\/uploads\/2021\/08\/PebblesImg.png\" alt=\"PebblesImg\">\n        <\/figure>\n                  <\/div>\n\n    <div class=\"col-md-6 slideinleft content-container\">\n      <div class=\"content\">\n                  <h3 class=\"h1\">Die L\u00f6sung<\/h3>\n        \n        \n        <p>Seit mehr als drei Jahren vertraut Post PEBBLES\u2122 auf SuperAwesome als bevorzugten Partner f\u00fcr die Durchf\u00fchrung effektiver und sicherer digitaler Kampagnen f\u00fcr Kinder. Post PEBBLES\u2122 nutzt die innovativen Kidtech-L\u00f6sungen von SuperAwesome und die umfangreichen Erkenntnisse \u00fcber das Verhalten und die Trends von Kindern, um seine Zielgruppe erfolgreich anzusprechen<\/p>\n<p>Als Erg\u00e4nzung zu den linearen TV-Ausgaben der Marke und zur sicheren Ansprache von Kids in digitalen Umgebungen nutzte Post PEBBLES\u2122 den <a href=\"https:\/\/www.superawesome.com\/awesomeads-for-advertisers\/\">AwesomeAds-Marktplatz<\/a> und die <a href=\"https:\/\/www.superawesome.com\/kidsafe-social-video\/\">Kids Social Video<\/a> L\u00f6sung von SuperAwesome.<\/p>\n<p>\u201eIm linearen Fernsehen gibt es nur eine begrenzte Menge an Inventar. Mit SuperAwesome k\u00f6nnen wir Kinder auf allen anderen Kan\u00e4len und Plattformen erreichen, von YouTube bis hin zu In-App-K\u00e4ufen. Und das auf effektive und vor allem sichere Weise.\u201c \u2013 Alyssa Papa, Associate Director \u2013 Digital Strategy &amp; Activation at Spark on behalf of Post PEBBLES\u2122. <a href=\"#XpocuL\" data-id=\"XpocuL\" class=\"inline-read-more-link\">Weiterlesen<\/a><div id=\"XpocuL\" class=\"inline-read-more hide-read-more\"><\/p>\n<p>Influencers allow brands to create engaging content that resonates with kids and families. Post PEBBLES\u2122 leveraged SuperAwesome\u2019s unlimited talent pool through <a href=\"https:\/\/www.superawesome.com\/superawesome-creators\/\">SuperAwesome Creators<\/a>, working with five massive creator families to drive traffic to family-friendly recipes and activities on its site. In 30 days, the campaign drove more than 3.2 million views across Post PEBBLES\u2122\u2019 trending YouTube videos.<\/p>\n<p>Considering the limitations of measuring success with kids digital campaigns, Post PEBBLES\u2122 ran KidsLift studies to quantify brand impact, as far down the funnel as purchase intent. SuperAwesome provided a comprehensive pre- and post-campaign analysis for Post PEBBLES\u2122 to effectively measure ROI.<\/div><\/p>\n\n\n        \n          \n      <\/div>\n    <\/div>\n  <\/div>\n  \n<\/section>\n\n\n\n\n<\/div><!-- container -->\n<div class=\"container icon-cards-container\">\n<section class=\"block-icon-cards 3   slideindownnomobile\">\n    <h2>Die Ergebnisse<\/h2>    \n        <div class=\"cards slideindownnomobile\">\n            <div class=\"card card-hover-state  text-centered\">\n                    <figure class=\"card-icon\" style=\"max-width:190px\">\n                <img decoding=\"async\" class=\"style-\" src=\"https:\/\/www.superawesome.com\/wp-content\/uploads\/2022\/08\/SA_NewIcons_Orange-35.png\" alt=\"SA_NewIcons_Orange-35\">\n            <\/figure>\n                            <p class=\"card-text\">Nach der Kampagne war die Wahrscheinlichkeit, dass Fans von PEBBLES\u2122-Cerealien ihre Eltern bitten, PEBBLES\u2122-Cerealien zu kaufen, um 36% h\u00f6her.<\/p>\n                <\/div>\n            <div class=\"card card-hover-state  text-centered\">\n                    <figure class=\"card-icon\" style=\"max-width:190px\">\n                <img decoding=\"async\" class=\"style-\" src=\"https:\/\/www.superawesome.com\/wp-content\/uploads\/2022\/08\/SA_NewIcons_Orange-07.png\" alt=\"SA_NewIcons_Orange-07\">\n            <\/figure>\n                            <p class=\"card-text\">Nachdem Kinder eine Werbung f\u00fcr PEBBLES\u2122-Cerealien gesehen hatten, stieg die Markenbindung um 37 Prozent.<\/p>\n                <\/div>\n            <div class=\"card card-hover-state  text-centered\">\n                    <figure class=\"card-icon\" style=\"max-width:190px\">\n                <img decoding=\"async\" class=\"style-\" src=\"https:\/\/www.superawesome.com\/wp-content\/uploads\/2022\/08\/SA_NewIcons_Orange-17.png\" alt=\"SA_NewIcons_Orange-17\">\n            <\/figure>\n                            <p class=\"card-text\">90% der Kinder, die eine PEBBLES\u2122-Cerealien Werbung gesehen haben, wurden nach dem Anschauen der Kampagne zum Handeln bewegt.<\/p>\n                <\/div>\n        <\/div><!-- .cards -->\n    <\/section>\n<\/div><!-- container -->\n<div class=\"container\">\n\n\n\n<\/div><!-- container -->\n\n<section class=\"block-skewed  mb-96  \" style=\"z-index:99;\">\n\n    <div class=\"skewed-content-container\">\n        \n        <div class=\"section-background\" style=\"background-color: #111111\"><\/div>\n\n        <div class=\"content slideindown\"><h3 style=\"text-align: center;\">\u201eWenn wir etwas Ma\u00dfgeschneidertes entwickeln, dann ist von den Insights \u00fcber die Contenterstellung bis hin zum Follow-up und den Ergebnissen, alles bestens abgestimmt, klar und pr\u00e4gnant.\u201c<\/h3>\n<p style=\"text-align: center;\">&#8211; Alyssa Papa, Associate Director &#8211; Digital Strategy &amp; Activation bei Spark im Namen von Post PEBBLES\u2122<\/p>\n<\/div>\n\n    <\/div>\n\n<\/section>\n\n<div class=\"container\">\n\n\n<div class=\"wp-block-columns is-layout-flex wp-container-core-columns-is-layout-9d6595d7 wp-block-columns-is-layout-flex\">\n<div class=\"wp-block-column is-layout-flow wp-block-column-is-layout-flow\"><section class=\"block-content-cards  \">\n    <h2>Erfahren Sie mehr \u00fcber unsere L\u00f6sungen<\/h2>    \n        <div class=\"cards\">\n            <div class=\"card\">\n                    <p class=\"card-cat\" style=\"background-color: #256eff\"><\/p>\n                    <figure class=\"image\">\n                <img decoding=\"async\" src=\"https:\/\/www.superawesome.com\/wp-content\/uploads\/2023\/03\/sashutterstock_186441221.webp\" alt=\"sashutterstock_186441221\">\n            <\/figure>\n                    <h3 style=\"color: #256eff;\">AwesomeAds<\/h3>\n                    <p class=\"preview-text\">Die branchenf\u00fchrende kindersichere Werbeplattform bietet Markenl\u00f6sungen f\u00fcr Werbetreibende.<\/p>\n                            <a href=\"\/awesomeads-for-advertisers\/\" class=\"btn btn-black\" target=\"_self\">\n                Mehr erfahren\n                <\/a>\n                    <\/div>\n            <div class=\"card\">\n                    <p class=\"card-cat\" style=\"background-color: #256eff\"><\/p>\n                    <figure class=\"image\">\n                <img decoding=\"async\" src=\"https:\/\/www.superawesome.com\/wp-content\/uploads\/2022\/02\/shutterstock_1505660558-scaled.jpg\" alt=\"shutterstock_1505660558\">\n            <\/figure>\n                    <h3 style=\"color: #256eff;\">Kids Social Video<\/h3>\n                    <p class=\"preview-text\">Kindersichere, markensichere, kontextbezogene Werbung auf YouTube.<\/p>\n                            <a href=\"\/kidsafe-social-video\/\" class=\"btn btn-black\" target=\"_self\">\n                Mehr erfahren\n                <\/a>\n                    <\/div>\n            <div class=\"card\">\n                    <p class=\"card-cat\" style=\"background-color: #256eff\"><\/p>\n                    <figure class=\"image\">\n                <img decoding=\"async\" src=\"https:\/\/www.superawesome.com\/wp-content\/uploads\/2021\/08\/pexels-julia-m-cameron-4144099b-scaled.jpg\" alt=\"Generation Z male on phone\">\n            <\/figure>\n                    <h3 style=\"color: #256eff;\">SuperAwesome Creators<\/h3>\n                    <p class=\"preview-text\">Markengerechtes Influencer-Marketing und Erstellung von Content f\u00fcr ein junges und familienorientiertes Publikum.<\/p>\n                            <a href=\"\/superawesome-creators\/\" class=\"btn btn-black\" target=\"_self\">\n                Mehr erfahren\n                <\/a>\n                    <\/div>\n        <\/div><!-- .cards -->\n    <\/section>\n<\/div>\n<\/div>\n\n\n\n\n<section class=\"block-cta mt-48 mb-40\">\n  <h2 class=\"medium\">M\u00f6chten Sie Ihre Marke wachsen lassen?<\/h2>\n\n        <a id=\"cta-btn\" href=\"#\" class=\"btn btn-primary\" target=\"_self\">\n      Kontakt aufnehmen\n    <\/a>\n  \n\n      <div data-contact-form class=\"contact-form-hubspot\">\n              <!--[if lte IE 8]>\n        <script charset=\"utf-8\" type=\"text\/javascript\" src=\"\/\/js.hsforms.net\/forms\/v2-legacy.js\"><\/script>\n        <![endif]-->\n        <script charset=\"utf-8\" type=\"text\/javascript\" src=\"\/\/js.hsforms.net\/forms\/v2.js\"><\/script>\n      \n      <script>\n        hbspt.forms.create({\n          portalId: \"5009836\",\n          formId: \"d6f951e2-ff41-4a96-ae90-31acdef15f8e\",\n          onFormSubmit: function(){\n            setTimeout(function(){\n              var $thankYou = $('#contact-form-hubspot-thank-you');\n              $thankYou.show();\n              $thankYou.parents().find('.block-cta').first().find('h2').remove();\n            }, 100 );\n          }\n        });\n      <\/script>\n      <div id=\"contact-form-hubspot-thank-you\" class=\"contact-form-hubspot-thank-you\" style=\"display:none\">\n        \n      <\/div>\n    <\/div>\n  \n<\/section>\n\n\n\n<p class=\"has-extra-small-font-size\"><em>*Source: <a href=\"https:\/\/www.postpebblescereal.com\/our-story\/\">Postpebblescereal.com<\/a><\/em><\/p>\n","protected":false},"excerpt":{"rendered":"<p>Post PEBBLES\u2122 ist mit mehr als 1,4 Milliarden verzehrten Mahlzeiten pro Jahr* die Nummer 1 unter den Kinder-Cerealien-Marken. Als Hauptkunden und Treiber des Kaufs sind Kinder eine wichtige Zielgruppe f\u00fcr Post. Um sicherzustellen, dass die Eltern weiterhin PEBBLES\u2122 im Cerealien-Regal w\u00e4hlen, brauchte die Marke einen vertrauensw\u00fcrdigen Partner, der sie dabei unterst\u00fctzt, die Verbindung zu Kindern [&hellip;]<\/p>\n","protected":false},"author":91,"featured_media":0,"parent":0,"menu_order":0,"comment_status":"closed","ping_status":"closed","template":"","meta":{"_acf_changed":false,"content-type":"","_monsterinsights_skip_tracking":false,"_monsterinsights_sitenote_active":false,"_monsterinsights_sitenote_note":"","_monsterinsights_sitenote_category":0,"footnotes":""},"class_list":["post-13468","page","type-page","status-publish","hentry"],"acf":{"spotify_url":"","amazon_music_url":"","sound_cloud_url":""},"yoast_head":"<!-- This site is optimized with the Yoast SEO plugin v27.4 - https:\/\/yoast.com\/product\/yoast-seo-wordpress\/ -->\n<title>Post Pebbles Fallstudie - SuperAwesome<\/title>\n<meta name=\"robots\" content=\"index, follow, max-snippet:-1, max-image-preview:large, max-video-preview:-1\" \/>\n<link rel=\"canonical\" href=\"https:\/\/www.superawesome.com\/post-pebbles-case-study\/\" \/>\n<meta property=\"og:locale\" content=\"de_DE\" \/>\n<meta property=\"og:type\" content=\"article\" \/>\n<meta property=\"og:title\" content=\"Post Pebbles Fallstudie - SuperAwesome\" \/>\n<meta property=\"og:description\" content=\"Post PEBBLES\u2122 ist mit mehr als 1,4 Milliarden verzehrten Mahlzeiten pro Jahr* die Nummer 1 unter den Kinder-Cerealien-Marken. Als Hauptkunden und Treiber des Kaufs sind Kinder eine wichtige Zielgruppe f\u00fcr Post. Um sicherzustellen, dass die Eltern weiterhin PEBBLES\u2122 im Cerealien-Regal w\u00e4hlen, brauchte die Marke einen vertrauensw\u00fcrdigen Partner, der sie dabei unterst\u00fctzt, die Verbindung zu Kindern [&hellip;]\" \/>\n<meta property=\"og:url\" content=\"https:\/\/www.superawesome.com\/post-pebbles-case-study\/\" \/>\n<meta property=\"og:site_name\" content=\"SuperAwesome\" \/>\n<meta property=\"article:modified_time\" content=\"2023-03-22T13:45:11+00:00\" \/>\n<meta property=\"og:image\" content=\"https:\/\/www.superawesome.com\/wp-content\/uploads\/2024\/02\/SA_Thumbnail_noepic.png\" \/>\n\t<meta property=\"og:image:width\" content=\"1920\" \/>\n\t<meta property=\"og:image:height\" content=\"1080\" \/>\n\t<meta property=\"og:image:type\" content=\"image\/png\" \/>\n<meta name=\"twitter:card\" content=\"summary_large_image\" \/>\n<meta name=\"twitter:site\" content=\"@GoSuperAwesome\" \/>\n<script type=\"application\/ld+json\" class=\"yoast-schema-graph\">{\"@context\":\"https:\\\/\\\/schema.org\",\"@graph\":[{\"@type\":\"WebPage\",\"@id\":\"https:\\\/\\\/www.superawesome.com\\\/post-pebbles-case-study\\\/\",\"url\":\"https:\\\/\\\/www.superawesome.com\\\/post-pebbles-case-study\\\/\",\"name\":\"Post Pebbles Fallstudie - SuperAwesome\",\"isPartOf\":{\"@id\":\"https:\\\/\\\/www.superawesome.com\\\/#website\"},\"datePublished\":\"2021-04-15T15:13:39+00:00\",\"dateModified\":\"2023-03-22T13:45:11+00:00\",\"breadcrumb\":{\"@id\":\"https:\\\/\\\/www.superawesome.com\\\/post-pebbles-case-study\\\/#breadcrumb\"},\"inLanguage\":\"de-DE\",\"potentialAction\":[{\"@type\":\"ReadAction\",\"target\":[\"https:\\\/\\\/www.superawesome.com\\\/post-pebbles-case-study\\\/\"]}]},{\"@type\":\"BreadcrumbList\",\"@id\":\"https:\\\/\\\/www.superawesome.com\\\/post-pebbles-case-study\\\/#breadcrumb\",\"itemListElement\":[{\"@type\":\"ListItem\",\"position\":1,\"name\":\"Home\",\"item\":\"https:\\\/\\\/www.superawesome.com\\\/\"},{\"@type\":\"ListItem\",\"position\":2,\"name\":\"Post Pebbles Fallstudie\"}]},{\"@type\":\"WebSite\",\"@id\":\"https:\\\/\\\/www.superawesome.com\\\/#website\",\"url\":\"https:\\\/\\\/www.superawesome.com\\\/\",\"name\":\"SuperAwesome\",\"description\":\"Powering a better internet for the next generation\",\"publisher\":{\"@id\":\"https:\\\/\\\/www.superawesome.com\\\/#organization\"},\"potentialAction\":[{\"@type\":\"SearchAction\",\"target\":{\"@type\":\"EntryPoint\",\"urlTemplate\":\"https:\\\/\\\/www.superawesome.com\\\/?s={search_term_string}\"},\"query-input\":{\"@type\":\"PropertyValueSpecification\",\"valueRequired\":true,\"valueName\":\"search_term_string\"}}],\"inLanguage\":\"de-DE\"},{\"@type\":\"Organization\",\"@id\":\"https:\\\/\\\/www.superawesome.com\\\/#organization\",\"name\":\"SuperAwesome\",\"url\":\"https:\\\/\\\/www.superawesome.com\\\/\",\"logo\":{\"@type\":\"ImageObject\",\"inLanguage\":\"de-DE\",\"@id\":\"https:\\\/\\\/www.superawesome.com\\\/#\\\/schema\\\/logo\\\/image\\\/\",\"url\":\"https:\\\/\\\/www.superawesome.com\\\/wp-content\\\/uploads\\\/2022\\\/08\\\/SA_Logo_Main.png\",\"contentUrl\":\"https:\\\/\\\/www.superawesome.com\\\/wp-content\\\/uploads\\\/2022\\\/08\\\/SA_Logo_Main.png\",\"width\":400,\"height\":171,\"caption\":\"SuperAwesome\"},\"image\":{\"@id\":\"https:\\\/\\\/www.superawesome.com\\\/#\\\/schema\\\/logo\\\/image\\\/\"},\"sameAs\":[\"https:\\\/\\\/x.com\\\/GoSuperAwesome\"]}]}<\/script>\n<!-- \/ Yoast SEO plugin. -->","yoast_head_json":{"title":"Post Pebbles Fallstudie - SuperAwesome","robots":{"index":"index","follow":"follow","max-snippet":"max-snippet:-1","max-image-preview":"max-image-preview:large","max-video-preview":"max-video-preview:-1"},"canonical":"https:\/\/www.superawesome.com\/post-pebbles-case-study\/","og_locale":"de_DE","og_type":"article","og_title":"Post Pebbles Fallstudie - SuperAwesome","og_description":"Post PEBBLES\u2122 ist mit mehr als 1,4 Milliarden verzehrten Mahlzeiten pro Jahr* die Nummer 1 unter den Kinder-Cerealien-Marken. Als Hauptkunden und Treiber des Kaufs sind Kinder eine wichtige Zielgruppe f\u00fcr Post. Um sicherzustellen, dass die Eltern weiterhin PEBBLES\u2122 im Cerealien-Regal w\u00e4hlen, brauchte die Marke einen vertrauensw\u00fcrdigen Partner, der sie dabei unterst\u00fctzt, die Verbindung zu Kindern [&hellip;]","og_url":"https:\/\/www.superawesome.com\/post-pebbles-case-study\/","og_site_name":"SuperAwesome","article_modified_time":"2023-03-22T13:45:11+00:00","og_image":[{"width":1920,"height":1080,"url":"https:\/\/www.superawesome.com\/wp-content\/uploads\/2024\/02\/SA_Thumbnail_noepic.png","type":"image\/png"}],"twitter_card":"summary_large_image","twitter_site":"@GoSuperAwesome","schema":{"@context":"https:\/\/schema.org","@graph":[{"@type":"WebPage","@id":"https:\/\/www.superawesome.com\/post-pebbles-case-study\/","url":"https:\/\/www.superawesome.com\/post-pebbles-case-study\/","name":"Post Pebbles Fallstudie - SuperAwesome","isPartOf":{"@id":"https:\/\/www.superawesome.com\/#website"},"datePublished":"2021-04-15T15:13:39+00:00","dateModified":"2023-03-22T13:45:11+00:00","breadcrumb":{"@id":"https:\/\/www.superawesome.com\/post-pebbles-case-study\/#breadcrumb"},"inLanguage":"de-DE","potentialAction":[{"@type":"ReadAction","target":["https:\/\/www.superawesome.com\/post-pebbles-case-study\/"]}]},{"@type":"BreadcrumbList","@id":"https:\/\/www.superawesome.com\/post-pebbles-case-study\/#breadcrumb","itemListElement":[{"@type":"ListItem","position":1,"name":"Home","item":"https:\/\/www.superawesome.com\/"},{"@type":"ListItem","position":2,"name":"Post Pebbles Fallstudie"}]},{"@type":"WebSite","@id":"https:\/\/www.superawesome.com\/#website","url":"https:\/\/www.superawesome.com\/","name":"SuperAwesome","description":"Powering a better internet for the next generation","publisher":{"@id":"https:\/\/www.superawesome.com\/#organization"},"potentialAction":[{"@type":"SearchAction","target":{"@type":"EntryPoint","urlTemplate":"https:\/\/www.superawesome.com\/?s={search_term_string}"},"query-input":{"@type":"PropertyValueSpecification","valueRequired":true,"valueName":"search_term_string"}}],"inLanguage":"de-DE"},{"@type":"Organization","@id":"https:\/\/www.superawesome.com\/#organization","name":"SuperAwesome","url":"https:\/\/www.superawesome.com\/","logo":{"@type":"ImageObject","inLanguage":"de-DE","@id":"https:\/\/www.superawesome.com\/#\/schema\/logo\/image\/","url":"https:\/\/www.superawesome.com\/wp-content\/uploads\/2022\/08\/SA_Logo_Main.png","contentUrl":"https:\/\/www.superawesome.com\/wp-content\/uploads\/2022\/08\/SA_Logo_Main.png","width":400,"height":171,"caption":"SuperAwesome"},"image":{"@id":"https:\/\/www.superawesome.com\/#\/schema\/logo\/image\/"},"sameAs":["https:\/\/x.com\/GoSuperAwesome"]}]}},"_links":{"self":[{"href":"https:\/\/www.superawesome.com\/de\/wp-json\/wp\/v2\/pages\/13468","targetHints":{"allow":["GET"]}}],"collection":[{"href":"https:\/\/www.superawesome.com\/de\/wp-json\/wp\/v2\/pages"}],"about":[{"href":"https:\/\/www.superawesome.com\/de\/wp-json\/wp\/v2\/types\/page"}],"author":[{"embeddable":true,"href":"https:\/\/www.superawesome.com\/de\/wp-json\/wp\/v2\/users\/91"}],"replies":[{"embeddable":true,"href":"https:\/\/www.superawesome.com\/de\/wp-json\/wp\/v2\/comments?post=13468"}],"version-history":[{"count":0,"href":"https:\/\/www.superawesome.com\/de\/wp-json\/wp\/v2\/pages\/13468\/revisions"}],"wp:attachment":[{"href":"https:\/\/www.superawesome.com\/de\/wp-json\/wp\/v2\/media?parent=13468"}],"curies":[{"name":"wp","href":"https:\/\/api.w.org\/{rel}","templated":true}]}}