{"id":13459,"date":"2021-03-31T09:33:50","date_gmt":"2021-03-31T09:33:50","guid":{"rendered":"https:\/\/www.superawesome.com\/?page_id=13459"},"modified":"2022-09-13T11:12:50","modified_gmt":"2022-09-13T11:12:50","slug":"mga-entertainment-lol-remix-music-awards-case-study-de","status":"publish","type":"page","link":"https:\/\/www.superawesome.com\/de\/mga-entertainment-lol-remix-music-awards-case-study-de\/","title":{"rendered":"MGA Entertainment Fallstudie"},"content":{"rendered":"\n<\/div><!-- container -->\n<section class=\"block-product-hero   \" style=\"background-color:white\">\n      <div class=\"container\">\n  <div class=\"row\">\n    <div class=\"col-md-5\">\n      <div class=\"content\">\n        \n        <h2 class=\"text-black\">Preisgekr\u00f6nt: MGA Entertainment und SuperAwesome machen Kinder weltweit auf die L.O.L. Remix Music Awards aufmerksam und erzeugen gro\u00dfe Begeisterung<\/h2>\n        <p class=\"text-black\">\ud83d\udccd Ort: Global<\/p>\n        <div class=\"block-product-hero--buttons flex flex-wrap\">\n            \n            \n        <\/div>\n      <\/div>\n    <\/div>\n\n    <div class=\"col-md-6\">\n              <figure class=\"image\">\n          <img decoding=\"async\" src=\"https:\/\/www.superawesome.com\/wp-content\/uploads\/2021\/03\/4.gif\" alt=\"MGA Entertainment example gif\">\n        <\/figure>\n          <\/div>\n  <\/div>\n  <\/div>\n  <\/section>\n\n<div class=\"container\">\n\n\n\n<\/div><!-- container -->\n\n<section class=\"block-skewed  mb-96 remove-top-margin \" style=\"z-index:99;\">\n\n    <div class=\"skewed-content-container\">\n        \n        <div class=\"section-background\" style=\"background-color: #ff3b11\"><\/div>\n\n        <div class=\"content slideindown\"><h3 style=\"text-align: center;\">\u201eInnovation ist entscheidend f\u00fcr unseren Erfolg. Wann immer wir etwas brauchen, das scheinbar unm\u00f6glich ist, wissen wir, dass SuperAwesome eine kindgerechte Erfahrung liefern wird, die auch unsere Gesch\u00e4ftsziele erf\u00fcllt.\u201c<\/h3>\n<p style=\"text-align: center;\">&#8211; Jamie Gutfreund, Global CMO bei MGA<\/p>\n<\/div>\n\n    <\/div>\n\n<\/section>\n\n<div class=\"container\">\n\n\n<div class=\"wp-block-columns is-layout-flex wp-container-core-columns-is-layout-9d6595d7 wp-block-columns-is-layout-flex\">\n<div class=\"wp-block-column is-layout-flow wp-block-column-is-layout-flow\">\n<p class=\"has-text-align-center\">MGA Entertainment ist das gr\u00f6\u00dfte private Spielzeugunternehmen der Welt. Die dreimal in Folge zum &#8222;Spielzeug des Jahres&#8220; gek\u00fcrten L.O.L. Surprise!-Puppen von MGA sind der ultimative Spielspa\u00df f\u00fcr Kinder &#8211; vom Auspacken bis zum ersten Mal Spielen.<\/p>\n\n\n\n<p class=\"has-text-align-center\">Zur Einf\u00fchrung der neuen Remix-Produktlinie, die von einem Musikalbum begleitet wurde, wollte MGA f\u00fcr Aufsehen sorgen. <strong>Um Kinder auf authentische Weise anzusprechen, brauchte MGA einen vertrauensw\u00fcrdigen Partner, der ein spannendes Event in 13 verschiedenen L\u00e4ndern durchf\u00fchrte.<\/strong><\/p>\n<\/div>\n<\/div>\n\n\n\n\n<section class=\"block-image-content block-image-content-inversed mt-160  \" >\n\n  \n  \n  <div class=\"row \">\n    <div class=\"col-md-6 slideinright image-container \">\n                                              <figure class=\"image\">\n          <img decoding=\"async\" src=\"https:\/\/www.superawesome.com\/wp-content\/uploads\/2021\/03\/Untitled-design-2021-03-31T102209.111.png\" alt=\"MGA Entertainment case study screenshot\">\n        <\/figure>\n                  <\/div>\n\n    <div class=\"col-md-6 slideinleft content-container\">\n      <div class=\"content\">\n                  <h3 class=\"h1\">Die Herausforderung<\/h3>\n        \n        \n        <p>Die Einf\u00fchrung von MGAs L.O.L. Surprise! Remix-Linie verlangte nach einem Konzept, das genauso fesselnd ist wie die neuen Produkte. Doch als MGA gerade dabei war, Live-Events zu planen, stoppte Covid-19 Pr\u00e4senzveranstaltungen.<\/p>\n<p>MGA musste nun versuchen, die Dynamik einer Live-Veranstaltung auf eine digitale Alternative zu \u00fcbertragen, um Kinder f\u00fcr die Remix-Serie zu begeistern. Die Umsetzung einer virtuellen Veranstaltung dieses Kalibers verlangte sowohl eine gro\u00dfe Tragweite als auch Fachwissen. Die Veranstaltung musste sichere und innovative Ans\u00e4tze f\u00fcr Kinder bieten, um mit der Marke in Kontakt zu kommen.<\/p>\n<p>Die Aktivierung in 13 internationalen M\u00e4rkten brachte weitere Schwierigkeiten mit sich, da die Compliance-Vorschriften von Land zu Land unterschiedlich sind (einschlie\u00dflich des Alters, in dem Kinder ihre Zustimmung zur Verarbeitung ihrer personenbezogenen Daten geben k\u00f6nnen).<\/p>\n\n\n        \n          \n      <\/div>\n    <\/div>\n  <\/div>\n  \n<\/section>\n\n\n\n\n\n\n<section class=\"block-image-content    \" >\n\n  \n  \n  <div class=\"row \">\n    <div class=\"col-md-6 slideinright image-container \">\n                                              <figure class=\"image\">\n          <img decoding=\"async\" src=\"https:\/\/www.superawesome.com\/wp-content\/uploads\/2021\/03\/Untitled-design-2021-03-31T102707.055.png\" alt=\"MGA Entertainment game screenshot\">\n        <\/figure>\n                  <\/div>\n\n    <div class=\"col-md-6 slideinleft content-container\">\n      <div class=\"content\">\n                  <h3 class=\"h1\">Die L\u00f6sung<\/h3>\n        \n        \n        <p>MGA hat sich vorgenommen, das Internet mit einem internationalen Online-Event zu erobern: Die L.O.L. Remix Music Awards. Dabei hatten die Kinder die M\u00f6glichkeit, f\u00fcr ihre Lieblingsversion der Leadsingle des Albums zu stimmen, die von zehn beliebten Influencern geremixt wurde.<\/p>\n<p>Die Grundlage der Kampagne bildeten passende und ansprechende Influencer-Inhalte. Das Fachwissen, die Technologie und die globale Reichweite von <a href=\"\/superawesome-creators\/\">SuperAwesome<\/a> waren dabei von entscheidender Bedeutung. Die Influencer-L\u00f6sung SuperAwesome Creators half MGA bei der Auswahl der richtigen Talente, um die Inhalte auf sichere und \u00fcberzeugende Weise auf YouTube, mobil sowie im Internet zu verbreiten.<\/p>\n<p>Um die Influencer-Aktivit\u00e4ten zu erg\u00e4nzen, nutzte MGA die <a href=\"\/awesomeads-for-advertisers\/\">AwesomeAds-Technologie<\/a> von SuperAwesome, um eine Branchenneuheit zu verwirklichen. Mittels der digitalen Wunschliste von AwesomeAds konnten Kids ihre Lieblingsprodukte von L.O.L. an Erwachsene weiterleiten. Die Wunschliste erm\u00f6glichte es, das Interesse an den Produkten auf eine datenschutzkonforme Weise zu ermitteln.<\/p>\n<p>Angetrieben durch die globale Reichweite von SuperAwesome, wurde die Kampagne in 13 globalen M\u00e4rkten und 7 Sprachen durchgef\u00fchrt. Letztendlich steigerte die L.O.L. Surprise! Remix-Kampagne die Bekanntheit von Marke und Produkt mithilfe von Content, von denen die Kinder begeistert waren.<\/p>\n\n\n        \n          \n      <\/div>\n    <\/div>\n  <\/div>\n  \n<\/section>\n\n\n\n\n\n<h2 class=\"has-text-align-center wp-block-heading\">Sehen Sie sich die Kampagne an.<\/h2>\n\n\n\n<div align=\"center\">\n<iframe loading=\"lazy\" src=\"https:\/\/www.youtube.com\/embed\/355pryAzNnI\" modestbranding=\"1&amp;rel=0&amp;autohide=1&amp;showinfo=0&quot;\" allow=\"accelerometer; autoplay; clipboard-write; encrypted-media; gyroscope; picture-in-picture\" allowfullscreen=\"\" width=\"853\" height=\"480\" frameborder=\"0\"><\/iframe><\/div>\n\n\n\n<div class=\"wp-block-columns is-layout-flex wp-container-core-columns-is-layout-9d6595d7 wp-block-columns-is-layout-flex\">\n<div class=\"wp-block-column is-layout-flow wp-block-column-is-layout-flow\"><div class=\"wp-block-image\">\n<figure class=\"aligncenter size-large\"><img loading=\"lazy\" decoding=\"async\" width=\"700\" height=\"450\" src=\"https:\/\/www.superawesome.com\/wp-content\/uploads\/2021\/05\/Badges4-1.png\" alt=\"Digiday Awards Winner\" class=\"wp-image-9507\" srcset=\"https:\/\/www.superawesome.com\/wp-content\/uploads\/2021\/05\/Badges4-1.png 700w, https:\/\/www.superawesome.com\/wp-content\/uploads\/2021\/05\/Badges4-1-300x193.png 300w\" sizes=\"auto, (max-width: 700px) 100vw, 700px\" \/><\/figure>\n<\/div><\/div>\n\n\n\n<div class=\"wp-block-column is-layout-flow wp-block-column-is-layout-flow\"><div class=\"wp-block-image\">\n<figure class=\"aligncenter size-large\"><img loading=\"lazy\" decoding=\"async\" width=\"700\" height=\"450\" src=\"https:\/\/www.superawesome.com\/wp-content\/uploads\/2021\/03\/Badges1.png\" alt=\"The Drum Awards Finalist\" class=\"wp-image-8911\" srcset=\"https:\/\/www.superawesome.com\/wp-content\/uploads\/2021\/03\/Badges1.png 700w, https:\/\/www.superawesome.com\/wp-content\/uploads\/2021\/03\/Badges1-300x193.png 300w\" sizes=\"auto, (max-width: 700px) 100vw, 700px\" \/><\/figure>\n<\/div><\/div>\n<\/div>\n\n\n<\/div><!-- container -->\n<div class=\"container icon-cards-container\">\n<section class=\"block-icon-cards 3   slideindownnomobile\">\n    <h2>Die Ergebnisse<\/h2>    \n        <div class=\"cards slideindownnomobile\">\n            <div class=\"card card-hover-state  text-centered\">\n                    <figure class=\"card-icon\" style=\"max-width:190px\">\n                <img decoding=\"async\" class=\"style-\" src=\"https:\/\/www.superawesome.com\/wp-content\/uploads\/2022\/08\/SA_NewIcons_Orange-02.png\" alt=\"SA_NewIcons_Orange-02\">\n            <\/figure>\n                            <p class=\"card-text\">1,4 Millionen kindersichere Werbeimpressions wurden zu 117% des Kampagnenziels ausgeliefert.<\/p>\n                <\/div>\n            <div class=\"card card-hover-state  text-centered\">\n                    <figure class=\"card-icon\" style=\"max-width:190px\">\n                <img decoding=\"async\" class=\"style-\" src=\"https:\/\/www.superawesome.com\/wp-content\/uploads\/2022\/08\/SA_NewIcons_Orange-17.png\" alt=\"SA_NewIcons_Orange-17\">\n            <\/figure>\n                            <p class=\"card-text\">48% durchschnittliche Laufzeit f\u00fcr Influencer-Musikvideos, weit \u00fcber der Benchmark von 35%.<\/p>\n                <\/div>\n            <div class=\"card card-hover-state  text-centered\">\n                    <figure class=\"card-icon\" style=\"max-width:190px\">\n                <img decoding=\"async\" class=\"style-\" src=\"https:\/\/www.superawesome.com\/wp-content\/uploads\/2022\/08\/SA_NewIcons_Orange-33.png\" alt=\"SA_NewIcons_Orange-33\">\n            <\/figure>\n                            <p class=\"card-text\">1,86 Millionen Seitenaufrufe auf der COPPA-konformen Microsite.<\/p>\n                <\/div>\n        <\/div><!-- .cards -->\n    <\/section>\n<\/div><!-- container -->\n<div class=\"container\">\n\n\n\n<\/div><!-- container -->\n\n<section class=\"block-skewed  mb-96  \" style=\"z-index:99;\">\n\n    <div class=\"skewed-content-container\">\n        \n        <div class=\"section-background\" style=\"background-color: #111111\"><\/div>\n\n        <div class=\"content slideindown\"><h3 style=\"text-align: center;\">\u201eDie Partnerschaft mit SuperAwesome erlaubte es uns, Remix in 13 M\u00e4rkten, in lokalen Sprachen, mit Influencern und Inhalten zu launchen, die unseren Fans weltweit ein unglaubliches Vergn\u00fcgen bereiteten.\u201c<\/h3>\n<p style=\"text-align: center;\">&#8211; Jamie Gutfreund, Global CMO bei MGA Entertainment<\/p>\n<\/div>\n\n    <\/div>\n\n<\/section>\n\n<div class=\"container\">\n\n<section class=\"block-content-cards  \">\n    <h2>Erfahren Sie mehr \u00fcber unsere L\u00f6sungen\u2026<\/h2>    \n        <div class=\"cards\">\n            <div class=\"card\">\n                    <p class=\"card-cat\" style=\"background-color: #114bff\"><\/p>\n                    <figure class=\"image\">\n                <img decoding=\"async\" src=\"https:\/\/www.superawesome.com\/wp-content\/uploads\/2022\/08\/shutterstock_1786572065b-scaled.jpg\" alt=\"shutterstock_1786572065b\">\n            <\/figure>\n                    <h3 style=\"color: #114bff;\">SuperAwesome Creators<\/h3>\n                    <p class=\"preview-text\">Erstellung von Content f\u00fcr ein junges und familienorientiertes Publikum.<\/p>\n                            <a href=\"\/superawesome-creators\/\" class=\"btn btn-black\" target=\"_self\">\n                Mehr erfahren\n                <\/a>\n                    <\/div>\n            <div class=\"card\">\n                    <p class=\"card-cat\" style=\"background-color: #114bff\"><\/p>\n                    <figure class=\"image\">\n                <img decoding=\"async\" src=\"https:\/\/www.superawesome.com\/wp-content\/uploads\/2022\/08\/jason-goodman-0K7GgiA8lVE-unsplash-scaled.jpeg\" alt=\"jason-goodman-0K7GgiA8lVE-unsplash\">\n            <\/figure>\n                    <h3 style=\"color: #114bff;\">AwesomeAds<\/h3>\n                    <p class=\"preview-text\">Die branchenf\u00fchrende kindersichere Werbeplattform bietet Markenl\u00f6sungen f\u00fcr Werbetreibende.<\/p>\n                            <a href=\"\/awesomeads-for-advertisers\/\" class=\"btn btn-black\" target=\"_self\">\n                Mehr erfahren\n                <\/a>\n                    <\/div>\n            <div class=\"card\">\n                    <p class=\"card-cat\" style=\"background-color: #114bff\"><\/p>\n                    <figure class=\"image\">\n                <img decoding=\"async\" src=\"https:\/\/www.superawesome.com\/wp-content\/uploads\/2022\/02\/shutterstock_1674180091-scaled.jpg\" alt=\"shutterstock_1674180091\">\n            <\/figure>\n                    <h3 style=\"color: #114bff;\">Kids Social Video<\/h3>\n                    <p class=\"preview-text\">Kindersichere, markensichere, kontextbezogene Werbung auf YouTube<\/p>\n                            <a href=\"\/kids-social-video\/\" class=\"btn btn-black\" target=\"_self\">\n                Mehr erfahren\n                <\/a>\n                    <\/div>\n        <\/div><!-- .cards -->\n    <\/section>\n\n\n\n\n<section class=\"block-cta mt-48 \">\n  <h2 class=\"medium\">M\u00f6chten Sie Ihre Markenbekanntheit steigern?<\/h2>\n\n        <a id=\"cta-btn\" href=\"#\" class=\"btn btn-primary\" target=\"_self\">\n      Kontakt aufnehmen\n    <\/a>\n  \n\n      <div data-contact-form class=\"contact-form-hubspot\">\n              <!--[if lte IE 8]>\n        <script charset=\"utf-8\" type=\"text\/javascript\" src=\"\/\/js.hsforms.net\/forms\/v2-legacy.js\"><\/script>\n        <![endif]-->\n        <script charset=\"utf-8\" type=\"text\/javascript\" src=\"\/\/js.hsforms.net\/forms\/v2.js\"><\/script>\n      \n      <script>\n        hbspt.forms.create({\n          portalId: \"5009836\",\n          formId: \"d6f951e2-ff41-4a96-ae90-31acdef15f8e\",\n          onFormSubmit: function(){\n            setTimeout(function(){\n              var $thankYou = $('#contact-form-hubspot-thank-you');\n              $thankYou.show();\n              $thankYou.parents().find('.block-cta').first().find('h2').remove();\n            }, 100 );\n          }\n        });\n      <\/script>\n      <div id=\"contact-form-hubspot-thank-you\" class=\"contact-form-hubspot-thank-you\" style=\"display:none\">\n        \n      <\/div>\n    <\/div>\n  \n<\/section>\n","protected":false},"excerpt":{"rendered":"<p>MGA Entertainment ist das gr\u00f6\u00dfte private Spielzeugunternehmen der Welt. Die dreimal in Folge zum &#8222;Spielzeug des Jahres&#8220; gek\u00fcrten L.O.L. Surprise!-Puppen von MGA sind der ultimative Spielspa\u00df f\u00fcr Kinder &#8211; vom Auspacken bis zum ersten Mal Spielen. Zur Einf\u00fchrung der neuen Remix-Produktlinie, die von einem Musikalbum begleitet wurde, wollte MGA f\u00fcr Aufsehen sorgen. Um Kinder auf [&hellip;]<\/p>\n","protected":false},"author":91,"featured_media":0,"parent":0,"menu_order":0,"comment_status":"closed","ping_status":"closed","template":"","meta":{"_acf_changed":false,"content-type":"","_monsterinsights_skip_tracking":false,"_monsterinsights_sitenote_active":false,"_monsterinsights_sitenote_note":"","_monsterinsights_sitenote_category":0,"footnotes":""},"class_list":["post-13459","page","type-page","status-publish","hentry"],"acf":{"spotify_url":"","amazon_music_url":"","sound_cloud_url":""},"yoast_head":"<!-- This site is optimized with the Yoast SEO plugin v27.4 - https:\/\/yoast.com\/product\/yoast-seo-wordpress\/ -->\n<title>MGA Entertainment Fallstudie - SuperAwesome<\/title>\n<meta name=\"robots\" content=\"index, follow, max-snippet:-1, max-image-preview:large, max-video-preview:-1\" \/>\n<link rel=\"canonical\" href=\"https:\/\/www.superawesome.com\/mga-entertainment-lol-remix-music-awards-case-study\/\" \/>\n<meta property=\"og:locale\" content=\"de_DE\" \/>\n<meta property=\"og:type\" content=\"article\" \/>\n<meta property=\"og:title\" content=\"MGA Entertainment Fallstudie - SuperAwesome\" \/>\n<meta property=\"og:description\" content=\"MGA Entertainment ist das gr\u00f6\u00dfte private Spielzeugunternehmen der Welt. Die dreimal in Folge zum &#8222;Spielzeug des Jahres&#8220; gek\u00fcrten L.O.L. Surprise!-Puppen von MGA sind der ultimative Spielspa\u00df f\u00fcr Kinder &#8211; vom Auspacken bis zum ersten Mal Spielen. Zur Einf\u00fchrung der neuen Remix-Produktlinie, die von einem Musikalbum begleitet wurde, wollte MGA f\u00fcr Aufsehen sorgen. Um Kinder auf [&hellip;]\" \/>\n<meta property=\"og:url\" content=\"https:\/\/www.superawesome.com\/mga-entertainment-lol-remix-music-awards-case-study\/\" \/>\n<meta property=\"og:site_name\" content=\"SuperAwesome\" \/>\n<meta property=\"article:modified_time\" content=\"2022-09-13T11:12:50+00:00\" \/>\n<meta property=\"og:image\" content=\"https:\/\/www.superawesome.com\/wp-content\/uploads\/2021\/05\/Badges4-1.png\" \/>\n<meta name=\"twitter:card\" content=\"summary_large_image\" \/>\n<meta name=\"twitter:site\" content=\"@GoSuperAwesome\" \/>\n<script type=\"application\/ld+json\" class=\"yoast-schema-graph\">{\"@context\":\"https:\\\/\\\/schema.org\",\"@graph\":[{\"@type\":\"WebPage\",\"@id\":\"https:\\\/\\\/www.superawesome.com\\\/mga-entertainment-lol-remix-music-awards-case-study\\\/\",\"url\":\"https:\\\/\\\/www.superawesome.com\\\/mga-entertainment-lol-remix-music-awards-case-study\\\/\",\"name\":\"MGA Entertainment Fallstudie - SuperAwesome\",\"isPartOf\":{\"@id\":\"https:\\\/\\\/www.superawesome.com\\\/#website\"},\"primaryImageOfPage\":{\"@id\":\"https:\\\/\\\/www.superawesome.com\\\/mga-entertainment-lol-remix-music-awards-case-study\\\/#primaryimage\"},\"image\":{\"@id\":\"https:\\\/\\\/www.superawesome.com\\\/mga-entertainment-lol-remix-music-awards-case-study\\\/#primaryimage\"},\"thumbnailUrl\":\"https:\\\/\\\/www.superawesome.com\\\/wp-content\\\/uploads\\\/2021\\\/05\\\/Badges4-1.png\",\"datePublished\":\"2021-03-31T09:33:50+00:00\",\"dateModified\":\"2022-09-13T11:12:50+00:00\",\"breadcrumb\":{\"@id\":\"https:\\\/\\\/www.superawesome.com\\\/mga-entertainment-lol-remix-music-awards-case-study\\\/#breadcrumb\"},\"inLanguage\":\"de-DE\",\"potentialAction\":[{\"@type\":\"ReadAction\",\"target\":[\"https:\\\/\\\/www.superawesome.com\\\/mga-entertainment-lol-remix-music-awards-case-study\\\/\"]}]},{\"@type\":\"ImageObject\",\"inLanguage\":\"de-DE\",\"@id\":\"https:\\\/\\\/www.superawesome.com\\\/mga-entertainment-lol-remix-music-awards-case-study\\\/#primaryimage\",\"url\":\"https:\\\/\\\/www.superawesome.com\\\/wp-content\\\/uploads\\\/2021\\\/05\\\/Badges4-1.png\",\"contentUrl\":\"https:\\\/\\\/www.superawesome.com\\\/wp-content\\\/uploads\\\/2021\\\/05\\\/Badges4-1.png\"},{\"@type\":\"BreadcrumbList\",\"@id\":\"https:\\\/\\\/www.superawesome.com\\\/mga-entertainment-lol-remix-music-awards-case-study\\\/#breadcrumb\",\"itemListElement\":[{\"@type\":\"ListItem\",\"position\":1,\"name\":\"Home\",\"item\":\"https:\\\/\\\/www.superawesome.com\\\/\"},{\"@type\":\"ListItem\",\"position\":2,\"name\":\"MGA Entertainment Fallstudie\"}]},{\"@type\":\"WebSite\",\"@id\":\"https:\\\/\\\/www.superawesome.com\\\/#website\",\"url\":\"https:\\\/\\\/www.superawesome.com\\\/\",\"name\":\"SuperAwesome\",\"description\":\"Powering a better internet for the next generation\",\"publisher\":{\"@id\":\"https:\\\/\\\/www.superawesome.com\\\/#organization\"},\"potentialAction\":[{\"@type\":\"SearchAction\",\"target\":{\"@type\":\"EntryPoint\",\"urlTemplate\":\"https:\\\/\\\/www.superawesome.com\\\/?s={search_term_string}\"},\"query-input\":{\"@type\":\"PropertyValueSpecification\",\"valueRequired\":true,\"valueName\":\"search_term_string\"}}],\"inLanguage\":\"de-DE\"},{\"@type\":\"Organization\",\"@id\":\"https:\\\/\\\/www.superawesome.com\\\/#organization\",\"name\":\"SuperAwesome\",\"url\":\"https:\\\/\\\/www.superawesome.com\\\/\",\"logo\":{\"@type\":\"ImageObject\",\"inLanguage\":\"de-DE\",\"@id\":\"https:\\\/\\\/www.superawesome.com\\\/#\\\/schema\\\/logo\\\/image\\\/\",\"url\":\"https:\\\/\\\/www.superawesome.com\\\/wp-content\\\/uploads\\\/2022\\\/08\\\/SA_Logo_Main.png\",\"contentUrl\":\"https:\\\/\\\/www.superawesome.com\\\/wp-content\\\/uploads\\\/2022\\\/08\\\/SA_Logo_Main.png\",\"width\":400,\"height\":171,\"caption\":\"SuperAwesome\"},\"image\":{\"@id\":\"https:\\\/\\\/www.superawesome.com\\\/#\\\/schema\\\/logo\\\/image\\\/\"},\"sameAs\":[\"https:\\\/\\\/x.com\\\/GoSuperAwesome\"]}]}<\/script>\n<!-- \/ Yoast SEO plugin. -->","yoast_head_json":{"title":"MGA Entertainment Fallstudie - SuperAwesome","robots":{"index":"index","follow":"follow","max-snippet":"max-snippet:-1","max-image-preview":"max-image-preview:large","max-video-preview":"max-video-preview:-1"},"canonical":"https:\/\/www.superawesome.com\/mga-entertainment-lol-remix-music-awards-case-study\/","og_locale":"de_DE","og_type":"article","og_title":"MGA Entertainment Fallstudie - SuperAwesome","og_description":"MGA Entertainment ist das gr\u00f6\u00dfte private Spielzeugunternehmen der Welt. Die dreimal in Folge zum &#8222;Spielzeug des Jahres&#8220; gek\u00fcrten L.O.L. Surprise!-Puppen von MGA sind der ultimative Spielspa\u00df f\u00fcr Kinder &#8211; vom Auspacken bis zum ersten Mal Spielen. Zur Einf\u00fchrung der neuen Remix-Produktlinie, die von einem Musikalbum begleitet wurde, wollte MGA f\u00fcr Aufsehen sorgen. Um Kinder auf [&hellip;]","og_url":"https:\/\/www.superawesome.com\/mga-entertainment-lol-remix-music-awards-case-study\/","og_site_name":"SuperAwesome","article_modified_time":"2022-09-13T11:12:50+00:00","og_image":[{"url":"https:\/\/www.superawesome.com\/wp-content\/uploads\/2021\/05\/Badges4-1.png","type":"","width":"","height":""}],"twitter_card":"summary_large_image","twitter_site":"@GoSuperAwesome","schema":{"@context":"https:\/\/schema.org","@graph":[{"@type":"WebPage","@id":"https:\/\/www.superawesome.com\/mga-entertainment-lol-remix-music-awards-case-study\/","url":"https:\/\/www.superawesome.com\/mga-entertainment-lol-remix-music-awards-case-study\/","name":"MGA Entertainment Fallstudie - SuperAwesome","isPartOf":{"@id":"https:\/\/www.superawesome.com\/#website"},"primaryImageOfPage":{"@id":"https:\/\/www.superawesome.com\/mga-entertainment-lol-remix-music-awards-case-study\/#primaryimage"},"image":{"@id":"https:\/\/www.superawesome.com\/mga-entertainment-lol-remix-music-awards-case-study\/#primaryimage"},"thumbnailUrl":"https:\/\/www.superawesome.com\/wp-content\/uploads\/2021\/05\/Badges4-1.png","datePublished":"2021-03-31T09:33:50+00:00","dateModified":"2022-09-13T11:12:50+00:00","breadcrumb":{"@id":"https:\/\/www.superawesome.com\/mga-entertainment-lol-remix-music-awards-case-study\/#breadcrumb"},"inLanguage":"de-DE","potentialAction":[{"@type":"ReadAction","target":["https:\/\/www.superawesome.com\/mga-entertainment-lol-remix-music-awards-case-study\/"]}]},{"@type":"ImageObject","inLanguage":"de-DE","@id":"https:\/\/www.superawesome.com\/mga-entertainment-lol-remix-music-awards-case-study\/#primaryimage","url":"https:\/\/www.superawesome.com\/wp-content\/uploads\/2021\/05\/Badges4-1.png","contentUrl":"https:\/\/www.superawesome.com\/wp-content\/uploads\/2021\/05\/Badges4-1.png"},{"@type":"BreadcrumbList","@id":"https:\/\/www.superawesome.com\/mga-entertainment-lol-remix-music-awards-case-study\/#breadcrumb","itemListElement":[{"@type":"ListItem","position":1,"name":"Home","item":"https:\/\/www.superawesome.com\/"},{"@type":"ListItem","position":2,"name":"MGA Entertainment Fallstudie"}]},{"@type":"WebSite","@id":"https:\/\/www.superawesome.com\/#website","url":"https:\/\/www.superawesome.com\/","name":"SuperAwesome","description":"Powering a better internet for the next generation","publisher":{"@id":"https:\/\/www.superawesome.com\/#organization"},"potentialAction":[{"@type":"SearchAction","target":{"@type":"EntryPoint","urlTemplate":"https:\/\/www.superawesome.com\/?s={search_term_string}"},"query-input":{"@type":"PropertyValueSpecification","valueRequired":true,"valueName":"search_term_string"}}],"inLanguage":"de-DE"},{"@type":"Organization","@id":"https:\/\/www.superawesome.com\/#organization","name":"SuperAwesome","url":"https:\/\/www.superawesome.com\/","logo":{"@type":"ImageObject","inLanguage":"de-DE","@id":"https:\/\/www.superawesome.com\/#\/schema\/logo\/image\/","url":"https:\/\/www.superawesome.com\/wp-content\/uploads\/2022\/08\/SA_Logo_Main.png","contentUrl":"https:\/\/www.superawesome.com\/wp-content\/uploads\/2022\/08\/SA_Logo_Main.png","width":400,"height":171,"caption":"SuperAwesome"},"image":{"@id":"https:\/\/www.superawesome.com\/#\/schema\/logo\/image\/"},"sameAs":["https:\/\/x.com\/GoSuperAwesome"]}]}},"_links":{"self":[{"href":"https:\/\/www.superawesome.com\/de\/wp-json\/wp\/v2\/pages\/13459","targetHints":{"allow":["GET"]}}],"collection":[{"href":"https:\/\/www.superawesome.com\/de\/wp-json\/wp\/v2\/pages"}],"about":[{"href":"https:\/\/www.superawesome.com\/de\/wp-json\/wp\/v2\/types\/page"}],"author":[{"embeddable":true,"href":"https:\/\/www.superawesome.com\/de\/wp-json\/wp\/v2\/users\/91"}],"replies":[{"embeddable":true,"href":"https:\/\/www.superawesome.com\/de\/wp-json\/wp\/v2\/comments?post=13459"}],"version-history":[{"count":0,"href":"https:\/\/www.superawesome.com\/de\/wp-json\/wp\/v2\/pages\/13459\/revisions"}],"wp:attachment":[{"href":"https:\/\/www.superawesome.com\/de\/wp-json\/wp\/v2\/media?parent=13459"}],"curies":[{"name":"wp","href":"https:\/\/api.w.org\/{rel}","templated":true}]}}