{"id":13427,"date":"2019-05-03T10:46:59","date_gmt":"2019-05-03T10:46:59","guid":{"rendered":"https:\/\/www.superawesome.com\/?page_id=13427"},"modified":"2024-02-21T15:13:18","modified_gmt":"2024-02-21T15:13:18","slug":"awesome-ads-for-advertisers-de","status":"publish","type":"page","link":"https:\/\/www.superawesome.com\/de\/awesome-ads-for-advertisers-de\/","title":{"rendered":"AwesomeAds f\u00fcr Werbetreibende"},"content":{"rendered":"<section class=\"new-standard-hero break-container\">\n  <img loading=\"lazy\" decoding=\"async\" width=\"1024\" height=\"1024\" src=\"https:\/\/www.superawesome.com\/wp-content\/uploads\/2022\/08\/SA_Website_Product_BGBanners-07.svg\" class=\"new-standard-hero--background\" alt=\"\" srcset=\"https:\/\/www.superawesome.com\/wp-content\/uploads\/2022\/08\/SA_Website_Product_BGBanners-07.svg 150w, https:\/\/www.superawesome.com\/wp-content\/uploads\/2022\/08\/SA_Website_Product_BGBanners-07.svg 300w, https:\/\/www.superawesome.com\/wp-content\/uploads\/2022\/08\/SA_Website_Product_BGBanners-07.svg 1024w, https:\/\/www.superawesome.com\/wp-content\/uploads\/2022\/08\/SA_Website_Product_BGBanners-07.svg 1536w, https:\/\/www.superawesome.com\/wp-content\/uploads\/2022\/08\/SA_Website_Product_BGBanners-07.svg 2048w\" sizes=\"auto, (max-width: 1024px) 100vw, 1024px\" \/>  <div class=\"container  pt-64 pb-160\">\n    <div class=\"new-standard-hero--inner text-white\">\n      <div class=\"row align-center space-between\">\n        <div class=\"col-md-5\">\n          <h2>AwesomeAds ist die f\u00fchrende Werbeplattform f\u00fcr Generation Alpha und Generation Z und stellt die Privatsph\u00e4re in den Mittelpunkt.<\/h2>\n<a class='btn btn-white btn-normal' href=\"\/de\/contact-us\/\">Kontakt aufnehmen <\/a>\n        <\/div>\n        <div class=\"col-md-6\">\n          <img loading=\"lazy\" decoding=\"async\" width=\"1024\" height=\"288\" src=\"https:\/\/www.superawesome.com\/wp-content\/uploads\/2021\/11\/AwesomeAds_long_white-1-1024x288.png\" class=\"attachment-large size-large\" alt=\"White AwesomeAds logo\" srcset=\"https:\/\/www.superawesome.com\/wp-content\/uploads\/2021\/11\/AwesomeAds_long_white-1-1024x288.png 1024w, https:\/\/www.superawesome.com\/wp-content\/uploads\/2021\/11\/AwesomeAds_long_white-1-300x84.png 300w, https:\/\/www.superawesome.com\/wp-content\/uploads\/2021\/11\/AwesomeAds_long_white-1-768x216.png 768w, https:\/\/www.superawesome.com\/wp-content\/uploads\/2021\/11\/AwesomeAds_long_white-1-1536x432.png 1536w, https:\/\/www.superawesome.com\/wp-content\/uploads\/2021\/11\/AwesomeAds_long_white-1.png 1820w\" sizes=\"auto, (max-width: 1024px) 100vw, 1024px\" \/>        <\/div>\n      <\/div>\n    <\/div>      \n  <\/div>\n<\/section>\n\n<section class=\"overlap-image break-container\" style=\"margin-top:-150px\">\n  <div class=\"container container--small  pb-64\">\n    <div class=\"overlap-image--inner text-center\">\n      <img loading=\"lazy\" decoding=\"async\" width=\"1020\" height=\"561\" src=\"https:\/\/www.superawesome.com\/wp-content\/uploads\/2022\/08\/SA_2022_Images_Wide1-2-scaled.png\" class=\"attachment-large size-large\" alt=\"\" \/>      <h2><\/h2>\n    <\/div>      \n  <\/div>\n<\/section>\n\n<section class=\"block-statistic-section  mb-96\">\n\n    <div class=\"statistic-content slideindown\">\n\n        <h2 style=\"color: #114bff\">\u00dcber 155 Milliarden<\/h2>\n        <h3>verf\u00fcgbare monatliche Impressions erreichen 500 Mio. einzelne Nutzer auf Mobilger\u00e4ten, \u00fcber OTT\/VOD, im Internet, in Videospielen und auf YouTube.\r\n<br><\/br>\r\n<a class='btn btn-black btn-normal' href=\"https:\/\/superawesome.com\/contact-us\/\">Kontakt aufnehmen<\/a><\/h3>\n\n    <\/div>\n\n<\/section>\n\n<\/div> <!-- end .container -->\n\n<section class=\"block-what-we-do  \">\n    <nav class=\"cd-vertical-nav\">\n    <ul class=\"cd-menu\">\n              <li  class=\"section1\"><\/li>\n              <li  class=\"section2\"><\/li>\n            <\/ul>\n  <\/nav><!-- .cd-vertical-nav -->\n  <div class=\"what-we-do-sections\">\n          <div id=\"section1\" class=\"cd-section scroll-indicator\">\n      <div class=\"cd-section-container\">\n              <div class=\"section-background\" style=\"background-color: #111111\"><\/div>\n              <div class=\"content-wrapper\">                       \n          <div class=\"icon-image-container slideinup-no-reset\">\n            <img decoding=\"async\" src=\"https:\/\/www.superawesome.com\/wp-content\/uploads\/2022\/08\/WhiteOutline_Icons-06.png\" alt=\"WhiteOutline_Icons-06\">\n          <\/div><!-- icon-image-container -->                 \n          <div class=\"section-content slideindown\">\n            <h2>Gesteigerte Effizienz \u2026<\/h2>\n            <p>\u2713 Maschinelles Lernen und eine \u00dcberpr\u00fcfung durch menschliche Experten stimmen die punktgenaue kontextbezogene Platzierung auf Ihre Zielgruppe ab.\r\n\r\n\u2713 Hohe Interaktionszahlen, ma\u00dfgeschneiderte Kreativformate\r\n<\/p>\n                            <a href=\"https:\/\/www.superawesome.com\/bbc-iplayer-streaming-service-case-study\/\" class=\"btn-image\" target=\"_self\" title=\"\">\n                                      <img decoding=\"async\" src=\"https:\/\/www.superawesome.com\/wp-content\/uploads\/2023\/06\/Fallstudie-lesen.png\" alt=\"Fallstudie lesen\">\n                    <svg xmlns=\"http:\/\/www.w3.org\/2000\/svg\" width=\"37.414\" height=\"12.828\" viewBox=\"0 0 37.414 12.828\">\n                      <g id=\"Group_156\" data-name=\"Group 156\" transform=\"translate(-1042 -3450.586)\">\n                        <line id=\"Line_48\" data-name=\"Line 48\" x2=\"35\" transform=\"translate(1043 3457)\" fill=\"none\" stroke=\"#fff\" stroke-linecap=\"round\" stroke-width=\"2\"\/>\n                        <g id=\"Group_155\" data-name=\"Group 155\" transform=\"translate(4539.5 2357.5) rotate(90)\">\n                          <line id=\"Line_49\" data-name=\"Line 49\" y1=\"5\" x2=\"5\" transform=\"translate(1094.5 3461.5)\" fill=\"none\" stroke=\"#fff\" stroke-linecap=\"round\" stroke-width=\"2\"\/>\n                          <line id=\"Line_50\" data-name=\"Line 50\" x1=\"5\" y1=\"5\" transform=\"translate(1099.5 3461.5)\" fill=\"none\" stroke=\"#fff\" stroke-linecap=\"round\" stroke-width=\"2\"\/>\n                        <\/g>\n                      <\/g>\n                    <\/svg>\n                                  <\/a>\n                        <\/div>\n        <\/div><!-- content-wrapper -->\n        <\/div><!-- cd-section-container -->\n      <\/div><!-- cd-section -->\n          <div id=\"section2\" class=\"cd-section scroll-indicator\">\n      <div class=\"cd-section-container\">\n              <div class=\"section-background\" style=\"background-color: #6806ee\"><\/div>\n              <div class=\"content-wrapper\">                       \n          <div class=\"icon-image-container slideinup-no-reset\">\n            <img decoding=\"async\" src=\"https:\/\/www.superawesome.com\/wp-content\/uploads\/2022\/08\/WhiteOutline_Icons-03.png\" alt=\"WhiteOutline_Icons-03\">\n          <\/div><!-- icon-image-container -->                 \n          <div class=\"section-content slideindown\">\n            <h2>\u2026 ohne Gefahr f\u00fcr die Sicherheit der Marke oder der Benutzer<\/h2>\n            <p>\u2713 Kein auf Cookies beruhendes Verhaltens-Targeting oder Erstellung von Nutzerprofilen\r\n\r\n\u2713 Bewertung der Eignung von Werbung und Bereitstellung \u00fcber alle Publisher und Kan\u00e4le hinweg<\/p>\n                            <a href=\"https:\/\/www.superawesome.com\/post-pebbles-case-study\/\" class=\"btn-image\" target=\"_self\" title=\"\">\n                                      <img decoding=\"async\" src=\"https:\/\/www.superawesome.com\/wp-content\/uploads\/2023\/06\/Fallstudie-lesen.png\" alt=\"Fallstudie lesen\">\n                    <svg xmlns=\"http:\/\/www.w3.org\/2000\/svg\" width=\"37.414\" height=\"12.828\" viewBox=\"0 0 37.414 12.828\">\n                      <g id=\"Group_156\" data-name=\"Group 156\" transform=\"translate(-1042 -3450.586)\">\n                        <line id=\"Line_48\" data-name=\"Line 48\" x2=\"35\" transform=\"translate(1043 3457)\" fill=\"none\" stroke=\"#fff\" stroke-linecap=\"round\" stroke-width=\"2\"\/>\n                        <g id=\"Group_155\" data-name=\"Group 155\" transform=\"translate(4539.5 2357.5) rotate(90)\">\n                          <line id=\"Line_49\" data-name=\"Line 49\" y1=\"5\" x2=\"5\" transform=\"translate(1094.5 3461.5)\" fill=\"none\" stroke=\"#fff\" stroke-linecap=\"round\" stroke-width=\"2\"\/>\n                          <line id=\"Line_50\" data-name=\"Line 50\" x1=\"5\" y1=\"5\" transform=\"translate(1099.5 3461.5)\" fill=\"none\" stroke=\"#fff\" stroke-linecap=\"round\" stroke-width=\"2\"\/>\n                        <\/g>\n                      <\/g>\n                    <\/svg>\n                                  <\/a>\n                        <\/div>\n        <\/div><!-- content-wrapper -->\n        <\/div><!-- cd-section-container -->\n      <\/div><!-- cd-section -->\n        <\/div><!-- what-we-do-sections -->\n<\/section>\n\n<div class=\"container\">\n\n\n\n<section class=\"block-image-content  mt-32 mb-96 \" >\n\n  \n  \n  <div class=\"row \">\n    <div class=\"col-md-6 slideinright image-container \">\n                                              <figure class=\"image\">\n          <img decoding=\"async\" src=\"https:\/\/www.superawesome.com\/wp-content\/uploads\/2024\/02\/Screenshot-2024-02-16-163751.png\" alt=\"Screenshot 2024-02-16 163751\">\n        <\/figure>\n                  <\/div>\n\n    <div class=\"col-md-6 slideinleft content-container\">\n      <div class=\"content\">\n                  <h3 class=\"h1\">AwesomeAds Marketplace<\/h3>\n        \n        \n        <p><span style=\"font-weight: 400;\">\u2713 Der weltweit gr\u00f6\u00dfte Marktplatz f\u00fcr digitale Inhalte f\u00fcr Kinder und Jugendliche verbindet Werbetreibende \u00fcber mobile Anwendungen, OTT\/VOD und das Internet mit \u00fcber 5,4\u00a0Milliarden Impressionen in den Zielgruppen Generation\u00a0Z und Generation\u00a0Alpha.<\/span><\/p>\n<p>&nbsp;<\/p>\n<p><span style=\"font-weight: 400;\">\u2713 Hauseigene ma\u00dfgeschneiderte Kreativformate bieten hohe Leistung und immersive Interaktionen.<\/span><\/p>\n<p>&nbsp;<\/p>\n<p><span style=\"font-weight: 400;\">\u2713 Konzipiert f\u00fcr Sicherheit und Eignung f\u00fcr alle Altersgruppen \u2013 alle Werbematerialien und Platzierungen werden von menschlichen Experten gepr\u00fcft und \u00fcber unsere eigene, als COPPA\/DSGVO-konform zertifizierte Technologie bereitgestellt.<\/span><\/p>\n\n\n        \n          \n      <\/div>\n    <\/div>\n  <\/div>\n  \n<\/section>\n\n\n\n\n\n<p class=\"has-text-align-center\" style=\"font-style:italic;font-weight:400\">Die propriet\u00e4re, kontextbezogene Targeting-Technologie des AwesomeAds-Marktplatzes ist unter dem COPPA Safe Harbor Program der FTC von dem kidSAFE Seal Program, dem ESRB Privacy Certified Kids Seal und dem CARU COPPA Safe Harbor Program zertifiziert.<\/p>\n\n\n\n<p class=\"has-text-align-center\" style=\"font-style:italic;font-weight:400\"><\/p>\n\n\n\n<div class=\"wp-block-columns is-layout-flex wp-container-core-columns-is-layout-9d6595d7 wp-block-columns-is-layout-flex\">\n<div class=\"wp-block-column is-layout-flow wp-block-column-is-layout-flow\">\n<a target=\"_blank\" title=\"Click for the Privacy Confirmation of SuperAwesome\" href=\"https:\/\/caru.bbbprograms.org\/seal\/Confirmation\/326152976\" rel=\"noopener\"><img decoding=\"async\" alt=\"SuperAwesome confirmation seal\" style=\"border: 0; \" src=\"https:\/\/www.superawesome.com\/wp-content\/uploads\/2021\/04\/Caru.png\"><\/a>\n<\/div>\n\n\n\n<div class=\"wp-block-column is-layout-flow wp-block-column-is-layout-flow\">\n<a href=\"https:\/\/www.kidsafeseal.com\/certifiedproducts\/superawesome_ads.html\" target=\"_blank\" rel=\"noopener noreferrer\"><img decoding=\"async\" alt=\"SuperAwesome Ad Platform (Awesome Ads) is certified by the kidSAFE Seal Program.\" src=\"https:\/\/www.kidsafeseal.com\/sealimage\/20514916241307214700\/superawesome_ads_large_darktm.png\" width=\"200px\" border=\"0\"><\/a>\n\n\n\n<p><\/p>\n<\/div>\n\n\n\n<div class=\"wp-block-column is-layout-flow wp-block-column-is-layout-flow\" style=\"flex-basis:20.3%\"><div class=\"wp-block-image\">\n<figure class=\"aligncenter is-resized\"><a href=\"https:\/\/www.esrb.org\/EPCConfirm\/awesomeads\/en\" target=\"_blank\" rel=\"noreferrer noopener\"><img loading=\"lazy\" decoding=\"async\" width=\"222\" height=\"300\" src=\"https:\/\/www.superawesome.com\/wp-content\/uploads\/2019\/07\/0F3CF6FD-DB15-4BA3-A5A4-7F463E3D920A-222x300.jpeg\" alt=\"\" class=\"wp-image-5875\" style=\"width:56px;height:75px\" srcset=\"https:\/\/www.superawesome.com\/wp-content\/uploads\/2019\/07\/0F3CF6FD-DB15-4BA3-A5A4-7F463E3D920A-222x300.jpeg 222w, https:\/\/www.superawesome.com\/wp-content\/uploads\/2019\/07\/0F3CF6FD-DB15-4BA3-A5A4-7F463E3D920A.jpeg 475w\" sizes=\"auto, (max-width: 222px) 100vw, 222px\" \/><\/a><\/figure>\n<\/div><\/div>\n<\/div>\n\n\n\n<p class=\"has-text-align-center\"><em>Die \u201eCOPPA Safe Harbor\u201c-Programme zertifizieren keine einzelnen Webeanzeigen oder Werbekampagnen.<\/em><\/p>\n\n\n\n<p><\/p>\n\n\n\n\n<section class=\"block-image-content block-image-content-inversed   \" >\n\n  \n  \n  <div class=\"row \">\n    <div class=\"col-md-6 slideinright image-container \">\n                                              <figure class=\"image\">\n          <img decoding=\"async\" src=\"https:\/\/www.superawesome.com\/wp-content\/uploads\/2022\/12\/RL_Roblox_Hero_15s_16x9_1b-1-scaled.gif\" alt=\"RL_Roblox_Hero_15s_16x9_1b\">\n        <\/figure>\n                  <\/div>\n\n    <div class=\"col-md-6 slideinleft content-container\">\n      <div class=\"content\">\n                  <h3 class=\"h1\">AwesomeAds for Social<\/h3>\n        \n        \n        <p><span style=\"font-weight: 400;\">\u2713 Mehr als 588\u00a0Milliarden monatliche Views in sozialen Medien, darunter 112.000\u00a0YouTube-Kan\u00e4le, die durch maschinelles Lernen und menschliche Experten auf ihre Sicherheit und Eignung f\u00fcr ein junges Publikum \u00fcberpr\u00fcft werden.<\/span><\/p>\n<p>&nbsp;<\/p>\n<p><span style=\"font-weight: 400;\">\u2713 65\u00a0Eignungspunkte und Pr\u00fcfkriterien stellen sicher, dass Ihre Werbung in Inhalten erscheint, die auf Ihre Zielgruppe und Ihre Markensicherheit abgestimmt sind.<\/span><\/p>\n\n\n        \n          \n      <\/div>\n    <\/div>\n  <\/div>\n  \n<\/section>\n\n\n\n\n\n\n<section class=\"block-image-content    \" >\n\n  \n  \n  <div class=\"row \">\n    <div class=\"col-md-6 slideinright image-container \">\n                                              <figure class=\"image\">\n          <img decoding=\"async\" src=\"https:\/\/www.superawesome.com\/wp-content\/uploads\/2023\/01\/AA_Webpage_Images2.png\" alt=\"AA_Webpage_Images2\">\n        <\/figure>\n                  <\/div>\n\n    <div class=\"col-md-6 slideinleft content-container\">\n      <div class=\"content\">\n                  <h3 class=\"h1\">AwesomeAds for In-Game<\/h3>\n        \n        \n        <p><span style=\"font-weight: 400;\">\u2713 Mehr als 7\u00a0Milliarden monatliche Impressions durch Billboards in Spielen verf\u00fcgbar<\/span><\/p>\n<p>&nbsp;<\/p>\n<p><span style=\"font-weight: 400;\">\u2713 Skaliert \u00fcber mehr als 394\u00a0Spiele auf Roblox, Konsolen und Handys<\/span><\/p>\n\n\n        \n          \n      <\/div>\n    <\/div>\n  <\/div>\n  \n<\/section>\n\n\n\n\n\n\n<section class=\"block-cta mt-40 \">\n  <h2 class=\"medium\">Setzen Sie sich noch heute mit uns in Verbindung, um mehr \u00fcber AwesomeAds zu erfahren und die M\u00f6glichkeiten kennenzulernen, Ihrer Marke zum Erfolg zu verhelfen.<\/h2>\n\n        <a id=\"cta-btn\" href=\"#\" class=\"btn btn-primary\" target=\"_self\">\n      Kontakt aufnehmen \n    <\/a>\n  \n\n      <div data-contact-form class=\"contact-form-hubspot\">\n              <!--[if lte IE 8]>\n        <script charset=\"utf-8\" type=\"text\/javascript\" src=\"\/\/js.hsforms.net\/forms\/v2-legacy.js\"><\/script>\n        <![endif]-->\n        <script charset=\"utf-8\" type=\"text\/javascript\" src=\"\/\/js.hsforms.net\/forms\/v2.js\"><\/script>\n      \n      <script>\n        hbspt.forms.create({\n          portalId: \"5009836\",\n          formId: \"d6f951e2-ff41-4a96-ae90-31acdef15f8e\",\n          onFormSubmit: function(){\n            setTimeout(function(){\n              var $thankYou = $('#contact-form-hubspot-thank-you');\n              $thankYou.show();\n              $thankYou.parents().find('.block-cta').first().find('h2').remove();\n            }, 100 );\n          }\n        });\n      <\/script>\n      <div id=\"contact-form-hubspot-thank-you\" class=\"contact-form-hubspot-thank-you\" style=\"display:none\">\n        \n      <\/div>\n    <\/div>\n  \n<\/section>\n","protected":false},"excerpt":{"rendered":"<p>Die propriet\u00e4re, kontextbezogene Targeting-Technologie des AwesomeAds-Marktplatzes ist unter dem COPPA Safe Harbor Program der FTC von dem kidSAFE Seal Program, dem ESRB Privacy Certified Kids Seal und dem CARU COPPA Safe Harbor Program zertifiziert. Die \u201eCOPPA Safe Harbor\u201c-Programme zertifizieren keine einzelnen Webeanzeigen oder Werbekampagnen.<\/p>\n","protected":false},"author":91,"featured_media":0,"parent":0,"menu_order":0,"comment_status":"closed","ping_status":"closed","template":"","meta":{"_acf_changed":false,"content-type":"","_monsterinsights_skip_tracking":false,"_monsterinsights_sitenote_active":false,"_monsterinsights_sitenote_note":"","_monsterinsights_sitenote_category":0,"footnotes":""},"class_list":["post-13427","page","type-page","status-publish","hentry"],"acf":{"spotify_url":"","amazon_music_url":"","sound_cloud_url":""},"yoast_head":"<!-- This site is optimized with the Yoast SEO plugin v27.4 - https:\/\/yoast.com\/product\/yoast-seo-wordpress\/ -->\n<title>AwesomeAds f\u00fcr Werbetreibende - SuperAwesome<\/title>\n<meta name=\"robots\" content=\"index, follow, max-snippet:-1, max-image-preview:large, max-video-preview:-1\" \/>\n<link rel=\"canonical\" href=\"https:\/\/www.superawesome.com\/de\/awesome-ads-for-advertisers-de\/\" \/>\n<meta property=\"og:locale\" content=\"de_DE\" \/>\n<meta property=\"og:type\" content=\"article\" \/>\n<meta property=\"og:title\" content=\"AwesomeAds f\u00fcr Werbetreibende - SuperAwesome\" \/>\n<meta property=\"og:description\" content=\"Die propriet\u00e4re, kontextbezogene Targeting-Technologie des AwesomeAds-Marktplatzes ist unter dem COPPA Safe Harbor Program der FTC von dem kidSAFE Seal Program, dem ESRB Privacy Certified Kids Seal und dem CARU COPPA Safe Harbor Program zertifiziert. Die \u201eCOPPA Safe Harbor\u201c-Programme zertifizieren keine einzelnen Webeanzeigen oder Werbekampagnen.\" \/>\n<meta property=\"og:url\" content=\"https:\/\/www.superawesome.com\/de\/awesome-ads-for-advertisers-de\/\" \/>\n<meta property=\"og:site_name\" content=\"SuperAwesome\" \/>\n<meta property=\"article:modified_time\" content=\"2024-02-21T15:13:18+00:00\" \/>\n<meta property=\"og:image\" content=\"https:\/\/www.superawesome.com\/wp-content\/uploads\/2021\/04\/Caru.png\" \/>\n<meta name=\"twitter:card\" content=\"summary_large_image\" \/>\n<meta name=\"twitter:site\" content=\"@GoSuperAwesome\" \/>\n<script type=\"application\/ld+json\" class=\"yoast-schema-graph\">{\"@context\":\"https:\\\/\\\/schema.org\",\"@graph\":[{\"@type\":\"WebPage\",\"@id\":\"https:\\\/\\\/www.superawesome.com\\\/de\\\/awesome-ads-for-advertisers-de\\\/\",\"url\":\"https:\\\/\\\/www.superawesome.com\\\/de\\\/awesome-ads-for-advertisers-de\\\/\",\"name\":\"AwesomeAds f\u00fcr Werbetreibende - SuperAwesome\",\"isPartOf\":{\"@id\":\"https:\\\/\\\/www.superawesome.com\\\/#website\"},\"primaryImageOfPage\":{\"@id\":\"https:\\\/\\\/www.superawesome.com\\\/de\\\/awesome-ads-for-advertisers-de\\\/#primaryimage\"},\"image\":{\"@id\":\"https:\\\/\\\/www.superawesome.com\\\/de\\\/awesome-ads-for-advertisers-de\\\/#primaryimage\"},\"thumbnailUrl\":\"https:\\\/\\\/www.superawesome.com\\\/wp-content\\\/uploads\\\/2021\\\/04\\\/Caru.png\",\"datePublished\":\"2019-05-03T10:46:59+00:00\",\"dateModified\":\"2024-02-21T15:13:18+00:00\",\"breadcrumb\":{\"@id\":\"https:\\\/\\\/www.superawesome.com\\\/de\\\/awesome-ads-for-advertisers-de\\\/#breadcrumb\"},\"inLanguage\":\"de-DE\",\"potentialAction\":[{\"@type\":\"ReadAction\",\"target\":[\"https:\\\/\\\/www.superawesome.com\\\/de\\\/awesome-ads-for-advertisers-de\\\/\"]}]},{\"@type\":\"ImageObject\",\"inLanguage\":\"de-DE\",\"@id\":\"https:\\\/\\\/www.superawesome.com\\\/de\\\/awesome-ads-for-advertisers-de\\\/#primaryimage\",\"url\":\"https:\\\/\\\/www.superawesome.com\\\/wp-content\\\/uploads\\\/2021\\\/04\\\/Caru.png\",\"contentUrl\":\"https:\\\/\\\/www.superawesome.com\\\/wp-content\\\/uploads\\\/2021\\\/04\\\/Caru.png\"},{\"@type\":\"BreadcrumbList\",\"@id\":\"https:\\\/\\\/www.superawesome.com\\\/de\\\/awesome-ads-for-advertisers-de\\\/#breadcrumb\",\"itemListElement\":[{\"@type\":\"ListItem\",\"position\":1,\"name\":\"Home\",\"item\":\"https:\\\/\\\/www.superawesome.com\\\/\"},{\"@type\":\"ListItem\",\"position\":2,\"name\":\"AwesomeAds f\u00fcr Werbetreibende\"}]},{\"@type\":\"WebSite\",\"@id\":\"https:\\\/\\\/www.superawesome.com\\\/#website\",\"url\":\"https:\\\/\\\/www.superawesome.com\\\/\",\"name\":\"SuperAwesome\",\"description\":\"Powering a better internet for the next generation\",\"publisher\":{\"@id\":\"https:\\\/\\\/www.superawesome.com\\\/#organization\"},\"potentialAction\":[{\"@type\":\"SearchAction\",\"target\":{\"@type\":\"EntryPoint\",\"urlTemplate\":\"https:\\\/\\\/www.superawesome.com\\\/?s={search_term_string}\"},\"query-input\":{\"@type\":\"PropertyValueSpecification\",\"valueRequired\":true,\"valueName\":\"search_term_string\"}}],\"inLanguage\":\"de-DE\"},{\"@type\":\"Organization\",\"@id\":\"https:\\\/\\\/www.superawesome.com\\\/#organization\",\"name\":\"SuperAwesome\",\"url\":\"https:\\\/\\\/www.superawesome.com\\\/\",\"logo\":{\"@type\":\"ImageObject\",\"inLanguage\":\"de-DE\",\"@id\":\"https:\\\/\\\/www.superawesome.com\\\/#\\\/schema\\\/logo\\\/image\\\/\",\"url\":\"https:\\\/\\\/www.superawesome.com\\\/wp-content\\\/uploads\\\/2022\\\/08\\\/SA_Logo_Main.png\",\"contentUrl\":\"https:\\\/\\\/www.superawesome.com\\\/wp-content\\\/uploads\\\/2022\\\/08\\\/SA_Logo_Main.png\",\"width\":400,\"height\":171,\"caption\":\"SuperAwesome\"},\"image\":{\"@id\":\"https:\\\/\\\/www.superawesome.com\\\/#\\\/schema\\\/logo\\\/image\\\/\"},\"sameAs\":[\"https:\\\/\\\/x.com\\\/GoSuperAwesome\"]}]}<\/script>\n<!-- \/ Yoast SEO plugin. -->","yoast_head_json":{"title":"AwesomeAds f\u00fcr Werbetreibende - SuperAwesome","robots":{"index":"index","follow":"follow","max-snippet":"max-snippet:-1","max-image-preview":"max-image-preview:large","max-video-preview":"max-video-preview:-1"},"canonical":"https:\/\/www.superawesome.com\/de\/awesome-ads-for-advertisers-de\/","og_locale":"de_DE","og_type":"article","og_title":"AwesomeAds f\u00fcr Werbetreibende - SuperAwesome","og_description":"Die propriet\u00e4re, kontextbezogene Targeting-Technologie des AwesomeAds-Marktplatzes ist unter dem COPPA Safe Harbor Program der FTC von dem kidSAFE Seal Program, dem ESRB Privacy Certified Kids Seal und dem CARU COPPA Safe Harbor Program zertifiziert. Die \u201eCOPPA Safe Harbor\u201c-Programme zertifizieren keine einzelnen Webeanzeigen oder Werbekampagnen.","og_url":"https:\/\/www.superawesome.com\/de\/awesome-ads-for-advertisers-de\/","og_site_name":"SuperAwesome","article_modified_time":"2024-02-21T15:13:18+00:00","og_image":[{"url":"https:\/\/www.superawesome.com\/wp-content\/uploads\/2021\/04\/Caru.png","type":"","width":"","height":""}],"twitter_card":"summary_large_image","twitter_site":"@GoSuperAwesome","schema":{"@context":"https:\/\/schema.org","@graph":[{"@type":"WebPage","@id":"https:\/\/www.superawesome.com\/de\/awesome-ads-for-advertisers-de\/","url":"https:\/\/www.superawesome.com\/de\/awesome-ads-for-advertisers-de\/","name":"AwesomeAds f\u00fcr Werbetreibende - SuperAwesome","isPartOf":{"@id":"https:\/\/www.superawesome.com\/#website"},"primaryImageOfPage":{"@id":"https:\/\/www.superawesome.com\/de\/awesome-ads-for-advertisers-de\/#primaryimage"},"image":{"@id":"https:\/\/www.superawesome.com\/de\/awesome-ads-for-advertisers-de\/#primaryimage"},"thumbnailUrl":"https:\/\/www.superawesome.com\/wp-content\/uploads\/2021\/04\/Caru.png","datePublished":"2019-05-03T10:46:59+00:00","dateModified":"2024-02-21T15:13:18+00:00","breadcrumb":{"@id":"https:\/\/www.superawesome.com\/de\/awesome-ads-for-advertisers-de\/#breadcrumb"},"inLanguage":"de-DE","potentialAction":[{"@type":"ReadAction","target":["https:\/\/www.superawesome.com\/de\/awesome-ads-for-advertisers-de\/"]}]},{"@type":"ImageObject","inLanguage":"de-DE","@id":"https:\/\/www.superawesome.com\/de\/awesome-ads-for-advertisers-de\/#primaryimage","url":"https:\/\/www.superawesome.com\/wp-content\/uploads\/2021\/04\/Caru.png","contentUrl":"https:\/\/www.superawesome.com\/wp-content\/uploads\/2021\/04\/Caru.png"},{"@type":"BreadcrumbList","@id":"https:\/\/www.superawesome.com\/de\/awesome-ads-for-advertisers-de\/#breadcrumb","itemListElement":[{"@type":"ListItem","position":1,"name":"Home","item":"https:\/\/www.superawesome.com\/"},{"@type":"ListItem","position":2,"name":"AwesomeAds f\u00fcr Werbetreibende"}]},{"@type":"WebSite","@id":"https:\/\/www.superawesome.com\/#website","url":"https:\/\/www.superawesome.com\/","name":"SuperAwesome","description":"Powering a better internet for the next generation","publisher":{"@id":"https:\/\/www.superawesome.com\/#organization"},"potentialAction":[{"@type":"SearchAction","target":{"@type":"EntryPoint","urlTemplate":"https:\/\/www.superawesome.com\/?s={search_term_string}"},"query-input":{"@type":"PropertyValueSpecification","valueRequired":true,"valueName":"search_term_string"}}],"inLanguage":"de-DE"},{"@type":"Organization","@id":"https:\/\/www.superawesome.com\/#organization","name":"SuperAwesome","url":"https:\/\/www.superawesome.com\/","logo":{"@type":"ImageObject","inLanguage":"de-DE","@id":"https:\/\/www.superawesome.com\/#\/schema\/logo\/image\/","url":"https:\/\/www.superawesome.com\/wp-content\/uploads\/2022\/08\/SA_Logo_Main.png","contentUrl":"https:\/\/www.superawesome.com\/wp-content\/uploads\/2022\/08\/SA_Logo_Main.png","width":400,"height":171,"caption":"SuperAwesome"},"image":{"@id":"https:\/\/www.superawesome.com\/#\/schema\/logo\/image\/"},"sameAs":["https:\/\/x.com\/GoSuperAwesome"]}]}},"_links":{"self":[{"href":"https:\/\/www.superawesome.com\/de\/wp-json\/wp\/v2\/pages\/13427","targetHints":{"allow":["GET"]}}],"collection":[{"href":"https:\/\/www.superawesome.com\/de\/wp-json\/wp\/v2\/pages"}],"about":[{"href":"https:\/\/www.superawesome.com\/de\/wp-json\/wp\/v2\/types\/page"}],"author":[{"embeddable":true,"href":"https:\/\/www.superawesome.com\/de\/wp-json\/wp\/v2\/users\/91"}],"replies":[{"embeddable":true,"href":"https:\/\/www.superawesome.com\/de\/wp-json\/wp\/v2\/comments?post=13427"}],"version-history":[{"count":0,"href":"https:\/\/www.superawesome.com\/de\/wp-json\/wp\/v2\/pages\/13427\/revisions"}],"wp:attachment":[{"href":"https:\/\/www.superawesome.com\/de\/wp-json\/wp\/v2\/media?parent=13427"}],"curies":[{"name":"wp","href":"https:\/\/api.w.org\/{rel}","templated":true}]}}